{"id":7509,"date":"2022-04-28T14:14:15","date_gmt":"2022-04-28T11:14:15","guid":{"rendered":"https:\/\/birimler.atauni.edu.tr\/hukuk-fakultesi\/?page_id=7509"},"modified":"2022-05-12T10:01:06","modified_gmt":"2022-05-12T07:01:06","slug":"anayasa-hukuku-abd","status":"publish","type":"page","link":"https:\/\/atauni.edu.tr\/hukuk-fakultesi\/anayasa-hukuku-abd\/","title":{"rendered":"Anayasa Hukuku ABD"},"content":{"rendered":"\t\t<div data-elementor-type=\"wp-page\" data-elementor-id=\"7509\" class=\"elementor elementor-7509\" data-elementor-post-type=\"page\">\n\t\t\t\t\t\t<section class=\"elementor-section elementor-top-section elementor-element elementor-element-6d91236 elementor-section-boxed elementor-section-height-default elementor-section-height-default\" data-id=\"6d91236\" data-element_type=\"section\">\n\t\t\t\t\t\t<div class=\"elementor-container elementor-column-gap-default\">\n\t\t\t\t\t<div class=\"elementor-column elementor-col-100 elementor-top-column elementor-element elementor-element-e520693\" data-id=\"e520693\" data-element_type=\"column\">\n\t\t\t<div class=\"elementor-widget-wrap elementor-element-populated\">\n\t\t\t\t\t\t<div class=\"elementor-element elementor-element-ad82afa elementor-widget elementor-widget-text-editor\" data-id=\"ad82afa\" data-element_type=\"widget\" data-widget_type=\"text-editor.default\">\n\t\t\t\t<div class=\"elementor-widget-container\">\n\t\t\t\t\t\t\t\t\t<p>Prof.Dr. H\u00fcseyin \u00d6ZCAN<br \/>Dr.\u00d6\u011fr.\u00dcyesi \u00d6mer GED\u0130K<br \/>Ar\u015f.G\u00f6r. Kemal G\u00dcNLER<br \/>Ar\u015f.G\u00f6r. Elif \u00d6ZPOLAT<br \/>Ar\u015f.G\u00f6r. Fatih S\u00dcNG\u00dc<\/p>\t\t\t\t\t\t\t\t<\/div>\n\t\t\t\t<\/div>\n\t\t\t\t\t<\/div>\n\t\t<\/div>\n\t\t\t\t\t<\/div>\n\t\t<\/section>\n\t\t\t\t<\/div>\n\t\t","protected":false},"excerpt":{"rendered":"<p>Prof.Dr. H\u00fcseyin \u00d6ZCANDr.\u00d6\u011fr.\u00dcyesi \u00d6mer GED\u0130KAr\u015f.G\u00f6r. Kemal G\u00dcNLERAr\u015f.G\u00f6r. Elif \u00d6ZPOLATAr\u015f.G\u00f6r. Fatih S\u00dcNG\u00dc<\/p>\n","protected":false},"author":215,"featured_media":0,"parent":0,"menu_order":0,"comment_status":"closed","ping_status":"closed","template":"","meta":{"footnotes":""},"class_list":["post-7509","page","type-page","status-publish","hentry"],"_links":{"self":[{"href":"https:\/\/atauni.edu.tr\/hukuk-fakultesi\/wp-json\/wp\/v2\/pages\/7509","targetHints":{"allow":["GET"]}}],"collection":[{"href":"https:\/\/atauni.edu.tr\/hukuk-fakultesi\/wp-json\/wp\/v2\/pages"}],"about":[{"href":"https:\/\/atauni.edu.tr\/hukuk-fakultesi\/wp-json\/wp\/v2\/types\/page"}],"author":[{"embeddable":true,"href":"https:\/\/atauni.edu.tr\/hukuk-fakultesi\/wp-json\/wp\/v2\/users\/215"}],"replies":[{"embeddable":true,"href":"https:\/\/atauni.edu.tr\/hukuk-fakultesi\/wp-json\/wp\/v2\/comments?post=7509"}],"version-history":[{"count":14,"href":"https:\/\/atauni.edu.tr\/hukuk-fakultesi\/wp-json\/wp\/v2\/pages\/7509\/revisions"}],"predecessor-version":[{"id":9656,"href":"https:\/\/atauni.edu.tr\/hukuk-fakultesi\/wp-json\/wp\/v2\/pages\/7509\/revisions\/9656"}],"wp:attachment":[{"href":"https:\/\/atauni.edu.tr\/hukuk-fakultesi\/wp-json\/wp\/v2\/media?parent=7509"}],"curies":[{"name":"wp","href":"https:\/\/api.w.org\/{rel}","templated":true}]}}