{"id":9665,"date":"2025-05-29T09:44:43","date_gmt":"2025-05-29T06:44:43","guid":{"rendered":"https:\/\/birimler.atauni.edu.tr\/hukuk-fakultesi\/?page_id=9665"},"modified":"2025-05-29T09:46:06","modified_gmt":"2025-05-29T06:46:06","slug":"duyurular","status":"publish","type":"page","link":"https:\/\/atauni.edu.tr\/hukuk-fakultesi\/duyurular\/","title":{"rendered":"Duyurular"},"content":{"rendered":"\t\t<div data-elementor-type=\"wp-page\" data-elementor-id=\"9665\" class=\"elementor elementor-9665\" data-elementor-post-type=\"page\">\n\t\t\t\t\t\t<section class=\"elementor-section elementor-top-section elementor-element elementor-element-25c9e9f elementor-section-boxed elementor-section-height-default elementor-section-height-default\" data-id=\"25c9e9f\" data-element_type=\"section\">\n\t\t\t\t\t\t<div class=\"elementor-container elementor-column-gap-default\">\n\t\t\t\t\t<div class=\"elementor-column elementor-col-100 elementor-top-column elementor-element elementor-element-b4dbb2c\" data-id=\"b4dbb2c\" data-element_type=\"column\">\n\t\t\t<div class=\"elementor-widget-wrap elementor-element-populated\">\n\t\t\t\t\t\t<div class=\"elementor-element elementor-element-ecf3270 elementor-widget elementor-widget-shortcode\" data-id=\"ecf3270\" data-element_type=\"widget\" data-widget_type=\"shortcode.default\">\n\t\t\t\t<div class=\"elementor-widget-container\">\n\t\t\t\t\t\t\t<div class=\"elementor-shortcode\"><form method=\"get\" class=\"row g-3\" style=\"margin-bottom: 20px;\"><div class=\"col-md-3\"><input type=\"text\" name=\"Duyuru_ara\" class=\"form-control\" placeholder=\"Duyuru ara...\" value=\"\"><\/div><div class=\"col-md-3\"><input type=\"date\" name=\"baslangic_tarihi\" class=\"form-control\" value=\"\"><\/div><div class=\"col-md-3\"><input type=\"date\" name=\"bitis_tarihi\" class=\"form-control\" value=\"\"><\/div><div class=\"col-md-3\"><button type=\"submit\" class=\"btn btn-secondary w-50\">Filtrele<\/button><\/div><\/form><ul class=\"kategori-yazilari-liste\"><li style=\"display: flex; margin-bottom: 10px; align-items: center;\"><div class=\"post-content\" style=\"flex-grow: 1;\"><span class=\"post-date Duyurutarih\" style=\"display: block; font-weight: bold; margin-bottom: 5px;\">18 Mart 2026<\/span><a class=\"Duyurubaslik\" href=\"https:\/\/atauni.edu.tr\/hukuk-fakultesi\/duyurular\/2026\/2025-2026-bahar-donemi-donemlik-dersler-sinav-programi-2\/\">2025-2026 Bahar D\u00f6nemi D\u00f6nemlik Dersler S\u0131nav Program\u0131<\/a><\/div><\/li><li style=\"display: flex; margin-bottom: 10px; align-items: center;\"><div class=\"post-content\" style=\"flex-grow: 1;\"><span class=\"post-date Duyurutarih\" style=\"display: block; font-weight: bold; margin-bottom: 5px;\">18 \u015eubat 2026<\/span><a class=\"Duyurubaslik\" href=\"https:\/\/atauni.edu.tr\/hukuk-fakultesi\/duyurular\/2026\/guz-donemi-mazeret-sinav-programi-ve-kabul-listesi\/\">G\u00fcz D\u00f6nemi Mazeret S\u0131nav Program\u0131 ve Kabul Listesi<\/a><\/div><\/li><li style=\"display: flex; margin-bottom: 10px; align-items: center;\"><div class=\"post-content\" style=\"flex-grow: 1;\"><span class=\"post-date Duyurutarih\" style=\"display: block; font-weight: bold; margin-bottom: 5px;\">27 Ocak 2026<\/span><a class=\"Duyurubaslik\" href=\"https:\/\/atauni.edu.tr\/hukuk-fakultesi\/duyurular\/2026\/2025-2026-guz-donemi-mazeret-sinavlari\/\">2025-2026 G\u00fcz D\u00f6nemi Mazeret S\u0131navlar\u0131<\/a><\/div><\/li><li style=\"display: flex; margin-bottom: 10px; align-items: center;\"><div class=\"post-content\" style=\"flex-grow: 1;\"><span class=\"post-date Duyurutarih\" style=\"display: block; font-weight: bold; margin-bottom: 5px;\">27 Ocak 2026<\/span><a class=\"Duyurubaslik\" href=\"https:\/\/atauni.edu.tr\/hukuk-fakultesi\/duyurular\/2026\/2025-2026-haftalik-ders-programi-bahar\/\">2025-2026 Haftal\u0131k Ders Program\u0131 (Bahar)<\/a><\/div><\/li><li style=\"display: flex; margin-bottom: 10px; align-items: center;\"><div class=\"post-content\" style=\"flex-grow: 1;\"><span class=\"post-date Duyurutarih\" style=\"display: block; font-weight: bold; margin-bottom: 5px;\">15 Ocak 2026<\/span><a class=\"Duyurubaslik\" href=\"https:\/\/atauni.edu.tr\/hukuk-fakultesi\/duyurular\/2026\/2025-2026-donemlik-dersler-butunleme-programi\/\">2025-2026 D\u00f6nemlik Dersler B\u00fct\u00fcnleme Program\u0131<\/a><\/div><\/li><li style=\"display: flex; margin-bottom: 10px; align-items: center;\"><div class=\"post-content\" style=\"flex-grow: 1;\"><span class=\"post-date Duyurutarih\" style=\"display: block; font-weight: bold; margin-bottom: 5px;\">17 Aral\u0131k 2025<\/span><a class=\"Duyurubaslik\" href=\"https:\/\/atauni.edu.tr\/hukuk-fakultesi\/duyurular\/2025\/2024-2025-guz-donemi-sinav-programi\/\">2025-2026 G\u00fcz D\u00f6nemi S\u0131nav Program\u0131<\/a><\/div><\/li><li style=\"display: flex; margin-bottom: 10px; align-items: center;\"><div class=\"post-content\" style=\"flex-grow: 1;\"><span class=\"post-date Duyurutarih\" style=\"display: block; font-weight: bold; margin-bottom: 5px;\">11 Kas\u0131m 2025<\/span><a class=\"Duyurubaslik\" href=\"https:\/\/atauni.edu.tr\/hukuk-fakultesi\/duyurular\/2025\/2025-2026-bahar-donemi-donemlik-dersler-sinav-programi\/\">2025-2026 Bahar D\u00f6nemi D\u00f6nemlik Dersler S\u0131nav Program\u0131<\/a><\/div><\/li><li style=\"display: flex; margin-bottom: 10px; align-items: center;\"><div class=\"post-content\" style=\"flex-grow: 1;\"><span class=\"post-date Duyurutarih\" style=\"display: block; font-weight: bold; margin-bottom: 5px;\">3 Kas\u0131m 2025<\/span><a class=\"Duyurubaslik\" href=\"https:\/\/atauni.edu.tr\/hukuk-fakultesi\/duyurular\/2025\/30-alti-genclik-zirvesi\/\">30 Alt\u0131 Gen\u00e7lik Zirvesi<\/a><\/div><\/li><li style=\"display: flex; margin-bottom: 10px; align-items: center;\"><div class=\"post-content\" style=\"flex-grow: 1;\"><span class=\"post-date Duyurutarih\" style=\"display: block; font-weight: bold; margin-bottom: 5px;\">20 Ekim 2025<\/span><a class=\"Duyurubaslik\" href=\"https:\/\/atauni.edu.tr\/hukuk-fakultesi\/duyurular\/2025\/miras-hukuku-dersi-derslik-degisikligi\/\">Miras Hukuku Dersi Derslik De\u011fi\u015fikli\u011fi<\/a><\/div><\/li><li style=\"display: flex; margin-bottom: 10px; align-items: center;\"><div class=\"post-content\" style=\"flex-grow: 1;\"><span class=\"post-date Duyurutarih\" style=\"display: block; font-weight: bold; margin-bottom: 5px;\">16 Ekim 2025<\/span><a class=\"Duyurubaslik\" href=\"https:\/\/atauni.edu.tr\/hukuk-fakultesi\/duyurular\/2025\/ek-azami-sure-sonu-sinav-programi\/\">Ek Azami S\u00fcre Sonu S\u0131nav Program\u0131<\/a><\/div><\/li><\/ul><nav class=\"pagination\" style=\"margin-top: 20px;\"><ul class='page-numbers'>\n\t<li><span aria-current=\"page\" class=\"page-numbers current\">1<\/span><\/li>\n\t<li><a class=\"page-numbers\" href=\"https:\/\/atauni.edu.tr\/hukuk-fakultesi\/wp-json\/wp\/v2\/pages\/9665\/page\/2\/\">2<\/a><\/li>\n\t<li><a class=\"page-numbers\" href=\"https:\/\/atauni.edu.tr\/hukuk-fakultesi\/wp-json\/wp\/v2\/pages\/9665\/page\/3\/\">3<\/a><\/li>\n\t<li><span class=\"page-numbers dots\">&hellip;<\/span><\/li>\n\t<li><a class=\"page-numbers\" href=\"https:\/\/atauni.edu.tr\/hukuk-fakultesi\/wp-json\/wp\/v2\/pages\/9665\/page\/11\/\">11<\/a><\/li>\n\t<li><a class=\"next page-numbers\" href=\"https:\/\/atauni.edu.tr\/hukuk-fakultesi\/wp-json\/wp\/v2\/pages\/9665\/page\/2\/\">Sonraki &raquo;<\/a><\/li>\n<\/ul>\n<\/nav><\/div>\n\t\t\t\t\t\t<\/div>\n\t\t\t\t<\/div>\n\t\t\t\t\t<\/div>\n\t\t<\/div>\n\t\t\t\t\t<\/div>\n\t\t<\/section>\n\t\t\t\t<\/div>\n\t\t","protected":false},"excerpt":{"rendered":"","protected":false},"author":1,"featured_media":0,"parent":0,"menu_order":0,"comment_status":"closed","ping_status":"closed","template":"","meta":{"footnotes":""},"class_list":["post-9665","page","type-page","status-publish","hentry"],"_links":{"self":[{"href":"https:\/\/atauni.edu.tr\/hukuk-fakultesi\/wp-json\/wp\/v2\/pages\/9665","targetHints":{"allow":["GET"]}}],"collection":[{"href":"https:\/\/atauni.edu.tr\/hukuk-fakultesi\/wp-json\/wp\/v2\/pages"}],"about":[{"href":"https:\/\/atauni.edu.tr\/hukuk-fakultesi\/wp-json\/wp\/v2\/types\/page"}],"author":[{"embeddable":true,"href":"https:\/\/atauni.edu.tr\/hukuk-fakultesi\/wp-json\/wp\/v2\/users\/1"}],"replies":[{"embeddable":true,"href":"https:\/\/atauni.edu.tr\/hukuk-fakultesi\/wp-json\/wp\/v2\/comments?post=9665"}],"version-history":[{"count":4,"href":"https:\/\/atauni.edu.tr\/hukuk-fakultesi\/wp-json\/wp\/v2\/pages\/9665\/revisions"}],"predecessor-version":[{"id":9675,"href":"https:\/\/atauni.edu.tr\/hukuk-fakultesi\/wp-json\/wp\/v2\/pages\/9665\/revisions\/9675"}],"wp:attachment":[{"href":"https:\/\/atauni.edu.tr\/hukuk-fakultesi\/wp-json\/wp\/v2\/media?parent=9665"}],"curies":[{"name":"wp","href":"https:\/\/api.w.org\/{rel}","templated":true}]}}