{"id":6283,"date":"2022-03-03T22:51:57","date_gmt":"2022-03-03T19:51:57","guid":{"rendered":"https:\/\/birimler.atauni.edu.tr\/hukuk-musavirligi\/?page_id=6283"},"modified":"2022-03-03T23:16:06","modified_gmt":"2022-03-03T20:16:06","slug":"mevzuat","status":"publish","type":"page","link":"https:\/\/atauni.edu.tr\/hukuk-musavirligi\/mevzuat\/","title":{"rendered":"Mevzuat"},"content":{"rendered":"\t\t<div data-elementor-type=\"wp-page\" data-elementor-id=\"6283\" class=\"elementor elementor-6283\" data-elementor-post-type=\"page\">\n\t\t\t\t\t\t<section class=\"elementor-section elementor-top-section elementor-element elementor-element-ce2948a elementor-section-boxed elementor-section-height-default elementor-section-height-default\" data-id=\"ce2948a\" data-element_type=\"section\">\n\t\t\t\t\t\t<div class=\"elementor-container elementor-column-gap-default\">\n\t\t\t\t\t<div class=\"elementor-column elementor-col-100 elementor-top-column elementor-element elementor-element-d004dc6\" data-id=\"d004dc6\" data-element_type=\"column\">\n\t\t\t<div class=\"elementor-widget-wrap elementor-element-populated\">\n\t\t\t\t\t\t<div class=\"elementor-element elementor-element-995cbd0 elementor-widget elementor-widget-accordion\" data-id=\"995cbd0\" data-element_type=\"widget\" data-widget_type=\"accordion.default\">\n\t\t\t\t<div class=\"elementor-widget-container\">\n\t\t\t\t\t\t\t<div class=\"elementor-accordion\">\n\t\t\t\t\t\t\t<div class=\"elementor-accordion-item\">\n\t\t\t\t\t<div id=\"elementor-tab-title-1601\" class=\"elementor-tab-title\" data-tab=\"1\" role=\"button\" aria-controls=\"elementor-tab-content-1601\" aria-expanded=\"false\">\n\t\t\t\t\t\t\t\t\t\t\t\t\t<span class=\"elementor-accordion-icon elementor-accordion-icon-left\" aria-hidden=\"true\">\n\t\t\t\t\t\t\t\t\t\t\t\t\t\t\t<span class=\"elementor-accordion-icon-closed\"><i class=\"fas fa-plus\"><\/i><\/span>\n\t\t\t\t\t\t\t\t<span class=\"elementor-accordion-icon-opened\"><i class=\"fas fa-minus\"><\/i><\/span>\n\t\t\t\t\t\t\t\t\t\t\t\t\t\t<\/span>\n\t\t\t\t\t\t\t\t\t\t\t\t<a class=\"elementor-accordion-title\" tabindex=\"0\">Kamu Mevzuat Sistemi<\/a>\n\t\t\t\t\t<\/div>\n\t\t\t\t\t<div id=\"elementor-tab-content-1601\" class=\"elementor-tab-content elementor-clearfix\" data-tab=\"1\" role=\"region\" aria-labelledby=\"elementor-tab-title-1601\"><p><a href=\"https:\/\/www.kaysis.gov.tr\/\">KAYS\u0130S<\/a><\/p><\/div>\n\t\t\t\t<\/div>\n\t\t\t\t\t\t\t<div class=\"elementor-accordion-item\">\n\t\t\t\t\t<div id=\"elementor-tab-title-1602\" class=\"elementor-tab-title\" data-tab=\"2\" role=\"button\" aria-controls=\"elementor-tab-content-1602\" aria-expanded=\"false\">\n\t\t\t\t\t\t\t\t\t\t\t\t\t<span class=\"elementor-accordion-icon elementor-accordion-icon-left\" aria-hidden=\"true\">\n\t\t\t\t\t\t\t\t\t\t\t\t\t\t\t<span class=\"elementor-accordion-icon-closed\"><i class=\"fas fa-plus\"><\/i><\/span>\n\t\t\t\t\t\t\t\t<span class=\"elementor-accordion-icon-opened\"><i class=\"fas fa-minus\"><\/i><\/span>\n\t\t\t\t\t\t\t\t\t\t\t\t\t\t<\/span>\n\t\t\t\t\t\t\t\t\t\t\t\t<a class=\"elementor-accordion-title\" tabindex=\"0\">Atat\u00fcrk \u00dcniversitesi \u0130\u015fyeri Disiplin Y\u00f6nergesi <\/a>\n\t\t\t\t\t<\/div>\n\t\t\t\t\t<div id=\"elementor-tab-content-1602\" class=\"elementor-tab-content elementor-clearfix\" data-tab=\"2\" role=\"region\" aria-labelledby=\"elementor-tab-title-1602\"><p><a href=\"https:\/\/atauni.edu.tr\/yuklemeler\/b7506a2e92b9474e6ebb9923bb2a28ad.pdf\">Atat\u00fcrk \u00dcniversitesi \u0130\u015fyeri Disiplin Y\u00f6nergesi .pdf<\/a><\/p><\/div>\n\t\t\t\t<\/div>\n\t\t\t\t\t\t\t<div class=\"elementor-accordion-item\">\n\t\t\t\t\t<div id=\"elementor-tab-title-1603\" class=\"elementor-tab-title\" data-tab=\"3\" role=\"button\" aria-controls=\"elementor-tab-content-1603\" aria-expanded=\"false\">\n\t\t\t\t\t\t\t\t\t\t\t\t\t<span class=\"elementor-accordion-icon elementor-accordion-icon-left\" aria-hidden=\"true\">\n\t\t\t\t\t\t\t\t\t\t\t\t\t\t\t<span class=\"elementor-accordion-icon-closed\"><i class=\"fas fa-plus\"><\/i><\/span>\n\t\t\t\t\t\t\t\t<span class=\"elementor-accordion-icon-opened\"><i class=\"fas fa-minus\"><\/i><\/span>\n\t\t\t\t\t\t\t\t\t\t\t\t\t\t<\/span>\n\t\t\t\t\t\t\t\t\t\t\t\t<a class=\"elementor-accordion-title\" tabindex=\"0\">Hukuki Yard\u0131m<\/a>\n\t\t\t\t\t<\/div>\n\t\t\t\t\t<div id=\"elementor-tab-content-1603\" class=\"elementor-tab-content elementor-clearfix\" data-tab=\"3\" role=\"region\" aria-labelledby=\"elementor-tab-title-1603\"><\/div>\n\t\t\t\t<\/div>\n\t\t\t\t\t\t\t<div class=\"elementor-accordion-item\">\n\t\t\t\t\t<div id=\"elementor-tab-title-1604\" class=\"elementor-tab-title\" data-tab=\"4\" role=\"button\" aria-controls=\"elementor-tab-content-1604\" aria-expanded=\"false\">\n\t\t\t\t\t\t\t\t\t\t\t\t\t<span class=\"elementor-accordion-icon elementor-accordion-icon-left\" aria-hidden=\"true\">\n\t\t\t\t\t\t\t\t\t\t\t\t\t\t\t<span class=\"elementor-accordion-icon-closed\"><i class=\"fas fa-plus\"><\/i><\/span>\n\t\t\t\t\t\t\t\t<span class=\"elementor-accordion-icon-opened\"><i class=\"fas fa-minus\"><\/i><\/span>\n\t\t\t\t\t\t\t\t\t\t\t\t\t\t<\/span>\n\t\t\t\t\t\t\t\t\t\t\t\t<a class=\"elementor-accordion-title\" tabindex=\"0\">Kanunlar\/KHK<\/a>\n\t\t\t\t\t<\/div>\n\t\t\t\t\t<div id=\"elementor-tab-content-1604\" class=\"elementor-tab-content elementor-clearfix\" data-tab=\"4\" role=\"region\" aria-labelledby=\"elementor-tab-title-1604\"><p><a href=\"http:\/\/www.mevzuat.gov.tr\/Metin1.Aspx?MevzuatKod=1.5.657&amp;MevzuatIliski=0&amp;sourceXmlSearch=&amp;Tur=1&amp;Tertip=5&amp;No=657\">657 Say\u0131l\u0131 Devlet Memurlar\u0131 Kanunu<\/a>\u00a0<br \/><br \/>\u00a0<a href=\"http:\/\/www.mevzuat.gov.tr\/Metin1.Aspx?MevzuatKod=1.5.2547&amp;MevzuatIliski=0&amp;sourceXmlSearch=&amp;Tur=1&amp;Tertip=5&amp;No=2547\">\u00a02547 Say\u0131l\u0131 Y\u00fcksek\u00f6\u011fretim Kanunu<br \/>\u00a0<\/a><br \/>\u00a0<a href=\"http:\/\/www.mevzuat.gov.tr\/Metin1.Aspx?MevzuatKod=1.5.2809&amp;MevzuatIliski=0&amp;sourceXmlSearch=y%C3%BCksek%C3%B6%C4%9Fretim&amp;Tur=1&amp;Tertip=5&amp;No=2809\">2809 Say\u0131l\u0131 Y\u00fcksek\u00f6\u011fretim Kurumlar\u0131 Te\u015fkilat\u0131 Kanunu\u00a0<\/a><br \/>\u00a0<a href=\"http:\/\/www.mevzuat.gov.tr\/Metin1.Aspx?MevzuatKod=1.5.2809&amp;MevzuatIliski=0&amp;sourceXmlSearch=y%C3%BCksek%C3%B6%C4%9Fretim&amp;Tur=1&amp;Tertip=5&amp;No=2809\"><br \/>\u00a0<\/a><a href=\"http:\/\/www.mevzuat.gov.tr\/Metin1.Aspx?MevzuatKod=1.5.2914&amp;MevzuatIliski=0&amp;sourceXmlSearch=y%C3%BCksek%C3%B6%C4%9Fretim&amp;Tur=1&amp;Tertip=5&amp;No=2914\">2914 Say\u0131l\u0131 Y\u00fcksek\u00f6\u011fretim Personel Kanunu<br \/>\u00a0<\/a><br \/><a href=\"https:\/\/kms.kaysis.gov.tr\/Home\/Goster\/33717\">124 Say\u0131l\u0131 Y\u00fcksek\u00f6\u011fretim \u00dcst Kurulu\u015flar\u0131 \u0130le Y\u00fcksek\u00f6\u011fretim Kurumlar\u0131n\u0131n \u0130dari Te\u015fkilat\u0131 Hakk\u0131nda Kanun H\u00fckm\u00fcnde Kararname<\/a><\/p><\/div>\n\t\t\t\t<\/div>\n\t\t\t\t\t\t\t<div class=\"elementor-accordion-item\">\n\t\t\t\t\t<div id=\"elementor-tab-title-1605\" class=\"elementor-tab-title\" data-tab=\"5\" role=\"button\" aria-controls=\"elementor-tab-content-1605\" aria-expanded=\"false\">\n\t\t\t\t\t\t\t\t\t\t\t\t\t<span class=\"elementor-accordion-icon elementor-accordion-icon-left\" aria-hidden=\"true\">\n\t\t\t\t\t\t\t\t\t\t\t\t\t\t\t<span class=\"elementor-accordion-icon-closed\"><i class=\"fas fa-plus\"><\/i><\/span>\n\t\t\t\t\t\t\t\t<span class=\"elementor-accordion-icon-opened\"><i class=\"fas fa-minus\"><\/i><\/span>\n\t\t\t\t\t\t\t\t\t\t\t\t\t\t<\/span>\n\t\t\t\t\t\t\t\t\t\t\t\t<a class=\"elementor-accordion-title\" tabindex=\"0\">Y\u00f6netmelikler<\/a>\n\t\t\t\t\t<\/div>\n\t\t\t\t\t<div id=\"elementor-tab-content-1605\" class=\"elementor-tab-content elementor-clearfix\" data-tab=\"5\" role=\"region\" aria-labelledby=\"elementor-tab-title-1605\"><p><a href=\"http:\/\/www.mevzuat.gov.tr\/Metin.Aspx?MevzuatKod=7.5.16532&amp;MevzuatIliski=0&amp;sourceXmlSearch=disiplin\">Y\u00fcksek\u00f6\u011fretim Kurumlar\u0131 \u00d6\u011frenci Disiplin Y\u00f6netmeli\u011fi (2012)\u00a0<\/a><\/p><\/div>\n\t\t\t\t<\/div>\n\t\t\t\t\t\t\t\t<\/div>\n\t\t\t\t\t\t<\/div>\n\t\t\t\t<\/div>\n\t\t\t\t\t<\/div>\n\t\t<\/div>\n\t\t\t\t\t<\/div>\n\t\t<\/section>\n\t\t\t\t<\/div>\n\t\t","protected":false},"excerpt":{"rendered":"<p>Kamu Mevzuat Sistemi KAYS\u0130S Atat\u00fcrk \u00dcniversitesi \u0130\u015fyeri Disiplin Y\u00f6nergesi Atat\u00fcrk \u00dcniversitesi \u0130\u015fyeri Disiplin Y\u00f6nergesi .pdf Hukuki Yard\u0131m Kanunlar\/KHK 657 Say\u0131l\u0131 Devlet Memurlar\u0131 Kanunu\u00a0 \u00a0\u00a02547 Say\u0131l\u0131 Y\u00fcksek\u00f6\u011fretim Kanunu\u00a0\u00a02809 Say\u0131l\u0131 Y\u00fcksek\u00f6\u011fretim Kurumlar\u0131 Te\u015fkilat\u0131 Kanunu\u00a0\u00a0\u00a02914 Say\u0131l\u0131 Y\u00fcksek\u00f6\u011fretim Personel Kanunu\u00a0124 Say\u0131l\u0131 Y\u00fcksek\u00f6\u011fretim \u00dcst Kurulu\u015flar\u0131 \u0130le Y\u00fcksek\u00f6\u011fretim Kurumlar\u0131n\u0131n \u0130dari Te\u015fkilat\u0131 Hakk\u0131nda Kanun H\u00fckm\u00fcnde Kararname Y\u00f6netmelikler Y\u00fcksek\u00f6\u011fretim Kurumlar\u0131 \u00d6\u011frenci Disiplin Y\u00f6netmeli\u011fi [&hellip;]<\/p>\n","protected":false},"author":464,"featured_media":0,"parent":0,"menu_order":0,"comment_status":"closed","ping_status":"closed","template":"","meta":{"footnotes":""},"class_list":["post-6283","page","type-page","status-publish","hentry"],"_links":{"self":[{"href":"https:\/\/atauni.edu.tr\/hukuk-musavirligi\/wp-json\/wp\/v2\/pages\/6283","targetHints":{"allow":["GET"]}}],"collection":[{"href":"https:\/\/atauni.edu.tr\/hukuk-musavirligi\/wp-json\/wp\/v2\/pages"}],"about":[{"href":"https:\/\/atauni.edu.tr\/hukuk-musavirligi\/wp-json\/wp\/v2\/types\/page"}],"author":[{"embeddable":true,"href":"https:\/\/atauni.edu.tr\/hukuk-musavirligi\/wp-json\/wp\/v2\/users\/464"}],"replies":[{"embeddable":true,"href":"https:\/\/atauni.edu.tr\/hukuk-musavirligi\/wp-json\/wp\/v2\/comments?post=6283"}],"version-history":[{"count":16,"href":"https:\/\/atauni.edu.tr\/hukuk-musavirligi\/wp-json\/wp\/v2\/pages\/6283\/revisions"}],"predecessor-version":[{"id":6317,"href":"https:\/\/atauni.edu.tr\/hukuk-musavirligi\/wp-json\/wp\/v2\/pages\/6283\/revisions\/6317"}],"wp:attachment":[{"href":"https:\/\/atauni.edu.tr\/hukuk-musavirligi\/wp-json\/wp\/v2\/media?parent=6283"}],"curies":[{"name":"wp","href":"https:\/\/api.w.org\/{rel}","templated":true}]}}