{"id":6290,"date":"2022-03-03T22:57:26","date_gmt":"2022-03-03T19:57:26","guid":{"rendered":"https:\/\/birimler.atauni.edu.tr\/hukuk-musavirligi\/?page_id=6290"},"modified":"2026-03-19T20:40:58","modified_gmt":"2026-03-19T17:40:58","slug":"sorusturmalar","status":"publish","type":"page","link":"https:\/\/atauni.edu.tr\/hukuk-musavirligi\/sorusturmalar\/","title":{"rendered":"Soru\u015fturmalar"},"content":{"rendered":"\t\t<div data-elementor-type=\"wp-page\" data-elementor-id=\"6290\" class=\"elementor elementor-6290\" data-elementor-post-type=\"page\">\n\t\t\t\t\t\t<section class=\"elementor-section elementor-top-section elementor-element elementor-element-38406d2 elementor-section-boxed elementor-section-height-default elementor-section-height-default\" data-id=\"38406d2\" data-element_type=\"section\">\n\t\t\t\t\t\t<div class=\"elementor-container elementor-column-gap-default\">\n\t\t\t\t\t<div class=\"elementor-column elementor-col-100 elementor-top-column elementor-element elementor-element-2ef65de\" data-id=\"2ef65de\" data-element_type=\"column\">\n\t\t\t<div class=\"elementor-widget-wrap elementor-element-populated\">\n\t\t\t\t\t\t<div class=\"elementor-element elementor-element-768764c elementor-widget elementor-widget-accordion\" data-id=\"768764c\" data-element_type=\"widget\" data-widget_type=\"accordion.default\">\n\t\t\t\t<div class=\"elementor-widget-container\">\n\t\t\t\t\t\t\t<div class=\"elementor-accordion\">\n\t\t\t\t\t\t\t<div class=\"elementor-accordion-item\">\n\t\t\t\t\t<div id=\"elementor-tab-title-1241\" class=\"elementor-tab-title\" data-tab=\"1\" role=\"button\" aria-controls=\"elementor-tab-content-1241\" aria-expanded=\"false\">\n\t\t\t\t\t\t\t\t\t\t\t\t\t<span class=\"elementor-accordion-icon elementor-accordion-icon-left\" aria-hidden=\"true\">\n\t\t\t\t\t\t\t\t\t\t\t\t\t\t\t<span class=\"elementor-accordion-icon-closed\"><i class=\"fas fa-plus\"><\/i><\/span>\n\t\t\t\t\t\t\t\t<span class=\"elementor-accordion-icon-opened\"><i class=\"fas fa-minus\"><\/i><\/span>\n\t\t\t\t\t\t\t\t\t\t\t\t\t\t<\/span>\n\t\t\t\t\t\t\t\t\t\t\t\t<a class=\"elementor-accordion-title\" tabindex=\"0\">Disiplin Soru\u015fturma Rehberi<\/a>\n\t\t\t\t\t<\/div>\n\t\t\t\t\t<div id=\"elementor-tab-content-1241\" class=\"elementor-tab-content elementor-clearfix\" data-tab=\"1\" role=\"region\" aria-labelledby=\"elementor-tab-title-1241\"><p><a href=\"https:\/\/eski.atauni.edu.tr\/yuklemeler\/def605a4ec3fb2237d1d499eb186f1b4.pdf\">Disiplin Soru\u015fturma Rehberi.pdf<\/a><br \/><a href=\"https:\/\/eski.atauni.edu.tr\/yuklemeler\/2823a931e44f9426d986a5914fcac97d.doc\" target=\"_blank\" rel=\"noopener\">EK-1 SORU\u015eTURMACI TAY\u0130N\u0130<\/a><a href=\"https:\/\/atauni.edu.tr\/yuklemeler\/2823a931e44f9426d986a5914fcac97d.doc\" target=\"_blank\" rel=\"noopener\">RMACI TAY<\/a><a href=\"https:\/\/atauni.edu.tr\/yuklemeler\/2823a931e44f9426d986a5914fcac97d.doc\">\u0130N\u0130.doc<\/a><br \/><a href=\"https:\/\/atauni.edu.tr\/yuklemeler\/bb531ff787b28465fdb3961abebd4ba3.docx\">EK-2 KAT\u0130P G\u00d6REVLEND\u0130RME VE YEM\u0130N TUTANA\u011eI.docx<\/a><br \/><a href=\"https:\/\/atauni.edu.tr\/yuklemeler\/a5fb372a0daa08f0ee834dccd9f90687.docx\">EK-3 M\u00dc\u015eTEK\u0130Y\u0130 \u0130FADEYE DAVET YAZISI.docx<\/a><br \/><a href=\"https:\/\/atauni.edu.tr\/yuklemeler\/32bf755f62bb0120dbeb84ebea66df79.docx\">EK-4 M\u00dc\u015eTEK\u0130 \u0130FADE TUTANA\u011eI.docx<\/a><br \/><a href=\"https:\/\/atauni.edu.tr\/hukuk-musavirligi\/wp-content\/uploads\/sites\/464\/2026\/03\/EK-5-TANIK-IFADE-DAVETI.doc\">EK-5 TANIK \u0130FADE DAVET\u0130<\/a><br \/><a href=\"https:\/\/atauni.edu.tr\/yuklemeler\/4b30cf8b0c3709721bc92449b8277014.docx\">EK-6 TANIK \u0130FADE TUTANA\u011eI.docx<\/a><br \/><a href=\"https:\/\/atauni.edu.tr\/yuklemeler\/3e63167cde6d08859c5f49734a803949.docx\">EK-7 B\u0130L\u0130RK\u0130\u015e\u0130 G\u00d6REVLEND\u0130RME YAZISI.docx<\/a><br \/><a href=\"https:\/\/atauni.edu.tr\/yuklemeler\/ce19c62510da138822d42717c6accac6.docx\">EK-8 B\u0130L\u0130RK\u0130\u015e\u0130 YEM\u0130N TUTANA\u011eI.docx<\/a><br \/><a href=\"https:\/\/atauni.edu.tr\/yuklemeler\/8eb30bec6e530496982e089ea0dcf9cc.docx\">EK-9 B\u0130L\u0130RK\u0130\u015e\u0130 \u0130FADE TUTANA\u011eI.docx<\/a><br \/><a href=\"https:\/\/atauni.edu.tr\/hukuk-musavirligi\/wp-content\/uploads\/sites\/464\/2026\/03\/EK-10-SORUSTURULAN-DAVET-YAZISI.doc\">EK-10 SORU\u015eTURULAN DAVET YAZISI.doc<\/a><br \/><a href=\"https:\/\/atauni.edu.tr\/yuklemeler\/59bb5f70b7f4537b30e456dd0dcc7210.docx\">EK-11 SORU\u015eTURULAN SAVUNMA TUTANA\u011eI.docx<\/a><br \/><a href=\"https:\/\/atauni.edu.tr\/hukuk-musavirligi\/wp-content\/uploads\/sites\/464\/2026\/03\/EK-12-a-OZLUK-ARASTIRMA-YAZISI.doc\">EK-12-a \u00d6ZL\u00dcK ARA\u015eTIRMA YAZISI.doc<\/a><br \/><a href=\"https:\/\/atauni.edu.tr\/hukuk-musavirligi\/wp-content\/uploads\/sites\/464\/2026\/03\/EK-12b-DISIPLIN-CEZASI-SORGULAMA.doc\">EK-12b D\u0130S\u0130PL\u0130N CEZASI SORGULAMA.doc<\/a><br \/><a href=\"https:\/\/atauni.edu.tr\/yuklemeler\/1e4f4ed35cc37476dc8aacd98c980bd0.docx\">EK-13 EK S\u00dcRE TALEP YAZISI.docx<\/a><br \/><a href=\"https:\/\/birimler.atauni.edu.tr\/hukuk-musavirligi\/wp-content\/uploads\/sites\/464\/2020\/07\/EK-14-SORUSTURMA-RAPORU.docx\">EK-14 SORU\u015eTURMA RAPORU<\/a><a href=\"https:\/\/atauni.edu.tr\/yuklemeler\/2dc5341a901bd808949f29a96a078bb5.docx\"> SORU\u015eTURMA RAPORU.docx<\/a><br \/><a href=\"https:\/\/atauni.edu.tr\/yuklemeler\/512fbab15eb56c9f4fcba3b456dbf459.docx\">EK-15 SORU\u015eTURMA DOSYASI D\u0130Z\u0130 PUSULASI.docx<\/a><br \/><a href=\"https:\/\/atauni.edu.tr\/yuklemeler\/05234822857518b316c522546def64b7.docx\">EK-16 SORU\u015eTURMA B\u0130T\u0130M\u0130 \u00dcST YAZISI.docx<\/a><br \/><a href=\"https:\/\/atauni.edu.tr\/hukuk-musavirligi\/wp-content\/uploads\/sites\/464\/2026\/03\/EK-17-SORUSTURULAN-SAVUNMA-DAVET-YAZISI.doc\">EK-17 SORU\u015eTURULAN SAVUNMA DAVET YAZISI.doc<\/a><br \/><a href=\"https:\/\/atauni.edu.tr\/hukuk-musavirligi\/wp-content\/uploads\/sites\/464\/2026\/03\/EK-18-SORUSTURMA-SONUCU-TEBLIG-YAZISI.doc\">EK-18 SORU\u015eTURMA SONUCU TEBL\u0130\u011e YAZISI.doc<\/a><br \/><a href=\"https:\/\/atauni.edu.tr\/hukuk-musavirligi\/wp-content\/uploads\/sites\/464\/2026\/03\/EK-19-DOSYANIN-REKTORLUGE-GONDERILMESI.doc\">EK-19 DOSYANIN REKT\u00d6RL\u00dc\u011eE G\u00d6NDER\u0130LMES\u0130 .doc<\/a><br \/><a href=\"https:\/\/atauni.edu.tr\/yuklemeler\/09fd7bda59ebb2637aae684f8268b28f.docx\">EK-20 ARA\u015eTIRMA- \u0130NCELEME RAPOR FORMATI.docx<\/a><\/p><\/div>\n\t\t\t\t<\/div>\n\t\t\t\t\t\t\t<div class=\"elementor-accordion-item\">\n\t\t\t\t\t<div id=\"elementor-tab-title-1242\" class=\"elementor-tab-title\" data-tab=\"2\" role=\"button\" aria-controls=\"elementor-tab-content-1242\" aria-expanded=\"false\">\n\t\t\t\t\t\t\t\t\t\t\t\t\t<span class=\"elementor-accordion-icon elementor-accordion-icon-left\" aria-hidden=\"true\">\n\t\t\t\t\t\t\t\t\t\t\t\t\t\t\t<span class=\"elementor-accordion-icon-closed\"><i class=\"fas fa-plus\"><\/i><\/span>\n\t\t\t\t\t\t\t\t<span class=\"elementor-accordion-icon-opened\"><i class=\"fas fa-minus\"><\/i><\/span>\n\t\t\t\t\t\t\t\t\t\t\t\t\t\t<\/span>\n\t\t\t\t\t\t\t\t\t\t\t\t<a class=\"elementor-accordion-title\" tabindex=\"0\">Ceza Soru\u015fturmas\u0131 Rehberi<\/a>\n\t\t\t\t\t<\/div>\n\t\t\t\t\t<div id=\"elementor-tab-content-1242\" class=\"elementor-tab-content elementor-clearfix\" data-tab=\"2\" role=\"region\" aria-labelledby=\"elementor-tab-title-1242\"><p><a href=\"https:\/\/atauni.edu.tr\/hukuk-musavirligi\/wp-content\/uploads\/sites\/464\/2026\/03\/CEZA-SORUSTURMA-REHBERI-ILK-SORUSTURMA.doc\">CEZA SORU\u015eTURMA REHBER\u0130 (\u0130LK SORU\u015eTURMA).doc<\/a><\/p><\/div>\n\t\t\t\t<\/div>\n\t\t\t\t\t\t\t<div class=\"elementor-accordion-item\">\n\t\t\t\t\t<div id=\"elementor-tab-title-1243\" class=\"elementor-tab-title\" data-tab=\"3\" role=\"button\" aria-controls=\"elementor-tab-content-1243\" aria-expanded=\"false\">\n\t\t\t\t\t\t\t\t\t\t\t\t\t<span class=\"elementor-accordion-icon elementor-accordion-icon-left\" aria-hidden=\"true\">\n\t\t\t\t\t\t\t\t\t\t\t\t\t\t\t<span class=\"elementor-accordion-icon-closed\"><i class=\"fas fa-plus\"><\/i><\/span>\n\t\t\t\t\t\t\t\t<span class=\"elementor-accordion-icon-opened\"><i class=\"fas fa-minus\"><\/i><\/span>\n\t\t\t\t\t\t\t\t\t\t\t\t\t\t<\/span>\n\t\t\t\t\t\t\t\t\t\t\t\t<a class=\"elementor-accordion-title\" tabindex=\"0\">ARA\u015eTIRMA \u0130NCELEME REHBER\u0130<\/a>\n\t\t\t\t\t<\/div>\n\t\t\t\t\t<div id=\"elementor-tab-content-1243\" class=\"elementor-tab-content elementor-clearfix\" data-tab=\"3\" role=\"region\" aria-labelledby=\"elementor-tab-title-1243\"><ul><li><a href=\"https:\/\/birimler.atauni.edu.tr\/hukuk-musavirligi\/wp-content\/uploads\/sites\/464\/2020\/07\/ARASTIRMA-INCELEME-DIZI-PUSULASI-1-1.docx\">ARA\u015eTIRMA-\u0130NCELEME D\u0130Z\u0130 PUSULASI (1)<\/a><\/li><li><a href=\"https:\/\/birimler.atauni.edu.tr\/hukuk-musavirligi\/wp-content\/uploads\/sites\/464\/2020\/07\/ARASTIRMA-INCELEME-RAPORU-2.docx\">ARA\u015eTIRMA-\u0130NCELEME RAPORU<\/a><\/li><li><a href=\"https:\/\/birimler.atauni.edu.tr\/hukuk-musavirligi\/wp-content\/uploads\/sites\/464\/2020\/07\/ARS-INC-BITIMI-UST-YAZI-2.docx\">AR\u015e \u0130NC B\u0130T\u0130M\u0130 \u00dcST YAZI<\/a><\/li><li><a href=\"https:\/\/birimler.atauni.edu.tr\/hukuk-musavirligi\/wp-content\/uploads\/sites\/464\/2020\/07\/EK-SURE-TALEP-YAZISI-2.docx\">EK S\u00dcRE TALEP YAZISI<\/a><\/li><li><a href=\"https:\/\/birimler.atauni.edu.tr\/hukuk-musavirligi\/wp-content\/uploads\/sites\/464\/2020\/07\/HAKKINDA-ARAS-INCELEME-YAPILAN-IFADE-TUTANAGI-2.docx\">HAKKINDA ARA\u015e \u0130NCELEME YAPILAN \u0130FADE TUTANA\u011eI<\/a><\/li><li><a href=\"https:\/\/birimler.atauni.edu.tr\/hukuk-musavirligi\/wp-content\/uploads\/sites\/464\/2020\/07\/HAKKINDA-ARASTIRMA-INCELEME-YAPILAN-IFADEYE-DAVET-YAZISI-2.doc\">HAKKINDA ARA\u015eTIRMA-\u0130NCELEME YAPILAN \u0130FADEYE DAVET YAZISI<\/a><\/li><li><a href=\"https:\/\/birimler.atauni.edu.tr\/hukuk-musavirligi\/wp-content\/uploads\/sites\/464\/2020\/07\/KATIP-GOREVLENDIRME-VE-YEMIN-TUTANAGI-2.docx\">KAT\u0130P G\u00d6REVLEND\u0130RME VE YEM\u0130N TUTANA\u011eI<\/a><\/li><li><a href=\"https:\/\/birimler.atauni.edu.tr\/hukuk-musavirligi\/wp-content\/uploads\/sites\/464\/2020\/07\/MUSTEKI-IFADE-DAVETIYESI-2.docx\">M\u00dc\u015eTEK\u0130 \u0130FADE DAVET\u0130YES\u0130<\/a><\/li><li><a href=\"https:\/\/birimler.atauni.edu.tr\/hukuk-musavirligi\/wp-content\/uploads\/sites\/464\/2020\/07\/MUSTEKI-IFADE-TUTANAGI-2.docx\">M\u00dc\u015eTEK\u0130 \u0130FADE TUTANA\u011eI<\/a><\/li><li><a href=\"https:\/\/birimler.atauni.edu.tr\/hukuk-musavirligi\/wp-content\/uploads\/sites\/464\/2020\/07\/TANIK-IFADE-DAVETIYESI-2.doc\">TANIK \u0130FADE DAVET\u0130YES\u0130<\/a><\/li><li><a href=\"https:\/\/birimler.atauni.edu.tr\/hukuk-musavirligi\/wp-content\/uploads\/sites\/464\/2020\/07\/TANIK-IFADE-TUTANAGI-2.docx\">TANIK \u0130FADE TUTANA\u011eI<\/a><\/li><li><a href=\"https:\/\/birimler.atauni.edu.tr\/hukuk-musavirligi\/wp-content\/uploads\/sites\/464\/2020\/07\/TEBELLUG-BELGESI-2.docx\">TEBELL\u00dc\u011e BELGES\u0130<\/a><\/li><\/ul><\/div>\n\t\t\t\t<\/div>\n\t\t\t\t\t\t\t\t<\/div>\n\t\t\t\t\t\t<\/div>\n\t\t\t\t<\/div>\n\t\t\t\t\t<\/div>\n\t\t<\/div>\n\t\t\t\t\t<\/div>\n\t\t<\/section>\n\t\t\t\t<\/div>\n\t\t","protected":false},"excerpt":{"rendered":"<p>Disiplin Soru\u015fturma Rehberi Disiplin Soru\u015fturma Rehberi.pdfEK-1 SORU\u015eTURMACI TAY\u0130N\u0130RMACI TAY\u0130N\u0130.docEK-2 KAT\u0130P G\u00d6REVLEND\u0130RME VE YEM\u0130N TUTANA\u011eI.docxEK-3 M\u00dc\u015eTEK\u0130Y\u0130 \u0130FADEYE DAVET YAZISI.docxEK-4 M\u00dc\u015eTEK\u0130 \u0130FADE TUTANA\u011eI.docxEK-5 TANIK \u0130FADE DAVET\u0130EK-6 TANIK \u0130FADE TUTANA\u011eI.docxEK-7 B\u0130L\u0130RK\u0130\u015e\u0130 G\u00d6REVLEND\u0130RME YAZISI.docxEK-8 B\u0130L\u0130RK\u0130\u015e\u0130 YEM\u0130N TUTANA\u011eI.docxEK-9 B\u0130L\u0130RK\u0130\u015e\u0130 \u0130FADE TUTANA\u011eI.docxEK-10 SORU\u015eTURULAN DAVET YAZISI.docEK-11 SORU\u015eTURULAN SAVUNMA TUTANA\u011eI.docxEK-12-a \u00d6ZL\u00dcK ARA\u015eTIRMA YAZISI.docEK-12b D\u0130S\u0130PL\u0130N CEZASI SORGULAMA.docEK-13 EK S\u00dcRE TALEP YAZISI.docxEK-14 SORU\u015eTURMA RAPORU SORU\u015eTURMA [&hellip;]<\/p>\n","protected":false},"author":464,"featured_media":0,"parent":0,"menu_order":0,"comment_status":"closed","ping_status":"closed","template":"","meta":{"footnotes":""},"class_list":["post-6290","page","type-page","status-publish","hentry"],"_links":{"self":[{"href":"https:\/\/atauni.edu.tr\/hukuk-musavirligi\/wp-json\/wp\/v2\/pages\/6290","targetHints":{"allow":["GET"]}}],"collection":[{"href":"https:\/\/atauni.edu.tr\/hukuk-musavirligi\/wp-json\/wp\/v2\/pages"}],"about":[{"href":"https:\/\/atauni.edu.tr\/hukuk-musavirligi\/wp-json\/wp\/v2\/types\/page"}],"author":[{"embeddable":true,"href":"https:\/\/atauni.edu.tr\/hukuk-musavirligi\/wp-json\/wp\/v2\/users\/464"}],"replies":[{"embeddable":true,"href":"https:\/\/atauni.edu.tr\/hukuk-musavirligi\/wp-json\/wp\/v2\/comments?post=6290"}],"version-history":[{"count":65,"href":"https:\/\/atauni.edu.tr\/hukuk-musavirligi\/wp-json\/wp\/v2\/pages\/6290\/revisions"}],"predecessor-version":[{"id":6810,"href":"https:\/\/atauni.edu.tr\/hukuk-musavirligi\/wp-json\/wp\/v2\/pages\/6290\/revisions\/6810"}],"wp:attachment":[{"href":"https:\/\/atauni.edu.tr\/hukuk-musavirligi\/wp-json\/wp\/v2\/media?parent=6290"}],"curies":[{"name":"wp","href":"https:\/\/api.w.org\/{rel}","templated":true}]}}