{"id":6298,"date":"2022-03-03T23:09:46","date_gmt":"2022-03-03T20:09:46","guid":{"rendered":"https:\/\/birimler.atauni.edu.tr\/hukuk-musavirligi\/?page_id=6298"},"modified":"2026-03-19T20:45:03","modified_gmt":"2026-03-19T17:45:03","slug":"etik-ile-ilgili-yonetmelik-yonerge-ornek-dokuman","status":"publish","type":"page","link":"https:\/\/atauni.edu.tr\/hukuk-musavirligi\/etik-ile-ilgili-yonetmelik-yonerge-ornek-dokuman\/","title":{"rendered":"Etik ile \u0130lgili Y\u00f6netmelik\/Y\u00f6nerge\/\u00d6rnek D\u00f6k\u00fcman"},"content":{"rendered":"\t\t<div data-elementor-type=\"wp-page\" data-elementor-id=\"6298\" class=\"elementor elementor-6298\" data-elementor-post-type=\"page\">\n\t\t\t\t\t\t<section class=\"elementor-section elementor-top-section elementor-element elementor-element-36d0547 elementor-section-boxed elementor-section-height-default elementor-section-height-default\" data-id=\"36d0547\" data-element_type=\"section\">\n\t\t\t\t\t\t<div class=\"elementor-container elementor-column-gap-default\">\n\t\t\t\t\t<div class=\"elementor-column elementor-col-100 elementor-top-column elementor-element elementor-element-73022ba\" data-id=\"73022ba\" data-element_type=\"column\">\n\t\t\t<div class=\"elementor-widget-wrap elementor-element-populated\">\n\t\t\t\t\t\t<div class=\"elementor-element elementor-element-2bd07cd elementor-widget elementor-widget-accordion\" data-id=\"2bd07cd\" data-element_type=\"widget\" data-widget_type=\"accordion.default\">\n\t\t\t\t<div class=\"elementor-widget-container\">\n\t\t\t\t\t\t\t<div class=\"elementor-accordion\">\n\t\t\t\t\t\t\t<div class=\"elementor-accordion-item\">\n\t\t\t\t\t<div id=\"elementor-tab-title-4591\" class=\"elementor-tab-title\" data-tab=\"1\" role=\"button\" aria-controls=\"elementor-tab-content-4591\" aria-expanded=\"false\">\n\t\t\t\t\t\t\t\t\t\t\t\t\t<span class=\"elementor-accordion-icon elementor-accordion-icon-left\" aria-hidden=\"true\">\n\t\t\t\t\t\t\t\t\t\t\t\t\t\t\t<span class=\"elementor-accordion-icon-closed\"><i class=\"fas fa-plus\"><\/i><\/span>\n\t\t\t\t\t\t\t\t<span class=\"elementor-accordion-icon-opened\"><i class=\"fas fa-minus\"><\/i><\/span>\n\t\t\t\t\t\t\t\t\t\t\t\t\t\t<\/span>\n\t\t\t\t\t\t\t\t\t\t\t\t<a class=\"elementor-accordion-title\" tabindex=\"0\">Y\u00dcKSEK\u00d6\u011eRET\u0130M KURUMLARI B\u0130L\u0130MSEL ARA\u015eTIRMA VE YAYIN ET\u0130\u011e\u0130 Y\u00d6NERGES\u0130<\/a>\n\t\t\t\t\t<\/div>\n\t\t\t\t\t<div id=\"elementor-tab-content-4591\" class=\"elementor-tab-content elementor-clearfix\" data-tab=\"1\" role=\"region\" aria-labelledby=\"elementor-tab-title-4591\"><p><a href=\"https:\/\/atauni.edu.tr\/yuklemeler\/484145727fa809e25cdba5e9ba5d09c1.pdf\">Y\u00dcKSEK\u00d6\u011eRET\u0130M KURUMLARI B\u0130L\u0130MSEL ARA\u015eTIRMA VE YAYIN ET\u0130\u011e\u0130 Y\u00d6NERGES\u0130.pdf<\/a><\/p><\/div>\n\t\t\t\t<\/div>\n\t\t\t\t\t\t\t<div class=\"elementor-accordion-item\">\n\t\t\t\t\t<div id=\"elementor-tab-title-4592\" class=\"elementor-tab-title\" data-tab=\"2\" role=\"button\" aria-controls=\"elementor-tab-content-4592\" aria-expanded=\"false\">\n\t\t\t\t\t\t\t\t\t\t\t\t\t<span class=\"elementor-accordion-icon elementor-accordion-icon-left\" aria-hidden=\"true\">\n\t\t\t\t\t\t\t\t\t\t\t\t\t\t\t<span class=\"elementor-accordion-icon-closed\"><i class=\"fas fa-plus\"><\/i><\/span>\n\t\t\t\t\t\t\t\t<span class=\"elementor-accordion-icon-opened\"><i class=\"fas fa-minus\"><\/i><\/span>\n\t\t\t\t\t\t\t\t\t\t\t\t\t\t<\/span>\n\t\t\t\t\t\t\t\t\t\t\t\t<a class=\"elementor-accordion-title\" tabindex=\"0\">ATAT\u00dcRK \u00dcN\u0130VERS\u0130TES\u0130 B\u0130L\u0130MSEL ARA\u015eTIRMA YAYIN ET\u0130\u011e\u0130 Y\u00d6NERGES\u0130<\/a>\n\t\t\t\t\t<\/div>\n\t\t\t\t\t<div id=\"elementor-tab-content-4592\" class=\"elementor-tab-content elementor-clearfix\" data-tab=\"2\" role=\"region\" aria-labelledby=\"elementor-tab-title-4592\"><p><a href=\"https:\/\/atauni.edu.tr\/yuklemeler\/b4e23d3fb728c2af20df742cb72345f1.pdf\">ATAT\u00dcRK \u00dcN\u0130VERS\u0130TES\u0130 B\u0130L\u0130MSEL ARA\u015eTIRMA YAYIN ET\u0130\u011e\u0130 Y\u00d6NERGES\u0130.pdf<\/a><\/p><\/div>\n\t\t\t\t<\/div>\n\t\t\t\t\t\t\t<div class=\"elementor-accordion-item\">\n\t\t\t\t\t<div id=\"elementor-tab-title-4593\" class=\"elementor-tab-title\" data-tab=\"3\" role=\"button\" aria-controls=\"elementor-tab-content-4593\" aria-expanded=\"false\">\n\t\t\t\t\t\t\t\t\t\t\t\t\t<span class=\"elementor-accordion-icon elementor-accordion-icon-left\" aria-hidden=\"true\">\n\t\t\t\t\t\t\t\t\t\t\t\t\t\t\t<span class=\"elementor-accordion-icon-closed\"><i class=\"fas fa-plus\"><\/i><\/span>\n\t\t\t\t\t\t\t\t<span class=\"elementor-accordion-icon-opened\"><i class=\"fas fa-minus\"><\/i><\/span>\n\t\t\t\t\t\t\t\t\t\t\t\t\t\t<\/span>\n\t\t\t\t\t\t\t\t\t\t\t\t<a class=\"elementor-accordion-title\" tabindex=\"0\">HAYVAN DENEYLER\u0130 ET\u0130K KURULLARININ \u00c7ALI\u015eMA USUL VE ESASLARINA DA\u0130R Y\u00d6NETMEL\u0130K<\/a>\n\t\t\t\t\t<\/div>\n\t\t\t\t\t<div id=\"elementor-tab-content-4593\" class=\"elementor-tab-content elementor-clearfix\" data-tab=\"3\" role=\"region\" aria-labelledby=\"elementor-tab-title-4593\"><p><a href=\"https:\/\/atauni.edu.tr\/yuklemeler\/942c6ac911fc5d1233146e78bc9c137b.docx\">HAYVAN DENEYLER\u0130 ET\u0130K KURULLARININ \u00c7ALI\u015eMA USUL VE ESASLARINA DA\u0130R Y\u00d6NETMEL\u0130K.docx<\/a><\/p><\/div>\n\t\t\t\t<\/div>\n\t\t\t\t\t\t\t<div class=\"elementor-accordion-item\">\n\t\t\t\t\t<div id=\"elementor-tab-title-4594\" class=\"elementor-tab-title\" data-tab=\"4\" role=\"button\" aria-controls=\"elementor-tab-content-4594\" aria-expanded=\"false\">\n\t\t\t\t\t\t\t\t\t\t\t\t\t<span class=\"elementor-accordion-icon elementor-accordion-icon-left\" aria-hidden=\"true\">\n\t\t\t\t\t\t\t\t\t\t\t\t\t\t\t<span class=\"elementor-accordion-icon-closed\"><i class=\"fas fa-plus\"><\/i><\/span>\n\t\t\t\t\t\t\t\t<span class=\"elementor-accordion-icon-opened\"><i class=\"fas fa-minus\"><\/i><\/span>\n\t\t\t\t\t\t\t\t\t\t\t\t\t\t<\/span>\n\t\t\t\t\t\t\t\t\t\t\t\t<a class=\"elementor-accordion-title\" tabindex=\"0\">ATAT\u00dcRK \u00dcN\u0130VERS\u0130TES\u0130 HAYVAN DENEYLER\u0130 YEREL ET\u0130K KURULU Y\u00d6NERGES\u0130<\/a>\n\t\t\t\t\t<\/div>\n\t\t\t\t\t<div id=\"elementor-tab-content-4594\" class=\"elementor-tab-content elementor-clearfix\" data-tab=\"4\" role=\"region\" aria-labelledby=\"elementor-tab-title-4594\"><p><a href=\"https:\/\/atauni.edu.tr\/yuklemeler\/452343f460b69e3a1146bb60033533f0.pdf\">ATAT\u00dcRK \u00dcN\u0130VERS\u0130TES\u0130 HAYVAN DENEYLER\u0130 YEREL ET\u0130K KURULU Y\u00d6NERGES\u0130.pdf<\/a><\/p><\/div>\n\t\t\t\t<\/div>\n\t\t\t\t\t\t\t<div class=\"elementor-accordion-item\">\n\t\t\t\t\t<div id=\"elementor-tab-title-4595\" class=\"elementor-tab-title\" data-tab=\"5\" role=\"button\" aria-controls=\"elementor-tab-content-4595\" aria-expanded=\"false\">\n\t\t\t\t\t\t\t\t\t\t\t\t\t<span class=\"elementor-accordion-icon elementor-accordion-icon-left\" aria-hidden=\"true\">\n\t\t\t\t\t\t\t\t\t\t\t\t\t\t\t<span class=\"elementor-accordion-icon-closed\"><i class=\"fas fa-plus\"><\/i><\/span>\n\t\t\t\t\t\t\t\t<span class=\"elementor-accordion-icon-opened\"><i class=\"fas fa-minus\"><\/i><\/span>\n\t\t\t\t\t\t\t\t\t\t\t\t\t\t<\/span>\n\t\t\t\t\t\t\t\t\t\t\t\t<a class=\"elementor-accordion-title\" tabindex=\"0\">KAMU G\u00d6REVL\u0130LER\u0130 ET\u0130K DAVRANI\u015e \u0130LKELER\u0130 \u0130LE BA\u015eVURU USUL VE ESASLARI HAKKINDA Y\u00d6NETMEL\u0130K<\/a>\n\t\t\t\t\t<\/div>\n\t\t\t\t\t<div id=\"elementor-tab-content-4595\" class=\"elementor-tab-content elementor-clearfix\" data-tab=\"5\" role=\"region\" aria-labelledby=\"elementor-tab-title-4595\"><h2 class=\"p-baslik mt-3\"><a href=\"https:\/\/www.mevzuat.gov.tr\/\">KAMU G\u00d6REVL\u0130LER\u0130 ET\u0130K DAVRANI\u015e \u0130LKELER\u0130 \u0130LE BA\u015eVURU USUL VE ESASLARI HAKKINDA Y\u00d6NETMEL\u0130K<\/a><\/h2><\/div>\n\t\t\t\t<\/div>\n\t\t\t\t\t\t\t<div class=\"elementor-accordion-item\">\n\t\t\t\t\t<div id=\"elementor-tab-title-4596\" class=\"elementor-tab-title\" data-tab=\"6\" role=\"button\" aria-controls=\"elementor-tab-content-4596\" aria-expanded=\"false\">\n\t\t\t\t\t\t\t\t\t\t\t\t\t<span class=\"elementor-accordion-icon elementor-accordion-icon-left\" aria-hidden=\"true\">\n\t\t\t\t\t\t\t\t\t\t\t\t\t\t\t<span class=\"elementor-accordion-icon-closed\"><i class=\"fas fa-plus\"><\/i><\/span>\n\t\t\t\t\t\t\t\t<span class=\"elementor-accordion-icon-opened\"><i class=\"fas fa-minus\"><\/i><\/span>\n\t\t\t\t\t\t\t\t\t\t\t\t\t\t<\/span>\n\t\t\t\t\t\t\t\t\t\t\t\t<a class=\"elementor-accordion-title\" tabindex=\"0\">\u00d6RNEK B\u0130L\u0130RK\u0130\u015e\u0130 RAPORU<\/a>\n\t\t\t\t\t<\/div>\n\t\t\t\t\t<div id=\"elementor-tab-content-4596\" class=\"elementor-tab-content elementor-clearfix\" data-tab=\"6\" role=\"region\" aria-labelledby=\"elementor-tab-title-4596\"><p><a href=\"https:\/\/atauni.edu.tr\/hukuk-musavirligi\/wp-content\/uploads\/sites\/464\/2026\/03\/BILIRKISI-RAPORU-ORNEGI.doc\">B\u0130L\u0130RK\u0130\u015e\u0130 RAPORU \u00d6RNE\u011e\u0130.doc<\/a><\/p><\/div>\n\t\t\t\t<\/div>\n\t\t\t\t\t\t\t<div class=\"elementor-accordion-item\">\n\t\t\t\t\t<div id=\"elementor-tab-title-4597\" class=\"elementor-tab-title\" data-tab=\"7\" role=\"button\" aria-controls=\"elementor-tab-content-4597\" aria-expanded=\"false\">\n\t\t\t\t\t\t\t\t\t\t\t\t\t<span class=\"elementor-accordion-icon elementor-accordion-icon-left\" aria-hidden=\"true\">\n\t\t\t\t\t\t\t\t\t\t\t\t\t\t\t<span class=\"elementor-accordion-icon-closed\"><i class=\"fas fa-plus\"><\/i><\/span>\n\t\t\t\t\t\t\t\t<span class=\"elementor-accordion-icon-opened\"><i class=\"fas fa-minus\"><\/i><\/span>\n\t\t\t\t\t\t\t\t\t\t\t\t\t\t<\/span>\n\t\t\t\t\t\t\t\t\t\t\t\t<a class=\"elementor-accordion-title\" tabindex=\"0\">ATAT\u00dcRK \u00dcN\u0130VERS\u0130TES\u0130 ET\u0130K KURUL BA\u015eVURULARINDA R\u0130AYET ED\u0130LMES\u0130 GEREKEN HUSUSLAR VE BA\u015eVURU FORMLARI<\/a>\n\t\t\t\t\t<\/div>\n\t\t\t\t\t<div id=\"elementor-tab-content-4597\" class=\"elementor-tab-content elementor-clearfix\" data-tab=\"7\" role=\"region\" aria-labelledby=\"elementor-tab-title-4597\"><p><a href=\"https:\/\/birimler.atauni.edu.tr\/hukuk-musavirligi\/wp-content\/uploads\/sites\/464\/2020\/07\/ETIK-KURUL-BASVURU-BILGILERI-2.docx\">ET\u0130K KURUL BASVURU BILGILERI<\/a><\/p><\/div>\n\t\t\t\t<\/div>\n\t\t\t\t\t\t\t\t<\/div>\n\t\t\t\t\t\t<\/div>\n\t\t\t\t<\/div>\n\t\t\t\t\t<\/div>\n\t\t<\/div>\n\t\t\t\t\t<\/div>\n\t\t<\/section>\n\t\t\t\t<\/div>\n\t\t","protected":false},"excerpt":{"rendered":"<p>Y\u00dcKSEK\u00d6\u011eRET\u0130M KURUMLARI B\u0130L\u0130MSEL ARA\u015eTIRMA VE YAYIN ET\u0130\u011e\u0130 Y\u00d6NERGES\u0130 Y\u00dcKSEK\u00d6\u011eRET\u0130M KURUMLARI B\u0130L\u0130MSEL ARA\u015eTIRMA VE YAYIN ET\u0130\u011e\u0130 Y\u00d6NERGES\u0130.pdf ATAT\u00dcRK \u00dcN\u0130VERS\u0130TES\u0130 B\u0130L\u0130MSEL ARA\u015eTIRMA YAYIN ET\u0130\u011e\u0130 Y\u00d6NERGES\u0130 ATAT\u00dcRK \u00dcN\u0130VERS\u0130TES\u0130 B\u0130L\u0130MSEL ARA\u015eTIRMA YAYIN ET\u0130\u011e\u0130 Y\u00d6NERGES\u0130.pdf HAYVAN DENEYLER\u0130 ET\u0130K KURULLARININ \u00c7ALI\u015eMA USUL VE ESASLARINA DA\u0130R Y\u00d6NETMEL\u0130K HAYVAN DENEYLER\u0130 ET\u0130K KURULLARININ \u00c7ALI\u015eMA USUL VE ESASLARINA DA\u0130R Y\u00d6NETMEL\u0130K.docx ATAT\u00dcRK \u00dcN\u0130VERS\u0130TES\u0130 HAYVAN DENEYLER\u0130 YEREL [&hellip;]<\/p>\n","protected":false},"author":464,"featured_media":0,"parent":0,"menu_order":0,"comment_status":"closed","ping_status":"closed","template":"","meta":{"footnotes":""},"class_list":["post-6298","page","type-page","status-publish","hentry"],"_links":{"self":[{"href":"https:\/\/atauni.edu.tr\/hukuk-musavirligi\/wp-json\/wp\/v2\/pages\/6298","targetHints":{"allow":["GET"]}}],"collection":[{"href":"https:\/\/atauni.edu.tr\/hukuk-musavirligi\/wp-json\/wp\/v2\/pages"}],"about":[{"href":"https:\/\/atauni.edu.tr\/hukuk-musavirligi\/wp-json\/wp\/v2\/types\/page"}],"author":[{"embeddable":true,"href":"https:\/\/atauni.edu.tr\/hukuk-musavirligi\/wp-json\/wp\/v2\/users\/464"}],"replies":[{"embeddable":true,"href":"https:\/\/atauni.edu.tr\/hukuk-musavirligi\/wp-json\/wp\/v2\/comments?post=6298"}],"version-history":[{"count":25,"href":"https:\/\/atauni.edu.tr\/hukuk-musavirligi\/wp-json\/wp\/v2\/pages\/6298\/revisions"}],"predecessor-version":[{"id":6814,"href":"https:\/\/atauni.edu.tr\/hukuk-musavirligi\/wp-json\/wp\/v2\/pages\/6298\/revisions\/6814"}],"wp:attachment":[{"href":"https:\/\/atauni.edu.tr\/hukuk-musavirligi\/wp-json\/wp\/v2\/media?parent=6298"}],"curies":[{"name":"wp","href":"https:\/\/api.w.org\/{rel}","templated":true}]}}