{"id":6347,"date":"2022-03-03T23:36:40","date_gmt":"2022-03-03T20:36:40","guid":{"rendered":"https:\/\/birimler.atauni.edu.tr\/hukuk-musavirligi\/?page_id=6347"},"modified":"2022-03-04T00:24:29","modified_gmt":"2022-03-03T21:24:29","slug":"misyon-vizyon-ve-temel-degerler","status":"publish","type":"page","link":"https:\/\/atauni.edu.tr\/hukuk-musavirligi\/misyon-vizyon-ve-temel-degerler\/","title":{"rendered":"Misyon, Vizyon ve Temel De\u011ferler"},"content":{"rendered":"\t\t<div data-elementor-type=\"wp-page\" data-elementor-id=\"6347\" class=\"elementor elementor-6347\" data-elementor-post-type=\"page\">\n\t\t\t\t\t\t<section class=\"elementor-section elementor-top-section elementor-element elementor-element-748426a elementor-section-boxed elementor-section-height-default elementor-section-height-default\" data-id=\"748426a\" data-element_type=\"section\">\n\t\t\t\t\t\t<div class=\"elementor-container elementor-column-gap-default\">\n\t\t\t\t\t<div class=\"elementor-column elementor-col-100 elementor-top-column elementor-element elementor-element-db6e9b3\" data-id=\"db6e9b3\" data-element_type=\"column\">\n\t\t\t<div class=\"elementor-widget-wrap elementor-element-populated\">\n\t\t\t\t\t\t<div class=\"elementor-element elementor-element-724561b elementor-widget elementor-widget-text-editor\" data-id=\"724561b\" data-element_type=\"widget\" data-widget_type=\"text-editor.default\">\n\t\t\t\t<div class=\"elementor-widget-container\">\n\t\t\t\t\t\t\t\t\t<div><strong>Misyon<\/strong><\/div><div>Hukuk M\u00fc\u015favirli\u011fi; \u00dcniversitemizi hukuki platformda temsil etmek ve \u00dcniversitemizin menfaatlerinin korunmas\u0131 amac\u0131yla \u00f6nleyici nitelikle hukuki tedbirler alarak, d\u00fczenleyici i\u015flemlerin tesis esnas\u0131nda hukuki g\u00f6r\u00fc\u015f bildirmekle vazifelidir.<br \/><br \/><\/div><div><div><strong>Vizyon<\/strong><\/div><div>Hukuk M\u00fc\u015favirli\u011fi; gerek \u00dcniversitemize kar\u015f\u0131, gerekse \u00dcniversitemizce y\u00fcr\u00fct\u00fclen t\u00fcm i\u015flemlere ili\u015fkin hukuki hususlarda profesyonel hizmet sunma amac\u0131yla g\u00f6rev yapmaktad\u0131r.<\/div><\/div><div>\u00a0<\/div>\t\t\t\t\t\t\t\t<\/div>\n\t\t\t\t<\/div>\n\t\t\t\t\t<\/div>\n\t\t<\/div>\n\t\t\t\t\t<\/div>\n\t\t<\/section>\n\t\t\t\t<section class=\"elementor-section elementor-top-section elementor-element elementor-element-8516d34 elementor-section-boxed elementor-section-height-default elementor-section-height-default\" data-id=\"8516d34\" data-element_type=\"section\">\n\t\t\t\t\t\t<div class=\"elementor-container elementor-column-gap-default\">\n\t\t\t\t\t<div class=\"elementor-column elementor-col-100 elementor-top-column elementor-element elementor-element-a679ac8\" data-id=\"a679ac8\" data-element_type=\"column\">\n\t\t\t<div class=\"elementor-widget-wrap elementor-element-populated\">\n\t\t\t\t\t\t<div class=\"elementor-element elementor-element-ed60d99 elementor-widget elementor-widget-image\" data-id=\"ed60d99\" data-element_type=\"widget\" data-widget_type=\"image.default\">\n\t\t\t\t<div class=\"elementor-widget-container\">\n\t\t\t\t\t\t\t\t\t\t\t\t\t\t\t<img fetchpriority=\"high\" decoding=\"async\" width=\"700\" height=\"700\" src=\"https:\/\/atauni.edu.tr\/hukuk-musavirligi\/wp-content\/uploads\/sites\/464\/2022\/03\/bb6ab150f54772c2b1034e78786c6c7e.png\" class=\"attachment-large size-large wp-image-6403\" alt=\"\" srcset=\"https:\/\/atauni.edu.tr\/hukuk-musavirligi\/wp-content\/uploads\/sites\/464\/2022\/03\/bb6ab150f54772c2b1034e78786c6c7e.png 700w, https:\/\/atauni.edu.tr\/hukuk-musavirligi\/wp-content\/uploads\/sites\/464\/2022\/03\/bb6ab150f54772c2b1034e78786c6c7e-300x300.png 300w, https:\/\/atauni.edu.tr\/hukuk-musavirligi\/wp-content\/uploads\/sites\/464\/2022\/03\/bb6ab150f54772c2b1034e78786c6c7e-150x150.png 150w, https:\/\/atauni.edu.tr\/hukuk-musavirligi\/wp-content\/uploads\/sites\/464\/2022\/03\/bb6ab150f54772c2b1034e78786c6c7e-600x600.png 600w, https:\/\/atauni.edu.tr\/hukuk-musavirligi\/wp-content\/uploads\/sites\/464\/2022\/03\/bb6ab150f54772c2b1034e78786c6c7e-560x560.png 560w\" sizes=\"(max-width: 700px) 100vw, 700px\" \/>\t\t\t\t\t\t\t\t\t\t\t\t\t\t\t<\/div>\n\t\t\t\t<\/div>\n\t\t\t\t\t<\/div>\n\t\t<\/div>\n\t\t\t\t\t<\/div>\n\t\t<\/section>\n\t\t\t\t<\/div>\n\t\t","protected":false},"excerpt":{"rendered":"<p>MisyonHukuk M\u00fc\u015favirli\u011fi; \u00dcniversitemizi hukuki platformda temsil etmek ve \u00dcniversitemizin menfaatlerinin korunmas\u0131 amac\u0131yla \u00f6nleyici nitelikle hukuki tedbirler alarak, d\u00fczenleyici i\u015flemlerin tesis esnas\u0131nda hukuki g\u00f6r\u00fc\u015f bildirmekle vazifelidir. VizyonHukuk M\u00fc\u015favirli\u011fi; gerek \u00dcniversitemize kar\u015f\u0131, gerekse \u00dcniversitemizce y\u00fcr\u00fct\u00fclen t\u00fcm i\u015flemlere ili\u015fkin hukuki hususlarda profesyonel hizmet sunma amac\u0131yla g\u00f6rev yapmaktad\u0131r.\u00a0<\/p>\n","protected":false},"author":464,"featured_media":0,"parent":0,"menu_order":0,"comment_status":"closed","ping_status":"closed","template":"","meta":{"footnotes":""},"class_list":["post-6347","page","type-page","status-publish","hentry"],"_links":{"self":[{"href":"https:\/\/atauni.edu.tr\/hukuk-musavirligi\/wp-json\/wp\/v2\/pages\/6347","targetHints":{"allow":["GET"]}}],"collection":[{"href":"https:\/\/atauni.edu.tr\/hukuk-musavirligi\/wp-json\/wp\/v2\/pages"}],"about":[{"href":"https:\/\/atauni.edu.tr\/hukuk-musavirligi\/wp-json\/wp\/v2\/types\/page"}],"author":[{"embeddable":true,"href":"https:\/\/atauni.edu.tr\/hukuk-musavirligi\/wp-json\/wp\/v2\/users\/464"}],"replies":[{"embeddable":true,"href":"https:\/\/atauni.edu.tr\/hukuk-musavirligi\/wp-json\/wp\/v2\/comments?post=6347"}],"version-history":[{"count":9,"href":"https:\/\/atauni.edu.tr\/hukuk-musavirligi\/wp-json\/wp\/v2\/pages\/6347\/revisions"}],"predecessor-version":[{"id":6406,"href":"https:\/\/atauni.edu.tr\/hukuk-musavirligi\/wp-json\/wp\/v2\/pages\/6347\/revisions\/6406"}],"wp:attachment":[{"href":"https:\/\/atauni.edu.tr\/hukuk-musavirligi\/wp-json\/wp\/v2\/media?parent=6347"}],"curies":[{"name":"wp","href":"https:\/\/api.w.org\/{rel}","templated":true}]}}