{"id":5682,"date":"2021-07-13T10:10:01","date_gmt":"2021-07-13T07:10:01","guid":{"rendered":"https:\/\/portaltest.atauni.edu.tr\/bilgisayar-muhendisligi\/?page_id=5682"},"modified":"2021-12-17T10:35:34","modified_gmt":"2021-12-17T07:35:34","slug":"misyon-vizyon-ve-temel-degerler","status":"publish","type":"page","link":"https:\/\/atauni.edu.tr\/ic-denetim-birimi-baskanligi\/misyon-vizyon-ve-temel-degerler\/","title":{"rendered":"Misyon, Vizyon ve Temel De\u011ferler"},"content":{"rendered":"\t\t<div data-elementor-type=\"wp-page\" data-elementor-id=\"5682\" class=\"elementor elementor-5682\" data-elementor-post-type=\"page\">\n\t\t\t\t\t\t<section class=\"elementor-section elementor-top-section elementor-element elementor-element-730d320 elementor-section-boxed elementor-section-height-default elementor-section-height-default\" data-id=\"730d320\" data-element_type=\"section\">\n\t\t\t\t\t\t<div class=\"elementor-container elementor-column-gap-default\">\n\t\t\t\t\t<div class=\"elementor-column elementor-col-100 elementor-top-column elementor-element elementor-element-753d0860\" data-id=\"753d0860\" data-element_type=\"column\">\n\t\t\t<div class=\"elementor-widget-wrap\">\n\t\t\t\t\t\t\t<\/div>\n\t\t<\/div>\n\t\t\t\t\t<\/div>\n\t\t<\/section>\n\t\t\t\t<section class=\"elementor-section elementor-top-section elementor-element elementor-element-9be811a elementor-section-boxed elementor-section-height-default elementor-section-height-default\" data-id=\"9be811a\" data-element_type=\"section\">\n\t\t\t\t\t\t<div class=\"elementor-container elementor-column-gap-default\">\n\t\t\t\t\t<div class=\"elementor-column elementor-col-100 elementor-top-column elementor-element elementor-element-1ed847b7\" data-id=\"1ed847b7\" data-element_type=\"column\">\n\t\t\t<div class=\"elementor-widget-wrap elementor-element-populated\">\n\t\t\t\t\t\t<div class=\"elementor-element elementor-element-4ce0d07f elementor-widget elementor-widget-heading\" data-id=\"4ce0d07f\" data-element_type=\"widget\" data-widget_type=\"heading.default\">\n\t\t\t\t<div class=\"elementor-widget-container\">\n\t\t\t\t\t<h2 class=\"elementor-heading-title elementor-size-default\">Misyon, Vizyon ve Temel De\u011ferler<\/h2>\t\t\t\t<\/div>\n\t\t\t\t<\/div>\n\t\t\t\t<div class=\"elementor-element elementor-element-63260862 elementor-widget-divider--view-line elementor-widget elementor-widget-divider\" data-id=\"63260862\" data-element_type=\"widget\" data-widget_type=\"divider.default\">\n\t\t\t\t<div class=\"elementor-widget-container\">\n\t\t\t\t\t\t\t<div class=\"elementor-divider\">\n\t\t\t<span class=\"elementor-divider-separator\">\n\t\t\t\t\t\t<\/span>\n\t\t<\/div>\n\t\t\t\t\t\t<\/div>\n\t\t\t\t<\/div>\n\t\t\t\t\t<\/div>\n\t\t<\/div>\n\t\t\t\t\t<\/div>\n\t\t<\/section>\n\t\t\t\t<section class=\"elementor-section elementor-top-section elementor-element elementor-element-681db8b elementor-section-boxed elementor-section-height-default elementor-section-height-default\" data-id=\"681db8b\" data-element_type=\"section\">\n\t\t\t\t\t\t<div class=\"elementor-container elementor-column-gap-default\">\n\t\t\t\t\t<div class=\"elementor-column elementor-col-100 elementor-top-column elementor-element elementor-element-ad4dac5\" data-id=\"ad4dac5\" data-element_type=\"column\">\n\t\t\t<div class=\"elementor-widget-wrap elementor-element-populated\">\n\t\t\t\t\t\t<div class=\"elementor-element elementor-element-2f96b3d elementor-widget elementor-widget-text-editor\" data-id=\"2f96b3d\" data-element_type=\"widget\" data-widget_type=\"text-editor.default\">\n\t\t\t\t<div class=\"elementor-widget-container\">\n\t\t\t\t\t\t\t\t\t<p style=\"margin: 0cm 0cm 24pt;line-height: 18.3pt;background-image: initial;background-position: initial;background-size: initial;background-attachment: initial\"><b><span style=\"font-size:11.5pt;,sans-serif;color:#373737\">Misyonumuz;<\/span><\/b><span style=\"font-size:11.5pt;,sans-serif;color:#373737\">&nbsp;\u00dcniversitemiz\nfaaliyetlerinin mevzuata uygun \u015fekilde y\u00fcr\u00fct\u00fclmesini, kaynaklar\u0131n\u0131n ekonomik,\netkili ve verimli olarak kullan\u0131lmas\u0131n\u0131, i\u00e7 kontrol sisteminin etkin bir\n\u015fekilde \u00e7al\u0131\u015fmas\u0131n\u0131, mali ve y\u00f6netim raporlar\u0131n\u0131n tam, do\u011fru ve zaman\u0131nda elde\nedilmesini ve kaynaklar\u0131n korunmas\u0131n\u0131 sa\u011flamak amac\u0131yla; \u00dcniversitemizin t\u00fcm\ni\u015flem ve faaliyetlerinin risk esasl\u0131 olarak haz\u0131rlanan denetim plan ve\nprogramlar\u0131 \u00e7er\u00e7evesinde, sistematik, s\u00fcrekli ve disiplinli bir anlay\u0131\u015fla,\nulusal ve uluslararas\u0131 i\u00e7 denetim standartlar\u0131na g\u00f6re denetlemek ve idareye\ndan\u0131\u015fmanl\u0131k hizmeti vermektir.<\/span><span style=\"font-size:11.5pt;,sans-serif;color:#757575\"><\/span><\/p><p style=\"margin: 0cm 0cm 24pt;line-height: 18.3pt;background-image: initial;background-position: initial;background-size: initial;background-attachment: initial\"><b><span style=\"font-size:11.5pt;,sans-serif;color:#373737\">Vizyonumuz;<\/span><\/b><span style=\"font-size:11.5pt;,sans-serif;color:#373737\">&nbsp;\u00dcniversiteye s\u00fcrekli\nde\u011fer katan, kendisini s\u00fcrekli geli\u015ftiren ve yenileyen, g\u00f6revini en iyi \u015fekilde\nyapan, \u00e7al\u0131\u015fmalar\u0131 ile kurum i\u00e7inde ve kurum d\u0131\u015f\u0131nda \u00f6rnek al\u0131nan bir i\u00e7\ndenetim birimi olmakt\u0131r.<\/span><\/p><p style=\"margin: 0cm 0cm 8.25pt;background-image: initial;background-position: initial;background-size: initial;background-attachment: initial\"><b><span style=\"font-size:11.5pt;,sans-serif;color:#373737\">Temel\nDe\u011ferlerimiz;<\/span><\/b><span style=\"font-size:11.5pt;,sans-serif;color:#373737\"> <\/span><span style=\",sans-serif;color:black\">&nbsp;<\/span><\/p><p style=\"margin: 0cm 0cm 8.25pt 18pt;background-image: initial;background-position: initial;background-size: initial;background-attachment: initial\"><span style=\",sans-serif;color:black\">\u2022 Hukukun \u00fcst\u00fcnl\u00fc\u011f\u00fc<\/span><span style=\",sans-serif;color:#4F4F4F\"><\/span><\/p><p style=\"margin: 0cm 0cm 8.25pt 18pt;background-image: initial;background-position: initial;background-size: initial;background-attachment: initial\"><span style=\",sans-serif;color:black\"><span>\u2022\nEtik de\u011ferlere ba\u011fl\u0131l\u0131k<\/span><span><\/span><\/span><\/p><p style=\"margin: 0cm 0cm 8.25pt 18pt;background-image: initial;background-position: initial;background-size: initial;background-attachment: initial\"><span style=\",sans-serif;color:black\"><span>\u2022\n\u015eeffafl\u0131k<\/span><span><\/span><\/span><\/p><p style=\"margin: 0cm 0cm 8.25pt 18pt;background-image: initial;background-position: initial;background-size: initial;background-attachment: initial\"><span style=\",sans-serif;color:black\"><span>\u2022\nHesap verilebilirlik<\/span><span><\/span><\/span><\/p><p style=\"margin: 0cm 0cm 8.25pt 18pt;background-image: initial;background-position: initial;background-size: initial;background-attachment: initial\"><span style=\",sans-serif;color:black\">\u2022\n\u0130nsan haklar\u0131na sayg\u0131l\u0131 olma<\/span><\/p><p style=\"margin: 0cm 0cm 8.25pt 18pt;background-image: initial;background-position: initial;background-size: initial;background-attachment: initial\"><span style=\",sans-serif;color:black\"><span>\u2022\nGeli\u015fime ve de\u011fi\u015fime a\u00e7\u0131k olmak<\/span><span><\/span><\/span><\/p><p style=\"margin: 0cm 0cm 8.25pt 18pt;background-image: initial;background-position: initial;background-size: initial;background-attachment: initial\"><span style=\",sans-serif;color:black\"><span>\u2022\nTeknoloji odakl\u0131 olma<\/span><span><\/span><\/span><\/p><p style=\"margin: 0cm 0cm 8.25pt 18pt;background-image: initial;background-position: initial;background-size: initial;background-attachment: initial\"><span style=\",sans-serif;color:black\">\u2022\nStratejik \u00f6ng\u00f6r\u00fc ve tercihlerde bulunma<\/span><\/p><p style=\"margin: 0cm 0cm 8.25pt 18pt;background-image: initial;background-position: initial;background-size: initial;background-attachment: initial\"><span style=\",sans-serif;color:black\"><span>\u2022\nYenilik\u00e7ilik ve k\u00fcresel geli\u015fmeleri takip<\/span><span><\/span><\/span><\/p><p>\n\n\n\n\n\n\n\n\n\n\n\n\n\n\n\n\n\n\n\n\n\n\n\n\n\n\n\n\n\n\n\n\n\n\n\n<\/p><p><span style=\"font-size:11.5pt;line-height:107%;,sans-serif;color:#373737\">&nbsp;<\/span><\/p>\t\t\t\t\t\t\t\t<\/div>\n\t\t\t\t<\/div>\n\t\t\t\t\t<\/div>\n\t\t<\/div>\n\t\t\t\t\t<\/div>\n\t\t<\/section>\n\t\t\t\t<\/div>\n\t\t","protected":false},"excerpt":{"rendered":"<p>Misyon, Vizyon ve Temel De\u011ferler Misyonumuz;&nbsp;\u00dcniversitemiz faaliyetlerinin mevzuata uygun \u015fekilde y\u00fcr\u00fct\u00fclmesini, kaynaklar\u0131n\u0131n ekonomik, etkili ve verimli olarak kullan\u0131lmas\u0131n\u0131, i\u00e7 kontrol sisteminin etkin bir \u015fekilde \u00e7al\u0131\u015fmas\u0131n\u0131, mali ve y\u00f6netim raporlar\u0131n\u0131n tam, do\u011fru ve zaman\u0131nda elde edilmesini ve kaynaklar\u0131n korunmas\u0131n\u0131 sa\u011flamak amac\u0131yla; \u00dcniversitemizin t\u00fcm i\u015flem ve faaliyetlerinin risk esasl\u0131 olarak haz\u0131rlanan denetim plan ve programlar\u0131 \u00e7er\u00e7evesinde, sistematik, [&hellip;]<\/p>\n","protected":false},"author":1,"featured_media":0,"parent":0,"menu_order":0,"comment_status":"closed","ping_status":"closed","template":"elementor_header_footer","meta":{"footnotes":""},"class_list":["post-5682","page","type-page","status-publish","hentry"],"_links":{"self":[{"href":"https:\/\/atauni.edu.tr\/ic-denetim-birimi-baskanligi\/wp-json\/wp\/v2\/pages\/5682","targetHints":{"allow":["GET"]}}],"collection":[{"href":"https:\/\/atauni.edu.tr\/ic-denetim-birimi-baskanligi\/wp-json\/wp\/v2\/pages"}],"about":[{"href":"https:\/\/atauni.edu.tr\/ic-denetim-birimi-baskanligi\/wp-json\/wp\/v2\/types\/page"}],"author":[{"embeddable":true,"href":"https:\/\/atauni.edu.tr\/ic-denetim-birimi-baskanligi\/wp-json\/wp\/v2\/users\/1"}],"replies":[{"embeddable":true,"href":"https:\/\/atauni.edu.tr\/ic-denetim-birimi-baskanligi\/wp-json\/wp\/v2\/comments?post=5682"}],"version-history":[{"count":11,"href":"https:\/\/atauni.edu.tr\/ic-denetim-birimi-baskanligi\/wp-json\/wp\/v2\/pages\/5682\/revisions"}],"predecessor-version":[{"id":6156,"href":"https:\/\/atauni.edu.tr\/ic-denetim-birimi-baskanligi\/wp-json\/wp\/v2\/pages\/5682\/revisions\/6156"}],"wp:attachment":[{"href":"https:\/\/atauni.edu.tr\/ic-denetim-birimi-baskanligi\/wp-json\/wp\/v2\/media?parent=5682"}],"curies":[{"name":"wp","href":"https:\/\/api.w.org\/{rel}","templated":true}]}}