{"id":5688,"date":"2021-07-13T10:13:48","date_gmt":"2021-07-13T07:13:48","guid":{"rendered":"https:\/\/portaltest.atauni.edu.tr\/bilgisayar-muhendisligi\/?page_id=5688"},"modified":"2026-02-19T12:08:47","modified_gmt":"2026-02-19T09:08:47","slug":"akademik-personel","status":"publish","type":"page","link":"https:\/\/atauni.edu.tr\/ic-mimarlik-bolumu\/akademik-personel\/","title":{"rendered":"Akademik Personel"},"content":{"rendered":"\t\t<div data-elementor-type=\"wp-page\" data-elementor-id=\"5688\" class=\"elementor elementor-5688\" data-elementor-post-type=\"page\">\n\t\t\t\t\t\t<section class=\"elementor-section elementor-top-section elementor-element elementor-element-22b96024 elementor-section-boxed elementor-section-height-default elementor-section-height-default\" data-id=\"22b96024\" data-element_type=\"section\">\n\t\t\t\t\t\t<div class=\"elementor-container elementor-column-gap-default\">\n\t\t\t\t\t<div class=\"elementor-column elementor-col-100 elementor-top-column elementor-element elementor-element-5a1f7769\" data-id=\"5a1f7769\" data-element_type=\"column\">\n\t\t\t<div class=\"elementor-widget-wrap elementor-element-populated\">\n\t\t\t\t\t\t<div class=\"elementor-element elementor-element-3b3e2d4a elementor-widget elementor-widget-heading\" data-id=\"3b3e2d4a\" data-element_type=\"widget\" data-widget_type=\"heading.default\">\n\t\t\t\t<div class=\"elementor-widget-container\">\n\t\t\t\t\t<h2 class=\"elementor-heading-title elementor-size-default\">Akademik Personel<\/h2>\t\t\t\t<\/div>\n\t\t\t\t<\/div>\n\t\t\t\t<div class=\"elementor-element elementor-element-35223868 elementor-widget-divider--view-line elementor-widget elementor-widget-divider\" data-id=\"35223868\" data-element_type=\"widget\" data-widget_type=\"divider.default\">\n\t\t\t\t<div class=\"elementor-widget-container\">\n\t\t\t\t\t\t\t<div class=\"elementor-divider\">\n\t\t\t<span class=\"elementor-divider-separator\">\n\t\t\t\t\t\t<\/span>\n\t\t<\/div>\n\t\t\t\t\t\t<\/div>\n\t\t\t\t<\/div>\n\t\t\t\t\t<\/div>\n\t\t<\/div>\n\t\t\t\t\t<\/div>\n\t\t<\/section>\n\t\t\t\t<section class=\"elementor-section elementor-top-section elementor-element elementor-element-439426e elementor-section-boxed elementor-section-height-default elementor-section-height-default\" data-id=\"439426e\" data-element_type=\"section\">\n\t\t\t\t\t\t<div class=\"elementor-container elementor-column-gap-default\">\n\t\t\t\t\t<div class=\"elementor-column elementor-col-100 elementor-top-column elementor-element elementor-element-fab22dc\" data-id=\"fab22dc\" data-element_type=\"column\">\n\t\t\t<div class=\"elementor-widget-wrap elementor-element-populated\">\n\t\t\t\t\t\t<div class=\"elementor-element elementor-element-4d3073e elementor-widget elementor-widget-text-editor\" data-id=\"4d3073e\" data-element_type=\"widget\" data-widget_type=\"text-editor.default\">\n\t\t\t\t<div class=\"elementor-widget-container\">\n\t\t\t\t\t\t\t\t\t<p><a href=\"https:\/\/avesis.atauni.edu.tr\/firdevsk\">Do\u00e7. Dr. Firdevs KULAK TORUN<\/a><\/p><p><a href=\"https:\/\/avesis.atauni.edu.tr\/emine.pakih\">Dr. \u00d6\u011fr. \u00dcyesi Emine YAVUZ PAK\u0130H\u00a0<\/a><\/p><p><a href=\"https:\/\/avesis.atauni.edu.tr\/tugbaoksuz\">Dr. \u00d6\u011fr. \u00dcyesi Tu\u011fba \u00d6KS\u00dcZ<\/a><\/p><p><a href=\"https:\/\/avesis.atauni.edu.tr\/aesagsoz\">Dr. \u00d6\u011fr. \u00dcyesi Arif Emre SA\u011eS\u00d6Z<\/a><\/p><p><a href=\"https:\/\/avesis.atauni.edu.tr\/irem.karahasanoglu\">Ar\u015f. G\u00f6r. \u0130rem Cansu YAL\u00c7IN<\/a><\/p>\t\t\t\t\t\t\t\t<\/div>\n\t\t\t\t<\/div>\n\t\t\t\t\t<\/div>\n\t\t<\/div>\n\t\t\t\t\t<\/div>\n\t\t<\/section>\n\t\t\t\t<\/div>\n\t\t","protected":false},"excerpt":{"rendered":"<p>Akademik Personel Do\u00e7. Dr. Firdevs KULAK TORUN Dr. \u00d6\u011fr. \u00dcyesi Emine YAVUZ PAK\u0130H\u00a0 Dr. \u00d6\u011fr. \u00dcyesi Tu\u011fba \u00d6KS\u00dcZ Dr. \u00d6\u011fr. \u00dcyesi Arif Emre SA\u011eS\u00d6Z Ar\u015f. G\u00f6r. \u0130rem Cansu YAL\u00c7IN<\/p>\n","protected":false},"author":1,"featured_media":0,"parent":0,"menu_order":0,"comment_status":"closed","ping_status":"closed","template":"elementor_header_footer","meta":{"footnotes":""},"class_list":["post-5688","page","type-page","status-publish","hentry"],"_links":{"self":[{"href":"https:\/\/atauni.edu.tr\/ic-mimarlik-bolumu\/wp-json\/wp\/v2\/pages\/5688","targetHints":{"allow":["GET"]}}],"collection":[{"href":"https:\/\/atauni.edu.tr\/ic-mimarlik-bolumu\/wp-json\/wp\/v2\/pages"}],"about":[{"href":"https:\/\/atauni.edu.tr\/ic-mimarlik-bolumu\/wp-json\/wp\/v2\/types\/page"}],"author":[{"embeddable":true,"href":"https:\/\/atauni.edu.tr\/ic-mimarlik-bolumu\/wp-json\/wp\/v2\/users\/1"}],"replies":[{"embeddable":true,"href":"https:\/\/atauni.edu.tr\/ic-mimarlik-bolumu\/wp-json\/wp\/v2\/comments?post=5688"}],"version-history":[{"count":47,"href":"https:\/\/atauni.edu.tr\/ic-mimarlik-bolumu\/wp-json\/wp\/v2\/pages\/5688\/revisions"}],"predecessor-version":[{"id":7402,"href":"https:\/\/atauni.edu.tr\/ic-mimarlik-bolumu\/wp-json\/wp\/v2\/pages\/5688\/revisions\/7402"}],"wp:attachment":[{"href":"https:\/\/atauni.edu.tr\/ic-mimarlik-bolumu\/wp-json\/wp\/v2\/media?parent=5688"}],"curies":[{"name":"wp","href":"https:\/\/api.w.org\/{rel}","templated":true}]}}