{"id":7191,"date":"2025-06-26T12:00:10","date_gmt":"2025-06-26T09:00:10","guid":{"rendered":"https:\/\/birimler.atauni.edu.tr\/ic-mimarlik-bolumu\/?page_id=7191"},"modified":"2026-03-17T11:56:04","modified_gmt":"2026-03-17T08:56:04","slug":"etkinlikler","status":"publish","type":"page","link":"https:\/\/atauni.edu.tr\/ic-mimarlik-bolumu\/etkinlikler\/","title":{"rendered":"Etkinlikler"},"content":{"rendered":"\t\t<div data-elementor-type=\"wp-page\" data-elementor-id=\"7191\" class=\"elementor elementor-7191\" data-elementor-post-type=\"page\">\n\t\t\t\t\t\t<section class=\"elementor-section elementor-top-section elementor-element elementor-element-4b4e9919 elementor-section-boxed elementor-section-height-default elementor-section-height-default\" data-id=\"4b4e9919\" data-element_type=\"section\">\n\t\t\t\t\t\t<div class=\"elementor-container elementor-column-gap-default\">\n\t\t\t\t\t<div class=\"elementor-column elementor-col-100 elementor-top-column elementor-element elementor-element-4051e4ae\" data-id=\"4051e4ae\" data-element_type=\"column\">\n\t\t\t<div class=\"elementor-widget-wrap elementor-element-populated\">\n\t\t\t\t\t\t<div class=\"elementor-element elementor-element-62aac8c0 elementor-widget elementor-widget-text-editor\" data-id=\"62aac8c0\" data-element_type=\"widget\" data-widget_type=\"text-editor.default\">\n\t\t\t\t<div class=\"elementor-widget-container\">\n\t\t\t\t\t\t\t\t\t<p>\u00a0<\/p>\n\n<p>\u00a0<\/p>\n\t\t\t\t\t\t\t\t<\/div>\n\t\t\t\t<\/div>\n\t\t\t\t\t<\/div>\n\t\t<\/div>\n\t\t\t\t\t<\/div>\n\t\t<\/section>\n\t\t\t\t<section class=\"elementor-section elementor-top-section elementor-element elementor-element-a8f55ea elementor-section-boxed elementor-section-height-default elementor-section-height-default\" data-id=\"a8f55ea\" data-element_type=\"section\">\n\t\t\t\t\t\t<div class=\"elementor-container elementor-column-gap-default\">\n\t\t\t\t\t<div class=\"elementor-column elementor-col-50 elementor-top-column elementor-element elementor-element-69901e5\" data-id=\"69901e5\" data-element_type=\"column\">\n\t\t\t<div class=\"elementor-widget-wrap elementor-element-populated\">\n\t\t\t\t\t\t<div class=\"elementor-element elementor-element-f12f3be elementor-arrows-position-inside elementor-pagination-position-outside elementor-widget elementor-widget-image-carousel\" data-id=\"f12f3be\" data-element_type=\"widget\" data-settings=\"{&quot;slides_to_show&quot;:&quot;1&quot;,&quot;navigation&quot;:&quot;both&quot;,&quot;autoplay&quot;:&quot;yes&quot;,&quot;pause_on_hover&quot;:&quot;yes&quot;,&quot;pause_on_interaction&quot;:&quot;yes&quot;,&quot;autoplay_speed&quot;:5000,&quot;infinite&quot;:&quot;yes&quot;,&quot;effect&quot;:&quot;slide&quot;,&quot;speed&quot;:500}\" data-widget_type=\"image-carousel.default\">\n\t\t\t\t<div class=\"elementor-widget-container\">\n\t\t\t\t\t\t\t<div class=\"elementor-image-carousel-wrapper swiper\" role=\"region\" aria-roledescription=\"carousel\" aria-label=\"Resim D\u00f6ng\u00fcs\u00fc\" dir=\"ltr\">\n\t\t\t<div class=\"elementor-image-carousel swiper-wrapper\" aria-live=\"off\">\n\t\t\t\t\t\t\t\t<div class=\"swiper-slide\" role=\"group\" aria-roledescription=\"slide\" aria-label=\"1 \/ 1\"><figure class=\"swiper-slide-inner\"><img decoding=\"async\" class=\"swiper-slide-image\" src=\"https:\/\/atauni.edu.tr\/ic-mimarlik-bolumu\/wp-content\/uploads\/sites\/123\/2026\/03\/Ekran-Goruntusu-2338-1024x576.png\" alt=\"Ekran G\u00f6r\u00fcnt\u00fcs\u00fc (2338)\" \/><\/figure><\/div>\t\t\t<\/div>\n\t\t\t\t\t<\/div>\n\t\t\t\t\t\t<\/div>\n\t\t\t\t<\/div>\n\t\t\t\t\t<\/div>\n\t\t<\/div>\n\t\t\t\t<div class=\"elementor-column elementor-col-50 elementor-top-column elementor-element elementor-element-e762807\" data-id=\"e762807\" data-element_type=\"column\">\n\t\t\t<div class=\"elementor-widget-wrap elementor-element-populated\">\n\t\t\t\t\t\t<div class=\"elementor-element elementor-element-183a7a1 elementor-widget elementor-widget-heading\" data-id=\"183a7a1\" data-element_type=\"widget\" data-widget_type=\"heading.default\">\n\t\t\t\t<div class=\"elementor-widget-container\">\n\t\t\t\t\t<h2 class=\"elementor-heading-title elementor-size-default\">SEM\u0130NER<\/h2>\t\t\t\t<\/div>\n\t\t\t\t<\/div>\n\t\t\t\t<div class=\"elementor-element elementor-element-9d85ddc elementor-widget__width-initial elementor-widget elementor-widget-shortcode\" data-id=\"9d85ddc\" data-element_type=\"widget\" data-widget_type=\"shortcode.default\">\n\t\t\t\t<div class=\"elementor-widget-container\">\n\t\t\t\t\t\t\t<div class=\"elementor-shortcode\">\u00d6\u011fr. G\u00f6r. Ferhat Boztoprak'\u0131n sundu\u011fu \u201cEnd\u00fcstriyel Mutfak Tasar\u0131m\u0131\u201d seminerimiz ger\u00e7ekle\u015fmi\u015ftir. De\u011ferli hocam\u0131za katk\u0131lar\u0131ndan dolay\u0131 te\u015fekk\u00fcr ederiz.<\/div>\n\t\t\t\t\t\t<\/div>\n\t\t\t\t<\/div>\n\t\t\t\t\t<\/div>\n\t\t<\/div>\n\t\t\t\t\t<\/div>\n\t\t<\/section>\n\t\t\t\t<section class=\"elementor-section elementor-top-section elementor-element elementor-element-67e4c0d elementor-section-boxed elementor-section-height-default elementor-section-height-default\" data-id=\"67e4c0d\" data-element_type=\"section\">\n\t\t\t\t\t\t<div class=\"elementor-container elementor-column-gap-default\">\n\t\t\t\t\t<div class=\"elementor-column elementor-col-50 elementor-top-column elementor-element elementor-element-e975dd5\" data-id=\"e975dd5\" data-element_type=\"column\">\n\t\t\t<div class=\"elementor-widget-wrap elementor-element-populated\">\n\t\t\t\t\t\t<div class=\"elementor-element elementor-element-bcd0dc7 elementor-arrows-position-inside elementor-pagination-position-outside elementor-widget elementor-widget-image-carousel\" data-id=\"bcd0dc7\" data-element_type=\"widget\" data-settings=\"{&quot;slides_to_show&quot;:&quot;1&quot;,&quot;navigation&quot;:&quot;both&quot;,&quot;autoplay&quot;:&quot;yes&quot;,&quot;pause_on_hover&quot;:&quot;yes&quot;,&quot;pause_on_interaction&quot;:&quot;yes&quot;,&quot;autoplay_speed&quot;:5000,&quot;infinite&quot;:&quot;yes&quot;,&quot;effect&quot;:&quot;slide&quot;,&quot;speed&quot;:500}\" data-widget_type=\"image-carousel.default\">\n\t\t\t\t<div class=\"elementor-widget-container\">\n\t\t\t\t\t\t\t<div class=\"elementor-image-carousel-wrapper swiper\" role=\"region\" aria-roledescription=\"carousel\" aria-label=\"Resim D\u00f6ng\u00fcs\u00fc\" dir=\"ltr\">\n\t\t\t<div class=\"elementor-image-carousel swiper-wrapper\" aria-live=\"off\">\n\t\t\t\t\t\t\t\t<div class=\"swiper-slide\" role=\"group\" aria-roledescription=\"slide\" aria-label=\"1 \/ 7\"><figure class=\"swiper-slide-inner\"><img decoding=\"async\" class=\"swiper-slide-image\" src=\"https:\/\/atauni.edu.tr\/ic-mimarlik-bolumu\/wp-content\/uploads\/sites\/123\/2026\/03\/IMG_1656-1024x768.jpg\" alt=\"IMG_1656\" \/><\/figure><\/div><div class=\"swiper-slide\" role=\"group\" aria-roledescription=\"slide\" aria-label=\"2 \/ 7\"><figure class=\"swiper-slide-inner\"><img decoding=\"async\" class=\"swiper-slide-image\" src=\"https:\/\/atauni.edu.tr\/ic-mimarlik-bolumu\/wp-content\/uploads\/sites\/123\/2026\/03\/IMG_1650-768x1024.jpg\" alt=\"IMG_1650\" \/><\/figure><\/div><div class=\"swiper-slide\" role=\"group\" aria-roledescription=\"slide\" aria-label=\"3 \/ 7\"><figure class=\"swiper-slide-inner\"><img decoding=\"async\" class=\"swiper-slide-image\" src=\"https:\/\/atauni.edu.tr\/ic-mimarlik-bolumu\/wp-content\/uploads\/sites\/123\/2026\/03\/IMG_1655-768x1024.jpg\" alt=\"IMG_1655\" \/><\/figure><\/div><div class=\"swiper-slide\" role=\"group\" aria-roledescription=\"slide\" aria-label=\"4 \/ 7\"><figure class=\"swiper-slide-inner\"><img decoding=\"async\" class=\"swiper-slide-image\" src=\"https:\/\/atauni.edu.tr\/ic-mimarlik-bolumu\/wp-content\/uploads\/sites\/123\/2026\/03\/IMG_1658-768x1024.jpg\" alt=\"IMG_1658\" \/><\/figure><\/div><div class=\"swiper-slide\" role=\"group\" aria-roledescription=\"slide\" aria-label=\"5 \/ 7\"><figure class=\"swiper-slide-inner\"><img decoding=\"async\" class=\"swiper-slide-image\" src=\"https:\/\/atauni.edu.tr\/ic-mimarlik-bolumu\/wp-content\/uploads\/sites\/123\/2026\/03\/IMG_1659-768x1024.jpg\" alt=\"IMG_1659\" \/><\/figure><\/div><div class=\"swiper-slide\" role=\"group\" aria-roledescription=\"slide\" aria-label=\"6 \/ 7\"><figure class=\"swiper-slide-inner\"><img decoding=\"async\" class=\"swiper-slide-image\" src=\"https:\/\/atauni.edu.tr\/ic-mimarlik-bolumu\/wp-content\/uploads\/sites\/123\/2026\/03\/IMG_1662-768x1024.jpg\" alt=\"IMG_1662\" \/><\/figure><\/div><div class=\"swiper-slide\" role=\"group\" aria-roledescription=\"slide\" aria-label=\"7 \/ 7\"><figure class=\"swiper-slide-inner\"><img decoding=\"async\" class=\"swiper-slide-image\" src=\"https:\/\/atauni.edu.tr\/ic-mimarlik-bolumu\/wp-content\/uploads\/sites\/123\/2026\/03\/efe805a9-8d75-41d7-9775-9a639216a4a2-1024x768.jpg\" alt=\"efe805a9-8d75-41d7-9775-9a639216a4a2\" \/><\/figure><\/div>\t\t\t<\/div>\n\t\t\t\t\t\t\t\t\t\t\t\t<div class=\"elementor-swiper-button elementor-swiper-button-prev\" role=\"button\" tabindex=\"0\">\n\t\t\t\t\t\t<i aria-hidden=\"true\" class=\"eicon-chevron-left\"><\/i>\t\t\t\t\t<\/div>\n\t\t\t\t\t<div class=\"elementor-swiper-button elementor-swiper-button-next\" role=\"button\" tabindex=\"0\">\n\t\t\t\t\t\t<i aria-hidden=\"true\" class=\"eicon-chevron-right\"><\/i>\t\t\t\t\t<\/div>\n\t\t\t\t\n\t\t\t\t\t\t\t\t\t<div class=\"swiper-pagination\"><\/div>\n\t\t\t\t\t\t\t\t\t<\/div>\n\t\t\t\t\t\t<\/div>\n\t\t\t\t<\/div>\n\t\t\t\t\t<\/div>\n\t\t<\/div>\n\t\t\t\t<div class=\"elementor-column elementor-col-50 elementor-top-column elementor-element elementor-element-2d6d799\" data-id=\"2d6d799\" data-element_type=\"column\">\n\t\t\t<div class=\"elementor-widget-wrap elementor-element-populated\">\n\t\t\t\t\t\t<div class=\"elementor-element elementor-element-670fe2f elementor-widget elementor-widget-heading\" data-id=\"670fe2f\" data-element_type=\"widget\" data-widget_type=\"heading.default\">\n\t\t\t\t<div class=\"elementor-widget-container\">\n\t\t\t\t\t<h2 class=\"elementor-heading-title elementor-size-default\">\u0130\u00c7 M\u0130MARLIK B\u00d6L\u00dcM\u00dc \u0130FTAR YEME\u011e\u0130<\/h2>\t\t\t\t<\/div>\n\t\t\t\t<\/div>\n\t\t\t\t<div class=\"elementor-element elementor-element-f4f2821 elementor-widget elementor-widget-heading\" data-id=\"f4f2821\" data-element_type=\"widget\" data-widget_type=\"heading.default\">\n\t\t\t\t<div class=\"elementor-widget-container\">\n\t\t\t\t\t<span class=\"elementor-heading-title elementor-size-small\">\u0130\u00e7 Mimarl\u0131k b\u00f6l\u00fcm\u00fc olarak \u00f6\u011frencilerimize d\u00fczenledi\u011fimiz iftar etkinli\u011fimizle bir araya geldik. \n\nEtkinli\u011fimizde bizi yaln\u0131z b\u0131rakmayan say\u0131n dekan\u0131m\u0131z Prof. Dr. Mehmet Akif IRMAK hocam\u0131za, say\u0131n dekan yard\u0131mc\u0131m\u0131z Prof. Dr. I\u015f\u0131k SEZEN hocam\u0131za te\u015fekk\u00fcr ederiz.\n\nEtkinli\u011fimizin ger\u00e7ekle\u015fmesinde en b\u00fcy\u00fck eme\u011fe sahip olan \u00d6\u011fr. G\u00f6r. Ferhat BOZTOPRAK hocam\u0131za ve \u00f6\u011frencilerine b\u00f6l\u00fcm\u00fcm\u00fcz ad\u0131na \u00e7ok te\u015fekk\u00fcr ederiz. Etkinli\u011fimizde tatl\u0131 ve pide sponsorlu\u011funu \u00fcstlenen Vatan pastanesine b\u00f6l\u00fcm\u00fcm\u00fcz ad\u0131na \u00e7ok te\u015fekk\u00fcr ederiz. <\/span>\t\t\t\t<\/div>\n\t\t\t\t<\/div>\n\t\t\t\t\t<\/div>\n\t\t<\/div>\n\t\t\t\t\t<\/div>\n\t\t<\/section>\n\t\t\t\t<section class=\"elementor-section elementor-top-section elementor-element elementor-element-edfe76d elementor-section-boxed elementor-section-height-default elementor-section-height-default\" data-id=\"edfe76d\" data-element_type=\"section\">\n\t\t\t\t\t\t<div class=\"elementor-container elementor-column-gap-default\">\n\t\t\t\t\t<div class=\"elementor-column elementor-col-50 elementor-top-column elementor-element elementor-element-c7a3a6d\" data-id=\"c7a3a6d\" data-element_type=\"column\">\n\t\t\t<div class=\"elementor-widget-wrap elementor-element-populated\">\n\t\t\t\t\t\t<div class=\"elementor-element elementor-element-b89f810 elementor-arrows-position-inside elementor-pagination-position-outside elementor-widget elementor-widget-image-carousel\" data-id=\"b89f810\" data-element_type=\"widget\" data-settings=\"{&quot;slides_to_show&quot;:&quot;1&quot;,&quot;navigation&quot;:&quot;both&quot;,&quot;autoplay&quot;:&quot;yes&quot;,&quot;pause_on_hover&quot;:&quot;yes&quot;,&quot;pause_on_interaction&quot;:&quot;yes&quot;,&quot;autoplay_speed&quot;:5000,&quot;infinite&quot;:&quot;yes&quot;,&quot;effect&quot;:&quot;slide&quot;,&quot;speed&quot;:500}\" data-widget_type=\"image-carousel.default\">\n\t\t\t\t<div class=\"elementor-widget-container\">\n\t\t\t\t\t\t\t<div class=\"elementor-image-carousel-wrapper swiper\" role=\"region\" aria-roledescription=\"carousel\" aria-label=\"Resim D\u00f6ng\u00fcs\u00fc\" dir=\"ltr\">\n\t\t\t<div class=\"elementor-image-carousel swiper-wrapper\" aria-live=\"off\">\n\t\t\t\t\t\t\t\t<div class=\"swiper-slide\" role=\"group\" aria-roledescription=\"slide\" aria-label=\"1 \/ 16\"><figure class=\"swiper-slide-inner\"><img decoding=\"async\" class=\"swiper-slide-image\" src=\"https:\/\/atauni.edu.tr\/ic-mimarlik-bolumu\/wp-content\/uploads\/sites\/123\/2025\/12\/IMG_4639-1-683x1024.jpg\" alt=\"IMG_4639\" \/><\/figure><\/div><div class=\"swiper-slide\" role=\"group\" aria-roledescription=\"slide\" aria-label=\"2 \/ 16\"><figure class=\"swiper-slide-inner\"><img decoding=\"async\" class=\"swiper-slide-image\" src=\"https:\/\/atauni.edu.tr\/ic-mimarlik-bolumu\/wp-content\/uploads\/sites\/123\/2025\/12\/IMG_4638-683x1024.jpg\" alt=\"IMG_4638\" \/><\/figure><\/div><div class=\"swiper-slide\" role=\"group\" aria-roledescription=\"slide\" aria-label=\"3 \/ 16\"><figure class=\"swiper-slide-inner\"><img decoding=\"async\" class=\"swiper-slide-image\" src=\"https:\/\/atauni.edu.tr\/ic-mimarlik-bolumu\/wp-content\/uploads\/sites\/123\/2025\/12\/IMG_4600-1024x683.jpg\" alt=\"IMG_4600\" \/><\/figure><\/div><div class=\"swiper-slide\" role=\"group\" aria-roledescription=\"slide\" aria-label=\"4 \/ 16\"><figure class=\"swiper-slide-inner\"><img decoding=\"async\" class=\"swiper-slide-image\" src=\"https:\/\/atauni.edu.tr\/ic-mimarlik-bolumu\/wp-content\/uploads\/sites\/123\/2025\/12\/IMG_4988-1-1024x683.jpg\" alt=\"IMG_4988\" \/><\/figure><\/div><div class=\"swiper-slide\" role=\"group\" aria-roledescription=\"slide\" aria-label=\"5 \/ 16\"><figure class=\"swiper-slide-inner\"><img decoding=\"async\" class=\"swiper-slide-image\" src=\"https:\/\/atauni.edu.tr\/ic-mimarlik-bolumu\/wp-content\/uploads\/sites\/123\/2025\/12\/IMG_4976-1024x683.jpg\" alt=\"IMG_4976\" \/><\/figure><\/div><div class=\"swiper-slide\" role=\"group\" aria-roledescription=\"slide\" aria-label=\"6 \/ 16\"><figure class=\"swiper-slide-inner\"><img decoding=\"async\" class=\"swiper-slide-image\" src=\"https:\/\/atauni.edu.tr\/ic-mimarlik-bolumu\/wp-content\/uploads\/sites\/123\/2025\/12\/IMG_4981-1024x683.jpg\" alt=\"IMG_4981\" \/><\/figure><\/div><div class=\"swiper-slide\" role=\"group\" aria-roledescription=\"slide\" aria-label=\"7 \/ 16\"><figure class=\"swiper-slide-inner\"><img decoding=\"async\" class=\"swiper-slide-image\" src=\"https:\/\/atauni.edu.tr\/ic-mimarlik-bolumu\/wp-content\/uploads\/sites\/123\/2025\/12\/IMG_4983-1024x683.jpg\" alt=\"IMG_4983\" \/><\/figure><\/div><div class=\"swiper-slide\" role=\"group\" aria-roledescription=\"slide\" aria-label=\"8 \/ 16\"><figure class=\"swiper-slide-inner\"><img decoding=\"async\" class=\"swiper-slide-image\" src=\"https:\/\/atauni.edu.tr\/ic-mimarlik-bolumu\/wp-content\/uploads\/sites\/123\/2025\/12\/IMG_4601-1024x683.jpg\" alt=\"IMG_4601\" \/><\/figure><\/div><div class=\"swiper-slide\" role=\"group\" aria-roledescription=\"slide\" aria-label=\"9 \/ 16\"><figure class=\"swiper-slide-inner\"><img decoding=\"async\" class=\"swiper-slide-image\" src=\"https:\/\/atauni.edu.tr\/ic-mimarlik-bolumu\/wp-content\/uploads\/sites\/123\/2025\/12\/IMG_4671-1024x683.jpg\" alt=\"IMG_4671\" \/><\/figure><\/div><div class=\"swiper-slide\" role=\"group\" aria-roledescription=\"slide\" aria-label=\"10 \/ 16\"><figure class=\"swiper-slide-inner\"><img decoding=\"async\" class=\"swiper-slide-image\" src=\"https:\/\/atauni.edu.tr\/ic-mimarlik-bolumu\/wp-content\/uploads\/sites\/123\/2025\/12\/IMG_4686-1024x683.jpg\" alt=\"IMG_4686\" \/><\/figure><\/div><div class=\"swiper-slide\" role=\"group\" aria-roledescription=\"slide\" aria-label=\"11 \/ 16\"><figure class=\"swiper-slide-inner\"><img decoding=\"async\" class=\"swiper-slide-image\" src=\"https:\/\/atauni.edu.tr\/ic-mimarlik-bolumu\/wp-content\/uploads\/sites\/123\/2025\/12\/IMG_4690-1024x683.jpg\" alt=\"IMG_4690\" \/><\/figure><\/div><div class=\"swiper-slide\" role=\"group\" aria-roledescription=\"slide\" aria-label=\"12 \/ 16\"><figure class=\"swiper-slide-inner\"><img decoding=\"async\" class=\"swiper-slide-image\" src=\"https:\/\/atauni.edu.tr\/ic-mimarlik-bolumu\/wp-content\/uploads\/sites\/123\/2025\/12\/IMG_4696g-1024x797.jpg\" alt=\"IMG_4696g\" \/><\/figure><\/div><div class=\"swiper-slide\" role=\"group\" aria-roledescription=\"slide\" aria-label=\"13 \/ 16\"><figure class=\"swiper-slide-inner\"><img decoding=\"async\" class=\"swiper-slide-image\" src=\"https:\/\/atauni.edu.tr\/ic-mimarlik-bolumu\/wp-content\/uploads\/sites\/123\/2025\/12\/IMG_4750-1024x683.jpg\" alt=\"IMG_4750\" \/><\/figure><\/div><div class=\"swiper-slide\" role=\"group\" aria-roledescription=\"slide\" aria-label=\"14 \/ 16\"><figure class=\"swiper-slide-inner\"><img decoding=\"async\" class=\"swiper-slide-image\" src=\"https:\/\/atauni.edu.tr\/ic-mimarlik-bolumu\/wp-content\/uploads\/sites\/123\/2025\/12\/IMG_4791-683x1024.jpg\" alt=\"IMG_4791\" \/><\/figure><\/div><div class=\"swiper-slide\" role=\"group\" aria-roledescription=\"slide\" aria-label=\"15 \/ 16\"><figure class=\"swiper-slide-inner\"><img decoding=\"async\" class=\"swiper-slide-image\" src=\"https:\/\/atauni.edu.tr\/ic-mimarlik-bolumu\/wp-content\/uploads\/sites\/123\/2025\/12\/IMG_4863-683x1024.jpg\" alt=\"IMG_4863\" \/><\/figure><\/div><div class=\"swiper-slide\" role=\"group\" aria-roledescription=\"slide\" aria-label=\"16 \/ 16\"><figure class=\"swiper-slide-inner\"><img decoding=\"async\" class=\"swiper-slide-image\" src=\"https:\/\/atauni.edu.tr\/ic-mimarlik-bolumu\/wp-content\/uploads\/sites\/123\/2025\/12\/WhatsApp-Image-2025-12-01-at-11.12.06-1-576x1024.jpeg\" alt=\"WhatsApp Image 2025-12-01 at 11.12.06\" \/><\/figure><\/div>\t\t\t<\/div>\n\t\t\t\t\t\t\t\t\t\t\t\t<div class=\"elementor-swiper-button elementor-swiper-button-prev\" role=\"button\" tabindex=\"0\">\n\t\t\t\t\t\t<i aria-hidden=\"true\" class=\"eicon-chevron-left\"><\/i>\t\t\t\t\t<\/div>\n\t\t\t\t\t<div class=\"elementor-swiper-button elementor-swiper-button-next\" role=\"button\" tabindex=\"0\">\n\t\t\t\t\t\t<i aria-hidden=\"true\" class=\"eicon-chevron-right\"><\/i>\t\t\t\t\t<\/div>\n\t\t\t\t\n\t\t\t\t\t\t\t\t\t<div class=\"swiper-pagination\"><\/div>\n\t\t\t\t\t\t\t\t\t<\/div>\n\t\t\t\t\t\t<\/div>\n\t\t\t\t<\/div>\n\t\t\t\t\t<\/div>\n\t\t<\/div>\n\t\t\t\t<div class=\"elementor-column elementor-col-50 elementor-top-column elementor-element elementor-element-13aef5d\" data-id=\"13aef5d\" data-element_type=\"column\">\n\t\t\t<div class=\"elementor-widget-wrap elementor-element-populated\">\n\t\t\t\t\t\t<div class=\"elementor-element elementor-element-b5e45b3 elementor-widget elementor-widget-heading\" data-id=\"b5e45b3\" data-element_type=\"widget\" data-widget_type=\"heading.default\">\n\t\t\t\t<div class=\"elementor-widget-container\">\n\t\t\t\t\t<h2 class=\"elementor-heading-title elementor-size-default\"><h2 data-elementor-setting-key=\"title\" data-pen-placeholder=\"Buraya Yaz\u0131n...\" data-listener-added_9c9b8f8e=\"true\" style=\"font-family: Roboto, sans-serif;font-weight: 600\">SERG\u0130<span style=\"font-size: 2rem;letter-spacing: 0px\"><\/span><\/h2><\/h2>\t\t\t\t<\/div>\n\t\t\t\t<\/div>\n\t\t\t\t<div class=\"elementor-element elementor-element-61c0c32 elementor-widget elementor-widget-heading\" data-id=\"61c0c32\" data-element_type=\"widget\" data-widget_type=\"heading.default\">\n\t\t\t\t<div class=\"elementor-widget-container\">\n\t\t\t\t\t<span class=\"elementor-heading-title elementor-size-small\">K\u0131\u015f \u015eehrinde Origami \u0130le I\u015f\u0131ldayan Mekanlar sergimizi 28 Kas\u0131m 2025 Cuma g\u00fcn\u00fc saat 13:30'da ger\u00e7ekle\u015ftirdik.\nKat\u0131l\u0131m g\u00f6steren t\u00fcm hocalar\u0131m\u0131za ve \u00f6\u011frencilerimize te\u015fekk\u00fcr ederiz.<\/span>\t\t\t\t<\/div>\n\t\t\t\t<\/div>\n\t\t\t\t\t<\/div>\n\t\t<\/div>\n\t\t\t\t\t<\/div>\n\t\t<\/section>\n\t\t\t\t<\/div>\n\t\t","protected":false},"excerpt":{"rendered":"<p>\u00a0 SEM\u0130NER \u00d6\u011fr. G\u00f6r. Ferhat Boztoprak&#8217;\u0131n sundu\u011fu \u201cEnd\u00fcstriyel Mutfak Tasar\u0131m\u0131\u201d seminerimiz ger\u00e7ekle\u015fmi\u015ftir. De\u011ferli hocam\u0131za katk\u0131lar\u0131ndan dolay\u0131 te\u015fekk\u00fcr ederiz. \u0130\u00c7 M\u0130MARLIK B\u00d6L\u00dcM\u00dc \u0130FTAR YEME\u011e\u0130 \u0130\u00e7 Mimarl\u0131k b\u00f6l\u00fcm\u00fc olarak \u00f6\u011frencilerimize d\u00fczenledi\u011fimiz iftar etkinli\u011fimizle bir araya geldik. Etkinli\u011fimizde bizi yaln\u0131z b\u0131rakmayan say\u0131n dekan\u0131m\u0131z Prof. Dr. Mehmet Akif IRMAK hocam\u0131za, say\u0131n dekan yard\u0131mc\u0131m\u0131z Prof. Dr. I\u015f\u0131k SEZEN hocam\u0131za te\u015fekk\u00fcr [&hellip;]<\/p>\n","protected":false},"author":8,"featured_media":0,"parent":0,"menu_order":0,"comment_status":"closed","ping_status":"closed","template":"","meta":{"footnotes":""},"class_list":["post-7191","page","type-page","status-publish","hentry"],"_links":{"self":[{"href":"https:\/\/atauni.edu.tr\/ic-mimarlik-bolumu\/wp-json\/wp\/v2\/pages\/7191","targetHints":{"allow":["GET"]}}],"collection":[{"href":"https:\/\/atauni.edu.tr\/ic-mimarlik-bolumu\/wp-json\/wp\/v2\/pages"}],"about":[{"href":"https:\/\/atauni.edu.tr\/ic-mimarlik-bolumu\/wp-json\/wp\/v2\/types\/page"}],"author":[{"embeddable":true,"href":"https:\/\/atauni.edu.tr\/ic-mimarlik-bolumu\/wp-json\/wp\/v2\/users\/8"}],"replies":[{"embeddable":true,"href":"https:\/\/atauni.edu.tr\/ic-mimarlik-bolumu\/wp-json\/wp\/v2\/comments?post=7191"}],"version-history":[{"count":17,"href":"https:\/\/atauni.edu.tr\/ic-mimarlik-bolumu\/wp-json\/wp\/v2\/pages\/7191\/revisions"}],"predecessor-version":[{"id":7470,"href":"https:\/\/atauni.edu.tr\/ic-mimarlik-bolumu\/wp-json\/wp\/v2\/pages\/7191\/revisions\/7470"}],"wp:attachment":[{"href":"https:\/\/atauni.edu.tr\/ic-mimarlik-bolumu\/wp-json\/wp\/v2\/media?parent=7191"}],"curies":[{"name":"wp","href":"https:\/\/api.w.org\/{rel}","templated":true}]}}