{"id":5638,"date":"2021-07-13T09:49:25","date_gmt":"2021-07-13T06:49:25","guid":{"rendered":"https:\/\/portaltest.atauni.edu.tr\/bilgisayar-muhendisligi\/?page_id=5638"},"modified":"2022-11-18T12:18:50","modified_gmt":"2022-11-18T09:18:50","slug":"tarihce","status":"publish","type":"page","link":"https:\/\/atauni.edu.tr\/idari-ve-mali-isler-daire-baskanligi\/tarihce\/","title":{"rendered":"Tarih\u00e7e"},"content":{"rendered":"\t\t<div data-elementor-type=\"wp-page\" data-elementor-id=\"5638\" class=\"elementor elementor-5638\" data-elementor-post-type=\"page\">\n\t\t\t\t\t\t<section class=\"elementor-section elementor-top-section elementor-element elementor-element-9be811a elementor-section-boxed elementor-section-height-default elementor-section-height-default\" data-id=\"9be811a\" data-element_type=\"section\">\n\t\t\t\t\t\t<div class=\"elementor-container elementor-column-gap-default\">\n\t\t\t\t\t<div class=\"elementor-column elementor-col-100 elementor-top-column elementor-element elementor-element-1ed847b7\" data-id=\"1ed847b7\" data-element_type=\"column\">\n\t\t\t<div class=\"elementor-widget-wrap elementor-element-populated\">\n\t\t\t\t\t\t<div class=\"elementor-element elementor-element-4ce0d07f elementor-widget elementor-widget-heading\" data-id=\"4ce0d07f\" data-element_type=\"widget\" data-widget_type=\"heading.default\">\n\t\t\t\t<div class=\"elementor-widget-container\">\n\t\t\t\t\t<h2 class=\"elementor-heading-title elementor-size-default\">Tarih\u00e7e<\/h2>\t\t\t\t<\/div>\n\t\t\t\t<\/div>\n\t\t\t\t<div class=\"elementor-element elementor-element-63260862 elementor-widget-divider--view-line elementor-widget elementor-widget-divider\" data-id=\"63260862\" data-element_type=\"widget\" data-widget_type=\"divider.default\">\n\t\t\t\t<div class=\"elementor-widget-container\">\n\t\t\t\t\t\t\t<div class=\"elementor-divider\">\n\t\t\t<span class=\"elementor-divider-separator\">\n\t\t\t\t\t\t<\/span>\n\t\t<\/div>\n\t\t\t\t\t\t<\/div>\n\t\t\t\t<\/div>\n\t\t\t\t\t<\/div>\n\t\t<\/div>\n\t\t\t\t\t<\/div>\n\t\t<\/section>\n\t\t\t\t<section class=\"elementor-section elementor-top-section elementor-element elementor-element-7607556 elementor-section-boxed elementor-section-height-default elementor-section-height-default\" data-id=\"7607556\" data-element_type=\"section\">\n\t\t\t\t\t\t<div class=\"elementor-container elementor-column-gap-default\">\n\t\t\t\t\t<div class=\"elementor-column elementor-col-100 elementor-top-column elementor-element elementor-element-5970aa6\" data-id=\"5970aa6\" data-element_type=\"column\">\n\t\t\t<div class=\"elementor-widget-wrap elementor-element-populated\">\n\t\t\t\t\t\t<div class=\"elementor-element elementor-element-0ae64e5 elementor-widget elementor-widget-text-editor\" data-id=\"0ae64e5\" data-element_type=\"widget\" data-widget_type=\"text-editor.default\">\n\t\t\t\t<div class=\"elementor-widget-container\">\n\t\t\t\t\t\t\t\t\t<pre>24.11.1983 tarih 18228 Say\u0131l\u0131 Rsmi Gazetede yay\u0131nlanan 124 Say\u0131l\u0131 Kanun H\u00fckm\u00fcnde Kararnamenin 3. maddesi ile kurulan komptrol\u00f6rl\u00fck Daire Ba\u015fkanl\u0131\u011f\u0131 ile Destek Hizmetleri Daire Ba\u015fkanl\u0131klar\u0131n\u0131n, daha sonra birle\u015ftirilmesi ile \u0130dari ve Mali \u0130\u015fler Daire Ba\u015fkanl\u0131\u011f\u0131 ad\u0131n\u0131 alm\u0131\u015ft\u0131r.<\/pre>\t\t\t\t\t\t\t\t<\/div>\n\t\t\t\t<\/div>\n\t\t\t\t\t<\/div>\n\t\t<\/div>\n\t\t\t\t\t<\/div>\n\t\t<\/section>\n\t\t\t\t<section class=\"elementor-section elementor-top-section elementor-element elementor-element-b9afbba elementor-section-boxed elementor-section-height-default elementor-section-height-default\" data-id=\"b9afbba\" data-element_type=\"section\">\n\t\t\t\t\t\t<div class=\"elementor-container elementor-column-gap-default\">\n\t\t\t\t\t<div class=\"elementor-column elementor-col-100 elementor-top-column elementor-element elementor-element-af82b91\" data-id=\"af82b91\" data-element_type=\"column\">\n\t\t\t<div class=\"elementor-widget-wrap elementor-element-populated\">\n\t\t\t\t\t\t<div class=\"elementor-element elementor-element-2ed5c73 elementor-widget elementor-widget-gallery\" data-id=\"2ed5c73\" data-element_type=\"widget\" data-settings=\"{&quot;lazyload&quot;:&quot;yes&quot;,&quot;gallery_layout&quot;:&quot;grid&quot;,&quot;columns&quot;:4,&quot;columns_tablet&quot;:2,&quot;columns_mobile&quot;:1,&quot;gap&quot;:{&quot;unit&quot;:&quot;px&quot;,&quot;size&quot;:10,&quot;sizes&quot;:[]},&quot;gap_tablet&quot;:{&quot;unit&quot;:&quot;px&quot;,&quot;size&quot;:10,&quot;sizes&quot;:[]},&quot;gap_mobile&quot;:{&quot;unit&quot;:&quot;px&quot;,&quot;size&quot;:10,&quot;sizes&quot;:[]},&quot;link_to&quot;:&quot;file&quot;,&quot;aspect_ratio&quot;:&quot;3:2&quot;,&quot;overlay_background&quot;:&quot;yes&quot;,&quot;content_hover_animation&quot;:&quot;fade-in&quot;}\" data-widget_type=\"gallery.default\">\n\t\t\t\t<div class=\"elementor-widget-container\">\n\t\t\t\t\t\t\t<div class=\"elementor-gallery__container\">\n\t\t\t\t\t\t\t<a class=\"e-gallery-item elementor-gallery-item elementor-animated-content\" href=\"https:\/\/atauni.edu.tr\/idari-ve-mali-isler-daire-baskanligi\/wp-content\/uploads\/sites\/217\/2021\/12\/88b56985bf2a743eadb823111e4d9612.png\" data-elementor-open-lightbox=\"yes\" data-elementor-lightbox-slideshow=\"2ed5c73\" data-elementor-lightbox-title=\"88b56985bf2a743eadb823111e4d9612\" data-e-action-hash=\"#elementor-action%3Aaction%3Dlightbox%26settings%3DeyJpZCI6NjE2OCwidXJsIjoiaHR0cHM6XC9cL2F0YXVuaS5lZHUudHJcL2lkYXJpLXZlLW1hbGktaXNsZXItZGFpcmUtYmFza2FubGlnaVwvd3AtY29udGVudFwvdXBsb2Fkc1wvc2l0ZXNcLzIxN1wvMjAyMVwvMTJcLzg4YjU2OTg1YmYyYTc0M2VhZGI4MjMxMTFlNGQ5NjEyLnBuZyIsInNsaWRlc2hvdyI6IjJlZDVjNzMifQ%3D%3D\">\n\t\t\t\t\t<div class=\"e-gallery-image elementor-gallery-item__image\" data-thumbnail=\"https:\/\/atauni.edu.tr\/idari-ve-mali-isler-daire-baskanligi\/wp-content\/uploads\/sites\/217\/2021\/12\/88b56985bf2a743eadb823111e4d9612-300x200.png\" data-width=\"300\" data-height=\"200\" aria-label=\"\" role=\"img\" ><\/div>\n\t\t\t\t\t\t\t\t\t\t\t<div class=\"elementor-gallery-item__overlay\"><\/div>\n\t\t\t\t\t\t\t\t\t\t\t\t\t\t<\/a>\n\t\t\t\t\t\t\t<a class=\"e-gallery-item elementor-gallery-item elementor-animated-content\" href=\"https:\/\/atauni.edu.tr\/idari-ve-mali-isler-daire-baskanligi\/wp-content\/uploads\/sites\/217\/2021\/12\/d3001bf3d50c4dd7e905f2f0a6cc39ab.png\" data-elementor-open-lightbox=\"yes\" data-elementor-lightbox-slideshow=\"2ed5c73\" data-elementor-lightbox-title=\"d3001bf3d50c4dd7e905f2f0a6cc39ab\" data-e-action-hash=\"#elementor-action%3Aaction%3Dlightbox%26settings%3DeyJpZCI6NjE3MiwidXJsIjoiaHR0cHM6XC9cL2F0YXVuaS5lZHUudHJcL2lkYXJpLXZlLW1hbGktaXNsZXItZGFpcmUtYmFza2FubGlnaVwvd3AtY29udGVudFwvdXBsb2Fkc1wvc2l0ZXNcLzIxN1wvMjAyMVwvMTJcL2QzMDAxYmYzZDUwYzRkZDdlOTA1ZjJmMGE2Y2MzOWFiLnBuZyIsInNsaWRlc2hvdyI6IjJlZDVjNzMifQ%3D%3D\">\n\t\t\t\t\t<div class=\"e-gallery-image elementor-gallery-item__image\" data-thumbnail=\"https:\/\/atauni.edu.tr\/idari-ve-mali-isler-daire-baskanligi\/wp-content\/uploads\/sites\/217\/2021\/12\/d3001bf3d50c4dd7e905f2f0a6cc39ab-300x200.png\" data-width=\"300\" data-height=\"200\" aria-label=\"\" role=\"img\" ><\/div>\n\t\t\t\t\t\t\t\t\t\t\t<div class=\"elementor-gallery-item__overlay\"><\/div>\n\t\t\t\t\t\t\t\t\t\t\t\t\t\t<\/a>\n\t\t\t\t\t\t\t<a class=\"e-gallery-item elementor-gallery-item elementor-animated-content\" href=\"https:\/\/atauni.edu.tr\/idari-ve-mali-isler-daire-baskanligi\/wp-content\/uploads\/sites\/217\/2021\/12\/829413a81967f0f1683187784dd94ac6.png\" data-elementor-open-lightbox=\"yes\" data-elementor-lightbox-slideshow=\"2ed5c73\" data-elementor-lightbox-title=\"829413a81967f0f1683187784dd94ac6\" data-e-action-hash=\"#elementor-action%3Aaction%3Dlightbox%26settings%3DeyJpZCI6NjE3MCwidXJsIjoiaHR0cHM6XC9cL2F0YXVuaS5lZHUudHJcL2lkYXJpLXZlLW1hbGktaXNsZXItZGFpcmUtYmFza2FubGlnaVwvd3AtY29udGVudFwvdXBsb2Fkc1wvc2l0ZXNcLzIxN1wvMjAyMVwvMTJcLzgyOTQxM2E4MTk2N2YwZjE2ODMxODc3ODRkZDk0YWM2LnBuZyIsInNsaWRlc2hvdyI6IjJlZDVjNzMifQ%3D%3D\">\n\t\t\t\t\t<div class=\"e-gallery-image elementor-gallery-item__image\" data-thumbnail=\"https:\/\/atauni.edu.tr\/idari-ve-mali-isler-daire-baskanligi\/wp-content\/uploads\/sites\/217\/2021\/12\/829413a81967f0f1683187784dd94ac6-300x200.png\" data-width=\"300\" data-height=\"200\" aria-label=\"\" role=\"img\" ><\/div>\n\t\t\t\t\t\t\t\t\t\t\t<div class=\"elementor-gallery-item__overlay\"><\/div>\n\t\t\t\t\t\t\t\t\t\t\t\t\t\t<\/a>\n\t\t\t\t\t\t\t<a class=\"e-gallery-item elementor-gallery-item elementor-animated-content\" href=\"https:\/\/atauni.edu.tr\/idari-ve-mali-isler-daire-baskanligi\/wp-content\/uploads\/sites\/217\/2021\/12\/a48cd2ccb08b19eb05abd0a7dcb5fc2c.png\" data-elementor-open-lightbox=\"yes\" data-elementor-lightbox-slideshow=\"2ed5c73\" data-elementor-lightbox-title=\"a48cd2ccb08b19eb05abd0a7dcb5fc2c\" data-e-action-hash=\"#elementor-action%3Aaction%3Dlightbox%26settings%3DeyJpZCI6NjE3MSwidXJsIjoiaHR0cHM6XC9cL2F0YXVuaS5lZHUudHJcL2lkYXJpLXZlLW1hbGktaXNsZXItZGFpcmUtYmFza2FubGlnaVwvd3AtY29udGVudFwvdXBsb2Fkc1wvc2l0ZXNcLzIxN1wvMjAyMVwvMTJcL2E0OGNkMmNjYjA4YjE5ZWIwNWFiZDBhN2RjYjVmYzJjLnBuZyIsInNsaWRlc2hvdyI6IjJlZDVjNzMifQ%3D%3D\">\n\t\t\t\t\t<div class=\"e-gallery-image elementor-gallery-item__image\" data-thumbnail=\"https:\/\/atauni.edu.tr\/idari-ve-mali-isler-daire-baskanligi\/wp-content\/uploads\/sites\/217\/2021\/12\/a48cd2ccb08b19eb05abd0a7dcb5fc2c-300x200.png\" data-width=\"300\" data-height=\"200\" aria-label=\"\" role=\"img\" ><\/div>\n\t\t\t\t\t\t\t\t\t\t\t<div class=\"elementor-gallery-item__overlay\"><\/div>\n\t\t\t\t\t\t\t\t\t\t\t\t\t\t<\/a>\n\t\t\t\t\t\t\t<a class=\"e-gallery-item elementor-gallery-item elementor-animated-content\" href=\"https:\/\/atauni.edu.tr\/idari-ve-mali-isler-daire-baskanligi\/wp-content\/uploads\/sites\/217\/2021\/12\/37aa9f73c64f37a9e0452bafe468fa1f.png\" data-elementor-open-lightbox=\"yes\" data-elementor-lightbox-slideshow=\"2ed5c73\" data-elementor-lightbox-title=\"37aa9f73c64f37a9e0452bafe468fa1f\" data-e-action-hash=\"#elementor-action%3Aaction%3Dlightbox%26settings%3DeyJpZCI6NjE2OSwidXJsIjoiaHR0cHM6XC9cL2F0YXVuaS5lZHUudHJcL2lkYXJpLXZlLW1hbGktaXNsZXItZGFpcmUtYmFza2FubGlnaVwvd3AtY29udGVudFwvdXBsb2Fkc1wvc2l0ZXNcLzIxN1wvMjAyMVwvMTJcLzM3YWE5ZjczYzY0ZjM3YTllMDQ1MmJhZmU0NjhmYTFmLnBuZyIsInNsaWRlc2hvdyI6IjJlZDVjNzMifQ%3D%3D\">\n\t\t\t\t\t<div class=\"e-gallery-image elementor-gallery-item__image\" data-thumbnail=\"https:\/\/atauni.edu.tr\/idari-ve-mali-isler-daire-baskanligi\/wp-content\/uploads\/sites\/217\/2021\/12\/37aa9f73c64f37a9e0452bafe468fa1f-300x200.png\" data-width=\"300\" data-height=\"200\" aria-label=\"\" role=\"img\" ><\/div>\n\t\t\t\t\t\t\t\t\t\t\t<div class=\"elementor-gallery-item__overlay\"><\/div>\n\t\t\t\t\t\t\t\t\t\t\t\t\t\t<\/a>\n\t\t\t\t\t<\/div>\n\t\t\t\t\t<\/div>\n\t\t\t\t<\/div>\n\t\t\t\t\t<\/div>\n\t\t<\/div>\n\t\t\t\t\t<\/div>\n\t\t<\/section>\n\t\t\t\t<\/div>\n\t\t","protected":false},"excerpt":{"rendered":"<p>Tarih\u00e7e 24.11.1983 tarih 18228 Say\u0131l\u0131 Rsmi Gazetede yay\u0131nlanan 124 Say\u0131l\u0131 Kanun H\u00fckm\u00fcnde Kararnamenin 3. maddesi ile kurulan komptrol\u00f6rl\u00fck Daire Ba\u015fkanl\u0131\u011f\u0131 ile Destek Hizmetleri Daire Ba\u015fkanl\u0131klar\u0131n\u0131n, daha sonra birle\u015ftirilmesi ile \u0130dari ve Mali \u0130\u015fler Daire Ba\u015fkanl\u0131\u011f\u0131 ad\u0131n\u0131 alm\u0131\u015ft\u0131r.<\/p>\n","protected":false},"author":1,"featured_media":0,"parent":0,"menu_order":0,"comment_status":"closed","ping_status":"closed","template":"","meta":{"footnotes":""},"class_list":["post-5638","page","type-page","status-publish","hentry"],"_links":{"self":[{"href":"https:\/\/atauni.edu.tr\/idari-ve-mali-isler-daire-baskanligi\/wp-json\/wp\/v2\/pages\/5638","targetHints":{"allow":["GET"]}}],"collection":[{"href":"https:\/\/atauni.edu.tr\/idari-ve-mali-isler-daire-baskanligi\/wp-json\/wp\/v2\/pages"}],"about":[{"href":"https:\/\/atauni.edu.tr\/idari-ve-mali-isler-daire-baskanligi\/wp-json\/wp\/v2\/types\/page"}],"author":[{"embeddable":true,"href":"https:\/\/atauni.edu.tr\/idari-ve-mali-isler-daire-baskanligi\/wp-json\/wp\/v2\/users\/1"}],"replies":[{"embeddable":true,"href":"https:\/\/atauni.edu.tr\/idari-ve-mali-isler-daire-baskanligi\/wp-json\/wp\/v2\/comments?post=5638"}],"version-history":[{"count":54,"href":"https:\/\/atauni.edu.tr\/idari-ve-mali-isler-daire-baskanligi\/wp-json\/wp\/v2\/pages\/5638\/revisions"}],"predecessor-version":[{"id":6446,"href":"https:\/\/atauni.edu.tr\/idari-ve-mali-isler-daire-baskanligi\/wp-json\/wp\/v2\/pages\/5638\/revisions\/6446"}],"wp:attachment":[{"href":"https:\/\/atauni.edu.tr\/idari-ve-mali-isler-daire-baskanligi\/wp-json\/wp\/v2\/media?parent=5638"}],"curies":[{"name":"wp","href":"https:\/\/api.w.org\/{rel}","templated":true}]}}