{"id":5682,"date":"2021-07-13T10:10:01","date_gmt":"2021-07-13T07:10:01","guid":{"rendered":"https:\/\/portaltest.atauni.edu.tr\/bilgisayar-muhendisligi\/?page_id=5682"},"modified":"2022-11-18T12:15:19","modified_gmt":"2022-11-18T09:15:19","slug":"misyon-vizyon","status":"publish","type":"page","link":"https:\/\/atauni.edu.tr\/idari-ve-mali-isler-daire-baskanligi\/misyon-vizyon\/","title":{"rendered":"Misyon ve Vizyon"},"content":{"rendered":"\t\t<div data-elementor-type=\"wp-page\" data-elementor-id=\"5682\" class=\"elementor elementor-5682\" data-elementor-post-type=\"page\">\n\t\t\t\t\t\t<section class=\"elementor-section elementor-top-section elementor-element elementor-element-730d320 elementor-section-boxed elementor-section-height-default elementor-section-height-default\" data-id=\"730d320\" data-element_type=\"section\">\n\t\t\t\t\t\t<div class=\"elementor-container elementor-column-gap-default\">\n\t\t\t\t\t<div class=\"elementor-column elementor-col-100 elementor-top-column elementor-element elementor-element-753d0860\" data-id=\"753d0860\" data-element_type=\"column\">\n\t\t\t<div class=\"elementor-widget-wrap\">\n\t\t\t\t\t\t\t<\/div>\n\t\t<\/div>\n\t\t\t\t\t<\/div>\n\t\t<\/section>\n\t\t\t\t<section class=\"elementor-section elementor-top-section elementor-element elementor-element-9be811a elementor-section-boxed elementor-section-height-default elementor-section-height-default\" data-id=\"9be811a\" data-element_type=\"section\">\n\t\t\t\t\t\t<div class=\"elementor-container elementor-column-gap-default\">\n\t\t\t\t\t<div class=\"elementor-column elementor-col-100 elementor-top-column elementor-element elementor-element-1ed847b7\" data-id=\"1ed847b7\" data-element_type=\"column\">\n\t\t\t<div class=\"elementor-widget-wrap elementor-element-populated\">\n\t\t\t\t\t\t<div class=\"elementor-element elementor-element-4ce0d07f elementor-widget elementor-widget-heading\" data-id=\"4ce0d07f\" data-element_type=\"widget\" data-widget_type=\"heading.default\">\n\t\t\t\t<div class=\"elementor-widget-container\">\n\t\t\t\t\t<h2 class=\"elementor-heading-title elementor-size-default\">Misyon &amp; Vizyon<\/h2>\t\t\t\t<\/div>\n\t\t\t\t<\/div>\n\t\t\t\t<div class=\"elementor-element elementor-element-63260862 elementor-widget-divider--view-line elementor-widget elementor-widget-divider\" data-id=\"63260862\" data-element_type=\"widget\" data-widget_type=\"divider.default\">\n\t\t\t\t<div class=\"elementor-widget-container\">\n\t\t\t\t\t\t\t<div class=\"elementor-divider\">\n\t\t\t<span class=\"elementor-divider-separator\">\n\t\t\t\t\t\t<\/span>\n\t\t<\/div>\n\t\t\t\t\t\t<\/div>\n\t\t\t\t<\/div>\n\t\t\t\t\t<\/div>\n\t\t<\/div>\n\t\t\t\t\t<\/div>\n\t\t<\/section>\n\t\t\t\t<section class=\"elementor-section elementor-top-section elementor-element elementor-element-0b7a6c9 elementor-section-boxed elementor-section-height-default elementor-section-height-default\" data-id=\"0b7a6c9\" data-element_type=\"section\">\n\t\t\t\t\t\t<div class=\"elementor-container elementor-column-gap-default\">\n\t\t\t\t\t<div class=\"elementor-column elementor-col-100 elementor-top-column elementor-element elementor-element-16b37ee\" data-id=\"16b37ee\" data-element_type=\"column\">\n\t\t\t<div class=\"elementor-widget-wrap elementor-element-populated\">\n\t\t\t\t\t\t<div class=\"elementor-element elementor-element-4d75eca elementor-widget elementor-widget-text-editor\" data-id=\"4d75eca\" data-element_type=\"widget\" data-widget_type=\"text-editor.default\">\n\t\t\t\t<div class=\"elementor-widget-container\">\n\t\t\t\t\t\t\t\t\t<p><span style=\"color: #000000;font-family: 'Roboto Condensed', sans-serif;font-size: 14px\">Atat\u00fcrk \u00dcniversitesi \u0130dari ve Mali i\u015fler Daire Ba\u015fkanl\u0131\u011f\u0131; \u00e7al\u0131\u015fanlar\u0131 ile \u00fcretti\u011fi hizmeti toplumun ve \u00fcniversitenin yarar\u0131na sunmay\u0131 \u00f6z g\u00f6rev olarak benimsemi\u015ftir. <br \/><\/span><span style=\"color: #000000;font-family: 'Roboto Condensed', sans-serif;font-size: 14px\">Atat\u00fcrk \u00dcniversitesi \u0130dari ve Mali i\u015fler Daire Ba\u015fkanl\u0131\u011f\u0131n\u0131n \u00f6z \u00fclk\u00fcs\u00fc \u00a0(vizyon) ise; yapt\u0131\u011f\u0131 i\u015fin, sundu\u011fu hizmetin \u00fcniversitede \u00f6ncelikli olarak talep edildi\u011fi birim olmak.<\/span><\/p>\t\t\t\t\t\t\t\t<\/div>\n\t\t\t\t<\/div>\n\t\t\t\t\t<\/div>\n\t\t<\/div>\n\t\t\t\t\t<\/div>\n\t\t<\/section>\n\t\t\t\t<section class=\"elementor-section elementor-top-section elementor-element elementor-element-c7d4b3e elementor-section-boxed elementor-section-height-default elementor-section-height-default\" data-id=\"c7d4b3e\" data-element_type=\"section\">\n\t\t\t\t\t\t<div class=\"elementor-container elementor-column-gap-default\">\n\t\t\t\t\t<div class=\"elementor-column elementor-col-100 elementor-top-column elementor-element elementor-element-7c93df0\" data-id=\"7c93df0\" data-element_type=\"column\">\n\t\t\t<div class=\"elementor-widget-wrap elementor-element-populated\">\n\t\t\t\t\t\t<div class=\"elementor-element elementor-element-efffeaa elementor-widget elementor-widget-gallery\" data-id=\"efffeaa\" data-element_type=\"widget\" data-settings=\"{&quot;lazyload&quot;:&quot;yes&quot;,&quot;gallery_layout&quot;:&quot;grid&quot;,&quot;columns&quot;:4,&quot;columns_tablet&quot;:2,&quot;columns_mobile&quot;:1,&quot;gap&quot;:{&quot;unit&quot;:&quot;px&quot;,&quot;size&quot;:10,&quot;sizes&quot;:[]},&quot;gap_tablet&quot;:{&quot;unit&quot;:&quot;px&quot;,&quot;size&quot;:10,&quot;sizes&quot;:[]},&quot;gap_mobile&quot;:{&quot;unit&quot;:&quot;px&quot;,&quot;size&quot;:10,&quot;sizes&quot;:[]},&quot;link_to&quot;:&quot;file&quot;,&quot;aspect_ratio&quot;:&quot;3:2&quot;,&quot;overlay_background&quot;:&quot;yes&quot;,&quot;content_hover_animation&quot;:&quot;fade-in&quot;}\" data-widget_type=\"gallery.default\">\n\t\t\t\t<div class=\"elementor-widget-container\">\n\t\t\t\t\t\t\t<div class=\"elementor-gallery__container\">\n\t\t\t\t\t\t\t<a class=\"e-gallery-item elementor-gallery-item elementor-animated-content\" href=\"https:\/\/atauni.edu.tr\/idari-ve-mali-isler-daire-baskanligi\/wp-content\/uploads\/sites\/217\/2021\/12\/d3001bf3d50c4dd7e905f2f0a6cc39ab.png\" data-elementor-open-lightbox=\"yes\" data-elementor-lightbox-slideshow=\"efffeaa\" data-elementor-lightbox-title=\"d3001bf3d50c4dd7e905f2f0a6cc39ab\" data-e-action-hash=\"#elementor-action%3Aaction%3Dlightbox%26settings%3DeyJpZCI6NjE3MiwidXJsIjoiaHR0cHM6XC9cL2F0YXVuaS5lZHUudHJcL2lkYXJpLXZlLW1hbGktaXNsZXItZGFpcmUtYmFza2FubGlnaVwvd3AtY29udGVudFwvdXBsb2Fkc1wvc2l0ZXNcLzIxN1wvMjAyMVwvMTJcL2QzMDAxYmYzZDUwYzRkZDdlOTA1ZjJmMGE2Y2MzOWFiLnBuZyIsInNsaWRlc2hvdyI6ImVmZmZlYWEifQ%3D%3D\">\n\t\t\t\t\t<div class=\"e-gallery-image elementor-gallery-item__image\" data-thumbnail=\"https:\/\/atauni.edu.tr\/idari-ve-mali-isler-daire-baskanligi\/wp-content\/uploads\/sites\/217\/2021\/12\/d3001bf3d50c4dd7e905f2f0a6cc39ab-300x200.png\" data-width=\"300\" data-height=\"200\" aria-label=\"\" role=\"img\" ><\/div>\n\t\t\t\t\t\t\t\t\t\t\t<div class=\"elementor-gallery-item__overlay\"><\/div>\n\t\t\t\t\t\t\t\t\t\t\t\t\t\t<\/a>\n\t\t\t\t\t\t\t<a class=\"e-gallery-item elementor-gallery-item elementor-animated-content\" href=\"https:\/\/atauni.edu.tr\/idari-ve-mali-isler-daire-baskanligi\/wp-content\/uploads\/sites\/217\/2021\/12\/88b56985bf2a743eadb823111e4d9612.png\" data-elementor-open-lightbox=\"yes\" data-elementor-lightbox-slideshow=\"efffeaa\" data-elementor-lightbox-title=\"88b56985bf2a743eadb823111e4d9612\" data-e-action-hash=\"#elementor-action%3Aaction%3Dlightbox%26settings%3DeyJpZCI6NjE2OCwidXJsIjoiaHR0cHM6XC9cL2F0YXVuaS5lZHUudHJcL2lkYXJpLXZlLW1hbGktaXNsZXItZGFpcmUtYmFza2FubGlnaVwvd3AtY29udGVudFwvdXBsb2Fkc1wvc2l0ZXNcLzIxN1wvMjAyMVwvMTJcLzg4YjU2OTg1YmYyYTc0M2VhZGI4MjMxMTFlNGQ5NjEyLnBuZyIsInNsaWRlc2hvdyI6ImVmZmZlYWEifQ%3D%3D\">\n\t\t\t\t\t<div class=\"e-gallery-image elementor-gallery-item__image\" data-thumbnail=\"https:\/\/atauni.edu.tr\/idari-ve-mali-isler-daire-baskanligi\/wp-content\/uploads\/sites\/217\/2021\/12\/88b56985bf2a743eadb823111e4d9612-300x200.png\" data-width=\"300\" data-height=\"200\" aria-label=\"\" role=\"img\" ><\/div>\n\t\t\t\t\t\t\t\t\t\t\t<div class=\"elementor-gallery-item__overlay\"><\/div>\n\t\t\t\t\t\t\t\t\t\t\t\t\t\t<\/a>\n\t\t\t\t\t\t\t<a class=\"e-gallery-item elementor-gallery-item elementor-animated-content\" href=\"https:\/\/atauni.edu.tr\/idari-ve-mali-isler-daire-baskanligi\/wp-content\/uploads\/sites\/217\/2021\/12\/a48cd2ccb08b19eb05abd0a7dcb5fc2c.png\" data-elementor-open-lightbox=\"yes\" data-elementor-lightbox-slideshow=\"efffeaa\" data-elementor-lightbox-title=\"a48cd2ccb08b19eb05abd0a7dcb5fc2c\" data-e-action-hash=\"#elementor-action%3Aaction%3Dlightbox%26settings%3DeyJpZCI6NjE3MSwidXJsIjoiaHR0cHM6XC9cL2F0YXVuaS5lZHUudHJcL2lkYXJpLXZlLW1hbGktaXNsZXItZGFpcmUtYmFza2FubGlnaVwvd3AtY29udGVudFwvdXBsb2Fkc1wvc2l0ZXNcLzIxN1wvMjAyMVwvMTJcL2E0OGNkMmNjYjA4YjE5ZWIwNWFiZDBhN2RjYjVmYzJjLnBuZyIsInNsaWRlc2hvdyI6ImVmZmZlYWEifQ%3D%3D\">\n\t\t\t\t\t<div class=\"e-gallery-image elementor-gallery-item__image\" data-thumbnail=\"https:\/\/atauni.edu.tr\/idari-ve-mali-isler-daire-baskanligi\/wp-content\/uploads\/sites\/217\/2021\/12\/a48cd2ccb08b19eb05abd0a7dcb5fc2c-300x200.png\" data-width=\"300\" data-height=\"200\" aria-label=\"\" role=\"img\" ><\/div>\n\t\t\t\t\t\t\t\t\t\t\t<div class=\"elementor-gallery-item__overlay\"><\/div>\n\t\t\t\t\t\t\t\t\t\t\t\t\t\t<\/a>\n\t\t\t\t\t\t\t<a class=\"e-gallery-item elementor-gallery-item elementor-animated-content\" href=\"https:\/\/atauni.edu.tr\/idari-ve-mali-isler-daire-baskanligi\/wp-content\/uploads\/sites\/217\/2021\/12\/829413a81967f0f1683187784dd94ac6.png\" data-elementor-open-lightbox=\"yes\" data-elementor-lightbox-slideshow=\"efffeaa\" data-elementor-lightbox-title=\"829413a81967f0f1683187784dd94ac6\" data-e-action-hash=\"#elementor-action%3Aaction%3Dlightbox%26settings%3DeyJpZCI6NjE3MCwidXJsIjoiaHR0cHM6XC9cL2F0YXVuaS5lZHUudHJcL2lkYXJpLXZlLW1hbGktaXNsZXItZGFpcmUtYmFza2FubGlnaVwvd3AtY29udGVudFwvdXBsb2Fkc1wvc2l0ZXNcLzIxN1wvMjAyMVwvMTJcLzgyOTQxM2E4MTk2N2YwZjE2ODMxODc3ODRkZDk0YWM2LnBuZyIsInNsaWRlc2hvdyI6ImVmZmZlYWEifQ%3D%3D\">\n\t\t\t\t\t<div class=\"e-gallery-image elementor-gallery-item__image\" data-thumbnail=\"https:\/\/atauni.edu.tr\/idari-ve-mali-isler-daire-baskanligi\/wp-content\/uploads\/sites\/217\/2021\/12\/829413a81967f0f1683187784dd94ac6-300x200.png\" data-width=\"300\" data-height=\"200\" aria-label=\"\" role=\"img\" ><\/div>\n\t\t\t\t\t\t\t\t\t\t\t<div class=\"elementor-gallery-item__overlay\"><\/div>\n\t\t\t\t\t\t\t\t\t\t\t\t\t\t<\/a>\n\t\t\t\t\t<\/div>\n\t\t\t\t\t<\/div>\n\t\t\t\t<\/div>\n\t\t\t\t\t<\/div>\n\t\t<\/div>\n\t\t\t\t\t<\/div>\n\t\t<\/section>\n\t\t\t\t<\/div>\n\t\t","protected":false},"excerpt":{"rendered":"<p>Misyon &amp; Vizyon Atat\u00fcrk \u00dcniversitesi \u0130dari ve Mali i\u015fler Daire Ba\u015fkanl\u0131\u011f\u0131; \u00e7al\u0131\u015fanlar\u0131 ile \u00fcretti\u011fi hizmeti toplumun ve \u00fcniversitenin yarar\u0131na sunmay\u0131 \u00f6z g\u00f6rev olarak benimsemi\u015ftir. Atat\u00fcrk \u00dcniversitesi \u0130dari ve Mali i\u015fler Daire Ba\u015fkanl\u0131\u011f\u0131n\u0131n \u00f6z \u00fclk\u00fcs\u00fc \u00a0(vizyon) ise; yapt\u0131\u011f\u0131 i\u015fin, sundu\u011fu hizmetin \u00fcniversitede \u00f6ncelikli olarak talep edildi\u011fi birim olmak.<\/p>\n","protected":false},"author":1,"featured_media":0,"parent":0,"menu_order":0,"comment_status":"closed","ping_status":"closed","template":"elementor_header_footer","meta":{"footnotes":""},"class_list":["post-5682","page","type-page","status-publish","hentry"],"_links":{"self":[{"href":"https:\/\/atauni.edu.tr\/idari-ve-mali-isler-daire-baskanligi\/wp-json\/wp\/v2\/pages\/5682","targetHints":{"allow":["GET"]}}],"collection":[{"href":"https:\/\/atauni.edu.tr\/idari-ve-mali-isler-daire-baskanligi\/wp-json\/wp\/v2\/pages"}],"about":[{"href":"https:\/\/atauni.edu.tr\/idari-ve-mali-isler-daire-baskanligi\/wp-json\/wp\/v2\/types\/page"}],"author":[{"embeddable":true,"href":"https:\/\/atauni.edu.tr\/idari-ve-mali-isler-daire-baskanligi\/wp-json\/wp\/v2\/users\/1"}],"replies":[{"embeddable":true,"href":"https:\/\/atauni.edu.tr\/idari-ve-mali-isler-daire-baskanligi\/wp-json\/wp\/v2\/comments?post=5682"}],"version-history":[{"count":36,"href":"https:\/\/atauni.edu.tr\/idari-ve-mali-isler-daire-baskanligi\/wp-json\/wp\/v2\/pages\/5682\/revisions"}],"predecessor-version":[{"id":6442,"href":"https:\/\/atauni.edu.tr\/idari-ve-mali-isler-daire-baskanligi\/wp-json\/wp\/v2\/pages\/5682\/revisions\/6442"}],"wp:attachment":[{"href":"https:\/\/atauni.edu.tr\/idari-ve-mali-isler-daire-baskanligi\/wp-json\/wp\/v2\/media?parent=5682"}],"curies":[{"name":"wp","href":"https:\/\/api.w.org\/{rel}","templated":true}]}}