{"id":6203,"date":"2022-01-03T15:58:04","date_gmt":"2022-01-03T12:58:04","guid":{"rendered":"http:\/\/birimler.atauni.edu.tr\/idari-ve-mali-isler-daire-baskanligi\/?page_id=6203"},"modified":"2022-01-03T15:59:15","modified_gmt":"2022-01-03T12:59:15","slug":"kvkk","status":"publish","type":"page","link":"https:\/\/atauni.edu.tr\/idari-ve-mali-isler-daire-baskanligi\/kvkk\/","title":{"rendered":"KVKK"},"content":{"rendered":"\n<p>G\u0130ZL\u0130L\u0130K\/K\u0130\u015e\u0130SEL VER\u0130LER\u0130N KORUNMASI POL\u0130T\u0130KASI ve \u0130LET\u0130\u015e\u0130M \u0130ZN\u0130<\/p>\n\n\n\n<p>Gizlilik\/Ki\u015fisel Verilerin Korunmas\u0131 Politikas\u0131n\u0131n ve \u0130leti\u015fim \u0130zni\u2019nin Amac\u0131<br>Bu Gizlilik\/Ki\u015fisel Verilerin Korunmas\u0131 Politikas\u0131;<\/p>\n\n\n\n<p>Atat\u00fcrk \u00dcniversitesi (\u201cATAUNI\u201d)\u2019in online bilgi sistemi platformu olan \u201cAtauni.edu.tr\u201d\u2019nun ne t\u00fcr ki\u015fisel veriler toplad\u0131\u011f\u0131n\u0131,<br>bu ki\u015fisel verilerin nas\u0131l kullan\u0131ld\u0131\u011f\u0131n\u0131,<br>\u201cAtauni.edu.tr\u201d\u2019nun ki\u015fisel verilerinizi kimlerle payla\u015fabilece\u011fini,<br>\u201cAtauni.edu.tr\u201d\u2019nun i\u015fledi\u011fi ki\u015fisel verileriniz \u00fczerindeki haklar\u0131n\u0131z\u0131n neler oldu\u011funu ve bu haklar\u0131 nas\u0131l kullanabilece\u011finizi,<br>Elektronik ticari ileti alma konusundaki olumlu veya olumsuz tercihlerinizi nas\u0131l de\u011fi\u015ftirebilece\u011finizi a\u00e7\u0131klamaktad\u0131r.<br>\u0130\u015flenen Ki\u015fisel Verileriniz ve Ki\u015fisel Veri \u0130\u015fleme Amac\u0131 ve Dayana\u011f\u0131<\/p>\n\n\n\n<p>ATAUNI\u2019in online bilgi sistemi platformu olan \u201cAtauni.edu.tr\u201d, \u00fcyelerine daha iyi hizmet verebilmek amac\u0131yla ve 5651 Say\u0131l\u0131 \u0130nternet Ortam\u0131nda Yap\u0131lan Yay\u0131nlar\u0131n D\u00fczenlenmesi ve Bu Yay\u0131nlar Yoluyla \u0130\u015flenen Su\u00e7larla M\u00fccadele Edilmesi Hakk\u0131nda Kanun ve ilgili ikincil mevzuat, 6563 Say\u0131l\u0131 Elektronik Ticaretin D\u00fczenlenmesi Hakk\u0131nda Kanun ve ilgili ikincil mevzuat, 5237 Say\u0131l\u0131 T\u00fcrk Ceza Kanunu ve 6698 Say\u0131l\u0131 Ki\u015fisel Verilerin Korunmas\u0131 Kanunu ba\u015fta olmak \u00fczere, ilgili mevzuattan kaynaklanan yasal y\u00fck\u00fcml\u00fcl\u00fc\u011f\u00fc ve hizmet standartlar\u0131 \u00e7er\u00e7evesinde; s\u00f6z konusu ama\u00e7 ve yasal y\u00fck\u00fcml\u00fcl\u00fcklerini yerine getirebilmeyi, size daha iyi hizmet verilebilmesini ve istatistiki \u00e7al\u0131\u015fmalar yap\u0131labilmesini sa\u011flayacak ki\u015fisel verilerinizi (ad, soyad, do\u011fum tarihi, cep telefonu numaras\u0131, sabit telefon numaras\u0131, e-posta, cinsiyet, adres, sosyal medya hesaplar\u0131yla ba\u011flan\u0131lmas\u0131 durumunda \u00fcyenin o kanallar arac\u0131l\u0131\u011f\u0131yla payla\u015f\u0131lmas\u0131na onay verdi\u011fi bilgiler de dahil ve fakat bunlarla s\u0131n\u0131rl\u0131 olmamak kayd\u0131yla kullan\u0131c\u0131y\u0131 do\u011frudan veya dolayl\u0131 olarak tan\u0131mlamaya y\u00f6nelik her t\u00fcrl\u00fc ki\u015fisel bilgi) sizlerden talep etmektedir. Bu ki\u015fisel veriler Atauni.edu.tr hizmetlerinden yararlanabilmeniz ad\u0131na, a\u00e7\u0131k r\u0131zan\u0131za istinaden, i\u015fbu Gizlilik\/Ki\u015fisel Verilerin Korunmas\u0131 Politikas\u0131 ve \u0130leti\u015fim \u0130zni ile belirlenen ama\u00e7lar ve kapsam d\u0131\u015f\u0131nda kullan\u0131lmamak kayd\u0131 ile bilgi g\u00fcvenli\u011fi tedbirleri de al\u0131narak i\u015flenecek ve saklanacakt\u0131r.<\/p>\n\n\n\n<p>Ki\u015fisel Verilerinizle \u0130lgili Haklar\u0131n\u0131z<\/p>\n\n\n\n<p>\u0130\u015flenen ki\u015fisel verilerinizin neler oldu\u011funu, i\u015fleme amac\u0131 do\u011frultusunda kullan\u0131l\u0131p kullan\u0131lmad\u0131\u011f\u0131n\u0131, yurt i\u00e7i veya yurt d\u0131\u015f\u0131nda ki\u015fisel verilerin aktar\u0131ld\u0131\u011f\u0131 \u00fc\u00e7\u00fcnc\u00fc ki\u015fileri \u00f6\u011frenmek, eksik veya yanl\u0131\u015f i\u015flenen ki\u015fisel verileriniz s\u00f6z konusu ise veya i\u015flenen ki\u015fisel verilerinizde herhangi bir de\u011fi\u015fiklik olmas\u0131 durumunda bu verilerinizi de\u011fi\u015ftirmek, g\u00fcncellemek ve\/veya silmek, bu durumun ki\u015fisel verilerinizin aktar\u0131ld\u0131\u011f\u0131 \u00fc\u00e7\u00fcnc\u00fc ki\u015filere bildirilmesini talep etmek amac\u0131yla, Atauni.edu.tr websitesi, mobil uygulamas\u0131 ve mobil sitesi i\u00e7indeki \u201cHesab\u0131m\u201d b\u00f6l\u00fcm\u00fcnden hesab\u0131n\u0131za eri\u015febilir ve gerekli de\u011fi\u015fiklik, g\u00fcncelleme ve\/veya silme gibi i\u015flemleri yapabilirsiniz. 6698 Say\u0131l\u0131 Ki\u015fisel Verilerin Korunmas\u0131 Kanunu madde 11 uyar\u0131nca sahip oldu\u011funuz di\u011fer haklar sakl\u0131d\u0131r.<\/p>\n\n\n\n<p>Ki\u015fisel Veri Saklama S\u00fcresi<\/p>\n\n\n\n<p>6563 Say\u0131l\u0131 Elektronik Ticaretin D\u00fczenlenmesi Hakk\u0131nda Kanun uyar\u0131nca; onay\u0131n geri al\u0131nd\u0131\u011f\u0131na ili\u015fkin kay\u0131tlar bu tarihten itibaren 1 y\u0131l; ticari elektronik iletinin i\u00e7eri\u011fi ve g\u00f6nderiye ili\u015fkin di\u011fer her t\u00fcrl\u00fc kay\u0131t ise gerekti\u011finde ilgili bakanl\u0131\u011fa sunulmak \u00fczere 3 y\u0131l saklanacakt\u0131r. S\u00fcre ge\u00e7tikten sonra ki\u015fisel verileriniz \u015firketimiz taraf\u0131ndan veya talebiniz \u00fczerine silinir, yok edilir veya anonim hale getirilir.<\/p>\n\n\n\n<p>\u00c7erez (Cookie) Kullan\u0131m\u0131<\/p>\n\n\n\n<p>\u201cAtauni.edu.tr\u201d, ziyaret\u00e7ilerine daha iyi hizmet verebilmek, ziyaret\u00e7ilerini ve \u00fcyelerini \u00fcyelik ve bilgi sistemi platformunun faydalar\u0131ndan istifade ettirmek amac\u0131yla ve yasal y\u00fck\u00fcml\u00fcl\u00fc\u011f\u00fc \u00e7er\u00e7evesinde, i\u015fbu Gizlilik\/Ki\u015fisel Verilerin Korunmas\u0131 Politikas\u0131 ve \u0130leti\u015fim \u0130zni ile belirlenen ama\u00e7lar ve kapsam d\u0131\u015f\u0131nda kullan\u0131lmamak kayd\u0131 ile gezinme bilgilerinizi toplayacak, i\u015fleyecek, \u00fc\u00e7\u00fcnc\u00fc ki\u015filerle payla\u015facak ve g\u00fcvenli olarak saklayacakt\u0131r. Gezinme bilgilerinizi toplama amac\u0131yla kulland\u0131\u011f\u0131m\u0131z \u00e7erezler (cookie) hakk\u0131nda bilgi, Atauni.edu.tr websitesine\/mobil sitesine ilk defa giri\u015f yapt\u0131\u011f\u0131n\u0131zda veya mobil uygulamas\u0131n\u0131 telefonunuza veya tabletinize y\u00fckledi\u011finizde \u201ca\u00e7\u0131l\u0131r pencere (pop-up ekran)\u201d ile verilecektir.<\/p>\n\n\n\n<p>\u00c7erezler, \u201cAtauni.edu.tr\u201d web Sitesini ziyaret etti\u011finizde veya mobil uygulamay\u0131 cep telefonunuza y\u00fckledi\u011finizde veya mobil sitesi\u2019nden ba\u011fland\u0131\u011f\u0131n\u0131zda, internet taray\u0131c\u0131n\u0131z taraf\u0131ndan y\u00fcklenen ve bilgisayar\u0131n\u0131z, cep telefonunuz veya tabletinizde saklanan k\u00fc\u00e7\u00fck bilgi par\u00e7ac\u0131klar\u0131n\u0131 i\u00e7eren metin dosyalar\u0131d\u0131r.<\/p>\n\n\n\n<p>\u201cAtauni.edu.tr\u201d, size \u00f6zel tan\u0131t\u0131m yapmak, promosyonlar ve pazarlama teklifleri sunmak, web sitesinin veya mobil uygulaman\u0131n i\u00e7eri\u011fini size g\u00f6re iyile\u015ftirmek ve\/veya tercihlerinizi belirlemek amac\u0131yla; site \u00fczerinde gezinme bilgilerinizi ve\/veya site \u00fczerindeki \u00fcyelik kullan\u0131m ge\u00e7mi\u015finizi izlemektedir. \u201cAtauni.edu.tr\u201d, \u00e7evrimi\u00e7i ve \u00e7evrimd\u0131\u015f\u0131 olarak toplanan bilgiler gibi farkl\u0131 y\u00f6ntemlerle veya farkl\u0131 zamanlarda site \u00fczerinde sizden toplanan bilgileri e\u015fle\u015ftirebilir ve bu bilgileri \u00fc\u00e7\u00fcnc\u00fc taraflar gibi ba\u015fka kaynaklardan al\u0131nan bilgilerle birlikte kullanabilir. S\u00f6z konusu e\u015fle\u015ftirme ve kullanma yaln\u0131zca i\u015fbu Gizlilik\/Ki\u015fisel Verilerin Korunmas\u0131 Politikas\u0131 ve \u0130leti\u015fim \u0130zni ile belirlenen ama\u00e7lar ve kapsam dahilinde kalacakt\u0131r.<\/p>\n\n\n\n<p>\u00c7erez \u00c7e\u015fitleri<\/p>\n\n\n\n<p>\u201cAtauni.edu.tr\u201d, web sitesinde, mobil uygulamas\u0131nda ve mobil sitesinde oturum \u00e7erezleri ve kal\u0131c\u0131 \u00e7erezler kullanmaktad\u0131r. Oturum kimli\u011fi \u00e7erezi, taray\u0131c\u0131n\u0131z\u0131 kapatt\u0131\u011f\u0131n\u0131zda sona erer. Kal\u0131c\u0131 \u00e7erez ise sabit diskinizde uzun bir s\u00fcre kal\u0131r. \u0130nternet taray\u0131c\u0131n\u0131z\u0131n &#8220;yard\u0131m&#8221; dosyas\u0131nda verilen talimatlar\u0131 izleyerek veya \u201cwww.allaboutcookies.org\u201d veya \u201cwww.youronlinechoices.eu\u201d adresini ziyaret ederek kal\u0131c\u0131 \u00e7erezleri kald\u0131rabilir ve hem oturum \u00e7erezlerini hem de kal\u0131c\u0131 \u00e7erezleri reddedebilirsiniz. Kal\u0131c\u0131 \u00e7erezleri veya oturum \u00e7erezlerini reddederseniz, web sitesini, mobil uygulamay\u0131 ve mobil sitesini kullanmaya devam edebilirsiniz, fakat web sitesinin, mobil uygulaman\u0131n ve mobil sitesinin t\u00fcm i\u015flevlerine eri\u015femeyebilirsiniz veya eri\u015fiminiz s\u0131n\u0131rl\u0131 olabilir. Mobil uygulamada s\u00f6z konusu durum de\u011fi\u015fkenlik g\u00f6sterebilmektedir.<\/p>\n\n\n\n<p>\u201cAtauni.edu.tr\u201d \u00c7erezleri Nas\u0131l Kullan\u0131lmaktad\u0131r<\/p>\n\n\n\n<p>\u201cAtauni.edu.tr\u201d \u00e7erezleri;<\/p>\n\n\n\n<p>a. yapt\u0131\u011f\u0131n\u0131z tercihleri hat\u0131rlamak ve web sitesi\/mobil uygulama\/mobil sitesi kullan\u0131m\u0131n\u0131z\u0131 ki\u015fiselle\u015ftirmek i\u00e7in kullan\u0131r. Bu kullan\u0131m:<br>i. parolan\u0131z\u0131 kaydeden ve web sitesi\/mobil uygulama\/mobil sitesi oturumunuzun s\u00fcrekli a\u00e7\u0131k kalmas\u0131n\u0131 sa\u011flayan, b\u00f6ylece her ziyaretinizde birden fazla kez parola girme zahmetinden kurtaran \u00e7erezleri ve<br>ii. web sitesine\/mobil uygulamaya\/mobil sitesine daha sonraki ziyaretlerinizde sizi hat\u0131rlayan ve tan\u0131yan \u00e7erezleri i\u00e7erir,<br>\u201cAtauni.edu.tr\u201d\u2019a nereden ba\u011fland\u0131\u011f\u0131n\u0131z, web sitesi\/mobil uygulama\/mobil sitesi \u00fczerinde hangi i\u00e7eri\u011fi g\u00f6r\u00fcnt\u00fcledi\u011finiz ve ziyaretinizin s\u00fcresi gibi web sitesini\/mobil uygulamay\u0131\/mobil sitesini nas\u0131l kulland\u0131\u011f\u0131n\u0131z\u0131n izlenmesi dahil olmak \u00fczere; web sitesini\/mobil uygulamay\u0131\/mobil siteyi nas\u0131l kulland\u0131\u011f\u0131n\u0131z\u0131 belirlemek i\u00e7in kullan\u0131r,<br>ilgi alanlar\u0131n\u0131za ve size daha uygun i\u00e7erik ve reklamlar\u0131 sunmak i\u00e7in, di\u011fer bir ifade ile hedeflenmi\u015f reklam\/tan\u0131t\u0131m amac\u0131yla kullan\u0131r. Bu \u015fekilde, \u201cAtauni.edu.tr\u201d web sitesini, mobil uygulamas\u0131n\u0131 veya mobil sitesini kulland\u0131\u011f\u0131n\u0131zda size daha uygun i\u00e7erikleri, ki\u015fiye \u00f6zel kampanya ve \u00fcr\u00fcnleri sunar ve daha \u00f6nceden istemedi\u011finizi belirtti\u011finiz i\u00e7erik veya f\u0131rsatlar\u0131 bir daha sunmaz. \u201cAtauni.edu.tr\u201d, \u00e7erezler yoluyla elde edilen bilgileri \u00fcyelerimizden toplad\u0131\u011f\u0131m\u0131z ki\u015fisel verilerle e\u015fle\u015ftirir.<br>\u201cAtauni.edu.tr\u201d \u00fc\u00e7\u00fcnc\u00fc taraf \u00e7erezlerini reklam ve yeniden hedefleme i\u00e7in nas\u0131l kullanmaktad\u0131r?<\/p>\n\n\n\n<p>\u201cAtauni.edu.tr\u201d \u00e7erezleri ayr\u0131ca; arama motorlar\u0131n\u0131, \u201cAtauni.edu.tr\u201d web sitesini, mobil uygulamas\u0131n\u0131 veya mobil sitesi ve\/veya \u201cAtauni.edu.tr\u201d\u2019un reklam verdi\u011fi web sitelerini ziyaret etti\u011finizde ilginizi \u00e7ekebilece\u011fini d\u00fc\u015f\u00fcnd\u00fc\u011f\u00fc reklamlar\u0131 size sunabilmek i\u00e7in \u201creklam teknolojisini\u201d devreye sokmak amac\u0131yla kullanabilir. Reklam teknolojisi, size \u00f6zel reklamlar sunabilmek i\u00e7in web sitesine\/mobil uygulamaya\/mobil sitesine ve \u201cAtauni.edu.tr\u201d\u2019un reklam verdi\u011fi web sitelerine\/mobil\/mobil sitesi uygulamalar\u0131na yapt\u0131\u011f\u0131n\u0131z \u00f6nceki ziyaretlerle ilgili bilgileri kullan\u0131r. Bu reklamlar\u0131 sunarken, \u201cAtauni.edu.tr\u201d\u2019un sizi tan\u0131yabilmesi amac\u0131yla taray\u0131c\u0131n\u0131za benzersiz bir \u00fc\u00e7\u00fcnc\u00fc taraf \u00e7erezi yerle\u015ftirilebilir. \u201cAtauni.edu.tr\u201d\u2019un web sitesi\/mobil uygulamas\u0131\/mobil sitesi ayr\u0131ca; Google, Inc. (&#8220;Google&#8221;) taraf\u0131ndan sa\u011flanan bir web analizi hizmeti olan Google Analytics kullanmaktad\u0131r. Google Analytics, \u00e7erezleri ziyaret\u00e7ilerin web sitesini\/mobil uygulamay\u0131\/mobi sitesini nas\u0131l kulland\u0131klar\u0131n\u0131 analiz etmek amac\u0131yla kullan\u0131r. Bu web sitesini\/mobil uygulamay\u0131\/mobil sitesini kullan\u0131m\u0131n\u0131zla ilgili bilgiler (IP adresiniz dahil) Google&#8217;a aktar\u0131larak Google taraf\u0131ndan ABD&#8217;deki sunucularda saklanmaktad\u0131r. Google bu bilgileri web sitesini\/mobil uygulamay\u0131\/mobil sitesini kullan\u0131m\u0131n\u0131z\u0131 de\u011ferlendirmek, \u201cAtauni.edu.tr\u201d web sitesi\/mobil uygulama\/mobil site faaliyetini derlemek ve web sitesi\/mobil uygulama\/mobil sitesifaaliyeti ve internet kullan\u0131m\u0131yla ilgili ba\u015fka hizmetler sa\u011flamak amac\u0131yla kullanacakt\u0131r. Fakat IP adresinizi Google taraf\u0131ndan depolanan di\u011fer verilerle e\u015fle\u015ftirmeyecektir. Google Analytics kullan\u0131m\u0131 hakk\u0131nda daha fazla bilgi i\u00e7in (reddetme se\u00e7enekleri dahil), \u015fu adresi ziyaret edebilirsiniz:http:\/\/www.google.com\/intl\/tr\/policies\/privacy\/#infocollect<\/p>\n\n\n\n<p>Resmi Makamlarla Ki\u015fisel Veri Payla\u015f\u0131m\u0131<\/p>\n\n\n\n<p>ATAUNI, Atauni.edu.tr ziyaretinize veya \u00fcyeli\u011fe ili\u015fkin ki\u015fisel verilerinizi ve gezinme bilgileriniz gibi trafik bilgilerinizi; g\u00fcvenli\u011finiz ve ATAUNI\u2019in yasalar kar\u015f\u0131s\u0131ndaki y\u00fck\u00fcml\u00fcl\u00fc\u011f\u00fcn\u00fc ifa etmesi amac\u0131yla (su\u00e7la m\u00fccadele ve devlet ve kamu g\u00fcvenli\u011finin tehdidi benzeri ve fakat bununla s\u0131n\u0131rl\u0131 olmamak \u00fczere ATAUNI&#8217;in yasal veya idari olarak bildirim veya bilgi verme y\u00fck\u00fcml\u00fcl\u00fc\u011f\u00fcn\u00fcn mevcut oldu\u011fu durumlarda) yasal olarak bu bilgileri talep etmeye yetkili olan kamu kurum ve kurulu\u015flar\u0131 ile payla\u015fabilecektir.<\/p>\n\n\n\n<p>Ki\u015fisel Verilerin Korunmas\u0131na \u0130li\u015fkin \u00d6nlemler<\/p>\n\n\n\n<p>Ki\u015fisel verilerin korunmas\u0131 ATAUNI i\u00e7in \u00f6nemli bir konudur. ATAUNI, ki\u015fisel verilere yetkisiz eri\u015fim veya bu bilgilerin kayb\u0131, hatal\u0131 kullan\u0131m\u0131, if\u015fa edilmesi, de\u011fi\u015ftirilmesi veya imha edilmesine kar\u015f\u0131 korumak i\u00e7in gerekli \u00f6nlemleri almaktad\u0131r. ATAUNI ki\u015fisel verileri depolarken g\u00fcvenlik duvarlar\u0131 ve G\u00fcvenli Soket Katman\u0131 (SSL) \u015fifrelemesi gibi genel kabul g\u00f6rm\u00fc\u015f g\u00fcvenlik teknolojisi standartlar\u0131n\u0131 kullanmaktad\u0131r. Buna ek olarak, web sitesi\/mobil uygulama\/mobil sitesi arac\u0131l\u0131\u011f\u0131yla \u201cAtauni.edu.tr\u201d\u2019a ki\u015fisel verilerinizi g\u00f6nderirken, bu veriler SSL kullan\u0131larak aktar\u0131lmaktad\u0131r.<\/p>\n\n\n\n<p>ATAUNI, ki\u015fisel verilerinizi gizli tutmay\u0131, gizlili\u011fin sa\u011flanmas\u0131 ve g\u00fcvenli\u011fi i\u00e7in gerekli teknik ve idari her t\u00fcrl\u00fc tedbiri almay\u0131 ve gerekli \u00f6zeni g\u00f6stermeyi taahh\u00fct etmektedir. ATAUNI\u2019in gerekli bilgi g\u00fcvenli\u011fi \u00f6nlemlerini almas\u0131na kar\u015f\u0131n, web sitesine ve sisteme yap\u0131lan sald\u0131r\u0131lar sonucunda ki\u015fisel verilerin zarar g\u00f6rmesi veya \u00fc\u00e7\u00fcnc\u00fc ki\u015filerin eline ge\u00e7mesi durumunda, ATAUNI bu durumu derhal sizlere ve Ki\u015fisel Verileri Koruma Kurulu\u2019na bildirir ve gerekli \u00f6nlemleri al\u0131r.<\/p>\n\n\n\n<p>Gizlilik\/Ki\u015fisel Verilerin Korunmas\u0131 Politikas\u0131 ve \u0130leti\u015fim \u0130zni\u2019nde Yap\u0131lacak De\u011fi\u015fiklikler<\/p>\n\n\n\n<p>ATAUNI, i\u015fbu Gizlilik\/Ki\u015fisel Verilerin Korunmas\u0131 Politikas\u0131 ve \u0130leti\u015fim \u0130zni\u2019nde her zaman de\u011fi\u015fiklik yapabilir. Bu de\u011fi\u015fiklikler, de\u011fi\u015ftirilmi\u015f yeni Gizlilik\/Ki\u015fisel Verilerin Korunmas\u0131 Politikas\u0131 ve \u0130leti\u015fim \u0130zni\u2019nin \u201cwww.Atauni.edu.tr\u201d sitesine konulmas\u0131yla birlikte derhal ge\u00e7erlilik kazan\u0131r. \u0130\u015fbu Gizlilik\/Ki\u015fisel Verilerin Korunmas\u0131 Politikas\u0131 ve \u0130leti\u015fim \u0130zni\u2019ndeki de\u011fi\u015fikliklerden haberdar olman\u0131z i\u00e7in, siz \u00fcyelerimize gerekli bilgilendirme yap\u0131lacakt\u0131r. Kullan\u0131c\u0131lar, \u00dcyelik\/Ki\u015fisel bilgilerini ve ileti\u015fim tercihlerini her zaman sisteme giri\u015f yaparak g\u00fcncelleyebilirler. Bu konudaki taleplerinizi kisiselverilerim@Atauni.edu.tr e-posta adresine e-posta g\u00f6ndererek iletebilirsiniz. Talebiniz 30 (otuz) g\u00fcn i\u00e7erisinde de\u011ferlendirilerek, talebinizin sonucu ile ilgili olarak size yaz\u0131l\u0131 \u015fekilde bilgi verilecektir. Bunun yan\u0131nda, kullan\u0131c\u0131lar, \u201cGizlilik\/Ki\u015fisel Verilerin Korunmas\u0131 Politikas\u0131 ve \u0130leti\u015fim \u0130zni\u201d ile ilgili her t\u00fcrl\u00fc taleplerini de kisiselverilerim@Atauni.edu.tr e-posta adresine e-posta g\u00f6ndererek iletebilirler.<\/p>\n\n\n\n<p>Uygulanacak Hukuk, Yetkili Mahkeme ve \u0130cra Daireleri<\/p>\n\n\n\n<p>\u0130\u015fbu Gizlilik\/Ki\u015fisel Verilerin Korunmas\u0131 Politikas\u0131 ve \u0130leti\u015fim \u0130zni, T\u00fcrkiye Cumhuriyeti kanunlar\u0131na tabidir. Gizlilik\/Ki\u015fisel Verilerin Korunmas\u0131 Politikas\u0131 ve \u0130leti\u015fim \u0130zni\u2019nin uygulanmas\u0131ndan do\u011fabilecek her t\u00fcrl\u00fc uyu\u015fmazl\u0131\u011f\u0131n \u00e7\u00f6z\u00fcm\u00fcnde \u0130stanbul Merkez (\u00c7a\u011flayan) Mahkeme ve \u0130cra Daireleri yetkilidir<\/p>\n\n\n\n<p>\u0130leti\u015fim \u0130zni<\/p>\n\n\n\n<p>\u0130\u015fbu Gizlilik\/Ki\u015fisel Verilerin Korunmas\u0131 Politikas\u0131 ve \u0130leti\u015fim \u0130zni\u2019ni kabul etmekle, bizimle payla\u015f\u0131lmas\u0131na r\u0131za g\u00f6stermi\u015f oldu\u011funuz ki\u015fisel verilerinizin, taraf\u0131n\u0131za \u00e7e\u015fitli avantajlar\u0131n sa\u011flan\u0131p sunulabilmesi ve size \u00f6zel tan\u0131t\u0131m, promosyon, reklam, sat\u0131\u015f, pazarlama, anket ve benzer ama\u00e7l\u0131 her t\u00fcrl\u00fc elektronik ileti\u015fimin telefon, k\u0131sa mesaj (SMS), e-posta ve benzeri yollarla yap\u0131lmas\u0131 ve di\u011fer ileti\u015fim mesajlar\u0131n\u0131n g\u00f6nderilmesi amac\u0131yla; toplanmas\u0131na, saklanmas\u0131na, i\u015flenmesine, kullan\u0131lmas\u0131na ve ATAUNI&#8217;in s\u00f6zle\u015fme ili\u015fkisi i\u00e7erisinde oldu\u011fu \u00fc\u00e7\u00fcnc\u00fc ki\u015filere aktar\u0131m\u0131na izin vermi\u015f bulunmaktas\u0131n\u0131z.<\/p>\n","protected":false},"excerpt":{"rendered":"<p>G\u0130ZL\u0130L\u0130K\/K\u0130\u015e\u0130SEL VER\u0130LER\u0130N KORUNMASI POL\u0130T\u0130KASI ve \u0130LET\u0130\u015e\u0130M \u0130ZN\u0130 Gizlilik\/Ki\u015fisel Verilerin Korunmas\u0131 Politikas\u0131n\u0131n ve \u0130leti\u015fim \u0130zni\u2019nin Amac\u0131Bu Gizlilik\/Ki\u015fisel Verilerin Korunmas\u0131 Politikas\u0131; Atat\u00fcrk \u00dcniversitesi (\u201cATAUNI\u201d)\u2019in online bilgi sistemi platformu olan \u201cAtauni.edu.tr\u201d\u2019nun ne t\u00fcr ki\u015fisel veriler toplad\u0131\u011f\u0131n\u0131,bu ki\u015fisel verilerin nas\u0131l kullan\u0131ld\u0131\u011f\u0131n\u0131,\u201cAtauni.edu.tr\u201d\u2019nun ki\u015fisel verilerinizi kimlerle payla\u015fabilece\u011fini,\u201cAtauni.edu.tr\u201d\u2019nun i\u015fledi\u011fi ki\u015fisel verileriniz \u00fczerindeki haklar\u0131n\u0131z\u0131n neler oldu\u011funu ve bu haklar\u0131 nas\u0131l kullanabilece\u011finizi,Elektronik ticari ileti [&hellip;]<\/p>\n","protected":false},"author":292,"featured_media":0,"parent":0,"menu_order":0,"comment_status":"closed","ping_status":"closed","template":"","meta":{"footnotes":""},"class_list":["post-6203","page","type-page","status-publish","hentry"],"_links":{"self":[{"href":"https:\/\/atauni.edu.tr\/idari-ve-mali-isler-daire-baskanligi\/wp-json\/wp\/v2\/pages\/6203","targetHints":{"allow":["GET"]}}],"collection":[{"href":"https:\/\/atauni.edu.tr\/idari-ve-mali-isler-daire-baskanligi\/wp-json\/wp\/v2\/pages"}],"about":[{"href":"https:\/\/atauni.edu.tr\/idari-ve-mali-isler-daire-baskanligi\/wp-json\/wp\/v2\/types\/page"}],"author":[{"embeddable":true,"href":"https:\/\/atauni.edu.tr\/idari-ve-mali-isler-daire-baskanligi\/wp-json\/wp\/v2\/users\/292"}],"replies":[{"embeddable":true,"href":"https:\/\/atauni.edu.tr\/idari-ve-mali-isler-daire-baskanligi\/wp-json\/wp\/v2\/comments?post=6203"}],"version-history":[{"count":1,"href":"https:\/\/atauni.edu.tr\/idari-ve-mali-isler-daire-baskanligi\/wp-json\/wp\/v2\/pages\/6203\/revisions"}],"predecessor-version":[{"id":6204,"href":"https:\/\/atauni.edu.tr\/idari-ve-mali-isler-daire-baskanligi\/wp-json\/wp\/v2\/pages\/6203\/revisions\/6204"}],"wp:attachment":[{"href":"https:\/\/atauni.edu.tr\/idari-ve-mali-isler-daire-baskanligi\/wp-json\/wp\/v2\/media?parent=6203"}],"curies":[{"name":"wp","href":"https:\/\/api.w.org\/{rel}","templated":true}]}}