{"id":6226,"date":"2022-08-22T12:26:36","date_gmt":"2022-08-22T09:26:36","guid":{"rendered":"https:\/\/birimler.atauni.edu.tr\/idari-ve-mali-isler-daire-baskanligi\/?page_id=6226"},"modified":"2022-08-23T13:52:05","modified_gmt":"2022-08-23T10:52:05","slug":"elementor-6226","status":"publish","type":"page","link":"https:\/\/atauni.edu.tr\/idari-ve-mali-isler-daire-baskanligi\/elementor-6226\/","title":{"rendered":"\u0130dari ve Mali \u0130\u015fler Daire Ba\u015fkanl\u0131\u011f\u0131"},"content":{"rendered":"\t\t<div data-elementor-type=\"wp-page\" data-elementor-id=\"6226\" class=\"elementor elementor-6226\" data-elementor-post-type=\"page\">\n\t\t\t\t\t\t<section class=\"elementor-section elementor-top-section elementor-element elementor-element-c90e57d elementor-section-boxed elementor-section-height-default elementor-section-height-default\" data-id=\"c90e57d\" data-element_type=\"section\">\n\t\t\t\t\t\t<div class=\"elementor-container elementor-column-gap-default\">\n\t\t\t\t\t<div class=\"elementor-column elementor-col-100 elementor-top-column elementor-element elementor-element-39ec63d\" data-id=\"39ec63d\" data-element_type=\"column\">\n\t\t\t<div class=\"elementor-widget-wrap elementor-element-populated\">\n\t\t\t\t\t\t<div class=\"elementor-element elementor-element-80b2a3c elementor-widget elementor-widget-heading\" data-id=\"80b2a3c\" data-element_type=\"widget\" data-widget_type=\"heading.default\">\n\t\t\t\t<div class=\"elementor-widget-container\">\n\t\t\t\t\t<h1 class=\"elementor-heading-title elementor-size-default\">Tahakkuk<\/h1>\t\t\t\t<\/div>\n\t\t\t\t<\/div>\n\t\t\t\t\t<\/div>\n\t\t<\/div>\n\t\t\t\t\t<\/div>\n\t\t<\/section>\n\t\t\t\t<section class=\"elementor-section elementor-top-section elementor-element elementor-element-d3276f6 elementor-section-boxed elementor-section-height-default elementor-section-height-default\" data-id=\"d3276f6\" data-element_type=\"section\">\n\t\t\t\t\t\t<div class=\"elementor-container elementor-column-gap-default\">\n\t\t\t\t\t<div class=\"elementor-column elementor-col-33 elementor-top-column elementor-element elementor-element-62df07c\" data-id=\"62df07c\" data-element_type=\"column\">\n\t\t\t<div class=\"elementor-widget-wrap elementor-element-populated\">\n\t\t\t\t\t\t<div class=\"elementor-element elementor-element-e16ad0f elementor-widget elementor-widget-heading\" data-id=\"e16ad0f\" data-element_type=\"widget\" data-widget_type=\"heading.default\">\n\t\t\t\t<div class=\"elementor-widget-container\">\n\t\t\t\t\t<h3 class=\"elementor-heading-title elementor-size-default\">Memur Mutemetli\u011fi<\/h3>\t\t\t\t<\/div>\n\t\t\t\t<\/div>\n\t\t\t\t\t<\/div>\n\t\t<\/div>\n\t\t\t\t<div class=\"elementor-column elementor-col-33 elementor-top-column elementor-element elementor-element-50fe0fd\" data-id=\"50fe0fd\" data-element_type=\"column\">\n\t\t\t<div class=\"elementor-widget-wrap elementor-element-populated\">\n\t\t\t\t\t\t<div class=\"elementor-element elementor-element-83a8532 elementor-widget elementor-widget-heading\" data-id=\"83a8532\" data-element_type=\"widget\" data-widget_type=\"heading.default\">\n\t\t\t\t<div class=\"elementor-widget-container\">\n\t\t\t\t\t<h3 class=\"elementor-heading-title elementor-size-default\">\u0130\u015f\u00e7i Mutemetli\u011fi<\/h3>\t\t\t\t<\/div>\n\t\t\t\t<\/div>\n\t\t\t\t\t<\/div>\n\t\t<\/div>\n\t\t\t\t<div class=\"elementor-column elementor-col-33 elementor-top-column elementor-element elementor-element-f216638\" data-id=\"f216638\" data-element_type=\"column\">\n\t\t\t<div class=\"elementor-widget-wrap elementor-element-populated\">\n\t\t\t\t\t\t<div class=\"elementor-element elementor-element-837bce6 elementor-widget elementor-widget-heading\" data-id=\"837bce6\" data-element_type=\"widget\" data-widget_type=\"heading.default\">\n\t\t\t\t<div class=\"elementor-widget-container\">\n\t\t\t\t\t<h3 class=\"elementor-heading-title elementor-size-default\">Yard\u0131mla\u015fma Fonu <\/h3>\t\t\t\t<\/div>\n\t\t\t\t<\/div>\n\t\t\t\t\t<\/div>\n\t\t<\/div>\n\t\t\t\t\t<\/div>\n\t\t<\/section>\n\t\t\t\t<section class=\"elementor-section elementor-top-section elementor-element elementor-element-6fbd804 elementor-section-boxed elementor-section-height-default elementor-section-height-default\" data-id=\"6fbd804\" data-element_type=\"section\">\n\t\t\t\t\t\t<div class=\"elementor-container elementor-column-gap-default\">\n\t\t\t\t\t<div class=\"elementor-column elementor-col-33 elementor-top-column elementor-element elementor-element-9dab2bc\" data-id=\"9dab2bc\" data-element_type=\"column\">\n\t\t\t<div class=\"elementor-widget-wrap elementor-element-populated\">\n\t\t\t\t\t\t<div class=\"elementor-element elementor-element-f76b53f elementor-widget elementor-widget-text-editor\" data-id=\"f76b53f\" data-element_type=\"widget\" data-widget_type=\"text-editor.default\">\n\t\t\t\t<div class=\"elementor-widget-container\">\n\t\t\t\t\t\t\t\t\t<p>Rekt\u00f6rl\u00fck \u00f6rg\u00fct\u00fc ba\u011fl\u0131 birimleri (Rekt\u00f6rl\u00fck, Genel Sekreterlik, Hukuk M\u00fc\u015favirli\u011fi, \u0130dari ve Mali \u0130\u015fler-<br \/>Personel \u00d6\u011frenci \u0130\u015fleri-Sa\u011fl\u0131k, K\u00fclt\u00fcr ve Spor-K\u00fct\u00fcphane ve Dok\u00fcmantasyon-Yap\u0131 \u0130\u015fleri ve Teknik-Strateji Geli\u015ftirme Daire Ba\u015fkanl\u0131klar\u0131) personel maa\u015flar\u0131n\u0131 yapmak ve Vergi Dairesi ile SGK\u2019na ilgili bildirgeleri elektronik ortamda bildirmek.<\/p><p>K\u0131smi zamanl\u0131 \u00e7al\u0131\u015fan \u00f6\u011frenci maa\u015flar\u0131n\u0131n ve burs \u00f6demelerinin DTO i\u015flemlerini yapmak.<\/p><p>Personel fiili hizmet bildirimlerini yapmak,<\/p>\t\t\t\t\t\t\t\t<\/div>\n\t\t\t\t<\/div>\n\t\t\t\t\t<\/div>\n\t\t<\/div>\n\t\t\t\t<div class=\"elementor-column elementor-col-33 elementor-top-column elementor-element elementor-element-12a0f19\" data-id=\"12a0f19\" data-element_type=\"column\">\n\t\t\t<div class=\"elementor-widget-wrap elementor-element-populated\">\n\t\t\t\t\t\t<div class=\"elementor-element elementor-element-c66e8dd elementor-widget elementor-widget-text-editor\" data-id=\"c66e8dd\" data-element_type=\"widget\" data-widget_type=\"text-editor.default\">\n\t\t\t\t<div class=\"elementor-widget-container\">\n\t\t\t\t\t\t\t\t\t<p>\u00dcniversitemiz b\u00fcnyesinde Ba\u015fkanl\u0131\u011f\u0131m\u0131za ba\u011fl\u0131 personelin t\u00fcm maa\u015f, tediye, sgk, vergi ve Muhtasar Hizmet ve Prim beyanname i\u015flemleri ger\u00e7ekle\u015ftirmektedir.<\/p><ul><li>Personelin Sosyal G\u00fcvenlik Kurumu ile g\u00fcnl\u00fck i\u015f kazas\u0131, hastal\u0131k ve anal\u0131k raporlar\u0131n\u0131n kontrol\u00fc ve SGK ya bildirilmesi<\/li><li>Personelin \u00f6zl\u00fck bilgilerinin y\u00f6netilmesi ve gerekli i\u00e7\/d\u0131\u015f resmi yaz\u0131\u015fmalar\u0131n yap\u0131lmas\u0131<\/li><li>Personelin emeklilik i\u015flemlerinin yap\u0131lmas\u0131<\/li><\/ul>\t\t\t\t\t\t\t\t<\/div>\n\t\t\t\t<\/div>\n\t\t\t\t\t<\/div>\n\t\t<\/div>\n\t\t\t\t<div class=\"elementor-column elementor-col-33 elementor-top-column elementor-element elementor-element-4a2a2b8\" data-id=\"4a2a2b8\" data-element_type=\"column\">\n\t\t\t<div class=\"elementor-widget-wrap elementor-element-populated\">\n\t\t\t\t\t\t<div class=\"elementor-element elementor-element-9433698 elementor-widget elementor-widget-text-editor\" data-id=\"9433698\" data-element_type=\"widget\" data-widget_type=\"text-editor.default\">\n\t\t\t\t<div class=\"elementor-widget-container\">\n\t\t\t\t\t\t\t\t\t<p>Atat\u00fcrk \u00dcniversitesi Yard\u0131mla\u015fma ve Dayan\u0131\u015fma Fonunun kaynaklar\u0131 ve y\u00f6netilmesi, Fon gelirlerinin de\u011ferlendirilmesi, Fonun y\u00f6netimi, Fona \u00fcyelik, Fondan yararlanacaklar, yard\u0131m miktar\u0131 ve \u00f6denmesi, Fon ile ili\u015fi\u011fin kesilmesi ile ola\u011fan\u00fcst\u00fc durumlarda Fon kayna\u011f\u0131n\u0131n kullan\u0131lmas\u0131 ile ilgili sekretarya i\u015flerinin s\u00fcrd\u00fcr\u00fclmesi.<\/p>\t\t\t\t\t\t\t\t<\/div>\n\t\t\t\t<\/div>\n\t\t\t\t\t<\/div>\n\t\t<\/div>\n\t\t\t\t\t<\/div>\n\t\t<\/section>\n\t\t\t\t<section class=\"elementor-section elementor-top-section elementor-element elementor-element-71d5abc elementor-section-boxed elementor-section-height-default elementor-section-height-default\" data-id=\"71d5abc\" data-element_type=\"section\">\n\t\t\t\t\t\t<div class=\"elementor-container elementor-column-gap-default\">\n\t\t\t\t\t<div class=\"elementor-column elementor-col-100 elementor-top-column elementor-element elementor-element-03f563d\" data-id=\"03f563d\" data-element_type=\"column\">\n\t\t\t<div class=\"elementor-widget-wrap elementor-element-populated\">\n\t\t\t\t\t\t<div class=\"elementor-element elementor-element-441e5b6 elementor-widget elementor-widget-heading\" data-id=\"441e5b6\" data-element_type=\"widget\" data-widget_type=\"heading.default\">\n\t\t\t\t<div class=\"elementor-widget-container\">\n\t\t\t\t\t<h2 class=\"elementor-heading-title elementor-size-default\">Sat\u0131n Alma<\/h2>\t\t\t\t<\/div>\n\t\t\t\t<\/div>\n\t\t\t\t\t<\/div>\n\t\t<\/div>\n\t\t\t\t\t<\/div>\n\t\t<\/section>\n\t\t\t\t<section class=\"elementor-section elementor-top-section elementor-element elementor-element-943a4ac elementor-section-boxed elementor-section-height-default elementor-section-height-default\" data-id=\"943a4ac\" data-element_type=\"section\">\n\t\t\t\t\t\t<div class=\"elementor-container elementor-column-gap-default\">\n\t\t\t\t\t<div class=\"elementor-column elementor-col-33 elementor-top-column elementor-element elementor-element-aee375a\" data-id=\"aee375a\" data-element_type=\"column\">\n\t\t\t<div class=\"elementor-widget-wrap elementor-element-populated\">\n\t\t\t\t\t\t<div class=\"elementor-element elementor-element-6247c0c elementor-widget elementor-widget-text-editor\" data-id=\"6247c0c\" data-element_type=\"widget\" data-widget_type=\"text-editor.default\">\n\t\t\t\t<div class=\"elementor-widget-container\">\n\t\t\t\t\t\t\t\t\t<p>-EKAP \u0130hale Giri\u015fleri ve Ba\u011fl\u0131 b\u00fcronun etkin ve uyumlu bir bi\u00e7imde \u00e7al\u0131\u015fmas\u0131 i\u00e7in koordinasyonu <br \/>sa\u011flamak, <br \/>&#8211; Daire Ba\u015fkanl\u0131\u011f\u0131n\u0131n Faaliyet Raporlar\u0131n\u0131 haz\u0131rlamak,<\/p><p>\u00a0<\/p>\t\t\t\t\t\t\t\t<\/div>\n\t\t\t\t<\/div>\n\t\t\t\t\t<\/div>\n\t\t<\/div>\n\t\t\t\t<div class=\"elementor-column elementor-col-33 elementor-top-column elementor-element elementor-element-e8df855\" data-id=\"e8df855\" data-element_type=\"column\">\n\t\t\t<div class=\"elementor-widget-wrap elementor-element-populated\">\n\t\t\t\t\t\t<div class=\"elementor-element elementor-element-65a1227 elementor-widget elementor-widget-text-editor\" data-id=\"65a1227\" data-element_type=\"widget\" data-widget_type=\"text-editor.default\">\n\t\t\t\t<div class=\"elementor-widget-container\">\n\t\t\t\t\t\t\t\t\t<p>&#8211; \u0130dari ve Mali \u0130\u015fler Daire Ba\u015fkanl\u0131\u011f\u0131 ile Rekt\u00f6rl\u00fck Makam\u0131nca havale edilen sat\u0131n alma i\u015flemlerini <br \/>y\u00fcr\u00fctmek, ihale ve do\u011frudan teminlerde piyasa fiyat ara\u015ft\u0131rmas\u0131 yapmak.<\/p>\t\t\t\t\t\t\t\t<\/div>\n\t\t\t\t<\/div>\n\t\t\t\t\t<\/div>\n\t\t<\/div>\n\t\t\t\t<div class=\"elementor-column elementor-col-33 elementor-top-column elementor-element elementor-element-7109886\" data-id=\"7109886\" data-element_type=\"column\">\n\t\t\t<div class=\"elementor-widget-wrap elementor-element-populated\">\n\t\t\t\t\t\t<div class=\"elementor-element elementor-element-303db09 elementor-widget elementor-widget-text-editor\" data-id=\"303db09\" data-element_type=\"widget\" data-widget_type=\"text-editor.default\">\n\t\t\t\t<div class=\"elementor-widget-container\">\n\t\t\t\t\t\t\t\t\t<p>&#8211; Ba\u015fkanl\u0131\u011f\u0131m\u0131z taraf\u0131ndan 4734 say\u0131l\u0131 Kanuna g\u00f6re do\u011frudan temin, ihale sonu\u00e7lar\u0131 ve SGK <br \/>yaz\u0131\u015fmalar\u0131n\u0131 yapmak, <br \/>&#8211; Yasaklama kararlar\u0131n\u0131 Y\u00d6K\u2019e yazmak,<\/p>\t\t\t\t\t\t\t\t<\/div>\n\t\t\t\t<\/div>\n\t\t\t\t\t<\/div>\n\t\t<\/div>\n\t\t\t\t\t<\/div>\n\t\t<\/section>\n\t\t\t\t<section class=\"elementor-section elementor-top-section elementor-element elementor-element-5bd369c elementor-section-boxed elementor-section-height-default elementor-section-height-default\" data-id=\"5bd369c\" data-element_type=\"section\">\n\t\t\t\t\t\t<div class=\"elementor-container elementor-column-gap-default\">\n\t\t\t\t\t<div class=\"elementor-column elementor-col-100 elementor-top-column elementor-element elementor-element-01eff5e\" data-id=\"01eff5e\" data-element_type=\"column\">\n\t\t\t<div class=\"elementor-widget-wrap elementor-element-populated\">\n\t\t\t\t\t\t<div class=\"elementor-element elementor-element-015fbae elementor-widget elementor-widget-heading\" data-id=\"015fbae\" data-element_type=\"widget\" data-widget_type=\"heading.default\">\n\t\t\t\t<div class=\"elementor-widget-container\">\n\t\t\t\t\t<h2 class=\"elementor-heading-title elementor-size-default\">Ta\u015f\u0131n\u0131r Kay\u0131t Kontrol<\/h2>\t\t\t\t<\/div>\n\t\t\t\t<\/div>\n\t\t\t\t\t<\/div>\n\t\t<\/div>\n\t\t\t\t\t<\/div>\n\t\t<\/section>\n\t\t\t\t<section class=\"elementor-section elementor-top-section elementor-element elementor-element-fca2d3a elementor-section-boxed elementor-section-height-default elementor-section-height-default\" data-id=\"fca2d3a\" data-element_type=\"section\">\n\t\t\t\t\t\t<div class=\"elementor-container elementor-column-gap-default\">\n\t\t\t\t\t<div class=\"elementor-column elementor-col-33 elementor-top-column elementor-element elementor-element-2c332b5\" data-id=\"2c332b5\" data-element_type=\"column\">\n\t\t\t<div class=\"elementor-widget-wrap elementor-element-populated\">\n\t\t\t\t\t\t<div class=\"elementor-element elementor-element-056c0c0 elementor-widget elementor-widget-text-editor\" data-id=\"056c0c0\" data-element_type=\"widget\" data-widget_type=\"text-editor.default\">\n\t\t\t\t<div class=\"elementor-widget-container\">\n\t\t\t\t\t\t\t\t\t<p>&#8211; \u0130lgili mevzuat \u00e7er\u00e7evesinde Ta\u015f\u0131n\u0131r Kontrol Yetkilisi olarak g\u00f6rev yapmak. <br \/>&#8211; Ba\u015fkanl\u0131\u011f\u0131m\u0131z ara\u00e7lar\u0131na yap\u0131lan harcamalar\u0131n Ta\u015f\u0131t Takip Sistemine kay\u0131tlar\u0131n\u0131 yapmak ve hurdaya <br \/>ayr\u0131lacak ta\u015f\u0131tlar\u0131n i\u015f ve i\u015flemlerini yerine getirmek.<\/p>\t\t\t\t\t\t\t\t<\/div>\n\t\t\t\t<\/div>\n\t\t\t\t\t<\/div>\n\t\t<\/div>\n\t\t\t\t<div class=\"elementor-column elementor-col-33 elementor-top-column elementor-element elementor-element-79a0935\" data-id=\"79a0935\" data-element_type=\"column\">\n\t\t\t<div class=\"elementor-widget-wrap elementor-element-populated\">\n\t\t\t\t\t\t<div class=\"elementor-element elementor-element-d92b7aa elementor-widget elementor-widget-text-editor\" data-id=\"d92b7aa\" data-element_type=\"widget\" data-widget_type=\"text-editor.default\">\n\t\t\t\t<div class=\"elementor-widget-container\">\n\t\t\t\t\t\t\t\t\t<p>&#8211; \u0130hale ve Muayene Komisyonlar\u0131nda g\u00f6rev yapmak. <br \/>&#8211; Ba\u015fkanl\u0131\u011f\u0131m\u0131z b\u00fct\u00e7e tekliflerini planlamak ve haz\u0131rlamak.<\/p>\t\t\t\t\t\t\t\t<\/div>\n\t\t\t\t<\/div>\n\t\t\t\t\t<\/div>\n\t\t<\/div>\n\t\t\t\t<div class=\"elementor-column elementor-col-33 elementor-top-column elementor-element elementor-element-cdbceb3\" data-id=\"cdbceb3\" data-element_type=\"column\">\n\t\t\t<div class=\"elementor-widget-wrap elementor-element-populated\">\n\t\t\t\t\t\t<div class=\"elementor-element elementor-element-2fa0f9c elementor-widget elementor-widget-text-editor\" data-id=\"2fa0f9c\" data-element_type=\"widget\" data-widget_type=\"text-editor.default\">\n\t\t\t\t<div class=\"elementor-widget-container\">\n\t\t\t\t\t\t\t\t\t<p>&#8211; Sat\u0131n alma \u015eubesince yap\u0131lan do\u011frudan temin ve ihale y\u00f6ntemi ile yap\u0131lan mal ve hizmet al\u0131mlar\u0131n\u0131n <br \/>\u00f6demelerini yapmak (\u00d6EB tanzimi) ve ek \u00f6denek taleplerini yazmak.<\/p>\t\t\t\t\t\t\t\t<\/div>\n\t\t\t\t<\/div>\n\t\t\t\t\t<\/div>\n\t\t<\/div>\n\t\t\t\t\t<\/div>\n\t\t<\/section>\n\t\t\t\t<\/div>\n\t\t","protected":false},"excerpt":{"rendered":"<p>Tahakkuk Memur Mutemetli\u011fi \u0130\u015f\u00e7i Mutemetli\u011fi Yard\u0131mla\u015fma Fonu Rekt\u00f6rl\u00fck \u00f6rg\u00fct\u00fc ba\u011fl\u0131 birimleri (Rekt\u00f6rl\u00fck, Genel Sekreterlik, Hukuk M\u00fc\u015favirli\u011fi, \u0130dari ve Mali \u0130\u015fler-Personel \u00d6\u011frenci \u0130\u015fleri-Sa\u011fl\u0131k, K\u00fclt\u00fcr ve Spor-K\u00fct\u00fcphane ve Dok\u00fcmantasyon-Yap\u0131 \u0130\u015fleri ve Teknik-Strateji Geli\u015ftirme Daire Ba\u015fkanl\u0131klar\u0131) personel maa\u015flar\u0131n\u0131 yapmak ve Vergi Dairesi ile SGK\u2019na ilgili bildirgeleri elektronik ortamda bildirmek. K\u0131smi zamanl\u0131 \u00e7al\u0131\u015fan \u00f6\u011frenci maa\u015flar\u0131n\u0131n ve burs \u00f6demelerinin DTO [&hellip;]<\/p>\n","protected":false},"author":292,"featured_media":0,"parent":0,"menu_order":0,"comment_status":"closed","ping_status":"closed","template":"","meta":{"footnotes":""},"class_list":["post-6226","page","type-page","status-publish","hentry"],"_links":{"self":[{"href":"https:\/\/atauni.edu.tr\/idari-ve-mali-isler-daire-baskanligi\/wp-json\/wp\/v2\/pages\/6226","targetHints":{"allow":["GET"]}}],"collection":[{"href":"https:\/\/atauni.edu.tr\/idari-ve-mali-isler-daire-baskanligi\/wp-json\/wp\/v2\/pages"}],"about":[{"href":"https:\/\/atauni.edu.tr\/idari-ve-mali-isler-daire-baskanligi\/wp-json\/wp\/v2\/types\/page"}],"author":[{"embeddable":true,"href":"https:\/\/atauni.edu.tr\/idari-ve-mali-isler-daire-baskanligi\/wp-json\/wp\/v2\/users\/292"}],"replies":[{"embeddable":true,"href":"https:\/\/atauni.edu.tr\/idari-ve-mali-isler-daire-baskanligi\/wp-json\/wp\/v2\/comments?post=6226"}],"version-history":[{"count":48,"href":"https:\/\/atauni.edu.tr\/idari-ve-mali-isler-daire-baskanligi\/wp-json\/wp\/v2\/pages\/6226\/revisions"}],"predecessor-version":[{"id":6399,"href":"https:\/\/atauni.edu.tr\/idari-ve-mali-isler-daire-baskanligi\/wp-json\/wp\/v2\/pages\/6226\/revisions\/6399"}],"wp:attachment":[{"href":"https:\/\/atauni.edu.tr\/idari-ve-mali-isler-daire-baskanligi\/wp-json\/wp\/v2\/media?parent=6226"}],"curies":[{"name":"wp","href":"https:\/\/api.w.org\/{rel}","templated":true}]}}