{"id":6349,"date":"2022-08-22T15:34:54","date_gmt":"2022-08-22T12:34:54","guid":{"rendered":"https:\/\/birimler.atauni.edu.tr\/idari-ve-mali-isler-daire-baskanligi\/?page_id=6349"},"modified":"2022-08-23T12:29:02","modified_gmt":"2022-08-23T09:29:02","slug":"formlar","status":"publish","type":"page","link":"https:\/\/atauni.edu.tr\/idari-ve-mali-isler-daire-baskanligi\/formlar\/","title":{"rendered":"Formlar"},"content":{"rendered":"\t\t<div data-elementor-type=\"wp-page\" data-elementor-id=\"6349\" class=\"elementor elementor-6349\" data-elementor-post-type=\"page\">\n\t\t\t\t\t\t<section class=\"elementor-section elementor-top-section elementor-element elementor-element-5678add elementor-section-boxed elementor-section-height-default elementor-section-height-default\" data-id=\"5678add\" data-element_type=\"section\">\n\t\t\t\t\t\t<div class=\"elementor-container elementor-column-gap-default\">\n\t\t\t\t\t<div class=\"elementor-column elementor-col-50 elementor-top-column elementor-element elementor-element-1c1a7de\" data-id=\"1c1a7de\" data-element_type=\"column\">\n\t\t\t<div class=\"elementor-widget-wrap elementor-element-populated\">\n\t\t\t\t\t\t<div class=\"elementor-element elementor-element-b44d0c8 elementor-widget elementor-widget-heading\" data-id=\"b44d0c8\" data-element_type=\"widget\" data-widget_type=\"heading.default\">\n\t\t\t\t<div class=\"elementor-widget-container\">\n\t\t\t\t\t<h2 class=\"elementor-heading-title elementor-size-default\">Bireysel Emeklilik \u0130\u015flemleri<\/h2>\t\t\t\t<\/div>\n\t\t\t\t<\/div>\n\t\t\t\t\t<\/div>\n\t\t<\/div>\n\t\t\t\t<div class=\"elementor-column elementor-col-50 elementor-top-column elementor-element elementor-element-0726aa9\" data-id=\"0726aa9\" data-element_type=\"column\">\n\t\t\t<div class=\"elementor-widget-wrap elementor-element-populated\">\n\t\t\t\t\t\t<div class=\"elementor-element elementor-element-aef42a6 elementor-widget elementor-widget-heading\" data-id=\"aef42a6\" data-element_type=\"widget\" data-widget_type=\"heading.default\">\n\t\t\t\t<div class=\"elementor-widget-container\">\n\t\t\t\t\t<h2 class=\"elementor-heading-title elementor-size-default\"><a href=\"https:\/\/birimler.atauni.edu.tr\/idari-ve-mali-isler-daire-baskanligi\/wp-content\/uploads\/sites\/217\/2020\/07\/BESTEN-AYRILIS-YAZISI.docx\">Dilek\u00e7e<\/a><\/h2>\t\t\t\t<\/div>\n\t\t\t\t<\/div>\n\t\t\t\t\t<\/div>\n\t\t<\/div>\n\t\t\t\t\t<\/div>\n\t\t<\/section>\n\t\t\t\t<\/div>\n\t\t","protected":false},"excerpt":{"rendered":"<p>Bireysel Emeklilik \u0130\u015flemleri Dilek\u00e7e<\/p>\n","protected":false},"author":292,"featured_media":0,"parent":0,"menu_order":0,"comment_status":"closed","ping_status":"closed","template":"","meta":{"footnotes":""},"class_list":["post-6349","page","type-page","status-publish","hentry"],"_links":{"self":[{"href":"https:\/\/atauni.edu.tr\/idari-ve-mali-isler-daire-baskanligi\/wp-json\/wp\/v2\/pages\/6349","targetHints":{"allow":["GET"]}}],"collection":[{"href":"https:\/\/atauni.edu.tr\/idari-ve-mali-isler-daire-baskanligi\/wp-json\/wp\/v2\/pages"}],"about":[{"href":"https:\/\/atauni.edu.tr\/idari-ve-mali-isler-daire-baskanligi\/wp-json\/wp\/v2\/types\/page"}],"author":[{"embeddable":true,"href":"https:\/\/atauni.edu.tr\/idari-ve-mali-isler-daire-baskanligi\/wp-json\/wp\/v2\/users\/292"}],"replies":[{"embeddable":true,"href":"https:\/\/atauni.edu.tr\/idari-ve-mali-isler-daire-baskanligi\/wp-json\/wp\/v2\/comments?post=6349"}],"version-history":[{"count":13,"href":"https:\/\/atauni.edu.tr\/idari-ve-mali-isler-daire-baskanligi\/wp-json\/wp\/v2\/pages\/6349\/revisions"}],"predecessor-version":[{"id":6390,"href":"https:\/\/atauni.edu.tr\/idari-ve-mali-isler-daire-baskanligi\/wp-json\/wp\/v2\/pages\/6349\/revisions\/6390"}],"wp:attachment":[{"href":"https:\/\/atauni.edu.tr\/idari-ve-mali-isler-daire-baskanligi\/wp-json\/wp\/v2\/media?parent=6349"}],"curies":[{"name":"wp","href":"https:\/\/api.w.org\/{rel}","templated":true}]}}