{"id":6422,"date":"2022-11-18T12:07:18","date_gmt":"2022-11-18T09:07:18","guid":{"rendered":"https:\/\/birimler.atauni.edu.tr\/idari-ve-mali-isler-daire-baskanligi\/?page_id=6422"},"modified":"2022-11-18T12:10:33","modified_gmt":"2022-11-18T09:10:33","slug":"temel-degerlerimiz","status":"publish","type":"page","link":"https:\/\/atauni.edu.tr\/idari-ve-mali-isler-daire-baskanligi\/temel-degerlerimiz\/","title":{"rendered":"Temel De\u011ferlerimiz"},"content":{"rendered":"\t\t<div data-elementor-type=\"wp-page\" data-elementor-id=\"6422\" class=\"elementor elementor-6422\" data-elementor-post-type=\"page\">\n\t\t\t\t\t\t<section class=\"elementor-section elementor-top-section elementor-element elementor-element-5a60c03 elementor-section-boxed elementor-section-height-default elementor-section-height-default\" data-id=\"5a60c03\" data-element_type=\"section\">\n\t\t\t\t\t\t<div class=\"elementor-container elementor-column-gap-default\">\n\t\t\t\t\t<div class=\"elementor-column elementor-col-100 elementor-top-column elementor-element elementor-element-e2f1aef\" data-id=\"e2f1aef\" data-element_type=\"column\">\n\t\t\t<div class=\"elementor-widget-wrap elementor-element-populated\">\n\t\t\t\t\t\t<div class=\"elementor-element elementor-element-6e6245f elementor-widget elementor-widget-text-editor\" data-id=\"6e6245f\" data-element_type=\"widget\" data-widget_type=\"text-editor.default\">\n\t\t\t\t<div class=\"elementor-widget-container\">\n\t\t\t\t\t\t\t\t\t<ul><li><strong>Yenilik\u00e7ilik ve Giri\u015fimcilik:<\/strong>\u00a0Etkinli\u011fini art\u0131racak alanlarda yeni ve farkl\u0131 uygulamalar\u0131 hayata ge\u00e7irir.<\/li><li><strong>Kat\u0131l\u0131mc\u0131l\u0131k ve Payla\u015f\u0131mc\u0131l\u0131k:<\/strong>\u00a0Kararlar kat\u0131l\u0131ml\u0131 \u015fekilde al\u0131n\u0131r, bilgiler \u015feffaf \u015fekilde payla\u015f\u0131l\u0131r.<\/li><li><strong>\u00d6\u011frenme Odakl\u0131l\u0131k:<\/strong>\u00a0T\u00fcm bireylerin \u00f6\u011frenme deneyimlerini kolayla\u015ft\u0131r\u0131r ve geli\u015ftirir.<\/li><li><strong>Eme\u011fe sayg\u0131 g\u00f6sterme ve ba\u015far\u0131y\u0131 takdir etme:<\/strong>\u00a0G\u00f6sterilen \u00e7abalara sayg\u0131 g\u00f6sterilir ve ba\u015far\u0131lar tan\u0131n\u0131r.<\/li><li><strong>Ulusal ve evrensel de\u011ferlere ba\u011fl\u0131l\u0131k:<\/strong>\u00a0\u00dclkemizin de\u011ferlerine ba\u011fl\u0131l\u0131\u011f\u0131n yan\u0131nda evrensel de\u011ferlere de sahip \u00e7\u0131k\u0131l\u0131r.<\/li><li><strong>Toplumsal, k\u00fclt\u00fcrel, \u00e7evresel ve sanatsal duyarl\u0131l\u0131k:<\/strong>\u00a0Toplumsal alanlardaki sorun ve ihtiya\u00e7lara kar\u015f\u0131 duyarl\u0131 davran\u0131l\u0131r.<\/li><\/ul>\t\t\t\t\t\t\t\t<\/div>\n\t\t\t\t<\/div>\n\t\t\t\t\t<\/div>\n\t\t<\/div>\n\t\t\t\t\t<\/div>\n\t\t<\/section>\n\t\t\t\t<\/div>\n\t\t","protected":false},"excerpt":{"rendered":"<p>Yenilik\u00e7ilik ve Giri\u015fimcilik:\u00a0Etkinli\u011fini art\u0131racak alanlarda yeni ve farkl\u0131 uygulamalar\u0131 hayata ge\u00e7irir. Kat\u0131l\u0131mc\u0131l\u0131k ve Payla\u015f\u0131mc\u0131l\u0131k:\u00a0Kararlar kat\u0131l\u0131ml\u0131 \u015fekilde al\u0131n\u0131r, bilgiler \u015feffaf \u015fekilde payla\u015f\u0131l\u0131r. \u00d6\u011frenme Odakl\u0131l\u0131k:\u00a0T\u00fcm bireylerin \u00f6\u011frenme deneyimlerini kolayla\u015ft\u0131r\u0131r ve geli\u015ftirir. Eme\u011fe sayg\u0131 g\u00f6sterme ve ba\u015far\u0131y\u0131 takdir etme:\u00a0G\u00f6sterilen \u00e7abalara sayg\u0131 g\u00f6sterilir ve ba\u015far\u0131lar tan\u0131n\u0131r. Ulusal ve evrensel de\u011ferlere ba\u011fl\u0131l\u0131k:\u00a0\u00dclkemizin de\u011ferlerine ba\u011fl\u0131l\u0131\u011f\u0131n yan\u0131nda evrensel de\u011ferlere de sahip \u00e7\u0131k\u0131l\u0131r. [&hellip;]<\/p>\n","protected":false},"author":292,"featured_media":0,"parent":0,"menu_order":0,"comment_status":"closed","ping_status":"closed","template":"","meta":{"footnotes":""},"class_list":["post-6422","page","type-page","status-publish","hentry"],"_links":{"self":[{"href":"https:\/\/atauni.edu.tr\/idari-ve-mali-isler-daire-baskanligi\/wp-json\/wp\/v2\/pages\/6422","targetHints":{"allow":["GET"]}}],"collection":[{"href":"https:\/\/atauni.edu.tr\/idari-ve-mali-isler-daire-baskanligi\/wp-json\/wp\/v2\/pages"}],"about":[{"href":"https:\/\/atauni.edu.tr\/idari-ve-mali-isler-daire-baskanligi\/wp-json\/wp\/v2\/types\/page"}],"author":[{"embeddable":true,"href":"https:\/\/atauni.edu.tr\/idari-ve-mali-isler-daire-baskanligi\/wp-json\/wp\/v2\/users\/292"}],"replies":[{"embeddable":true,"href":"https:\/\/atauni.edu.tr\/idari-ve-mali-isler-daire-baskanligi\/wp-json\/wp\/v2\/comments?post=6422"}],"version-history":[{"count":4,"href":"https:\/\/atauni.edu.tr\/idari-ve-mali-isler-daire-baskanligi\/wp-json\/wp\/v2\/pages\/6422\/revisions"}],"predecessor-version":[{"id":6426,"href":"https:\/\/atauni.edu.tr\/idari-ve-mali-isler-daire-baskanligi\/wp-json\/wp\/v2\/pages\/6422\/revisions\/6426"}],"wp:attachment":[{"href":"https:\/\/atauni.edu.tr\/idari-ve-mali-isler-daire-baskanligi\/wp-json\/wp\/v2\/media?parent=6422"}],"curies":[{"name":"wp","href":"https:\/\/api.w.org\/{rel}","templated":true}]}}