{"id":6452,"date":"2022-11-18T13:12:27","date_gmt":"2022-11-18T10:12:27","guid":{"rendered":"https:\/\/birimler.atauni.edu.tr\/idari-ve-mali-isler-daire-baskanligi\/?page_id=6452"},"modified":"2022-11-18T13:31:20","modified_gmt":"2022-11-18T10:31:20","slug":"yardimlasma-ve-dayanisma-fonu","status":"publish","type":"page","link":"https:\/\/atauni.edu.tr\/idari-ve-mali-isler-daire-baskanligi\/yardimlasma-ve-dayanisma-fonu\/","title":{"rendered":"YARDIMLA\u015eMA VE DAYANI\u015eMA FONU"},"content":{"rendered":"\t\t<div data-elementor-type=\"wp-page\" data-elementor-id=\"6452\" class=\"elementor elementor-6452\" data-elementor-post-type=\"page\">\n\t\t\t\t\t\t<section class=\"elementor-section elementor-top-section elementor-element elementor-element-6e744fa elementor-section-boxed elementor-section-height-default elementor-section-height-default\" data-id=\"6e744fa\" data-element_type=\"section\">\n\t\t\t\t\t\t<div class=\"elementor-container elementor-column-gap-default\">\n\t\t\t\t\t<div class=\"elementor-column elementor-col-100 elementor-top-column elementor-element elementor-element-569fda0\" data-id=\"569fda0\" data-element_type=\"column\">\n\t\t\t<div class=\"elementor-widget-wrap elementor-element-populated\">\n\t\t\t\t\t\t<div class=\"elementor-element elementor-element-fdffbc9 elementor-widget elementor-widget-text-editor\" data-id=\"fdffbc9\" data-element_type=\"widget\" data-widget_type=\"text-editor.default\">\n\t\t\t\t<div class=\"elementor-widget-container\">\n\t\t\t\t\t\t\t\t\t<p style=\"text-align: center\"><strong>ATAT\u00dcRK \u00dcN\u0130VERS\u0130TES\u0130 <\/strong><br \/><strong>YARDIMLA\u015eMA VE DAYANI\u015eMA FONU KURULMASI VE Y\u00d6NET\u0130LMES\u0130NE \u0130L\u0130\u015eK\u0130N USUL VE ESASLAR<\/strong><\/p><p><strong>B\u0130R\u0130NC\u0130 B\u00d6L\u00dcM<\/strong><br \/><strong>Ama\u00e7, Kapsam ve Tan\u0131mlar<\/strong><\/p><p><strong>Ama\u00e7 <\/strong><br \/><strong>MADDE 1 \u2013 (De\u011fi\u015fiklik: Atat\u00fcrk \u00dcniversitesi Senatosunun 13.05.2020 tarih ve 11\/79 say\u0131l\u0131 karar\u0131)<\/strong> (1) Bu esaslar\u0131n amac\u0131, Atat\u00fcrk \u00dcniversitesi Yard\u0131mla\u015fma ve Dayan\u0131\u015fma Fonunun kaynaklar\u0131 ve y\u00f6netilmesi, Fon gelirlerinin de\u011ferlendirilmesi, Fonun y\u00f6netimi, Fona \u00fcyelik, Fondan yararlanacaklar, yard\u0131m miktar\u0131 ve \u00f6denmesi, Fon ile ili\u015fi\u011fin kesilmesi ile ola\u011fan\u00fcst\u00fc durumlarda Fon kayna\u011f\u0131n\u0131n kullan\u0131lmas\u0131na ili\u015fkin usul ve esaslar\u0131 belirlemektir.<\/p><p><strong>Kapsam <\/strong><br \/><strong>MADDE 2 \u2013 (De\u011fi\u015fiklik: Atat\u00fcrk \u00dcniversitesi Senatosunun 13.05.2020 tarih ve 11\/79 say\u0131l\u0131 karar\u0131)<\/strong> (1) Bu Usul ve Esaslar; Fonun kaynaklar\u0131 ve y\u00f6netilmesi, Fon gelirlerinin de\u011ferlendirilmesi, Fonun y\u00f6netimi, Fona \u00fcyelik, Fondan yararlanacaklar, yard\u0131m miktar\u0131 ve \u00f6denmesi, Fon ile ili\u015fi\u011fin kesilmesi ile ola\u011fan\u00fcst\u00fc durumlarda Fon kayna\u011f\u0131n\u0131n kullan\u0131lmas\u0131na ili\u015fkin h\u00fck\u00fcmleri kapsar.<\/p><p><strong> Tan\u0131mlar <\/strong><br \/><strong>MADDE 3<\/strong> \u2013 (1) Bu Usul ve Esaslarda ge\u00e7en; a) Aidat: Akademik ve \u0130dari personelin maa\u015flar\u0131ndan g\u00f6n\u00fcll\u00fcl\u00fck esas\u0131na g\u00f6re yap\u0131lan ayl\u0131k kesintiyi, b) Akademik Personel: 2547 say\u0131l\u0131 Y\u00fcksek\u00f6\u011fretim Kanununa tabi \u00e7al\u0131\u015ft\u0131r\u0131lan personeli, c) Fon: Atat\u00fcrk \u00dcniversitesi Yard\u0131mla\u015fma ve Dayan\u0131\u015fma Fonunu, \u00e7) \u0130dari Personel: 657 say\u0131l\u0131 Devlet Memurlar\u0131 Kanununa tabi \u00e7al\u0131\u015ft\u0131r\u0131lan personeli, d) Personel: Atat\u00fcrk \u00dcniversitesi\u2019nde \u00e7al\u0131\u015fan akademik ve idari personeli, e) \u00dcniversite: Atat\u00fcrk \u00dcniversitesi\u2019ni, ifade eder.<\/p><p style=\"text-align: center\"><strong>\u0130K\u0130NC\u0130 B\u00d6L\u00dcM <\/strong><br \/><strong>Fonun Kaynaklar\u0131 ve Y\u00f6netilmesi <\/strong><\/p><p><strong>Fonun kaynaklar\u0131 <\/strong><br \/><strong>MADDE 4<\/strong> \u2013 (1) Fonun kaynaklar\u0131n\u0131; a) Fona d\u00e2hil olan Atat\u00fcrk \u00dcniversitesi akademik ve idari personelinin ele ge\u00e7en net maa\u015f\u0131 \u00fczerinden yap\u0131lan %0,2 (binde iki) oran\u0131ndaki g\u00f6n\u00fcll\u00fc kesintiler, b) Ba\u011f\u0131\u015f ve teberrular, olu\u015fturur.<\/p><p><strong>Fon gelirlerinin de\u011ferlendirilmesi <\/strong><br \/><strong>MADDE 5<\/strong> \u2013 (1) Fon Y\u00f6netim Kurulu, her ay elde edilecek gelirleri devlet bankalar\u0131nda en y\u00fcksek nema ile de\u011ferlendirir.<\/p><p><strong>Fonun y\u00f6netimi <\/strong><br \/><strong>MADDE 6 \u2013 (De\u011fi\u015fiklik: Atat\u00fcrk \u00dcniversitesi Senatosunun 30.12.2020 tarih ve 36\/190 say\u0131l\u0131 karar\u0131)<\/strong> (1) Fon, Fon Y\u00f6netim Kurulu taraf\u0131ndan y\u00f6netilir. (2) Fon Y\u00f6netim Kurulu; Rekt\u00f6r veya g\u00f6revlendirece\u011fi bir Rekt\u00f6r Yard\u0131mc\u0131s\u0131 ile Edebiyat, E\u011fitim, Fen, \u0130ktisadi ve \u0130dari Bilimler, \u0130lahiyat, T\u0131p ve Ziraat Fak\u00fcltesi Dekanlar\u0131, Hukuk M\u00fc\u015faviri ve \u0130dari ve Mali \u0130\u015fler Daire Ba\u015fkanl\u0131\u011f\u0131 personellerinden Rekt\u00f6r taraf\u0131ndan g\u00f6revlendirilecek bir yetkiliden olu\u015fur. (3) Fon Y\u00f6netim Kurulu salt \u00e7o\u011funlukla toplan\u0131r ve yine salt \u00e7o\u011funlukla karar verir. (4) Fonun sekretaryas\u0131, Fon Y\u00f6netim Kurulundaki \u0130dari ve Mali \u0130\u015fler Daire Ba\u015fkanl\u0131\u011f\u0131 yetkilisi taraf\u0131ndan y\u00fcr\u00fct\u00fcl\u00fcr.<\/p><p><strong>Fona \u00fcyelik <\/strong><br \/><strong>MADDE 7<\/strong> \u2013 (1) Fona \u00fcyelik, Atat\u00fcrk \u00dcniversitesi\u2019nde \u00e7al\u0131\u015fmakta olan akademik ve idari personelin yaz\u0131l\u0131 ba\u015fvurusunun Fon Y\u00f6netim Kurulu taraf\u0131ndan onaylanmas\u0131 ile ger\u00e7ekle\u015fir.<\/p><p><strong>Fondan yararlanacaklar <\/strong><br \/><strong>MADDE 8<\/strong> \u2013 (1) Fona d\u00e2hil olup halihaz\u0131rda \u00fcniversitede \u00e7al\u0131\u015fan ve aidat\u0131n\u0131 d\u00fczenli olarak yat\u0131ran personele; a) \u00d6l\u00fcm\u00fc, b) En az %70 (y\u00fczde yetmi\u015f) oran\u0131nda i\u015f g\u00f6remezlik nedeniyle malulen emeklili\u011fi, c) Kanser, verem, ak\u0131l hastal\u0131\u011f\u0131 gibi uzun s\u00fcreli bir tedaviye ihtiya\u00e7 duyulan hastal\u0131\u011f\u0131 h\u00e2linde kanuni s\u00fcre i\u00e7erisinde iyile\u015femeyip hakk\u0131nda emeklilik h\u00fck\u00fcmleri uygulanmas\u0131, durumunda miktar\u0131 dokuzuncu maddede belirlenen bir defal\u0131k parasal yard\u0131m yap\u0131l\u0131r.<\/p><p><strong> Yard\u0131m miktar\u0131 ve \u00f6denmesi <\/strong><br \/><strong>MADDE 9 \u2013 (De\u011fi\u015fiklik: Atat\u00fcrk \u00dcniversitesi Senatosunun 30.12.2020 tarih ve 36\/190 say\u0131l\u0131 karar\u0131)<\/strong> (1) Sekizinci maddede belirtilen durumlarda yap\u0131lacak parasal yard\u0131m\u0131n miktar\u0131, Fona d\u00e2hil akademik ve idari personelin \u00f6l\u00fcm durumunda yasal miras\u00e7\u0131lar\u0131n\u0131n ve di\u011fer durumlarda kendisinin yaz\u0131l\u0131 m\u00fcracaat\u0131 sonucunda fona yapm\u0131\u015f oldu\u011fu ba\u011f\u0131\u015f toplam\u0131 ve fona \u00fcyelik s\u00fcresi dikkate al\u0131narak a\u015fa\u011f\u0131daki form\u00fclle hesaplan\u0131r, ancak belirlenen miktar personelin fona yapm\u0131\u015f oldu\u011fu ba\u011f\u0131\u015f toplam\u0131n\u0131n 100 (y\u00fcz) kat\u0131n\u0131 ge\u00e7emez.<\/p><p>Akademik Personele \u00d6denecek Yard\u0131m Miktar\u0131 = Fona Yap\u0131lan Ba\u011f\u0131\u015f Toplam\u0131 x Fona \u00dcyelik S\u00fcresi (Ay)\u00a0 \/ 10<\/p><p>\u0130dari Personele \u00d6denecek Yard\u0131m Miktar\u0131 = Fona Yap\u0131lan Ba\u011f\u0131\u015f Toplam\u0131 x Fona \u00dcyelik S\u00fcresi (Ay) \/ 4<\/p><p>(2) Birinci f\u0131kraya g\u00f6re belirlenen parasal yard\u0131m miktar\u0131, \u00fcye Rekt\u00f6r Yard\u0131mc\u0131s\u0131 ve \u0130dari ve Mali \u0130\u015fler Daire Ba\u015fkanl\u0131\u011f\u0131 yetkilisinin birlikte imzas\u0131 ile bankaya verilen \u00f6deme talimat\u0131yla ilgiliye \u00f6denir.<\/p><p><strong>Fon ile ili\u015fi\u011fin kesilmesi <\/strong><br \/><strong>MADDE 10<\/strong> \u2013 (1) \u00dcniversitede \u00e7al\u0131\u015fmakta iken fondan kendi iste\u011fi ile yaz\u0131l\u0131 beyanda bulunarak ayr\u0131lma, tayin, istifa, m\u00fcstafi say\u0131lma, disiplin yoluyla g\u00f6revden uzakla\u015ft\u0131r\u0131lma, mahkeme karar\u0131 ile g\u00f6revden uzakla\u015ft\u0131r\u0131lma ve emeklilik durumlar\u0131nda personelin Fon ile ili\u015fi\u011fi kesilir ve yat\u0131r\u0131lan aidatlara kar\u015f\u0131l\u0131k hi\u00e7bir \u015fekilde geri \u00f6deme yap\u0131lmaz.<\/p><p style=\"text-align: center\"><strong>\u00dc\u00c7\u00dcNC\u00dc B\u00d6L\u00dcM <\/strong><br \/><strong>\u00c7e\u015fitli ve Son H\u00fck\u00fcmler<\/strong><\/p><p><strong>Ola\u011fan\u00fcst\u00fc durumlarda fon kayna\u011f\u0131n\u0131n kullan\u0131lmas\u0131<\/strong><br \/><strong> MADDE 11 \u2013 (Bu madde, Atat\u00fcrk \u00dcniversitesi Senatosunun 22.04.2020 tarih ve 8\/57 say\u0131l\u0131 karar\u0131 eklenmi\u015ftir.)<\/strong> (1) Do\u011fal afet, sava\u015f, kitlesel g\u00f6\u00e7 gibi ola\u011fan\u00fcst\u00fc durumlar i\u00e7in \u00dcniversite Y\u00f6netim Kurulu karar\u0131 ile insani yard\u0131m amac\u0131na y\u00f6nelik olmak \u00fczere Fonun kayna\u011f\u0131 kullan\u0131labilir.<\/p><p>(2) Bu ama\u00e7la kullan\u0131lacak miktar, her y\u0131l i\u00e7in, y\u0131l\u0131n Ocak ay\u0131 itibari ile Fonda birikmi\u015f mebla\u011f\u0131n %5 (y\u00fczde be\u015f)\u2019ini ge\u00e7emez.<\/p><p><strong>\u00d6ng\u00f6r\u00fclemeyen durumlar ve de\u011fi\u015fiklikler <\/strong><br \/><strong>MADDE 12 \u2013 (De\u011fi\u015fiklik: Atat\u00fcrk \u00dcniversitesi Senatosunun 30.12.2020 tarih ve 36\/190 say\u0131l\u0131 karar\u0131)<\/strong> (1) Bu Usul ve Esaslarda \u00d6ng\u00f6r\u00fclemeyen durumlara veya Fon ile ilgili d\u00fc\u015f\u00fcn\u00fclen de\u011fi\u015fikliklere ili\u015fkin kararlar, Fon Y\u00f6netim Kurulunun teklifi ve \u00dcniversite Y\u00f6netim Kurulunun onay\u0131 ile y\u00fcr\u00fcrl\u00fc\u011fe girer.<\/p><p><strong>Y\u00fcr\u00fcrl\u00fck <\/strong><br \/><strong>MADDE 13<\/strong> \u2013 (1) Bu Usul ve Esaslar, \u00dcniversite Senatosunda kabul edildi\u011fi tarihte y\u00fcr\u00fcrl\u00fc\u011fe girer.<\/p><p><strong>Y\u00fcr\u00fctme <\/strong><br \/><strong>MADDE 14<\/strong> \u2013 (1) Bu Usul ve Esaslar\u0131 Rekt\u00f6r y\u00fcr\u00fct\u00fcr.<\/p>\t\t\t\t\t\t\t\t<\/div>\n\t\t\t\t<\/div>\n\t\t\t\t\t<\/div>\n\t\t<\/div>\n\t\t\t\t\t<\/div>\n\t\t<\/section>\n\t\t\t\t<\/div>\n\t\t","protected":false},"excerpt":{"rendered":"<p>ATAT\u00dcRK \u00dcN\u0130VERS\u0130TES\u0130 YARDIMLA\u015eMA VE DAYANI\u015eMA FONU KURULMASI VE Y\u00d6NET\u0130LMES\u0130NE \u0130L\u0130\u015eK\u0130N USUL VE ESASLAR B\u0130R\u0130NC\u0130 B\u00d6L\u00dcMAma\u00e7, Kapsam ve Tan\u0131mlar Ama\u00e7 MADDE 1 \u2013 (De\u011fi\u015fiklik: Atat\u00fcrk \u00dcniversitesi Senatosunun 13.05.2020 tarih ve 11\/79 say\u0131l\u0131 karar\u0131) (1) Bu esaslar\u0131n amac\u0131, Atat\u00fcrk \u00dcniversitesi Yard\u0131mla\u015fma ve Dayan\u0131\u015fma Fonunun kaynaklar\u0131 ve y\u00f6netilmesi, Fon gelirlerinin de\u011ferlendirilmesi, Fonun y\u00f6netimi, Fona \u00fcyelik, Fondan yararlanacaklar, yard\u0131m [&hellip;]<\/p>\n","protected":false},"author":292,"featured_media":0,"parent":0,"menu_order":0,"comment_status":"closed","ping_status":"closed","template":"","meta":{"footnotes":""},"class_list":["post-6452","page","type-page","status-publish","hentry"],"_links":{"self":[{"href":"https:\/\/atauni.edu.tr\/idari-ve-mali-isler-daire-baskanligi\/wp-json\/wp\/v2\/pages\/6452","targetHints":{"allow":["GET"]}}],"collection":[{"href":"https:\/\/atauni.edu.tr\/idari-ve-mali-isler-daire-baskanligi\/wp-json\/wp\/v2\/pages"}],"about":[{"href":"https:\/\/atauni.edu.tr\/idari-ve-mali-isler-daire-baskanligi\/wp-json\/wp\/v2\/types\/page"}],"author":[{"embeddable":true,"href":"https:\/\/atauni.edu.tr\/idari-ve-mali-isler-daire-baskanligi\/wp-json\/wp\/v2\/users\/292"}],"replies":[{"embeddable":true,"href":"https:\/\/atauni.edu.tr\/idari-ve-mali-isler-daire-baskanligi\/wp-json\/wp\/v2\/comments?post=6452"}],"version-history":[{"count":20,"href":"https:\/\/atauni.edu.tr\/idari-ve-mali-isler-daire-baskanligi\/wp-json\/wp\/v2\/pages\/6452\/revisions"}],"predecessor-version":[{"id":6473,"href":"https:\/\/atauni.edu.tr\/idari-ve-mali-isler-daire-baskanligi\/wp-json\/wp\/v2\/pages\/6452\/revisions\/6473"}],"wp:attachment":[{"href":"https:\/\/atauni.edu.tr\/idari-ve-mali-isler-daire-baskanligi\/wp-json\/wp\/v2\/media?parent=6452"}],"curies":[{"name":"wp","href":"https:\/\/api.w.org\/{rel}","templated":true}]}}