{"id":5682,"date":"2021-07-13T10:10:01","date_gmt":"2021-07-13T07:10:01","guid":{"rendered":"https:\/\/portaltest.atauni.edu.tr\/bilgisayar-muhendisligi\/?page_id=5682"},"modified":"2025-01-17T14:10:19","modified_gmt":"2025-01-17T11:10:19","slug":"misyon-vizyon-ve-temel-degerler","status":"publish","type":"page","link":"https:\/\/atauni.edu.tr\/iklim-degisikligi-koordinatorlugu\/misyon-vizyon-ve-temel-degerler\/","title":{"rendered":"Kurulu\u015f amac\u0131"},"content":{"rendered":"\t\t<div data-elementor-type=\"wp-page\" data-elementor-id=\"5682\" class=\"elementor elementor-5682\" data-elementor-post-type=\"page\">\n\t\t\t\t\t\t<section class=\"elementor-section elementor-top-section elementor-element elementor-element-730d320 elementor-section-boxed elementor-section-height-default elementor-section-height-default\" data-id=\"730d320\" data-element_type=\"section\">\n\t\t\t\t\t\t<div class=\"elementor-container elementor-column-gap-default\">\n\t\t\t\t\t<div class=\"elementor-column elementor-col-100 elementor-top-column elementor-element elementor-element-753d0860\" data-id=\"753d0860\" data-element_type=\"column\">\n\t\t\t<div class=\"elementor-widget-wrap\">\n\t\t\t\t\t\t\t<\/div>\n\t\t<\/div>\n\t\t\t\t\t<\/div>\n\t\t<\/section>\n\t\t\t\t<section class=\"elementor-section elementor-top-section elementor-element elementor-element-9be811a elementor-section-boxed elementor-section-height-default elementor-section-height-default\" data-id=\"9be811a\" data-element_type=\"section\">\n\t\t\t\t\t\t<div class=\"elementor-container elementor-column-gap-default\">\n\t\t\t\t\t<div class=\"elementor-column elementor-col-100 elementor-top-column elementor-element elementor-element-1ed847b7\" data-id=\"1ed847b7\" data-element_type=\"column\">\n\t\t\t<div class=\"elementor-widget-wrap elementor-element-populated\">\n\t\t\t\t\t\t<div class=\"elementor-element elementor-element-4ce0d07f elementor-widget elementor-widget-heading\" data-id=\"4ce0d07f\" data-element_type=\"widget\" data-widget_type=\"heading.default\">\n\t\t\t\t<div class=\"elementor-widget-container\">\n\t\t\t\t\t<h2 class=\"elementor-heading-title elementor-size-default\"><p lang=\"tr-TR\" align=\"justify\" style=\"background-image: initial;background-position: initial;background-size: initial;background-repeat: initial;background-attachment: initial\"><span style=\"border: none;padding: 0cm\"><font color=\"#000000\"><font face=\"Cambria, serif\">Kurulu\u015f amac\u0131<\/font><\/font><\/span><span style=\"text-align: left;letter-spacing: 0px\"><\/span><\/p><\/h2>\t\t\t\t<\/div>\n\t\t\t\t<\/div>\n\t\t\t\t<div class=\"elementor-element elementor-element-63260862 elementor-widget-divider--view-line elementor-widget elementor-widget-divider\" data-id=\"63260862\" data-element_type=\"widget\" data-widget_type=\"divider.default\">\n\t\t\t\t<div class=\"elementor-widget-container\">\n\t\t\t\t\t\t\t<div class=\"elementor-divider\">\n\t\t\t<span class=\"elementor-divider-separator\">\n\t\t\t\t\t\t<\/span>\n\t\t<\/div>\n\t\t\t\t\t\t<\/div>\n\t\t\t\t<\/div>\n\t\t\t\t\t<\/div>\n\t\t<\/div>\n\t\t\t\t\t<\/div>\n\t\t<\/section>\n\t\t\t\t<section class=\"elementor-section elementor-top-section elementor-element elementor-element-681db8b elementor-section-boxed elementor-section-height-default elementor-section-height-default\" data-id=\"681db8b\" data-element_type=\"section\">\n\t\t\t\t\t\t<div class=\"elementor-container elementor-column-gap-default\">\n\t\t\t\t\t<div class=\"elementor-column elementor-col-100 elementor-top-column elementor-element elementor-element-ad4dac5\" data-id=\"ad4dac5\" data-element_type=\"column\">\n\t\t\t<div class=\"elementor-widget-wrap elementor-element-populated\">\n\t\t\t\t\t\t<div class=\"elementor-element elementor-element-2f96b3d elementor-widget elementor-widget-text-editor\" data-id=\"2f96b3d\" data-element_type=\"widget\" data-widget_type=\"text-editor.default\">\n\t\t\t\t<div class=\"elementor-widget-container\">\n\t\t\t\t\t\t\t\t\t<p lang=\"tr-TR\" align=\"justify\"><span style=\"font-family: Cambria, serif\">\u00dcniversitemiz b\u00fcnyesinde iklim de\u011fi\u015fikli\u011fi alan\u0131nda yerel, b\u00f6lgesel ve ulusal \u00f6l\u00e7ekte strateji ve politikalar\u0131n geli\u015ftirilmesine katk\u0131 sa\u011flamak, bireylerde ve toplumda iklim de\u011fi\u015fikli\u011fi ile ilgili fark\u0131ndal\u0131k olu\u015fturmak, iklim de\u011fi\u015fikli\u011fi konular\u0131nda bilimsel \u00e7al\u0131\u015fmalar ve projelerle ilgili planlanma, y\u00fcr\u00fctme ve de\u011ferlendirme s\u00fcre\u00e7lerinde i\u015f birli\u011fi yapmak ve destek vermektir.<\/span><\/p>\t\t\t\t\t\t\t\t<\/div>\n\t\t\t\t<\/div>\n\t\t\t\t\t<\/div>\n\t\t<\/div>\n\t\t\t\t\t<\/div>\n\t\t<\/section>\n\t\t\t\t<\/div>\n\t\t","protected":false},"excerpt":{"rendered":"<p>Kurulu\u015f amac\u0131 \u00dcniversitemiz b\u00fcnyesinde iklim de\u011fi\u015fikli\u011fi alan\u0131nda yerel, b\u00f6lgesel ve ulusal \u00f6l\u00e7ekte strateji ve politikalar\u0131n geli\u015ftirilmesine katk\u0131 sa\u011flamak, bireylerde ve toplumda iklim de\u011fi\u015fikli\u011fi ile ilgili fark\u0131ndal\u0131k olu\u015fturmak, iklim de\u011fi\u015fikli\u011fi konular\u0131nda bilimsel \u00e7al\u0131\u015fmalar ve projelerle ilgili planlanma, y\u00fcr\u00fctme ve de\u011ferlendirme s\u00fcre\u00e7lerinde i\u015f birli\u011fi yapmak ve destek vermektir.<\/p>\n","protected":false},"author":1,"featured_media":0,"parent":0,"menu_order":0,"comment_status":"closed","ping_status":"closed","template":"elementor_header_footer","meta":{"footnotes":""},"class_list":["post-5682","page","type-page","status-publish","hentry"],"_links":{"self":[{"href":"https:\/\/atauni.edu.tr\/iklim-degisikligi-koordinatorlugu\/wp-json\/wp\/v2\/pages\/5682","targetHints":{"allow":["GET"]}}],"collection":[{"href":"https:\/\/atauni.edu.tr\/iklim-degisikligi-koordinatorlugu\/wp-json\/wp\/v2\/pages"}],"about":[{"href":"https:\/\/atauni.edu.tr\/iklim-degisikligi-koordinatorlugu\/wp-json\/wp\/v2\/types\/page"}],"author":[{"embeddable":true,"href":"https:\/\/atauni.edu.tr\/iklim-degisikligi-koordinatorlugu\/wp-json\/wp\/v2\/users\/1"}],"replies":[{"embeddable":true,"href":"https:\/\/atauni.edu.tr\/iklim-degisikligi-koordinatorlugu\/wp-json\/wp\/v2\/comments?post=5682"}],"version-history":[{"count":21,"href":"https:\/\/atauni.edu.tr\/iklim-degisikligi-koordinatorlugu\/wp-json\/wp\/v2\/pages\/5682\/revisions"}],"predecessor-version":[{"id":6207,"href":"https:\/\/atauni.edu.tr\/iklim-degisikligi-koordinatorlugu\/wp-json\/wp\/v2\/pages\/5682\/revisions\/6207"}],"wp:attachment":[{"href":"https:\/\/atauni.edu.tr\/iklim-degisikligi-koordinatorlugu\/wp-json\/wp\/v2\/media?parent=5682"}],"curies":[{"name":"wp","href":"https:\/\/api.w.org\/{rel}","templated":true}]}}