{"id":5700,"date":"2021-07-13T10:17:09","date_gmt":"2021-07-13T07:17:09","guid":{"rendered":"https:\/\/portaltest.atauni.edu.tr\/bilgisayar-muhendisligi\/?page_id=5700"},"modified":"2025-03-22T16:02:12","modified_gmt":"2025-03-22T13:02:12","slug":"personel","status":"publish","type":"page","link":"https:\/\/atauni.edu.tr\/iklim-degisikligi-koordinatorlugu\/personel\/","title":{"rendered":"Personel"},"content":{"rendered":"\t\t<div data-elementor-type=\"wp-page\" data-elementor-id=\"5700\" class=\"elementor elementor-5700\" data-elementor-post-type=\"page\">\n\t\t\t\t\t\t<section class=\"elementor-section elementor-top-section elementor-element elementor-element-8100aa2 elementor-section-boxed elementor-section-height-default elementor-section-height-default\" data-id=\"8100aa2\" data-element_type=\"section\">\n\t\t\t\t\t\t<div class=\"elementor-container elementor-column-gap-default\">\n\t\t\t\t\t<div class=\"elementor-column elementor-col-100 elementor-top-column elementor-element elementor-element-b4d80ca\" data-id=\"b4d80ca\" data-element_type=\"column\">\n\t\t\t<div class=\"elementor-widget-wrap elementor-element-populated\">\n\t\t\t\t\t\t<section class=\"elementor-section elementor-inner-section elementor-element elementor-element-65cd273 elementor-section-boxed elementor-section-height-default elementor-section-height-default\" data-id=\"65cd273\" data-element_type=\"section\">\n\t\t\t\t\t\t<div class=\"elementor-container elementor-column-gap-default\">\n\t\t\t\t\t<div class=\"elementor-column elementor-col-50 elementor-inner-column elementor-element elementor-element-843e9f5\" data-id=\"843e9f5\" data-element_type=\"column\">\n\t\t\t<div class=\"elementor-widget-wrap elementor-element-populated\">\n\t\t\t\t\t\t<div class=\"elementor-element elementor-element-c81d846 elementor-widget elementor-widget-heading\" data-id=\"c81d846\" data-element_type=\"widget\" data-widget_type=\"heading.default\">\n\t\t\t\t<div class=\"elementor-widget-container\">\n\t\t\t\t\t<h2 class=\"elementor-heading-title elementor-size-default\">K\u0131smi Zamanl\u0131 <\/h2>\t\t\t\t<\/div>\n\t\t\t\t<\/div>\n\t\t\t\t\t<\/div>\n\t\t<\/div>\n\t\t\t\t<div class=\"elementor-column elementor-col-50 elementor-inner-column elementor-element elementor-element-b534c1c\" data-id=\"b534c1c\" data-element_type=\"column\">\n\t\t\t<div class=\"elementor-widget-wrap\">\n\t\t\t\t\t\t\t<\/div>\n\t\t<\/div>\n\t\t\t\t\t<\/div>\n\t\t<\/section>\n\t\t\t\t<section class=\"elementor-section elementor-inner-section elementor-element elementor-element-3c57c83 elementor-section-boxed elementor-section-height-default elementor-section-height-default\" data-id=\"3c57c83\" data-element_type=\"section\">\n\t\t\t\t\t\t<div class=\"elementor-container elementor-column-gap-default\">\n\t\t\t\t\t<div class=\"elementor-column elementor-col-50 elementor-inner-column elementor-element elementor-element-a0cdfbd\" data-id=\"a0cdfbd\" data-element_type=\"column\">\n\t\t\t<div class=\"elementor-widget-wrap elementor-element-populated\">\n\t\t\t\t\t\t<div class=\"elementor-element elementor-element-a942a88 elementor-widget elementor-widget-image\" data-id=\"a942a88\" data-element_type=\"widget\" data-widget_type=\"image.default\">\n\t\t\t\t<div class=\"elementor-widget-container\">\n\t\t\t\t\t\t\t\t\t\t\t\t\t\t\t<img fetchpriority=\"high\" decoding=\"async\" width=\"808\" height=\"1024\" src=\"https:\/\/atauni.edu.tr\/iklim-degisikligi-koordinatorlugu\/wp-content\/uploads\/sites\/789\/2025\/03\/ben-808x1024.jpg\" class=\"attachment-large size-large wp-image-6460\" alt=\"\" srcset=\"https:\/\/atauni.edu.tr\/iklim-degisikligi-koordinatorlugu\/wp-content\/uploads\/sites\/789\/2025\/03\/ben-808x1024.jpg 808w, https:\/\/atauni.edu.tr\/iklim-degisikligi-koordinatorlugu\/wp-content\/uploads\/sites\/789\/2025\/03\/ben-237x300.jpg 237w, https:\/\/atauni.edu.tr\/iklim-degisikligi-koordinatorlugu\/wp-content\/uploads\/sites\/789\/2025\/03\/ben-768x974.jpg 768w, https:\/\/atauni.edu.tr\/iklim-degisikligi-koordinatorlugu\/wp-content\/uploads\/sites\/789\/2025\/03\/ben-1212x1536.jpg 1212w, https:\/\/atauni.edu.tr\/iklim-degisikligi-koordinatorlugu\/wp-content\/uploads\/sites\/789\/2025\/03\/ben-473x600.jpg 473w, https:\/\/atauni.edu.tr\/iklim-degisikligi-koordinatorlugu\/wp-content\/uploads\/sites\/789\/2025\/03\/ben-442x560.jpg 442w, https:\/\/atauni.edu.tr\/iklim-degisikligi-koordinatorlugu\/wp-content\/uploads\/sites\/789\/2025\/03\/ben.jpg 1262w\" sizes=\"(max-width: 808px) 100vw, 808px\" \/>\t\t\t\t\t\t\t\t\t\t\t\t\t\t\t<\/div>\n\t\t\t\t<\/div>\n\t\t\t\t\t<\/div>\n\t\t<\/div>\n\t\t\t\t<div class=\"elementor-column elementor-col-50 elementor-inner-column elementor-element elementor-element-f24e730\" data-id=\"f24e730\" data-element_type=\"column\">\n\t\t\t<div class=\"elementor-widget-wrap elementor-element-populated\">\n\t\t\t\t\t\t<div class=\"elementor-element elementor-element-812e6a1 elementor-widget elementor-widget-text-editor\" data-id=\"812e6a1\" data-element_type=\"widget\" data-widget_type=\"text-editor.default\">\n\t\t\t\t<div class=\"elementor-widget-container\">\n\t\t\t\t\t\t\t\t\t<p>\u015eeyda K\u0131l\u0131\u00e7<\/p>\t\t\t\t\t\t\t\t<\/div>\n\t\t\t\t<\/div>\n\t\t\t\t\t<\/div>\n\t\t<\/div>\n\t\t\t\t\t<\/div>\n\t\t<\/section>\n\t\t\t\t\t<\/div>\n\t\t<\/div>\n\t\t\t\t\t<\/div>\n\t\t<\/section>\n\t\t\t\t<section class=\"elementor-section elementor-top-section elementor-element elementor-element-82159a7 elementor-section-boxed elementor-section-height-default elementor-section-height-default\" data-id=\"82159a7\" data-element_type=\"section\">\n\t\t\t\t\t\t<div class=\"elementor-container elementor-column-gap-default\">\n\t\t\t\t\t<div class=\"elementor-column elementor-col-100 elementor-top-column elementor-element elementor-element-10b71b8\" data-id=\"10b71b8\" data-element_type=\"column\">\n\t\t\t<div class=\"elementor-widget-wrap elementor-element-populated\">\n\t\t\t\t\t\t<section class=\"elementor-section elementor-inner-section elementor-element elementor-element-298fc9d elementor-section-boxed elementor-section-height-default elementor-section-height-default\" data-id=\"298fc9d\" data-element_type=\"section\">\n\t\t\t\t\t\t<div class=\"elementor-container elementor-column-gap-default\">\n\t\t\t\t\t<div class=\"elementor-column elementor-col-50 elementor-inner-column elementor-element elementor-element-4662917\" data-id=\"4662917\" data-element_type=\"column\">\n\t\t\t<div class=\"elementor-widget-wrap elementor-element-populated\">\n\t\t\t\t\t\t<div class=\"elementor-element elementor-element-fae082b elementor-widget__width-initial elementor-widget elementor-widget-text-editor\" data-id=\"fae082b\" data-element_type=\"widget\" data-widget_type=\"text-editor.default\">\n\t\t\t\t<div class=\"elementor-widget-container\">\n\t\t\t\t\t\t\t\t\t<p style=\"text-align: right\">Ay\u015fe Yaz\u0131c\u0131<\/p>\t\t\t\t\t\t\t\t<\/div>\n\t\t\t\t<\/div>\n\t\t\t\t\t<\/div>\n\t\t<\/div>\n\t\t\t\t<div class=\"elementor-column elementor-col-50 elementor-inner-column elementor-element elementor-element-cb8a1c5\" data-id=\"cb8a1c5\" data-element_type=\"column\">\n\t\t\t<div class=\"elementor-widget-wrap elementor-element-populated\">\n\t\t\t\t\t\t<div class=\"elementor-element elementor-element-5f84746 elementor-widget elementor-widget-image\" data-id=\"5f84746\" data-element_type=\"widget\" data-widget_type=\"image.default\">\n\t\t\t\t<div class=\"elementor-widget-container\">\n\t\t\t\t\t\t\t\t\t\t\t\t\t\t\t<img decoding=\"async\" width=\"225\" height=\"300\" src=\"https:\/\/atauni.edu.tr\/iklim-degisikligi-koordinatorlugu\/wp-content\/uploads\/sites\/789\/2025\/03\/ayse2-225x300.jpg\" class=\"attachment-medium size-medium wp-image-6471\" alt=\"\" srcset=\"https:\/\/atauni.edu.tr\/iklim-degisikligi-koordinatorlugu\/wp-content\/uploads\/sites\/789\/2025\/03\/ayse2-225x300.jpg 225w, https:\/\/atauni.edu.tr\/iklim-degisikligi-koordinatorlugu\/wp-content\/uploads\/sites\/789\/2025\/03\/ayse2-768x1024.jpg 768w, https:\/\/atauni.edu.tr\/iklim-degisikligi-koordinatorlugu\/wp-content\/uploads\/sites\/789\/2025\/03\/ayse2-1152x1536.jpg 1152w, https:\/\/atauni.edu.tr\/iklim-degisikligi-koordinatorlugu\/wp-content\/uploads\/sites\/789\/2025\/03\/ayse2-1536x2048.jpg 1536w, https:\/\/atauni.edu.tr\/iklim-degisikligi-koordinatorlugu\/wp-content\/uploads\/sites\/789\/2025\/03\/ayse2-450x600.jpg 450w, https:\/\/atauni.edu.tr\/iklim-degisikligi-koordinatorlugu\/wp-content\/uploads\/sites\/789\/2025\/03\/ayse2-420x560.jpg 420w, https:\/\/atauni.edu.tr\/iklim-degisikligi-koordinatorlugu\/wp-content\/uploads\/sites\/789\/2025\/03\/ayse2-scaled.jpg 1920w\" sizes=\"(max-width: 225px) 100vw, 225px\" \/>\t\t\t\t\t\t\t\t\t\t\t\t\t\t\t<\/div>\n\t\t\t\t<\/div>\n\t\t\t\t\t<\/div>\n\t\t<\/div>\n\t\t\t\t\t<\/div>\n\t\t<\/section>\n\t\t\t\t\t<\/div>\n\t\t<\/div>\n\t\t\t\t\t<\/div>\n\t\t<\/section>\n\t\t\t\t<section class=\"elementor-section elementor-top-section elementor-element elementor-element-0ffe234 elementor-section-boxed elementor-section-height-default elementor-section-height-default\" data-id=\"0ffe234\" data-element_type=\"section\">\n\t\t\t\t\t\t<div class=\"elementor-container elementor-column-gap-default\">\n\t\t\t\t\t<div class=\"elementor-column elementor-col-100 elementor-top-column elementor-element elementor-element-096296d\" data-id=\"096296d\" data-element_type=\"column\">\n\t\t\t<div class=\"elementor-widget-wrap elementor-element-populated\">\n\t\t\t\t\t\t<section class=\"elementor-section elementor-inner-section elementor-element elementor-element-ad8a6fc elementor-section-boxed elementor-section-height-default elementor-section-height-default\" data-id=\"ad8a6fc\" data-element_type=\"section\">\n\t\t\t\t\t\t<div class=\"elementor-container elementor-column-gap-default\">\n\t\t\t\t\t<div class=\"elementor-column elementor-col-50 elementor-inner-column elementor-element elementor-element-2473859\" data-id=\"2473859\" data-element_type=\"column\">\n\t\t\t<div class=\"elementor-widget-wrap elementor-element-populated\">\n\t\t\t\t\t\t<div class=\"elementor-element elementor-element-56aa7b9 elementor-widget elementor-widget-heading\" data-id=\"56aa7b9\" data-element_type=\"widget\" data-widget_type=\"heading.default\">\n\t\t\t\t<div class=\"elementor-widget-container\">\n\t\t\t\t\t<h2 class=\"elementor-heading-title elementor-size-default\">\u0130\u015eKUR Gen\u00e7lik Program\u0131 <\/h2>\t\t\t\t<\/div>\n\t\t\t\t<\/div>\n\t\t\t\t\t<\/div>\n\t\t<\/div>\n\t\t\t\t<div class=\"elementor-column elementor-col-50 elementor-inner-column elementor-element elementor-element-57bde51\" data-id=\"57bde51\" data-element_type=\"column\">\n\t\t\t<div class=\"elementor-widget-wrap\">\n\t\t\t\t\t\t\t<\/div>\n\t\t<\/div>\n\t\t\t\t\t<\/div>\n\t\t<\/section>\n\t\t\t\t\t<\/div>\n\t\t<\/div>\n\t\t\t\t\t<\/div>\n\t\t<\/section>\n\t\t\t\t<section class=\"elementor-section elementor-top-section elementor-element elementor-element-a54a8e3 elementor-section-boxed elementor-section-height-default elementor-section-height-default\" data-id=\"a54a8e3\" data-element_type=\"section\">\n\t\t\t\t\t\t<div class=\"elementor-container elementor-column-gap-default\">\n\t\t\t\t\t<div class=\"elementor-column elementor-col-100 elementor-top-column elementor-element elementor-element-5959397\" data-id=\"5959397\" data-element_type=\"column\">\n\t\t\t<div class=\"elementor-widget-wrap elementor-element-populated\">\n\t\t\t\t\t\t<section class=\"elementor-section elementor-inner-section elementor-element elementor-element-4b9309b elementor-section-boxed elementor-section-height-default elementor-section-height-default\" data-id=\"4b9309b\" data-element_type=\"section\">\n\t\t\t\t\t\t<div class=\"elementor-container elementor-column-gap-default\">\n\t\t\t\t\t<div class=\"elementor-column elementor-col-50 elementor-inner-column elementor-element elementor-element-5c436db\" data-id=\"5c436db\" data-element_type=\"column\">\n\t\t\t<div class=\"elementor-widget-wrap elementor-element-populated\">\n\t\t\t\t\t\t<div class=\"elementor-element elementor-element-ea87da5 elementor-widget elementor-widget-image\" data-id=\"ea87da5\" data-element_type=\"widget\" data-widget_type=\"image.default\">\n\t\t\t\t<div class=\"elementor-widget-container\">\n\t\t\t\t\t\t\t\t\t\t\t\t\t\t\t<img decoding=\"async\" width=\"239\" height=\"300\" src=\"https:\/\/atauni.edu.tr\/iklim-degisikligi-koordinatorlugu\/wp-content\/uploads\/sites\/789\/2025\/03\/fehime-239x300.jpg\" class=\"attachment-medium size-medium wp-image-6444\" alt=\"\" srcset=\"https:\/\/atauni.edu.tr\/iklim-degisikligi-koordinatorlugu\/wp-content\/uploads\/sites\/789\/2025\/03\/fehime-239x300.jpg 239w, https:\/\/atauni.edu.tr\/iklim-degisikligi-koordinatorlugu\/wp-content\/uploads\/sites\/789\/2025\/03\/fehime-817x1024.jpg 817w, https:\/\/atauni.edu.tr\/iklim-degisikligi-koordinatorlugu\/wp-content\/uploads\/sites\/789\/2025\/03\/fehime-768x963.jpg 768w, https:\/\/atauni.edu.tr\/iklim-degisikligi-koordinatorlugu\/wp-content\/uploads\/sites\/789\/2025\/03\/fehime-1226x1536.jpg 1226w, https:\/\/atauni.edu.tr\/iklim-degisikligi-koordinatorlugu\/wp-content\/uploads\/sites\/789\/2025\/03\/fehime-479x600.jpg 479w, https:\/\/atauni.edu.tr\/iklim-degisikligi-koordinatorlugu\/wp-content\/uploads\/sites\/789\/2025\/03\/fehime-447x560.jpg 447w, https:\/\/atauni.edu.tr\/iklim-degisikligi-koordinatorlugu\/wp-content\/uploads\/sites\/789\/2025\/03\/fehime.jpg 1634w\" sizes=\"(max-width: 239px) 100vw, 239px\" \/>\t\t\t\t\t\t\t\t\t\t\t\t\t\t\t<\/div>\n\t\t\t\t<\/div>\n\t\t\t\t\t<\/div>\n\t\t<\/div>\n\t\t\t\t<div class=\"elementor-column elementor-col-50 elementor-inner-column elementor-element elementor-element-c348cf9\" data-id=\"c348cf9\" data-element_type=\"column\">\n\t\t\t<div class=\"elementor-widget-wrap elementor-element-populated\">\n\t\t\t\t\t\t<div class=\"elementor-element elementor-element-7dcc0ef elementor-widget elementor-widget-text-editor\" data-id=\"7dcc0ef\" data-element_type=\"widget\" data-widget_type=\"text-editor.default\">\n\t\t\t\t<div class=\"elementor-widget-container\">\n\t\t\t\t\t\t\t\t\t<p>Fehime \u00c7elik<\/p>\t\t\t\t\t\t\t\t<\/div>\n\t\t\t\t<\/div>\n\t\t\t\t\t<\/div>\n\t\t<\/div>\n\t\t\t\t\t<\/div>\n\t\t<\/section>\n\t\t\t\t\t<\/div>\n\t\t<\/div>\n\t\t\t\t\t<\/div>\n\t\t<\/section>\n\t\t\t\t<section class=\"elementor-section elementor-top-section elementor-element elementor-element-da1f939 elementor-section-boxed elementor-section-height-default elementor-section-height-default\" data-id=\"da1f939\" data-element_type=\"section\">\n\t\t\t\t\t\t<div class=\"elementor-container elementor-column-gap-default\">\n\t\t\t\t\t<div class=\"elementor-column elementor-col-100 elementor-top-column elementor-element elementor-element-285ab53\" data-id=\"285ab53\" data-element_type=\"column\">\n\t\t\t<div class=\"elementor-widget-wrap elementor-element-populated\">\n\t\t\t\t\t\t<section class=\"elementor-section elementor-inner-section elementor-element elementor-element-6d60bca elementor-section-boxed elementor-section-height-default elementor-section-height-default\" data-id=\"6d60bca\" data-element_type=\"section\">\n\t\t\t\t\t\t<div class=\"elementor-container elementor-column-gap-default\">\n\t\t\t\t\t<div class=\"elementor-column elementor-col-50 elementor-inner-column elementor-element elementor-element-a0b8e9b\" data-id=\"a0b8e9b\" data-element_type=\"column\">\n\t\t\t<div class=\"elementor-widget-wrap elementor-element-populated\">\n\t\t\t\t\t\t<div class=\"elementor-element elementor-element-cf86a4f elementor-widget elementor-widget-text-editor\" data-id=\"cf86a4f\" data-element_type=\"widget\" data-widget_type=\"text-editor.default\">\n\t\t\t\t<div class=\"elementor-widget-container\">\n\t\t\t\t\t\t\t\t\t<p style=\"text-align: right\">Esma Nur Akg\u00fcn<\/p>\t\t\t\t\t\t\t\t<\/div>\n\t\t\t\t<\/div>\n\t\t\t\t\t<\/div>\n\t\t<\/div>\n\t\t\t\t<div class=\"elementor-column elementor-col-50 elementor-inner-column elementor-element elementor-element-de065cf\" data-id=\"de065cf\" data-element_type=\"column\">\n\t\t\t<div class=\"elementor-widget-wrap elementor-element-populated\">\n\t\t\t\t\t\t<div class=\"elementor-element elementor-element-ba7462c elementor-widget elementor-widget-image\" data-id=\"ba7462c\" data-element_type=\"widget\" data-widget_type=\"image.default\">\n\t\t\t\t<div class=\"elementor-widget-container\">\n\t\t\t\t\t\t\t\t\t\t\t\t\t\t\t<img loading=\"lazy\" decoding=\"async\" width=\"246\" height=\"300\" src=\"https:\/\/atauni.edu.tr\/iklim-degisikligi-koordinatorlugu\/wp-content\/uploads\/sites\/789\/2025\/03\/esma-246x300.jpg\" class=\"attachment-medium size-medium wp-image-6442\" alt=\"\" srcset=\"https:\/\/atauni.edu.tr\/iklim-degisikligi-koordinatorlugu\/wp-content\/uploads\/sites\/789\/2025\/03\/esma-246x300.jpg 246w, https:\/\/atauni.edu.tr\/iklim-degisikligi-koordinatorlugu\/wp-content\/uploads\/sites\/789\/2025\/03\/esma.jpg 294w\" sizes=\"(max-width: 246px) 100vw, 246px\" \/>\t\t\t\t\t\t\t\t\t\t\t\t\t\t\t<\/div>\n\t\t\t\t<\/div>\n\t\t\t\t\t<\/div>\n\t\t<\/div>\n\t\t\t\t\t<\/div>\n\t\t<\/section>\n\t\t\t\t\t<\/div>\n\t\t<\/div>\n\t\t\t\t\t<\/div>\n\t\t<\/section>\n\t\t\t\t<section class=\"elementor-section elementor-top-section elementor-element elementor-element-c152f5f elementor-section-boxed elementor-section-height-default elementor-section-height-default\" data-id=\"c152f5f\" data-element_type=\"section\">\n\t\t\t\t\t\t<div class=\"elementor-container elementor-column-gap-default\">\n\t\t\t\t\t<div class=\"elementor-column elementor-col-100 elementor-top-column elementor-element elementor-element-8ae6eb7\" data-id=\"8ae6eb7\" data-element_type=\"column\">\n\t\t\t<div class=\"elementor-widget-wrap elementor-element-populated\">\n\t\t\t\t\t\t<section class=\"elementor-section elementor-inner-section elementor-element elementor-element-75a54b0 elementor-section-boxed elementor-section-height-default elementor-section-height-default\" data-id=\"75a54b0\" data-element_type=\"section\">\n\t\t\t\t\t\t<div class=\"elementor-container elementor-column-gap-default\">\n\t\t\t\t\t<div class=\"elementor-column elementor-col-50 elementor-inner-column elementor-element elementor-element-2d50fa4\" data-id=\"2d50fa4\" data-element_type=\"column\">\n\t\t\t<div class=\"elementor-widget-wrap elementor-element-populated\">\n\t\t\t\t\t\t<div class=\"elementor-element elementor-element-365c968 elementor-widget elementor-widget-image\" data-id=\"365c968\" data-element_type=\"widget\" data-widget_type=\"image.default\">\n\t\t\t\t<div class=\"elementor-widget-container\">\n\t\t\t\t\t\t\t\t\t\t\t\t\t\t\t<img loading=\"lazy\" decoding=\"async\" width=\"768\" height=\"1024\" src=\"https:\/\/atauni.edu.tr\/iklim-degisikligi-koordinatorlugu\/wp-content\/uploads\/sites\/789\/2025\/03\/gok-768x1024.jpg\" class=\"attachment-large size-large wp-image-6455\" alt=\"\" srcset=\"https:\/\/atauni.edu.tr\/iklim-degisikligi-koordinatorlugu\/wp-content\/uploads\/sites\/789\/2025\/03\/gok-768x1024.jpg 768w, https:\/\/atauni.edu.tr\/iklim-degisikligi-koordinatorlugu\/wp-content\/uploads\/sites\/789\/2025\/03\/gok-225x300.jpg 225w, https:\/\/atauni.edu.tr\/iklim-degisikligi-koordinatorlugu\/wp-content\/uploads\/sites\/789\/2025\/03\/gok-450x600.jpg 450w, https:\/\/atauni.edu.tr\/iklim-degisikligi-koordinatorlugu\/wp-content\/uploads\/sites\/789\/2025\/03\/gok-420x560.jpg 420w, https:\/\/atauni.edu.tr\/iklim-degisikligi-koordinatorlugu\/wp-content\/uploads\/sites\/789\/2025\/03\/gok.jpg 1134w\" sizes=\"(max-width: 768px) 100vw, 768px\" \/>\t\t\t\t\t\t\t\t\t\t\t\t\t\t\t<\/div>\n\t\t\t\t<\/div>\n\t\t\t\t\t<\/div>\n\t\t<\/div>\n\t\t\t\t<div class=\"elementor-column elementor-col-50 elementor-inner-column elementor-element elementor-element-d10f741\" data-id=\"d10f741\" data-element_type=\"column\">\n\t\t\t<div class=\"elementor-widget-wrap elementor-element-populated\">\n\t\t\t\t\t\t<div class=\"elementor-element elementor-element-bf03e32 elementor-widget elementor-widget-text-editor\" data-id=\"bf03e32\" data-element_type=\"widget\" data-widget_type=\"text-editor.default\">\n\t\t\t\t<div class=\"elementor-widget-container\">\n\t\t\t\t\t\t\t\t\t<p>G\u00f6khan \u00d6zbay<\/p>\t\t\t\t\t\t\t\t<\/div>\n\t\t\t\t<\/div>\n\t\t\t\t\t<\/div>\n\t\t<\/div>\n\t\t\t\t\t<\/div>\n\t\t<\/section>\n\t\t\t\t\t<\/div>\n\t\t<\/div>\n\t\t\t\t\t<\/div>\n\t\t<\/section>\n\t\t\t\t<section class=\"elementor-section elementor-top-section elementor-element elementor-element-423b790 elementor-section-boxed elementor-section-height-default elementor-section-height-default\" data-id=\"423b790\" data-element_type=\"section\">\n\t\t\t\t\t\t<div class=\"elementor-container elementor-column-gap-default\">\n\t\t\t\t\t<div class=\"elementor-column elementor-col-100 elementor-top-column elementor-element elementor-element-d0ec19d\" data-id=\"d0ec19d\" data-element_type=\"column\">\n\t\t\t<div class=\"elementor-widget-wrap elementor-element-populated\">\n\t\t\t\t\t\t<section class=\"elementor-section elementor-inner-section elementor-element elementor-element-28526a1 elementor-section-boxed elementor-section-height-default elementor-section-height-default\" data-id=\"28526a1\" data-element_type=\"section\">\n\t\t\t\t\t\t<div class=\"elementor-container elementor-column-gap-default\">\n\t\t\t\t\t<div class=\"elementor-column elementor-col-50 elementor-inner-column elementor-element elementor-element-b51e18d\" data-id=\"b51e18d\" data-element_type=\"column\">\n\t\t\t<div class=\"elementor-widget-wrap elementor-element-populated\">\n\t\t\t\t\t\t<div class=\"elementor-element elementor-element-c897680 elementor-widget elementor-widget-text-editor\" data-id=\"c897680\" data-element_type=\"widget\" data-widget_type=\"text-editor.default\">\n\t\t\t\t<div class=\"elementor-widget-container\">\n\t\t\t\t\t\t\t\t\t<p style=\"text-align: right\">Celal Y\u0131lmaz<\/p>\t\t\t\t\t\t\t\t<\/div>\n\t\t\t\t<\/div>\n\t\t\t\t\t<\/div>\n\t\t<\/div>\n\t\t\t\t<div class=\"elementor-column elementor-col-50 elementor-inner-column elementor-element elementor-element-c4338dc\" data-id=\"c4338dc\" data-element_type=\"column\">\n\t\t\t<div class=\"elementor-widget-wrap elementor-element-populated\">\n\t\t\t\t\t\t<div class=\"elementor-element elementor-element-881a4c4 elementor-widget elementor-widget-image\" data-id=\"881a4c4\" data-element_type=\"widget\" data-widget_type=\"image.default\">\n\t\t\t\t<div class=\"elementor-widget-container\">\n\t\t\t\t\t\t\t\t\t\t\t\t\t\t\t<img loading=\"lazy\" decoding=\"async\" width=\"250\" height=\"300\" src=\"https:\/\/atauni.edu.tr\/iklim-degisikligi-koordinatorlugu\/wp-content\/uploads\/sites\/789\/2025\/03\/celal-2-250x300.jpg\" class=\"attachment-medium size-medium wp-image-6456\" alt=\"\" srcset=\"https:\/\/atauni.edu.tr\/iklim-degisikligi-koordinatorlugu\/wp-content\/uploads\/sites\/789\/2025\/03\/celal-2-250x300.jpg 250w, https:\/\/atauni.edu.tr\/iklim-degisikligi-koordinatorlugu\/wp-content\/uploads\/sites\/789\/2025\/03\/celal-2-854x1024.jpg 854w, https:\/\/atauni.edu.tr\/iklim-degisikligi-koordinatorlugu\/wp-content\/uploads\/sites\/789\/2025\/03\/celal-2-768x921.jpg 768w, https:\/\/atauni.edu.tr\/iklim-degisikligi-koordinatorlugu\/wp-content\/uploads\/sites\/789\/2025\/03\/celal-2-1280x1536.jpg 1280w, https:\/\/atauni.edu.tr\/iklim-degisikligi-koordinatorlugu\/wp-content\/uploads\/sites\/789\/2025\/03\/celal-2-500x600.jpg 500w, https:\/\/atauni.edu.tr\/iklim-degisikligi-koordinatorlugu\/wp-content\/uploads\/sites\/789\/2025\/03\/celal-2-467x560.jpg 467w, https:\/\/atauni.edu.tr\/iklim-degisikligi-koordinatorlugu\/wp-content\/uploads\/sites\/789\/2025\/03\/celal-2.jpg 1707w\" sizes=\"(max-width: 250px) 100vw, 250px\" \/>\t\t\t\t\t\t\t\t\t\t\t\t\t\t\t<\/div>\n\t\t\t\t<\/div>\n\t\t\t\t\t<\/div>\n\t\t<\/div>\n\t\t\t\t\t<\/div>\n\t\t<\/section>\n\t\t\t\t\t<\/div>\n\t\t<\/div>\n\t\t\t\t\t<\/div>\n\t\t<\/section>\n\t\t\t\t<\/div>\n\t\t","protected":false},"excerpt":{"rendered":"<p>K\u0131smi Zamanl\u0131 \u015eeyda K\u0131l\u0131\u00e7 Ay\u015fe Yaz\u0131c\u0131 \u0130\u015eKUR Gen\u00e7lik Program\u0131 Fehime \u00c7elik Esma Nur Akg\u00fcn G\u00f6khan \u00d6zbay Celal Y\u0131lmaz<\/p>\n","protected":false},"author":1,"featured_media":0,"parent":0,"menu_order":0,"comment_status":"closed","ping_status":"closed","template":"elementor_header_footer","meta":{"footnotes":""},"class_list":["post-5700","page","type-page","status-publish","hentry"],"_links":{"self":[{"href":"https:\/\/atauni.edu.tr\/iklim-degisikligi-koordinatorlugu\/wp-json\/wp\/v2\/pages\/5700","targetHints":{"allow":["GET"]}}],"collection":[{"href":"https:\/\/atauni.edu.tr\/iklim-degisikligi-koordinatorlugu\/wp-json\/wp\/v2\/pages"}],"about":[{"href":"https:\/\/atauni.edu.tr\/iklim-degisikligi-koordinatorlugu\/wp-json\/wp\/v2\/types\/page"}],"author":[{"embeddable":true,"href":"https:\/\/atauni.edu.tr\/iklim-degisikligi-koordinatorlugu\/wp-json\/wp\/v2\/users\/1"}],"replies":[{"embeddable":true,"href":"https:\/\/atauni.edu.tr\/iklim-degisikligi-koordinatorlugu\/wp-json\/wp\/v2\/comments?post=5700"}],"version-history":[{"count":42,"href":"https:\/\/atauni.edu.tr\/iklim-degisikligi-koordinatorlugu\/wp-json\/wp\/v2\/pages\/5700\/revisions"}],"predecessor-version":[{"id":6486,"href":"https:\/\/atauni.edu.tr\/iklim-degisikligi-koordinatorlugu\/wp-json\/wp\/v2\/pages\/5700\/revisions\/6486"}],"wp:attachment":[{"href":"https:\/\/atauni.edu.tr\/iklim-degisikligi-koordinatorlugu\/wp-json\/wp\/v2\/media?parent=5700"}],"curies":[{"name":"wp","href":"https:\/\/api.w.org\/{rel}","templated":true}]}}