{"id":6419,"date":"2025-03-19T21:24:14","date_gmt":"2025-03-19T18:24:14","guid":{"rendered":"https:\/\/birimler.atauni.edu.tr\/iklim-degisikligi-koordinatorlugu\/?page_id=6419"},"modified":"2025-03-21T21:11:52","modified_gmt":"2025-03-21T18:11:52","slug":"koordinasyon","status":"publish","type":"page","link":"https:\/\/atauni.edu.tr\/iklim-degisikligi-koordinatorlugu\/koordinasyon\/","title":{"rendered":"Koordinasyon kurulu"},"content":{"rendered":"\t\t<div data-elementor-type=\"wp-page\" data-elementor-id=\"6419\" class=\"elementor elementor-6419\" data-elementor-post-type=\"page\">\n\t\t\t\t\t\t<section class=\"elementor-section elementor-top-section elementor-element elementor-element-18ad9778 elementor-section-boxed elementor-section-height-default elementor-section-height-default\" data-id=\"18ad9778\" data-element_type=\"section\">\n\t\t\t\t\t\t<div class=\"elementor-container elementor-column-gap-default\">\n\t\t\t\t\t<div class=\"elementor-column elementor-col-100 elementor-top-column elementor-element elementor-element-73aed42a\" data-id=\"73aed42a\" data-element_type=\"column\">\n\t\t\t<div class=\"elementor-widget-wrap elementor-element-populated\">\n\t\t\t\t\t\t<div class=\"elementor-element elementor-element-1cfc1563 elementor-widget elementor-widget-text-editor\" data-id=\"1cfc1563\" data-element_type=\"widget\" data-widget_type=\"text-editor.default\">\n\t\t\t\t<div class=\"elementor-widget-container\">\n\t\t\t\t\t\t\t\t\t<details class=\"wp-block-details is-layout-flow wp-block-details-is-layout-flow\">\n<summary>Prof. Dr. Zeynep Eren<\/summary>\n\n<p><a href=\"http:\/\/avesis.atauni.edu.tr\\zeren\"><img fetchpriority=\"high\" decoding=\"async\" class=\"alignnone wp-image-6383 size-full\" src=\"https:\/\/birimler.atauni.edu.tr\/iklim-degisikligi-koordinatorlugu\/wp-content\/uploads\/sites\/789\/2025\/03\/Ekran-goruntusu-2025-03-17-020001.png\" alt=\"\" width=\"1055\" height=\"372\" srcset=\"https:\/\/atauni.edu.tr\/iklim-degisikligi-koordinatorlugu\/wp-content\/uploads\/sites\/789\/2025\/03\/Ekran-goruntusu-2025-03-17-020001.png 1055w, https:\/\/atauni.edu.tr\/iklim-degisikligi-koordinatorlugu\/wp-content\/uploads\/sites\/789\/2025\/03\/Ekran-goruntusu-2025-03-17-020001-300x106.png 300w, https:\/\/atauni.edu.tr\/iklim-degisikligi-koordinatorlugu\/wp-content\/uploads\/sites\/789\/2025\/03\/Ekran-goruntusu-2025-03-17-020001-1024x361.png 1024w, https:\/\/atauni.edu.tr\/iklim-degisikligi-koordinatorlugu\/wp-content\/uploads\/sites\/789\/2025\/03\/Ekran-goruntusu-2025-03-17-020001-768x271.png 768w, https:\/\/atauni.edu.tr\/iklim-degisikligi-koordinatorlugu\/wp-content\/uploads\/sites\/789\/2025\/03\/Ekran-goruntusu-2025-03-17-020001-600x212.png 600w, https:\/\/atauni.edu.tr\/iklim-degisikligi-koordinatorlugu\/wp-content\/uploads\/sites\/789\/2025\/03\/Ekran-goruntusu-2025-03-17-020001-560x197.png 560w\" sizes=\"(max-width: 1055px) 100vw, 1055px\" \/><\/a><\/p>\n<\/details><details class=\"wp-block-details is-layout-flow wp-block-details-is-layout-flow\">\n<summary>Prof. Dr. S\u00fcleyman Toy<\/summary>\n\n<p><a href=\"http:\/\/avesis.atauni.edu.tr\\suleyman.toy\"><img decoding=\"async\" class=\"alignnone wp-image-6387 size-full\" src=\"https:\/\/birimler.atauni.edu.tr\/iklim-degisikligi-koordinatorlugu\/wp-content\/uploads\/sites\/789\/2025\/03\/Ekran-goruntusu-2025-03-17-125141.png\" alt=\"\" width=\"773\" height=\"374\" srcset=\"https:\/\/atauni.edu.tr\/iklim-degisikligi-koordinatorlugu\/wp-content\/uploads\/sites\/789\/2025\/03\/Ekran-goruntusu-2025-03-17-125141.png 773w, https:\/\/atauni.edu.tr\/iklim-degisikligi-koordinatorlugu\/wp-content\/uploads\/sites\/789\/2025\/03\/Ekran-goruntusu-2025-03-17-125141-300x145.png 300w, https:\/\/atauni.edu.tr\/iklim-degisikligi-koordinatorlugu\/wp-content\/uploads\/sites\/789\/2025\/03\/Ekran-goruntusu-2025-03-17-125141-768x372.png 768w, https:\/\/atauni.edu.tr\/iklim-degisikligi-koordinatorlugu\/wp-content\/uploads\/sites\/789\/2025\/03\/Ekran-goruntusu-2025-03-17-125141-600x290.png 600w, https:\/\/atauni.edu.tr\/iklim-degisikligi-koordinatorlugu\/wp-content\/uploads\/sites\/789\/2025\/03\/Ekran-goruntusu-2025-03-17-125141-560x271.png 560w\" sizes=\"(max-width: 773px) 100vw, 773px\" \/><\/a><\/p>\n<\/details><details class=\"wp-block-details is-layout-flow wp-block-details-is-layout-flow\">\n<summary>Prof. Dr. Do\u011fan Dursun<\/summary>\n\n<p><a href=\"http:\/\/avesis.atauni.edu.tr\\ddursun\"><img decoding=\"async\" class=\"alignnone wp-image-6388 size-full\" src=\"https:\/\/birimler.atauni.edu.tr\/iklim-degisikligi-koordinatorlugu\/wp-content\/uploads\/sites\/789\/2025\/03\/Ekran-goruntusu-2025-03-17-125602.png\" alt=\"\" width=\"789\" height=\"365\" srcset=\"https:\/\/atauni.edu.tr\/iklim-degisikligi-koordinatorlugu\/wp-content\/uploads\/sites\/789\/2025\/03\/Ekran-goruntusu-2025-03-17-125602.png 789w, https:\/\/atauni.edu.tr\/iklim-degisikligi-koordinatorlugu\/wp-content\/uploads\/sites\/789\/2025\/03\/Ekran-goruntusu-2025-03-17-125602-300x139.png 300w, https:\/\/atauni.edu.tr\/iklim-degisikligi-koordinatorlugu\/wp-content\/uploads\/sites\/789\/2025\/03\/Ekran-goruntusu-2025-03-17-125602-768x355.png 768w, https:\/\/atauni.edu.tr\/iklim-degisikligi-koordinatorlugu\/wp-content\/uploads\/sites\/789\/2025\/03\/Ekran-goruntusu-2025-03-17-125602-600x278.png 600w, https:\/\/atauni.edu.tr\/iklim-degisikligi-koordinatorlugu\/wp-content\/uploads\/sites\/789\/2025\/03\/Ekran-goruntusu-2025-03-17-125602-560x259.png 560w\" sizes=\"(max-width: 789px) 100vw, 789px\" \/><\/a><\/p>\n<\/details><details class=\"wp-block-details is-layout-flow wp-block-details-is-layout-flow\">\n<summary>Prof. Dr. Zahide Ko\u015fan<\/summary>\n\n<p><a href=\"http:\/\/avesis.atauni.edu.tr\\zkosan\"><img loading=\"lazy\" decoding=\"async\" class=\"alignnone wp-image-6405 size-full\" src=\"https:\/\/birimler.atauni.edu.tr\/iklim-degisikligi-koordinatorlugu\/wp-content\/uploads\/sites\/789\/2025\/03\/Ekran-goruntusu-2025-03-19-205808.png\" alt=\"\" width=\"784\" height=\"385\" srcset=\"https:\/\/atauni.edu.tr\/iklim-degisikligi-koordinatorlugu\/wp-content\/uploads\/sites\/789\/2025\/03\/Ekran-goruntusu-2025-03-19-205808.png 784w, https:\/\/atauni.edu.tr\/iklim-degisikligi-koordinatorlugu\/wp-content\/uploads\/sites\/789\/2025\/03\/Ekran-goruntusu-2025-03-19-205808-300x147.png 300w, https:\/\/atauni.edu.tr\/iklim-degisikligi-koordinatorlugu\/wp-content\/uploads\/sites\/789\/2025\/03\/Ekran-goruntusu-2025-03-19-205808-768x377.png 768w, https:\/\/atauni.edu.tr\/iklim-degisikligi-koordinatorlugu\/wp-content\/uploads\/sites\/789\/2025\/03\/Ekran-goruntusu-2025-03-19-205808-600x295.png 600w, https:\/\/atauni.edu.tr\/iklim-degisikligi-koordinatorlugu\/wp-content\/uploads\/sites\/789\/2025\/03\/Ekran-goruntusu-2025-03-19-205808-560x275.png 560w\" sizes=\"(max-width: 784px) 100vw, 784px\" \/><\/a><\/p>\n<\/details><details class=\"wp-block-details is-layout-flow wp-block-details-is-layout-flow\">\n<summary>Prof. Dr. Alper Nuho\u011flu<\/summary>\n\n<p><a href=\"http:\/\/avesis.atauni.edu.tr\\anuhoglu\"><img loading=\"lazy\" decoding=\"async\" class=\"alignnone wp-image-6404 size-full\" src=\"https:\/\/birimler.atauni.edu.tr\/iklim-degisikligi-koordinatorlugu\/wp-content\/uploads\/sites\/789\/2025\/03\/Ekran-goruntusu-2025-03-19-205623.png\" alt=\"\" width=\"773\" height=\"373\" srcset=\"https:\/\/atauni.edu.tr\/iklim-degisikligi-koordinatorlugu\/wp-content\/uploads\/sites\/789\/2025\/03\/Ekran-goruntusu-2025-03-19-205623.png 773w, https:\/\/atauni.edu.tr\/iklim-degisikligi-koordinatorlugu\/wp-content\/uploads\/sites\/789\/2025\/03\/Ekran-goruntusu-2025-03-19-205623-300x145.png 300w, https:\/\/atauni.edu.tr\/iklim-degisikligi-koordinatorlugu\/wp-content\/uploads\/sites\/789\/2025\/03\/Ekran-goruntusu-2025-03-19-205623-768x371.png 768w, https:\/\/atauni.edu.tr\/iklim-degisikligi-koordinatorlugu\/wp-content\/uploads\/sites\/789\/2025\/03\/Ekran-goruntusu-2025-03-19-205623-600x290.png 600w, https:\/\/atauni.edu.tr\/iklim-degisikligi-koordinatorlugu\/wp-content\/uploads\/sites\/789\/2025\/03\/Ekran-goruntusu-2025-03-19-205623-560x270.png 560w\" sizes=\"(max-width: 773px) 100vw, 773px\" \/><\/a><\/p>\n<\/details><details class=\"wp-block-details is-layout-flow wp-block-details-is-layout-flow\">\n<summary>Prof. Dr. Sezai Erci\u015fli<\/summary>\n\n<p><a href=\"http:\/\/avesis.atauni.edu.tr\\sercisli\"><img loading=\"lazy\" decoding=\"async\" class=\"alignnone wp-image-6402 size-full\" src=\"https:\/\/birimler.atauni.edu.tr\/iklim-degisikligi-koordinatorlugu\/wp-content\/uploads\/sites\/789\/2025\/03\/Ekran-goruntusu-2025-03-19-204932.png\" alt=\"\" width=\"796\" height=\"371\" srcset=\"https:\/\/atauni.edu.tr\/iklim-degisikligi-koordinatorlugu\/wp-content\/uploads\/sites\/789\/2025\/03\/Ekran-goruntusu-2025-03-19-204932.png 796w, https:\/\/atauni.edu.tr\/iklim-degisikligi-koordinatorlugu\/wp-content\/uploads\/sites\/789\/2025\/03\/Ekran-goruntusu-2025-03-19-204932-300x140.png 300w, https:\/\/atauni.edu.tr\/iklim-degisikligi-koordinatorlugu\/wp-content\/uploads\/sites\/789\/2025\/03\/Ekran-goruntusu-2025-03-19-204932-768x358.png 768w, https:\/\/atauni.edu.tr\/iklim-degisikligi-koordinatorlugu\/wp-content\/uploads\/sites\/789\/2025\/03\/Ekran-goruntusu-2025-03-19-204932-600x280.png 600w, https:\/\/atauni.edu.tr\/iklim-degisikligi-koordinatorlugu\/wp-content\/uploads\/sites\/789\/2025\/03\/Ekran-goruntusu-2025-03-19-204932-560x261.png 560w\" sizes=\"(max-width: 796px) 100vw, 796px\" \/><\/a><\/p>\n<\/details><details class=\"wp-block-details is-layout-flow wp-block-details-is-layout-flow\">\n<summary>Prof. Dr. Salih B\u00f6rtecine Avc\u0131<\/summary>\n\n<p><a href=\"http:\/\/avesis.atauni.edu.tr\\savci\"><img loading=\"lazy\" decoding=\"async\" class=\"alignnone wp-image-6389 size-full\" src=\"https:\/\/birimler.atauni.edu.tr\/iklim-degisikligi-koordinatorlugu\/wp-content\/uploads\/sites\/789\/2025\/03\/Ekran-goruntusu-2025-03-17-135151.png\" alt=\"\" width=\"788\" height=\"402\" srcset=\"https:\/\/atauni.edu.tr\/iklim-degisikligi-koordinatorlugu\/wp-content\/uploads\/sites\/789\/2025\/03\/Ekran-goruntusu-2025-03-17-135151.png 788w, https:\/\/atauni.edu.tr\/iklim-degisikligi-koordinatorlugu\/wp-content\/uploads\/sites\/789\/2025\/03\/Ekran-goruntusu-2025-03-17-135151-300x153.png 300w, https:\/\/atauni.edu.tr\/iklim-degisikligi-koordinatorlugu\/wp-content\/uploads\/sites\/789\/2025\/03\/Ekran-goruntusu-2025-03-17-135151-768x392.png 768w, https:\/\/atauni.edu.tr\/iklim-degisikligi-koordinatorlugu\/wp-content\/uploads\/sites\/789\/2025\/03\/Ekran-goruntusu-2025-03-17-135151-600x306.png 600w, https:\/\/atauni.edu.tr\/iklim-degisikligi-koordinatorlugu\/wp-content\/uploads\/sites\/789\/2025\/03\/Ekran-goruntusu-2025-03-17-135151-560x286.png 560w\" sizes=\"(max-width: 788px) 100vw, 788px\" \/><\/a><\/p>\n<\/details><details class=\"wp-block-details is-layout-flow wp-block-details-is-layout-flow\">\n<summary>Prof. Dr. Harun Arslan<\/summary>\n\n<p><a href=\"http:\/\/avesis.atauni.edu.tr\\harunarslan\"><img loading=\"lazy\" decoding=\"async\" class=\"alignnone wp-image-6390 size-full\" src=\"https:\/\/birimler.atauni.edu.tr\/iklim-degisikligi-koordinatorlugu\/wp-content\/uploads\/sites\/789\/2025\/03\/Ekran-goruntusu-2025-03-17-135409.png\" alt=\"\" width=\"794\" height=\"386\" srcset=\"https:\/\/atauni.edu.tr\/iklim-degisikligi-koordinatorlugu\/wp-content\/uploads\/sites\/789\/2025\/03\/Ekran-goruntusu-2025-03-17-135409.png 794w, https:\/\/atauni.edu.tr\/iklim-degisikligi-koordinatorlugu\/wp-content\/uploads\/sites\/789\/2025\/03\/Ekran-goruntusu-2025-03-17-135409-300x146.png 300w, https:\/\/atauni.edu.tr\/iklim-degisikligi-koordinatorlugu\/wp-content\/uploads\/sites\/789\/2025\/03\/Ekran-goruntusu-2025-03-17-135409-768x373.png 768w, https:\/\/atauni.edu.tr\/iklim-degisikligi-koordinatorlugu\/wp-content\/uploads\/sites\/789\/2025\/03\/Ekran-goruntusu-2025-03-17-135409-600x292.png 600w, https:\/\/atauni.edu.tr\/iklim-degisikligi-koordinatorlugu\/wp-content\/uploads\/sites\/789\/2025\/03\/Ekran-goruntusu-2025-03-17-135409-560x272.png 560w\" sizes=\"(max-width: 794px) 100vw, 794px\" \/><\/a><\/p>\n<\/details><details class=\"wp-block-details is-layout-flow wp-block-details-is-layout-flow\">\n<summary>Prof. Dr. Yeliz Biber Vang\u00f6l\u00fc<\/summary>\n\n<p><a href=\"http:\/\/avesis.atauni.edu.tr\\yeliz.biber\"><img loading=\"lazy\" decoding=\"async\" class=\"alignnone wp-image-6401 size-full\" src=\"https:\/\/birimler.atauni.edu.tr\/iklim-degisikligi-koordinatorlugu\/wp-content\/uploads\/sites\/789\/2025\/03\/Ekran-goruntusu-2025-03-19-204756.png\" alt=\"\" width=\"777\" height=\"364\" srcset=\"https:\/\/atauni.edu.tr\/iklim-degisikligi-koordinatorlugu\/wp-content\/uploads\/sites\/789\/2025\/03\/Ekran-goruntusu-2025-03-19-204756.png 777w, https:\/\/atauni.edu.tr\/iklim-degisikligi-koordinatorlugu\/wp-content\/uploads\/sites\/789\/2025\/03\/Ekran-goruntusu-2025-03-19-204756-300x141.png 300w, https:\/\/atauni.edu.tr\/iklim-degisikligi-koordinatorlugu\/wp-content\/uploads\/sites\/789\/2025\/03\/Ekran-goruntusu-2025-03-19-204756-768x360.png 768w, https:\/\/atauni.edu.tr\/iklim-degisikligi-koordinatorlugu\/wp-content\/uploads\/sites\/789\/2025\/03\/Ekran-goruntusu-2025-03-19-204756-600x281.png 600w, https:\/\/atauni.edu.tr\/iklim-degisikligi-koordinatorlugu\/wp-content\/uploads\/sites\/789\/2025\/03\/Ekran-goruntusu-2025-03-19-204756-560x262.png 560w\" sizes=\"(max-width: 777px) 100vw, 777px\" \/><\/a><\/p>\n<\/details><details class=\"wp-block-details is-layout-flow wp-block-details-is-layout-flow\">\n<summary>Do\u00e7. Dr. Yusuf K\u0131z\u0131lkan<\/summary>\n\n<p><a href=\"http:\/\/avesis.atauni.edu.tr\\yusuf.k\u0131z\u0131lkan\"><img loading=\"lazy\" decoding=\"async\" class=\"alignnone wp-image-6391 size-full\" src=\"https:\/\/birimler.atauni.edu.tr\/iklim-degisikligi-koordinatorlugu\/wp-content\/uploads\/sites\/789\/2025\/03\/Ekran-goruntusu-2025-03-17-135551.png\" alt=\"\" width=\"789\" height=\"389\" srcset=\"https:\/\/atauni.edu.tr\/iklim-degisikligi-koordinatorlugu\/wp-content\/uploads\/sites\/789\/2025\/03\/Ekran-goruntusu-2025-03-17-135551.png 789w, https:\/\/atauni.edu.tr\/iklim-degisikligi-koordinatorlugu\/wp-content\/uploads\/sites\/789\/2025\/03\/Ekran-goruntusu-2025-03-17-135551-300x148.png 300w, https:\/\/atauni.edu.tr\/iklim-degisikligi-koordinatorlugu\/wp-content\/uploads\/sites\/789\/2025\/03\/Ekran-goruntusu-2025-03-17-135551-768x379.png 768w, https:\/\/atauni.edu.tr\/iklim-degisikligi-koordinatorlugu\/wp-content\/uploads\/sites\/789\/2025\/03\/Ekran-goruntusu-2025-03-17-135551-600x296.png 600w, https:\/\/atauni.edu.tr\/iklim-degisikligi-koordinatorlugu\/wp-content\/uploads\/sites\/789\/2025\/03\/Ekran-goruntusu-2025-03-17-135551-560x276.png 560w\" sizes=\"(max-width: 789px) 100vw, 789px\" \/><\/a><\/p>\n<\/details><details class=\"wp-block-details is-layout-flow wp-block-details-is-layout-flow\">\n<summary>Do\u00e7. Dr. Evren Kavukcu<\/summary>\n\n<p><a href=\"http:\/\/avesis.atauni.edu.tr\\evren.cetin\"><img loading=\"lazy\" decoding=\"async\" class=\"alignnone wp-image-6392 size-full\" src=\"https:\/\/birimler.atauni.edu.tr\/iklim-degisikligi-koordinatorlugu\/wp-content\/uploads\/sites\/789\/2025\/03\/Ekran-goruntusu-2025-03-17-135656.png\" alt=\"\" width=\"786\" height=\"396\" srcset=\"https:\/\/atauni.edu.tr\/iklim-degisikligi-koordinatorlugu\/wp-content\/uploads\/sites\/789\/2025\/03\/Ekran-goruntusu-2025-03-17-135656.png 786w, https:\/\/atauni.edu.tr\/iklim-degisikligi-koordinatorlugu\/wp-content\/uploads\/sites\/789\/2025\/03\/Ekran-goruntusu-2025-03-17-135656-300x151.png 300w, https:\/\/atauni.edu.tr\/iklim-degisikligi-koordinatorlugu\/wp-content\/uploads\/sites\/789\/2025\/03\/Ekran-goruntusu-2025-03-17-135656-768x387.png 768w, https:\/\/atauni.edu.tr\/iklim-degisikligi-koordinatorlugu\/wp-content\/uploads\/sites\/789\/2025\/03\/Ekran-goruntusu-2025-03-17-135656-600x302.png 600w, https:\/\/atauni.edu.tr\/iklim-degisikligi-koordinatorlugu\/wp-content\/uploads\/sites\/789\/2025\/03\/Ekran-goruntusu-2025-03-17-135656-560x282.png 560w\" sizes=\"(max-width: 786px) 100vw, 786px\" \/><\/a><\/p>\n<\/details>\t\t\t\t\t\t\t\t<\/div>\n\t\t\t\t<\/div>\n\t\t\t\t\t<\/div>\n\t\t<\/div>\n\t\t\t\t\t<\/div>\n\t\t<\/section>\n\t\t\t\t<\/div>\n\t\t","protected":false},"excerpt":{"rendered":"","protected":false},"author":637,"featured_media":0,"parent":0,"menu_order":0,"comment_status":"closed","ping_status":"closed","template":"","meta":{"footnotes":""},"class_list":["post-6419","page","type-page","status-publish","hentry"],"_links":{"self":[{"href":"https:\/\/atauni.edu.tr\/iklim-degisikligi-koordinatorlugu\/wp-json\/wp\/v2\/pages\/6419","targetHints":{"allow":["GET"]}}],"collection":[{"href":"https:\/\/atauni.edu.tr\/iklim-degisikligi-koordinatorlugu\/wp-json\/wp\/v2\/pages"}],"about":[{"href":"https:\/\/atauni.edu.tr\/iklim-degisikligi-koordinatorlugu\/wp-json\/wp\/v2\/types\/page"}],"author":[{"embeddable":true,"href":"https:\/\/atauni.edu.tr\/iklim-degisikligi-koordinatorlugu\/wp-json\/wp\/v2\/users\/637"}],"replies":[{"embeddable":true,"href":"https:\/\/atauni.edu.tr\/iklim-degisikligi-koordinatorlugu\/wp-json\/wp\/v2\/comments?post=6419"}],"version-history":[{"count":17,"href":"https:\/\/atauni.edu.tr\/iklim-degisikligi-koordinatorlugu\/wp-json\/wp\/v2\/pages\/6419\/revisions"}],"predecessor-version":[{"id":6586,"href":"https:\/\/atauni.edu.tr\/iklim-degisikligi-koordinatorlugu\/wp-json\/wp\/v2\/pages\/6419\/revisions\/6586"}],"wp:attachment":[{"href":"https:\/\/atauni.edu.tr\/iklim-degisikligi-koordinatorlugu\/wp-json\/wp\/v2\/media?parent=6419"}],"curies":[{"name":"wp","href":"https:\/\/api.w.org\/{rel}","templated":true}]}}