{"id":6549,"date":"2025-04-22T09:34:24","date_gmt":"2025-04-22T06:34:24","guid":{"rendered":"https:\/\/birimler.atauni.edu.tr\/iklim-degisikligi-koordinatorlugu\/?page_id=6549"},"modified":"2026-03-19T14:42:14","modified_gmt":"2026-03-19T11:42:14","slug":"elementor-6549","status":"publish","type":"page","link":"https:\/\/atauni.edu.tr\/iklim-degisikligi-koordinatorlugu\/","title":{"rendered":"Elementor #6549"},"content":{"rendered":"\t\t<div data-elementor-type=\"wp-page\" data-elementor-id=\"6549\" class=\"elementor elementor-6549\" data-elementor-post-type=\"page\">\n\t\t\t\t\t\t<section class=\"elementor-section elementor-top-section elementor-element elementor-element-94bed45 elementor-section-boxed elementor-section-height-default elementor-section-height-default\" data-id=\"94bed45\" data-element_type=\"section\">\n\t\t\t\t\t\t<div class=\"elementor-container elementor-column-gap-default\">\n\t\t\t\t\t<div class=\"elementor-column elementor-col-100 elementor-top-column elementor-element elementor-element-25ceb31\" data-id=\"25ceb31\" data-element_type=\"column\">\n\t\t\t<div class=\"elementor-widget-wrap elementor-element-populated\">\n\t\t\t\t\t\t<div class=\"elementor-element elementor-element-b1b984d elementor-widget elementor-widget-image\" data-id=\"b1b984d\" data-element_type=\"widget\" data-widget_type=\"image.default\">\n\t\t\t\t<div class=\"elementor-widget-container\">\n\t\t\t\t\t\t\t\t\t\t\t\t\t\t\t<img fetchpriority=\"high\" decoding=\"async\" width=\"1536\" height=\"1024\" src=\"https:\/\/atauni.edu.tr\/iklim-degisikligi-koordinatorlugu\/wp-content\/uploads\/sites\/789\/2026\/03\/unnamed.png\" class=\"attachment-full size-full wp-image-6822\" alt=\"\" srcset=\"https:\/\/atauni.edu.tr\/iklim-degisikligi-koordinatorlugu\/wp-content\/uploads\/sites\/789\/2026\/03\/unnamed.png 1536w, https:\/\/atauni.edu.tr\/iklim-degisikligi-koordinatorlugu\/wp-content\/uploads\/sites\/789\/2026\/03\/unnamed-300x200.png 300w, https:\/\/atauni.edu.tr\/iklim-degisikligi-koordinatorlugu\/wp-content\/uploads\/sites\/789\/2026\/03\/unnamed-1024x683.png 1024w, https:\/\/atauni.edu.tr\/iklim-degisikligi-koordinatorlugu\/wp-content\/uploads\/sites\/789\/2026\/03\/unnamed-768x512.png 768w, https:\/\/atauni.edu.tr\/iklim-degisikligi-koordinatorlugu\/wp-content\/uploads\/sites\/789\/2026\/03\/unnamed-1200x800.png 1200w, https:\/\/atauni.edu.tr\/iklim-degisikligi-koordinatorlugu\/wp-content\/uploads\/sites\/789\/2026\/03\/unnamed-600x400.png 600w, https:\/\/atauni.edu.tr\/iklim-degisikligi-koordinatorlugu\/wp-content\/uploads\/sites\/789\/2026\/03\/unnamed-560x373.png 560w\" sizes=\"(max-width: 1536px) 100vw, 1536px\" \/>\t\t\t\t\t\t\t\t\t\t\t\t\t\t\t<\/div>\n\t\t\t\t<\/div>\n\t\t\t\t<div class=\"elementor-element elementor-element-f4b1663 elementor-shape-rounded elementor-grid-0 e-grid-align-center elementor-widget elementor-widget-social-icons\" data-id=\"f4b1663\" data-element_type=\"widget\" data-widget_type=\"social-icons.default\">\n\t\t\t\t<div class=\"elementor-widget-container\">\n\t\t\t\t\t\t\t<div class=\"elementor-social-icons-wrapper elementor-grid\" role=\"list\">\n\t\t\t\t\t\t\t<span class=\"elementor-grid-item\" role=\"listitem\">\n\t\t\t\t\t<a class=\"elementor-icon elementor-social-icon elementor-social-icon-x-twitter elementor-repeater-item-5c04657\" href=\"https:\/\/x.com\/\" target=\"_blank\">\n\t\t\t\t\t\t<span class=\"elementor-screen-only\">X-twitter<\/span>\n\t\t\t\t\t\t<i aria-hidden=\"true\" class=\"fab fa-x-twitter\"><\/i>\t\t\t\t\t<\/a>\n\t\t\t\t<\/span>\n\t\t\t\t\t\t\t<span class=\"elementor-grid-item\" role=\"listitem\">\n\t\t\t\t\t<a class=\"elementor-icon elementor-social-icon elementor-social-icon-youtube elementor-repeater-item-18db66a\" href=\"https:\/\/www.youtube.com\/\" target=\"_blank\">\n\t\t\t\t\t\t<span class=\"elementor-screen-only\">Youtube<\/span>\n\t\t\t\t\t\t<i aria-hidden=\"true\" class=\"fab fa-youtube\"><\/i>\t\t\t\t\t<\/a>\n\t\t\t\t<\/span>\n\t\t\t\t\t\t\t<span class=\"elementor-grid-item\" role=\"listitem\">\n\t\t\t\t\t<a class=\"elementor-icon elementor-social-icon elementor-social-icon-instagram elementor-repeater-item-7a7e9a6\" href=\"https:\/\/www.instagram.com\/ataiklim_climata\" target=\"_blank\">\n\t\t\t\t\t\t<span class=\"elementor-screen-only\">Instagram<\/span>\n\t\t\t\t\t\t<i aria-hidden=\"true\" class=\"fab fa-instagram\"><\/i>\t\t\t\t\t<\/a>\n\t\t\t\t<\/span>\n\t\t\t\t\t<\/div>\n\t\t\t\t\t\t<\/div>\n\t\t\t\t<\/div>\n\t\t\t\t\t<\/div>\n\t\t<\/div>\n\t\t\t\t\t<\/div>\n\t\t<\/section>\n\t\t\t\t<section class=\"elementor-section elementor-top-section elementor-element elementor-element-5de6ef2 elementor-section-boxed elementor-section-height-default elementor-section-height-default\" data-id=\"5de6ef2\" data-element_type=\"section\">\n\t\t\t\t\t\t<div class=\"elementor-container elementor-column-gap-default\">\n\t\t\t\t\t<div class=\"elementor-column elementor-col-33 elementor-top-column elementor-element elementor-element-407b45af\" data-id=\"407b45af\" data-element_type=\"column\">\n\t\t\t<div class=\"elementor-widget-wrap elementor-element-populated\">\n\t\t\t\t\t\t<section class=\"elementor-section elementor-inner-section elementor-element elementor-element-6784373f elementor-section-boxed elementor-section-height-default elementor-section-height-default\" data-id=\"6784373f\" data-element_type=\"section\">\n\t\t\t\t\t\t<div class=\"elementor-container elementor-column-gap-default\">\n\t\t\t\t\t<div class=\"elementor-column elementor-col-50 elementor-inner-column elementor-element elementor-element-7a95a93a\" data-id=\"7a95a93a\" data-element_type=\"column\">\n\t\t\t<div class=\"elementor-widget-wrap elementor-element-populated\">\n\t\t\t\t\t\t<div class=\"elementor-element elementor-element-504cf2ed elementor-widget elementor-widget-heading\" data-id=\"504cf2ed\" data-element_type=\"widget\" data-widget_type=\"heading.default\">\n\t\t\t\t<div class=\"elementor-widget-container\">\n\t\t\t\t\t<h2 class=\"elementor-heading-title elementor-size-default\">Haberler<\/h2>\t\t\t\t<\/div>\n\t\t\t\t<\/div>\n\t\t\t\t\t<\/div>\n\t\t<\/div>\n\t\t\t\t<div class=\"elementor-column elementor-col-50 elementor-inner-column elementor-element elementor-element-363c3de5\" data-id=\"363c3de5\" data-element_type=\"column\">\n\t\t\t<div class=\"elementor-widget-wrap elementor-element-populated\">\n\t\t\t\t\t\t<div class=\"elementor-element elementor-element-5a25af81 elementor-align-right elementor-widget elementor-widget-button\" data-id=\"5a25af81\" data-element_type=\"widget\" data-widget_type=\"button.default\">\n\t\t\t\t<div class=\"elementor-widget-container\">\n\t\t\t\t\t\t\t\t\t<div class=\"elementor-button-wrapper\">\n\t\t\t\t\t<a class=\"elementor-button elementor-button-link elementor-size-sm\" href=\"https:\/\/atauni.edu.tr\/iklim-degisikligi-koordinatorlugu\/haberler\/\">\n\t\t\t\t\t\t<span class=\"elementor-button-content-wrapper\">\n\t\t\t\t\t\t<span class=\"elementor-button-icon\">\n\t\t\t\t<i aria-hidden=\"true\" class=\"fas fa-long-arrow-alt-right\"><\/i>\t\t\t<\/span>\n\t\t\t\t\t\t\t\t\t<span class=\"elementor-button-text\">T\u00fcm\u00fc<\/span>\n\t\t\t\t\t<\/span>\n\t\t\t\t\t<\/a>\n\t\t\t\t<\/div>\n\t\t\t\t\t\t\t\t<\/div>\n\t\t\t\t<\/div>\n\t\t\t\t\t<\/div>\n\t\t<\/div>\n\t\t\t\t\t<\/div>\n\t\t<\/section>\n\t\t\t\t<div class=\"elementor-element elementor-element-4ac4b6c1 elementor-widget-divider--view-line elementor-widget elementor-widget-divider\" data-id=\"4ac4b6c1\" data-element_type=\"widget\" data-widget_type=\"divider.default\">\n\t\t\t\t<div class=\"elementor-widget-container\">\n\t\t\t\t\t\t\t<div class=\"elementor-divider\">\n\t\t\t<span class=\"elementor-divider-separator\">\n\t\t\t\t\t\t<\/span>\n\t\t<\/div>\n\t\t\t\t\t\t<\/div>\n\t\t\t\t<\/div>\n\t\t\t\t<div class=\"elementor-element elementor-element-75333808 elementor-widget__width-initial elementor-widget elementor-widget-shortcode\" data-id=\"75333808\" data-element_type=\"widget\" data-widget_type=\"shortcode.default\">\n\t\t\t\t<div class=\"elementor-widget-container\">\n\t\t\t\t\t\t\t<div class=\"elementor-shortcode\"><ul class=\"kategori-yazilari-liste\"><li style=\"display: flex; margin-bottom: 10px;\"><div class=\"post-content\" style=\"flex-grow: 1;\"><span class=\"post-date habertarih\" style=\"display: block; font-weight: bold; margin-bottom: 5px;\">8 Ocak 2026<\/span><a class=\"haberbaslik\" href=\"https:\/\/atauni.edu.tr\/iklim-degisikligi-koordinatorlugu\/2026\/01\/08\/iklim-degisikligi-koordinasyon-kurulu-ikinci-toplantisini-gerceklestirdi\/\" style=\"\">\u0130klim De\u011fi\u015fikli\u011fi Koordinasyon Kurulu \u0130kinci Toplant\u0131s\u0131n\u0131 Ger\u00e7ekle\u015ftirdi<\/a><\/div><\/li><li style=\"display: flex; margin-bottom: 10px;\"><div class=\"post-content\" style=\"flex-grow: 1;\"><span class=\"post-date habertarih\" style=\"display: block; font-weight: bold; margin-bottom: 5px;\">22 Nisan 2025<\/span><a class=\"haberbaslik\" href=\"https:\/\/atauni.edu.tr\/iklim-degisikligi-koordinatorlugu\/2025\/04\/22\/iklim-degisikligi-koordinasyon-kurulu-ilk-toplantisini-gerceklestirdi-2\/\" style=\"\">\u0130klim De\u011fi\u015fikli\u011fi Koordinasyon Kurulu \u0130lk Toplant\u0131s\u0131n\u0131 Ger\u00e7ekle\u015ftirdi<\/a><\/div><\/li><\/ul>\n<\/div>\n\t\t\t\t\t\t<\/div>\n\t\t\t\t<\/div>\n\t\t\t\t\t<\/div>\n\t\t<\/div>\n\t\t\t\t<div class=\"elementor-column elementor-col-33 elementor-top-column elementor-element elementor-element-62c9b820\" data-id=\"62c9b820\" data-element_type=\"column\">\n\t\t\t<div class=\"elementor-widget-wrap elementor-element-populated\">\n\t\t\t\t\t\t<section class=\"elementor-section elementor-inner-section elementor-element elementor-element-3314c55b elementor-section-boxed elementor-section-height-default elementor-section-height-default\" data-id=\"3314c55b\" data-element_type=\"section\">\n\t\t\t\t\t\t<div class=\"elementor-container elementor-column-gap-default\">\n\t\t\t\t\t<div class=\"elementor-column elementor-col-50 elementor-inner-column elementor-element elementor-element-3e3b938b\" data-id=\"3e3b938b\" data-element_type=\"column\">\n\t\t\t<div class=\"elementor-widget-wrap elementor-element-populated\">\n\t\t\t\t\t\t<div class=\"elementor-element elementor-element-1cb546f5 elementor-widget elementor-widget-heading\" data-id=\"1cb546f5\" data-element_type=\"widget\" data-widget_type=\"heading.default\">\n\t\t\t\t<div class=\"elementor-widget-container\">\n\t\t\t\t\t<h2 class=\"elementor-heading-title elementor-size-default\">Duyurular<\/h2>\t\t\t\t<\/div>\n\t\t\t\t<\/div>\n\t\t\t\t\t<\/div>\n\t\t<\/div>\n\t\t\t\t<div class=\"elementor-column elementor-col-50 elementor-inner-column elementor-element elementor-element-5a3caa34\" data-id=\"5a3caa34\" data-element_type=\"column\">\n\t\t\t<div class=\"elementor-widget-wrap elementor-element-populated\">\n\t\t\t\t\t\t<div class=\"elementor-element elementor-element-606c447a elementor-align-right elementor-widget elementor-widget-button\" data-id=\"606c447a\" data-element_type=\"widget\" data-widget_type=\"button.default\">\n\t\t\t\t<div class=\"elementor-widget-container\">\n\t\t\t\t\t\t\t\t\t<div class=\"elementor-button-wrapper\">\n\t\t\t\t\t<a class=\"elementor-button elementor-button-link elementor-size-sm\" href=\"https:\/\/atauni.edu.tr\/iklim-degisikligi-koordinatorlugu\/haberler-duyurular\/\">\n\t\t\t\t\t\t<span class=\"elementor-button-content-wrapper\">\n\t\t\t\t\t\t<span class=\"elementor-button-icon\">\n\t\t\t\t<i aria-hidden=\"true\" class=\"fas fa-long-arrow-alt-right\"><\/i>\t\t\t<\/span>\n\t\t\t\t\t\t\t\t\t<span class=\"elementor-button-text\">T\u00fcm\u00fc<\/span>\n\t\t\t\t\t<\/span>\n\t\t\t\t\t<\/a>\n\t\t\t\t<\/div>\n\t\t\t\t\t\t\t\t<\/div>\n\t\t\t\t<\/div>\n\t\t\t\t\t<\/div>\n\t\t<\/div>\n\t\t\t\t\t<\/div>\n\t\t<\/section>\n\t\t\t\t<div class=\"elementor-element elementor-element-65112134 elementor-widget-divider--view-line elementor-widget elementor-widget-divider\" data-id=\"65112134\" data-element_type=\"widget\" data-widget_type=\"divider.default\">\n\t\t\t\t<div class=\"elementor-widget-container\">\n\t\t\t\t\t\t\t<div class=\"elementor-divider\">\n\t\t\t<span class=\"elementor-divider-separator\">\n\t\t\t\t\t\t<\/span>\n\t\t<\/div>\n\t\t\t\t\t\t<\/div>\n\t\t\t\t<\/div>\n\t\t\t\t<div class=\"elementor-element elementor-element-4ec2923d elementor-widget__width-initial elementor-widget elementor-widget-shortcode\" data-id=\"4ec2923d\" data-element_type=\"widget\" data-widget_type=\"shortcode.default\">\n\t\t\t\t<div class=\"elementor-widget-container\">\n\t\t\t\t\t\t\t<div class=\"elementor-shortcode\"><ul class=\"kategori-yazilari-liste\"><li style=\"display: flex; margin-bottom: 10px;\"><div class=\"post-content\" style=\"flex-grow: 1;\"><span class=\"post-date duyurutarih\" style=\"display: block; font-weight: bold; margin-bottom: 5px;\">26 May\u0131s 2025<\/span><a href=\"https:\/\/atauni.edu.tr\/iklim-degisikligi-koordinatorlugu\/2025\/05\/26\/23-mart-dunya-meteoroloji-gunune-ozel-olarak-hazirladigimiz-iklim-degisikligi-koordinatorlugu-webinar-serimizin-4-sune-meteoroloji-12-bolge-muduru-erzurum-sayin-omur-demirgunes-konuk-olacak\/\" class=\" duyurubaslik\" >23 Mart D\u00fcnya Meteoroloji G\u00fcn\u00fc\u2019ne \u00d6zel Olarak Haz\u0131rlad\u0131\u011f\u0131m\u0131z \u0130klim De\u011fi\u015fikli\u011fi Koordinat\u00f6rl\u00fc\u011f\u00fc Webinar Serimizin 4.s\u00fcne Meteoroloji 12. B\u00f6lge M\u00fcd\u00fcr\u00fc-Erzurum Say\u0131n \u00d6m\u00fcr Demirg\u00fcne\u015f Konuk Olacak<\/a><\/div><\/li><li style=\"display: flex; margin-bottom: 10px;\"><div class=\"post-content\" style=\"flex-grow: 1;\"><span class=\"post-date duyurutarih\" style=\"display: block; font-weight: bold; margin-bottom: 5px;\">26 May\u0131s 2025<\/span><a href=\"https:\/\/atauni.edu.tr\/iklim-degisikligi-koordinatorlugu\/2025\/05\/26\/koordinatorlugumuzun-webinar-serisinin-3-sunun-konugu-22-mart-dunya-su-gunune-ozel-dunya-su-gununde-su-verimliligi-sunumuyla-tarim-ve-orman-bakanligi-su-yonetimi-genel-mudur\/\" class=\" duyurubaslik\" >Koordinat\u00f6rl\u00fc\u011f\u00fcm\u00fcz\u00fcn Webinar Serisinin 3.s\u00fcn\u00fcn Konu\u011fu 22 Mart D\u00fcnya Su G\u00fcn\u00fcne \u00d6zel \u201cD\u00fcnya Su G\u00fcn\u00fc\u2019nde Su Verimlili\u011fi\u201d Sunumuyla Tar\u0131m ve Orman Bakanl\u0131\u011f\u0131 Su Y\u00f6netimi Genel M\u00fcd\u00fcrl\u00fc\u011f\u00fc Su Verimlili\u011fi Daire Ba\u015fkan\u0131 Say\u0131n Asl\u0131han Korkmaz olacakt\u0131r<\/a><\/div><\/li><li style=\"display: flex; margin-bottom: 10px;\"><div class=\"post-content\" style=\"flex-grow: 1;\"><span class=\"post-date duyurutarih\" style=\"display: block; font-weight: bold; margin-bottom: 5px;\">26 May\u0131s 2025<\/span><a href=\"https:\/\/atauni.edu.tr\/iklim-degisikligi-koordinatorlugu\/2025\/05\/26\/koordinatorlugumuzun-webinar-serisinin-ikincisinde-21-mart-dunya-ormancilik-gunune-ozel-sunumu-ile-prof-dr-doganay-tolunay-hocamiz-olacaktir\/\" class=\" duyurubaslik\" >Koordinat\u00f6rl\u00fc\u011f\u00fcm\u00fcz\u00fcn Webinar Serisinin \u0130kincisinde 21 Mart D\u00fcnya Ormanc\u0131l\u0131k G\u00fcn\u00fcne \u00d6zel sunumu \u0130le Prof.Dr. Do\u011fanay Tolunay Hocam\u0131z Olacakt\u0131r.<\/a><\/div><\/li><\/ul>\n<\/div>\n\t\t\t\t\t\t<\/div>\n\t\t\t\t<\/div>\n\t\t\t\t\t<\/div>\n\t\t<\/div>\n\t\t\t\t<div class=\"elementor-column elementor-col-33 elementor-top-column elementor-element elementor-element-25634916\" data-id=\"25634916\" data-element_type=\"column\">\n\t\t\t<div class=\"elementor-widget-wrap elementor-element-populated\">\n\t\t\t\t\t\t<section class=\"elementor-section elementor-inner-section elementor-element elementor-element-3362bbf9 elementor-section-boxed elementor-section-height-default elementor-section-height-default\" data-id=\"3362bbf9\" data-element_type=\"section\">\n\t\t\t\t\t\t<div class=\"elementor-container elementor-column-gap-default\">\n\t\t\t\t\t<div class=\"elementor-column elementor-col-50 elementor-inner-column elementor-element elementor-element-52da1e7e\" data-id=\"52da1e7e\" data-element_type=\"column\">\n\t\t\t<div class=\"elementor-widget-wrap elementor-element-populated\">\n\t\t\t\t\t\t<div class=\"elementor-element elementor-element-32a3c91b elementor-widget elementor-widget-heading\" data-id=\"32a3c91b\" data-element_type=\"widget\" data-widget_type=\"heading.default\">\n\t\t\t\t<div class=\"elementor-widget-container\">\n\t\t\t\t\t<h2 class=\"elementor-heading-title elementor-size-default\">Etkinlikler<\/h2>\t\t\t\t<\/div>\n\t\t\t\t<\/div>\n\t\t\t\t\t<\/div>\n\t\t<\/div>\n\t\t\t\t<div class=\"elementor-column elementor-col-50 elementor-inner-column elementor-element elementor-element-1515bb8e\" data-id=\"1515bb8e\" data-element_type=\"column\">\n\t\t\t<div class=\"elementor-widget-wrap elementor-element-populated\">\n\t\t\t\t\t\t<div class=\"elementor-element elementor-element-11a10e6a elementor-align-right elementor-widget elementor-widget-button\" data-id=\"11a10e6a\" data-element_type=\"widget\" data-widget_type=\"button.default\">\n\t\t\t\t<div class=\"elementor-widget-container\">\n\t\t\t\t\t\t\t\t\t<div class=\"elementor-button-wrapper\">\n\t\t\t\t\t<a class=\"elementor-button elementor-button-link elementor-size-sm\" href=\"https:\/\/atauni.edu.tr\/iklim-degisikligi-koordinatorlugu\/etkinlikler\/\">\n\t\t\t\t\t\t<span class=\"elementor-button-content-wrapper\">\n\t\t\t\t\t\t<span class=\"elementor-button-icon\">\n\t\t\t\t<i aria-hidden=\"true\" class=\"fas fa-long-arrow-alt-right\"><\/i>\t\t\t<\/span>\n\t\t\t\t\t\t\t\t\t<span class=\"elementor-button-text\">T\u00fcm\u00fc<\/span>\n\t\t\t\t\t<\/span>\n\t\t\t\t\t<\/a>\n\t\t\t\t<\/div>\n\t\t\t\t\t\t\t\t<\/div>\n\t\t\t\t<\/div>\n\t\t\t\t\t<\/div>\n\t\t<\/div>\n\t\t\t\t\t<\/div>\n\t\t<\/section>\n\t\t\t\t<div class=\"elementor-element elementor-element-5277acb1 elementor-widget-divider--view-line elementor-widget elementor-widget-divider\" data-id=\"5277acb1\" data-element_type=\"widget\" data-widget_type=\"divider.default\">\n\t\t\t\t<div class=\"elementor-widget-container\">\n\t\t\t\t\t\t\t<div class=\"elementor-divider\">\n\t\t\t<span class=\"elementor-divider-separator\">\n\t\t\t\t\t\t<\/span>\n\t\t<\/div>\n\t\t\t\t\t\t<\/div>\n\t\t\t\t<\/div>\n\t\t\t\t<div class=\"elementor-element elementor-element-6898a405 elementor-widget elementor-widget-shortcode\" data-id=\"6898a405\" data-element_type=\"widget\" data-widget_type=\"shortcode.default\">\n\t\t\t\t<div class=\"elementor-widget-container\">\n\t\t\t\t\t\t\t<div class=\"elementor-shortcode\"><div class=\"swiper etkinlikler-swiper\"><div class=\"swiper-wrapper\"><div class=\"swiper-slide\"><div class=\"etkinlik-slide\"><div class=\"etkinlik-thumbnail\"><img decoding=\"async\" width=\"300\" height=\"231\" src=\"https:\/\/atauni.edu.tr\/iklim-degisikligi-koordinatorlugu\/wp-content\/uploads\/sites\/789\/2021\/07\/Duyuru-300x231.jpg\" class=\"img-fluid wp-post-image\" alt=\"\" srcset=\"https:\/\/atauni.edu.tr\/iklim-degisikligi-koordinatorlugu\/wp-content\/uploads\/sites\/789\/2021\/07\/Duyuru-300x231.jpg 300w, https:\/\/atauni.edu.tr\/iklim-degisikligi-koordinatorlugu\/wp-content\/uploads\/sites\/789\/2021\/07\/Duyuru-768x591.jpg 768w, https:\/\/atauni.edu.tr\/iklim-degisikligi-koordinatorlugu\/wp-content\/uploads\/sites\/789\/2021\/07\/Duyuru-600x462.jpg 600w, https:\/\/atauni.edu.tr\/iklim-degisikligi-koordinatorlugu\/wp-content\/uploads\/sites\/789\/2021\/07\/Duyuru-560x431.jpg 560w, https:\/\/atauni.edu.tr\/iklim-degisikligi-koordinatorlugu\/wp-content\/uploads\/sites\/789\/2021\/07\/Duyuru.jpg 780w\" sizes=\"(max-width: 300px) 100vw, 300px\" \/><\/div><div class=\"etkinlik-date\"><span class=\"day\">26<\/span><span class=\"month\">May\u0131s<\/span><span class=\"year\">2025<\/span><\/div><a href=\"https:\/\/atauni.edu.tr\/iklim-degisikligi-koordinatorlugu\/2025\/05\/26\/iklim-degisikligi-koordinatorlugu-ve-muhendislik-fakultesi-ev-sahipliginde-9-mayis-cuma-gunu-surdurulebilirlik-adimlari-dernegi-sade-ve-grundfos-yoneticilerini-erzurumda-agirliyoruz-ve\/\" class=\"etkinlik-title\">\u0130klim De\u011fi\u015fikli\u011fi Koordinat\u00f6rl\u00fc\u011f\u00fc ve M\u00fchendislik Fak\u00fcltesi Ev Sahipli\u011finde 9 May\u0131s Cuma G\u00fcn\u00fc, S\u00fcrd\u00fcr\u00fclebilirlik Ad\u0131mlar\u0131 Derne\u011fi (SADE) ve GRUNDFOS Y\u00f6neticilerini Erzurum\u2019da A\u011f\u0131rl\u0131yoruz ve \u201cS\u00fcrd\u00fcr\u00fclebilirlik \u0130\u00e7in M\u00fchendislik\u201d Seminerinde \u00d6\u011frencilerimizle Bulu\u015fturuyoruz<\/a><\/div><\/div><div class=\"swiper-slide\"><div class=\"etkinlik-slide\"><div class=\"etkinlik-thumbnail\"><img decoding=\"async\" width=\"300\" height=\"231\" src=\"https:\/\/atauni.edu.tr\/iklim-degisikligi-koordinatorlugu\/wp-content\/uploads\/sites\/789\/2021\/07\/Duyuru-300x231.jpg\" class=\"img-fluid wp-post-image\" alt=\"\" srcset=\"https:\/\/atauni.edu.tr\/iklim-degisikligi-koordinatorlugu\/wp-content\/uploads\/sites\/789\/2021\/07\/Duyuru-300x231.jpg 300w, https:\/\/atauni.edu.tr\/iklim-degisikligi-koordinatorlugu\/wp-content\/uploads\/sites\/789\/2021\/07\/Duyuru-768x591.jpg 768w, https:\/\/atauni.edu.tr\/iklim-degisikligi-koordinatorlugu\/wp-content\/uploads\/sites\/789\/2021\/07\/Duyuru-600x462.jpg 600w, https:\/\/atauni.edu.tr\/iklim-degisikligi-koordinatorlugu\/wp-content\/uploads\/sites\/789\/2021\/07\/Duyuru-560x431.jpg 560w, https:\/\/atauni.edu.tr\/iklim-degisikligi-koordinatorlugu\/wp-content\/uploads\/sites\/789\/2021\/07\/Duyuru.jpg 780w\" sizes=\"(max-width: 300px) 100vw, 300px\" \/><\/div><div class=\"etkinlik-date\"><span class=\"day\">22<\/span><span class=\"month\">Nisan<\/span><span class=\"year\">2025<\/span><\/div><a href=\"https:\/\/atauni.edu.tr\/iklim-degisikligi-koordinatorlugu\/2025\/04\/22\/koordinatorlugumuzun-webinar-serisinin-ilki-8-mart-dunya-kadinlar-gununde-basliyor-2\/\" class=\"etkinlik-title\">Koordinat\u00f6rl\u00fc\u011f\u00fcm\u00fcz\u00fcn Webinar Serisinin \u0130lki 8 Mart D\u00fcnya Kad\u0131nlar G\u00fcn\u00fcnde Ba\u015fl\u0131yor<\/a><\/div><\/div><\/div><div class=\"swiper-button-next\"><\/div><div class=\"swiper-button-prev\"><\/div><\/div><\/div>\n\t\t\t\t\t\t<\/div>\n\t\t\t\t<\/div>\n\t\t\t\t\t<\/div>\n\t\t<\/div>\n\t\t\t\t\t<\/div>\n\t\t<\/section>\n\t\t\t\t<\/div>\n\t\t","protected":false},"excerpt":{"rendered":"<p>X-twitter Youtube Instagram Haberler T\u00fcm\u00fc Duyurular T\u00fcm\u00fc Etkinlikler T\u00fcm\u00fc<\/p>\n","protected":false},"author":637,"featured_media":0,"parent":0,"menu_order":0,"comment_status":"closed","ping_status":"closed","template":"elementor_header_footer","meta":{"footnotes":""},"class_list":["post-6549","page","type-page","status-publish","hentry"],"_links":{"self":[{"href":"https:\/\/atauni.edu.tr\/iklim-degisikligi-koordinatorlugu\/wp-json\/wp\/v2\/pages\/6549","targetHints":{"allow":["GET"]}}],"collection":[{"href":"https:\/\/atauni.edu.tr\/iklim-degisikligi-koordinatorlugu\/wp-json\/wp\/v2\/pages"}],"about":[{"href":"https:\/\/atauni.edu.tr\/iklim-degisikligi-koordinatorlugu\/wp-json\/wp\/v2\/types\/page"}],"author":[{"embeddable":true,"href":"https:\/\/atauni.edu.tr\/iklim-degisikligi-koordinatorlugu\/wp-json\/wp\/v2\/users\/637"}],"replies":[{"embeddable":true,"href":"https:\/\/atauni.edu.tr\/iklim-degisikligi-koordinatorlugu\/wp-json\/wp\/v2\/comments?post=6549"}],"version-history":[{"count":52,"href":"https:\/\/atauni.edu.tr\/iklim-degisikligi-koordinatorlugu\/wp-json\/wp\/v2\/pages\/6549\/revisions"}],"predecessor-version":[{"id":6825,"href":"https:\/\/atauni.edu.tr\/iklim-degisikligi-koordinatorlugu\/wp-json\/wp\/v2\/pages\/6549\/revisions\/6825"}],"wp:attachment":[{"href":"https:\/\/atauni.edu.tr\/iklim-degisikligi-koordinatorlugu\/wp-json\/wp\/v2\/media?parent=6549"}],"curies":[{"name":"wp","href":"https:\/\/api.w.org\/{rel}","templated":true}]}}