{"id":6769,"date":"2025-08-13T00:04:10","date_gmt":"2025-08-12T21:04:10","guid":{"rendered":"https:\/\/birimler.atauni.edu.tr\/iklim-degisikligi-koordinatorlugu\/?page_id=6769"},"modified":"2025-08-13T00:04:10","modified_gmt":"2025-08-12T21:04:10","slug":"etkinlikler","status":"publish","type":"page","link":"https:\/\/atauni.edu.tr\/iklim-degisikligi-koordinatorlugu\/etkinlikler\/","title":{"rendered":"Etkinlikler"},"content":{"rendered":"<form method=\"get\" class=\"row g-3\" style=\"margin-bottom: 20px;\"><div class=\"col-md-3\"><input type=\"text\" name=\"etkinlik_ara\" class=\"form-control\" placeholder=\"Etkinlik ara...\" value=\"\"><\/div><div class=\"col-md-3\"><input type=\"date\" name=\"baslangic_tarihi\" class=\"form-control\" value=\"\"><\/div><div class=\"col-md-3\"><input type=\"date\" name=\"bitis_tarihi\" class=\"form-control\" value=\"\"><\/div><div class=\"col-md-3\"><button type=\"submit\" class=\"btn btn-secondary w-50\">Filtrele<\/button><\/div><\/form><div class=\"etkinlikler-grid-container\" style=\"display: grid; grid-template-columns: repeat(3, 1fr); gap: 20px;\"><div class=\"etkinlik-grid-item\"><div class=\"etkinlik-thumbnail\"><img fetchpriority=\"high\" decoding=\"async\" width=\"300\" height=\"231\" src=\"https:\/\/atauni.edu.tr\/iklim-degisikligi-koordinatorlugu\/wp-content\/uploads\/sites\/789\/2021\/07\/Duyuru-300x231.jpg\" class=\"img-fluid wp-post-image\" alt=\"\" srcset=\"https:\/\/atauni.edu.tr\/iklim-degisikligi-koordinatorlugu\/wp-content\/uploads\/sites\/789\/2021\/07\/Duyuru-300x231.jpg 300w, https:\/\/atauni.edu.tr\/iklim-degisikligi-koordinatorlugu\/wp-content\/uploads\/sites\/789\/2021\/07\/Duyuru-768x591.jpg 768w, https:\/\/atauni.edu.tr\/iklim-degisikligi-koordinatorlugu\/wp-content\/uploads\/sites\/789\/2021\/07\/Duyuru-600x462.jpg 600w, https:\/\/atauni.edu.tr\/iklim-degisikligi-koordinatorlugu\/wp-content\/uploads\/sites\/789\/2021\/07\/Duyuru-560x431.jpg 560w, https:\/\/atauni.edu.tr\/iklim-degisikligi-koordinatorlugu\/wp-content\/uploads\/sites\/789\/2021\/07\/Duyuru.jpg 780w\" sizes=\"(max-width: 300px) 100vw, 300px\" \/><\/div><div class=\"etkinlik-datee\"><span class=\"day\">26<\/span><span class=\"month\">May\u0131s<\/span><span class=\"year\">2025<\/span><\/div><a href=\"https:\/\/atauni.edu.tr\/iklim-degisikligi-koordinatorlugu\/2025\/05\/26\/iklim-degisikligi-koordinatorlugu-ve-muhendislik-fakultesi-ev-sahipliginde-9-mayis-cuma-gunu-surdurulebilirlik-adimlari-dernegi-sade-ve-grundfos-yoneticilerini-erzurumda-agirliyoruz-ve\/\" class=\"etkinlik-titlee\">\u0130klim De\u011fi\u015fikli\u011fi Koordinat\u00f6rl\u00fc\u011f\u00fc ve M\u00fchendislik Fak\u00fcltesi Ev Sahipli\u011finde 9 May\u0131s Cuma G\u00fcn\u00fc, S\u00fcrd\u00fcr\u00fclebilirlik Ad\u0131mlar\u0131 Derne\u011fi (SADE) ve GRUNDFOS Y\u00f6neticilerini Erzurum\u2019da A\u011f\u0131rl\u0131yoruz ve \u201cS\u00fcrd\u00fcr\u00fclebilirlik \u0130\u00e7in M\u00fchendislik\u201d Seminerinde \u00d6\u011frencilerimizle Bulu\u015fturuyoruz<\/a><\/div><div class=\"etkinlik-grid-item\"><div class=\"etkinlik-thumbnail\"><img fetchpriority=\"high\" decoding=\"async\" width=\"300\" height=\"231\" src=\"https:\/\/atauni.edu.tr\/iklim-degisikligi-koordinatorlugu\/wp-content\/uploads\/sites\/789\/2021\/07\/Duyuru-300x231.jpg\" class=\"img-fluid wp-post-image\" alt=\"\" srcset=\"https:\/\/atauni.edu.tr\/iklim-degisikligi-koordinatorlugu\/wp-content\/uploads\/sites\/789\/2021\/07\/Duyuru-300x231.jpg 300w, https:\/\/atauni.edu.tr\/iklim-degisikligi-koordinatorlugu\/wp-content\/uploads\/sites\/789\/2021\/07\/Duyuru-768x591.jpg 768w, https:\/\/atauni.edu.tr\/iklim-degisikligi-koordinatorlugu\/wp-content\/uploads\/sites\/789\/2021\/07\/Duyuru-600x462.jpg 600w, https:\/\/atauni.edu.tr\/iklim-degisikligi-koordinatorlugu\/wp-content\/uploads\/sites\/789\/2021\/07\/Duyuru-560x431.jpg 560w, https:\/\/atauni.edu.tr\/iklim-degisikligi-koordinatorlugu\/wp-content\/uploads\/sites\/789\/2021\/07\/Duyuru.jpg 780w\" sizes=\"(max-width: 300px) 100vw, 300px\" \/><\/div><div class=\"etkinlik-datee\"><span class=\"day\">22<\/span><span class=\"month\">Nisan<\/span><span class=\"year\">2025<\/span><\/div><a href=\"https:\/\/atauni.edu.tr\/iklim-degisikligi-koordinatorlugu\/2025\/04\/22\/koordinatorlugumuzun-webinar-serisinin-ilki-8-mart-dunya-kadinlar-gununde-basliyor-2\/\" class=\"etkinlik-titlee\">Koordinat\u00f6rl\u00fc\u011f\u00fcm\u00fcz\u00fcn Webinar Serisinin \u0130lki 8 Mart D\u00fcnya Kad\u0131nlar G\u00fcn\u00fcnde Ba\u015fl\u0131yor<\/a><\/div><\/div><div class=\"pagination\" style=\"margin-top: 20px;\"><\/div>\n\n\n\n<p><\/p>\n","protected":false},"excerpt":{"rendered":"","protected":false},"author":1,"featured_media":0,"parent":0,"menu_order":0,"comment_status":"closed","ping_status":"closed","template":"","meta":{"footnotes":""},"class_list":["post-6769","page","type-page","status-publish","hentry"],"_links":{"self":[{"href":"https:\/\/atauni.edu.tr\/iklim-degisikligi-koordinatorlugu\/wp-json\/wp\/v2\/pages\/6769","targetHints":{"allow":["GET"]}}],"collection":[{"href":"https:\/\/atauni.edu.tr\/iklim-degisikligi-koordinatorlugu\/wp-json\/wp\/v2\/pages"}],"about":[{"href":"https:\/\/atauni.edu.tr\/iklim-degisikligi-koordinatorlugu\/wp-json\/wp\/v2\/types\/page"}],"author":[{"embeddable":true,"href":"https:\/\/atauni.edu.tr\/iklim-degisikligi-koordinatorlugu\/wp-json\/wp\/v2\/users\/1"}],"replies":[{"embeddable":true,"href":"https:\/\/atauni.edu.tr\/iklim-degisikligi-koordinatorlugu\/wp-json\/wp\/v2\/comments?post=6769"}],"version-history":[{"count":1,"href":"https:\/\/atauni.edu.tr\/iklim-degisikligi-koordinatorlugu\/wp-json\/wp\/v2\/pages\/6769\/revisions"}],"predecessor-version":[{"id":6772,"href":"https:\/\/atauni.edu.tr\/iklim-degisikligi-koordinatorlugu\/wp-json\/wp\/v2\/pages\/6769\/revisions\/6772"}],"wp:attachment":[{"href":"https:\/\/atauni.edu.tr\/iklim-degisikligi-koordinatorlugu\/wp-json\/wp\/v2\/media?parent=6769"}],"curies":[{"name":"wp","href":"https:\/\/api.w.org\/{rel}","templated":true}]}}