{"id":12242,"date":"2024-11-24T01:23:47","date_gmt":"2024-11-23T22:23:47","guid":{"rendered":"https:\/\/birimler.atauni.edu.tr\/iktisadi-ve-idari-bilimler-fakultesi\/?page_id=12242"},"modified":"2025-05-26T02:47:03","modified_gmt":"2025-05-25T23:47:03","slug":"dekan-yardimcilari","status":"publish","type":"page","link":"https:\/\/atauni.edu.tr\/iktisadi-ve-idari-bilimler-fakultesi\/yonetim\/dekan-yardimcilari\/","title":{"rendered":"Dekan Yard\u0131mc\u0131lar\u0131"},"content":{"rendered":"\t\t<div data-elementor-type=\"wp-page\" data-elementor-id=\"12242\" class=\"elementor elementor-12242\" data-elementor-post-type=\"page\">\n\t\t\t\t\t\t<section class=\"elementor-section elementor-top-section elementor-element elementor-element-c401c34 elementor-section-content-middle elementor-section-stretched elementor-section-boxed elementor-section-height-default elementor-section-height-default\" data-id=\"c401c34\" data-element_type=\"section\" data-settings=\"{&quot;stretch_section&quot;:&quot;section-stretched&quot;,&quot;background_background&quot;:&quot;classic&quot;}\">\n\t\t\t\t\t\t<div class=\"elementor-container elementor-column-gap-default\">\n\t\t\t\t\t<div class=\"elementor-column elementor-col-50 elementor-top-column elementor-element elementor-element-933df00\" data-id=\"933df00\" data-element_type=\"column\">\n\t\t\t<div class=\"elementor-widget-wrap elementor-element-populated\">\n\t\t\t\t\t\t<div class=\"elementor-element elementor-element-275a0ce elementor-view-default elementor-widget elementor-widget-icon\" data-id=\"275a0ce\" data-element_type=\"widget\" data-widget_type=\"icon.default\">\n\t\t\t\t<div class=\"elementor-widget-container\">\n\t\t\t\t\t\t\t<div class=\"elementor-icon-wrapper\">\n\t\t\t<div class=\"elementor-icon\">\n\t\t\t<svg xmlns=\"http:\/\/www.w3.org\/2000\/svg\" id=\"Bold\" viewBox=\"0 0 24 24\" width=\"512\" height=\"512\"><path d=\"M11.832,24a1.5,1.5,0,0,1-1.061-2.561l7.672-7.671a2.5,2.5,0,0,0,0-3.536L10.771,2.561A1.5,1.5,0,0,1,12.893.439l7.671,7.672a5.5,5.5,0,0,1,0,7.778l-7.671,7.672A1.5,1.5,0,0,1,11.832,24Z\"><\/path><path d=\"M2.287,24a1.5,1.5,0,0,1-1.06-2.561l9.085-9.085a.5.5,0,0,0,0-.708L1.227,2.561A1.5,1.5,0,0,1,3.348.439l9.086,9.086a3.507,3.507,0,0,1,0,4.949L3.348,23.561A1.5,1.5,0,0,1,2.287,24Z\"><\/path><\/svg>\t\t\t<\/div>\n\t\t<\/div>\n\t\t\t\t\t\t<\/div>\n\t\t\t\t<\/div>\n\t\t\t\t\t<\/div>\n\t\t<\/div>\n\t\t\t\t<div class=\"elementor-column elementor-col-50 elementor-top-column elementor-element elementor-element-9317b24\" data-id=\"9317b24\" data-element_type=\"column\">\n\t\t\t<div class=\"elementor-widget-wrap elementor-element-populated\">\n\t\t\t\t\t\t<div class=\"elementor-element elementor-element-04eaf96 elementor-widget elementor-widget-heading\" data-id=\"04eaf96\" data-element_type=\"widget\" data-widget_type=\"heading.default\">\n\t\t\t\t<div class=\"elementor-widget-container\">\n\t\t\t\t\t<h2 class=\"elementor-heading-title elementor-size-default\">Dekan Yard\u0131mc\u0131lar\u0131m\u0131z<\/h2>\t\t\t\t<\/div>\n\t\t\t\t<\/div>\n\t\t\t\t\t<\/div>\n\t\t<\/div>\n\t\t\t\t\t<\/div>\n\t\t<\/section>\n\t\t\t\t<section class=\"elementor-section elementor-top-section elementor-element elementor-element-806b69b elementor-section-boxed elementor-section-height-default elementor-section-height-default\" data-id=\"806b69b\" data-element_type=\"section\">\n\t\t\t\t\t\t<div class=\"elementor-container elementor-column-gap-default\">\n\t\t\t\t\t<div class=\"elementor-column elementor-col-50 elementor-top-column elementor-element elementor-element-044da2a\" data-id=\"044da2a\" data-element_type=\"column\">\n\t\t\t<div class=\"elementor-widget-wrap elementor-element-populated\">\n\t\t\t\t\t\t<div class=\"elementor-element elementor-element-950822f elementor-widget elementor-widget-image\" data-id=\"950822f\" data-element_type=\"widget\" data-widget_type=\"image.default\">\n\t\t\t\t<div class=\"elementor-widget-container\">\n\t\t\t\t\t\t\t\t\t\t\t\t\t\t\t<img fetchpriority=\"high\" decoding=\"async\" width=\"427\" height=\"427\" src=\"https:\/\/atauni.edu.tr\/iktisadi-ve-idari-bilimler-fakultesi\/wp-content\/uploads\/sites\/64\/2025\/05\/ihsanc\u0327ubukcu.png\" class=\"attachment-large size-large wp-image-16522\" alt=\"\" \/>\t\t\t\t\t\t\t\t\t\t\t\t\t\t\t<\/div>\n\t\t\t\t<\/div>\n\t\t\t\t<div class=\"elementor-element elementor-element-2ea2e91 elementor-widget elementor-widget-heading\" data-id=\"2ea2e91\" data-element_type=\"widget\" data-widget_type=\"heading.default\">\n\t\t\t\t<div class=\"elementor-widget-container\">\n\t\t\t\t\t<h2 class=\"elementor-heading-title elementor-size-default\">Do\u00e7. Dr. Muhammed \u0130hsan \u00c7UBUKCU<\/h2>\t\t\t\t<\/div>\n\t\t\t\t<\/div>\n\t\t\t\t<div class=\"elementor-element elementor-element-06053a9 elementor-widget elementor-widget-heading\" data-id=\"06053a9\" data-element_type=\"widget\" data-widget_type=\"heading.default\">\n\t\t\t\t<div class=\"elementor-widget-container\">\n\t\t\t\t\t<h2 class=\"elementor-heading-title elementor-size-default\">Dekan Yard\u0131mc\u0131s\u0131<\/h2>\t\t\t\t<\/div>\n\t\t\t\t<\/div>\n\t\t\t\t\t<\/div>\n\t\t<\/div>\n\t\t\t\t<div class=\"elementor-column elementor-col-50 elementor-top-column elementor-element elementor-element-2dc6daa\" data-id=\"2dc6daa\" data-element_type=\"column\">\n\t\t\t<div class=\"elementor-widget-wrap elementor-element-populated\">\n\t\t\t\t\t\t<div class=\"elementor-element elementor-element-a9f04c2 elementor-widget elementor-widget-image\" data-id=\"a9f04c2\" data-element_type=\"widget\" data-widget_type=\"image.default\">\n\t\t\t\t<div class=\"elementor-widget-container\">\n\t\t\t\t\t\t\t\t\t\t\t\t\t\t\t<img decoding=\"async\" width=\"427\" height=\"427\" src=\"https:\/\/atauni.edu.tr\/iktisadi-ve-idari-bilimler-fakultesi\/wp-content\/uploads\/sites\/64\/2025\/05\/ebubekirkarabacak.png\" class=\"attachment-large size-large wp-image-16521\" alt=\"\" \/>\t\t\t\t\t\t\t\t\t\t\t\t\t\t\t<\/div>\n\t\t\t\t<\/div>\n\t\t\t\t<div class=\"elementor-element elementor-element-82492d1 elementor-widget elementor-widget-heading\" data-id=\"82492d1\" data-element_type=\"widget\" data-widget_type=\"heading.default\">\n\t\t\t\t<div class=\"elementor-widget-container\">\n\t\t\t\t\t<h2 class=\"elementor-heading-title elementor-size-default\">Dr. \u00d6\u011fr. \u00dcyesi Ebubekir KARABACAK<\/h2>\t\t\t\t<\/div>\n\t\t\t\t<\/div>\n\t\t\t\t<div class=\"elementor-element elementor-element-0647f5b elementor-widget elementor-widget-heading\" data-id=\"0647f5b\" data-element_type=\"widget\" data-widget_type=\"heading.default\">\n\t\t\t\t<div class=\"elementor-widget-container\">\n\t\t\t\t\t<h2 class=\"elementor-heading-title elementor-size-default\">Dekan Yard\u0131mc\u0131s\u0131<\/h2>\t\t\t\t<\/div>\n\t\t\t\t<\/div>\n\t\t\t\t\t<\/div>\n\t\t<\/div>\n\t\t\t\t\t<\/div>\n\t\t<\/section>\n\t\t\t\t<\/div>\n\t\t","protected":false},"excerpt":{"rendered":"<p>Dekan Yard\u0131mc\u0131lar\u0131m\u0131z Do\u00e7. Dr. Muhammed \u0130hsan \u00c7UBUKCU Dekan Yard\u0131mc\u0131s\u0131 Dr. \u00d6\u011fr. \u00dcyesi Ebubekir KARABACAK Dekan Yard\u0131mc\u0131s\u0131<\/p>\n","protected":false},"author":620,"featured_media":0,"parent":5572,"menu_order":0,"comment_status":"closed","ping_status":"closed","template":"elementor_header_footer","meta":{"footnotes":""},"class_list":["post-12242","page","type-page","status-publish","hentry"],"_links":{"self":[{"href":"https:\/\/atauni.edu.tr\/iktisadi-ve-idari-bilimler-fakultesi\/wp-json\/wp\/v2\/pages\/12242","targetHints":{"allow":["GET"]}}],"collection":[{"href":"https:\/\/atauni.edu.tr\/iktisadi-ve-idari-bilimler-fakultesi\/wp-json\/wp\/v2\/pages"}],"about":[{"href":"https:\/\/atauni.edu.tr\/iktisadi-ve-idari-bilimler-fakultesi\/wp-json\/wp\/v2\/types\/page"}],"author":[{"embeddable":true,"href":"https:\/\/atauni.edu.tr\/iktisadi-ve-idari-bilimler-fakultesi\/wp-json\/wp\/v2\/users\/620"}],"replies":[{"embeddable":true,"href":"https:\/\/atauni.edu.tr\/iktisadi-ve-idari-bilimler-fakultesi\/wp-json\/wp\/v2\/comments?post=12242"}],"version-history":[{"count":13,"href":"https:\/\/atauni.edu.tr\/iktisadi-ve-idari-bilimler-fakultesi\/wp-json\/wp\/v2\/pages\/12242\/revisions"}],"predecessor-version":[{"id":16539,"href":"https:\/\/atauni.edu.tr\/iktisadi-ve-idari-bilimler-fakultesi\/wp-json\/wp\/v2\/pages\/12242\/revisions\/16539"}],"up":[{"embeddable":true,"href":"https:\/\/atauni.edu.tr\/iktisadi-ve-idari-bilimler-fakultesi\/wp-json\/wp\/v2\/pages\/5572"}],"wp:attachment":[{"href":"https:\/\/atauni.edu.tr\/iktisadi-ve-idari-bilimler-fakultesi\/wp-json\/wp\/v2\/media?parent=12242"}],"curies":[{"name":"wp","href":"https:\/\/api.w.org\/{rel}","templated":true}]}}