{"id":14502,"date":"2025-02-24T17:06:11","date_gmt":"2025-02-24T14:06:11","guid":{"rendered":"https:\/\/birimler.atauni.edu.tr\/iktisadi-ve-idari-bilimler-fakultesi\/?page_id=14502"},"modified":"2025-05-24T00:14:00","modified_gmt":"2025-05-23T21:14:00","slug":"ders-programlari-2","status":"publish","type":"page","link":"https:\/\/atauni.edu.tr\/iktisadi-ve-idari-bilimler-fakultesi\/ders-programlari-2\/","title":{"rendered":"Ders Programlar\u0131"},"content":{"rendered":"\t\t<div data-elementor-type=\"wp-page\" data-elementor-id=\"14502\" class=\"elementor elementor-14502\" data-elementor-post-type=\"page\">\n\t\t\t\t\t\t<section class=\"elementor-section elementor-top-section elementor-element elementor-element-acbde5e elementor-section-content-middle elementor-section-stretched elementor-section-boxed elementor-section-height-default elementor-section-height-default\" data-id=\"acbde5e\" data-element_type=\"section\" data-settings=\"{&quot;stretch_section&quot;:&quot;section-stretched&quot;,&quot;background_background&quot;:&quot;classic&quot;}\">\n\t\t\t\t\t\t<div class=\"elementor-container elementor-column-gap-default\">\n\t\t\t\t\t<div class=\"elementor-column elementor-col-50 elementor-top-column elementor-element elementor-element-da5a2f8\" data-id=\"da5a2f8\" data-element_type=\"column\">\n\t\t\t<div class=\"elementor-widget-wrap elementor-element-populated\">\n\t\t\t\t\t\t<div class=\"elementor-element elementor-element-fc4e251 elementor-view-default elementor-widget elementor-widget-icon\" data-id=\"fc4e251\" data-element_type=\"widget\" data-widget_type=\"icon.default\">\n\t\t\t\t<div class=\"elementor-widget-container\">\n\t\t\t\t\t\t\t<div class=\"elementor-icon-wrapper\">\n\t\t\t<div class=\"elementor-icon\">\n\t\t\t<svg xmlns=\"http:\/\/www.w3.org\/2000\/svg\" id=\"Bold\" viewBox=\"0 0 24 24\" width=\"512\" height=\"512\"><path d=\"M11.832,24a1.5,1.5,0,0,1-1.061-2.561l7.672-7.671a2.5,2.5,0,0,0,0-3.536L10.771,2.561A1.5,1.5,0,0,1,12.893.439l7.671,7.672a5.5,5.5,0,0,1,0,7.778l-7.671,7.672A1.5,1.5,0,0,1,11.832,24Z\"><\/path><path d=\"M2.287,24a1.5,1.5,0,0,1-1.06-2.561l9.085-9.085a.5.5,0,0,0,0-.708L1.227,2.561A1.5,1.5,0,0,1,3.348.439l9.086,9.086a3.507,3.507,0,0,1,0,4.949L3.348,23.561A1.5,1.5,0,0,1,2.287,24Z\"><\/path><\/svg>\t\t\t<\/div>\n\t\t<\/div>\n\t\t\t\t\t\t<\/div>\n\t\t\t\t<\/div>\n\t\t\t\t\t<\/div>\n\t\t<\/div>\n\t\t\t\t<div class=\"elementor-column elementor-col-50 elementor-top-column elementor-element elementor-element-a1aa4b0\" data-id=\"a1aa4b0\" data-element_type=\"column\">\n\t\t\t<div class=\"elementor-widget-wrap elementor-element-populated\">\n\t\t\t\t\t\t<div class=\"elementor-element elementor-element-c9baff2 elementor-widget elementor-widget-heading\" data-id=\"c9baff2\" data-element_type=\"widget\" data-widget_type=\"heading.default\">\n\t\t\t\t<div class=\"elementor-widget-container\">\n\t\t\t\t\t<h2 class=\"elementor-heading-title elementor-size-default\">Ders Programlar\u0131<\/h2>\t\t\t\t<\/div>\n\t\t\t\t<\/div>\n\t\t\t\t\t<\/div>\n\t\t<\/div>\n\t\t\t\t\t<\/div>\n\t\t<\/section>\n\t\t\t\t<section class=\"elementor-section elementor-top-section elementor-element elementor-element-e432dc1 elementor-section-boxed elementor-section-height-default elementor-section-height-default\" data-id=\"e432dc1\" data-element_type=\"section\">\n\t\t\t\t\t\t<div class=\"elementor-container elementor-column-gap-default\">\n\t\t\t\t\t<div class=\"elementor-column elementor-col-100 elementor-top-column elementor-element elementor-element-a121c3a\" data-id=\"a121c3a\" data-element_type=\"column\">\n\t\t\t<div class=\"elementor-widget-wrap elementor-element-populated\">\n\t\t\t\t\t\t<div class=\"elementor-element elementor-element-6a4e665 elementor-widget elementor-widget-ova_blog\" data-id=\"6a4e665\" data-element_type=\"widget\" data-widget_type=\"ova_blog.default\">\n\t\t\t\t<div class=\"elementor-widget-container\">\n\t\t\t\t\t\n\t\t<div class=\"ova-blog blog-grid grid_small\">\n\t\t\t<div class=\"ova-wrap-grid\">\n\t\t\t\t\t\t\t<article class=\"post-wrap\">\n\t\t\t\t\t<div class=\"wrap-article\">\n\t\t\t\t\t\t<div class=\"post-media\">\n\t\t\t\t\t\t\t\t\t\t\t\t\t\t\t<a href=\"https:\/\/atauni.edu.tr\/iktisadi-ve-idari-bilimler-fakultesi\/2026\/03\/05\/2025-2026-bahar-donemi-ders-programlari\/\">\n\n\t\t\t\t\t\t\t\t\t<img decoding=\"async\" alt=\"2025-2026 Bahar D\u00f6nemi Ders Programlar\u0131\" src=\"https:\/\/atauni.edu.tr\/iktisadi-ve-idari-bilimler-fakultesi\/wp-content\/uploads\/sites\/64\/2026\/03\/I\u0307I\u0307BF-Duyurular-560x386.png\" \n\t\t\t\t\t\t\t\t\t\t\t\n\t\t\t\t\t\t\t\t\t\t\tsrcset=\"https:\/\/atauni.edu.tr\/iktisadi-ve-idari-bilimler-fakultesi\/wp-content\/uploads\/sites\/64\/2026\/03\/I\u0307I\u0307BF-Duyurular-560x386.png 560w,\n\t\t\t\t\t\t\t\t\t\t\thttps:\/\/atauni.edu.tr\/iktisadi-ve-idari-bilimler-fakultesi\/wp-content\/uploads\/sites\/64\/2026\/03\/I\u0307I\u0307BF-Duyurular.png 300w\" \n\t\t\t\t\t\t\t\t\t\t\tsizes=\"(max-width: 767px) 100vw, 560px\" >\n\t\t\t\t\t\t\t\t<\/a>\n\t\t\t\t\t\t\t\t\t\t\t\t\t<\/div>\n\t\t\t\t\t\t<div class=\"evgovt-content\">\n\t\t\t\t\t\t\t\t\t\t\t\t\t\t<div class=\"post-meta-date\">\n\t\t\t\t\t\t\t\t<span class=\"post-meta-content-date\">\n\t\t\t\t\t\t\t\t    <span class=\" post-date\">\n\t\t\t\t\t\t\t\t        <span class=\"right second_font\">5 Mart 2026<\/span>\n\t\t\t\t\t\t\t\t    <\/span>\n\t\t\t\t\t\t\t\t<\/span>\n\t\t\t\t\t\t\t<\/div>\n\t\t\t\t\t\t\t\n\t\t\t\t\t\t\t\t\t\t\t\t\t\t\t\t\t\t\t\t\t<div class=\"post-title\">\n\t\t\t\t\t\t\t\t<a href=\"https:\/\/atauni.edu.tr\/iktisadi-ve-idari-bilimler-fakultesi\/2026\/03\/05\/2025-2026-bahar-donemi-ders-programlari\/\" rel=\"bookmark\" title=\"2025-2026 Bahar D\u00f6nemi Ders Programlar\u0131\">\n\t\t\t\t\t\t\t\t\t<h2 class=\"post-title\">2025-2026 Bahar D\u00f6nemi Ders Programlar\u0131<\/h2>\n\t\t\t\t\t\t\t    <\/a>\n\t\t\t\t\t\t\t<\/div>\n\t\t\t\t\t\t\t\t\t\t\t\t\t\t\t\t\t\t\t\t\t\t\t\t\t\t\t\t<div class=\"post-footer\">\n\t\t\t\t\t\t\t\t<div class=\"egovt-post-readmore\">\n\t\t\t\t\t\t\t\t    <a class=\"btn-readmore second_font\" href=\"https:\/\/atauni.edu.tr\/iktisadi-ve-idari-bilimler-fakultesi\/2026\/03\/05\/2025-2026-bahar-donemi-ders-programlari\/\">\n\t\t\t\t\t\t\t\t    \tdevam\u0131n\u0131 oku\t\t\t\t\t\t\t\t    \t<i data-feather=\"arrow-right\"><\/i>\n\t\t\t\t\t\t\t\t    <\/a>\n\t\t\t\t\t\t\t\t<\/div>\n\t\t\t\t\t\t\t<\/div>\n\t\t\t\t\t\t\t\t\t\t\t\t\t<\/div>\n\t\t\t\t\t<\/div>\n\t\t\t\t<\/article>\n\t\t\t\t\t\t\t<article class=\"post-wrap\">\n\t\t\t\t\t<div class=\"wrap-article\">\n\t\t\t\t\t\t<div class=\"post-media\">\n\t\t\t\t\t\t\t\t\t\t\t\t\t\t\t<a href=\"https:\/\/atauni.edu.tr\/iktisadi-ve-idari-bilimler-fakultesi\/2025\/10\/03\/2025-2026-guz-donemi-ders-programlari\/\">\n\n\t\t\t\t\t\t\t\t\t<img decoding=\"async\" alt=\"2025-2026 G\u00fcz D\u00f6nemi Ders Programlar\u0131\" src=\"https:\/\/atauni.edu.tr\/iktisadi-ve-idari-bilimler-fakultesi\/wp-content\/uploads\/sites\/64\/2025\/10\/I\u0307I\u0307BF-Duyurular-1-1-560x386.png\" \n\t\t\t\t\t\t\t\t\t\t\t\n\t\t\t\t\t\t\t\t\t\t\tsrcset=\"https:\/\/atauni.edu.tr\/iktisadi-ve-idari-bilimler-fakultesi\/wp-content\/uploads\/sites\/64\/2025\/10\/I\u0307I\u0307BF-Duyurular-1-1-560x386.png 560w,\n\t\t\t\t\t\t\t\t\t\t\thttps:\/\/atauni.edu.tr\/iktisadi-ve-idari-bilimler-fakultesi\/wp-content\/uploads\/sites\/64\/2025\/10\/I\u0307I\u0307BF-Duyurular-1-1.png 300w\" \n\t\t\t\t\t\t\t\t\t\t\tsizes=\"(max-width: 767px) 100vw, 560px\" >\n\t\t\t\t\t\t\t\t<\/a>\n\t\t\t\t\t\t\t\t\t\t\t\t\t<\/div>\n\t\t\t\t\t\t<div class=\"evgovt-content\">\n\t\t\t\t\t\t\t\t\t\t\t\t\t\t<div class=\"post-meta-date\">\n\t\t\t\t\t\t\t\t<span class=\"post-meta-content-date\">\n\t\t\t\t\t\t\t\t    <span class=\" post-date\">\n\t\t\t\t\t\t\t\t        <span class=\"right second_font\">3 Ekim 2025<\/span>\n\t\t\t\t\t\t\t\t    <\/span>\n\t\t\t\t\t\t\t\t<\/span>\n\t\t\t\t\t\t\t<\/div>\n\t\t\t\t\t\t\t\n\t\t\t\t\t\t\t\t\t\t\t\t\t\t\t\t\t\t\t\t\t<div class=\"post-title\">\n\t\t\t\t\t\t\t\t<a href=\"https:\/\/atauni.edu.tr\/iktisadi-ve-idari-bilimler-fakultesi\/2025\/10\/03\/2025-2026-guz-donemi-ders-programlari\/\" rel=\"bookmark\" title=\"2025-2026 G\u00fcz D\u00f6nemi Ders Programlar\u0131\">\n\t\t\t\t\t\t\t\t\t<h2 class=\"post-title\">2025-2026 G\u00fcz D\u00f6nemi Ders Programlar\u0131<\/h2>\n\t\t\t\t\t\t\t    <\/a>\n\t\t\t\t\t\t\t<\/div>\n\t\t\t\t\t\t\t\t\t\t\t\t\t\t\t\t\t\t\t\t\t\t\t\t\t\t\t\t<div class=\"post-footer\">\n\t\t\t\t\t\t\t\t<div class=\"egovt-post-readmore\">\n\t\t\t\t\t\t\t\t    <a class=\"btn-readmore second_font\" href=\"https:\/\/atauni.edu.tr\/iktisadi-ve-idari-bilimler-fakultesi\/2025\/10\/03\/2025-2026-guz-donemi-ders-programlari\/\">\n\t\t\t\t\t\t\t\t    \tdevam\u0131n\u0131 oku\t\t\t\t\t\t\t\t    \t<i data-feather=\"arrow-right\"><\/i>\n\t\t\t\t\t\t\t\t    <\/a>\n\t\t\t\t\t\t\t\t<\/div>\n\t\t\t\t\t\t\t<\/div>\n\t\t\t\t\t\t\t\t\t\t\t\t\t<\/div>\n\t\t\t\t\t<\/div>\n\t\t\t\t<\/article>\n\t\t\t\t\t\t\t<article class=\"post-wrap\">\n\t\t\t\t\t<div class=\"wrap-article\">\n\t\t\t\t\t\t<div class=\"post-media\">\n\t\t\t\t\t\t\t\t\t\t\t\t\t\t\t<a href=\"https:\/\/atauni.edu.tr\/iktisadi-ve-idari-bilimler-fakultesi\/2025\/02\/24\/2024-2025-bahar-donemi-ders-programlari\/\">\n\n\t\t\t\t\t\t\t\t\t<img decoding=\"async\" alt=\"2024-2025 Bahar D\u00f6nemi Ders Programlar\u0131\" src=\"https:\/\/atauni.edu.tr\/iktisadi-ve-idari-bilimler-fakultesi\/wp-content\/uploads\/sites\/64\/2025\/02\/I\u0307I\u0307BF-Duyurular-3.png\" \n\t\t\t\t\t\t\t\t\t\t\t\n\t\t\t\t\t\t\t\t\t\t\tsrcset=\"https:\/\/atauni.edu.tr\/iktisadi-ve-idari-bilimler-fakultesi\/wp-content\/uploads\/sites\/64\/2025\/02\/I\u0307I\u0307BF-Duyurular-3.png 560w,\n\t\t\t\t\t\t\t\t\t\t\thttps:\/\/atauni.edu.tr\/iktisadi-ve-idari-bilimler-fakultesi\/wp-content\/uploads\/sites\/64\/2025\/02\/I\u0307I\u0307BF-Duyurular-3.png 300w\" \n\t\t\t\t\t\t\t\t\t\t\tsizes=\"(max-width: 767px) 100vw, 560px\" >\n\t\t\t\t\t\t\t\t<\/a>\n\t\t\t\t\t\t\t\t\t\t\t\t\t<\/div>\n\t\t\t\t\t\t<div class=\"evgovt-content\">\n\t\t\t\t\t\t\t\t\t\t\t\t\t\t<div class=\"post-meta-date\">\n\t\t\t\t\t\t\t\t<span class=\"post-meta-content-date\">\n\t\t\t\t\t\t\t\t    <span class=\" post-date\">\n\t\t\t\t\t\t\t\t        <span class=\"right second_font\">24 \u015eubat 2025<\/span>\n\t\t\t\t\t\t\t\t    <\/span>\n\t\t\t\t\t\t\t\t<\/span>\n\t\t\t\t\t\t\t<\/div>\n\t\t\t\t\t\t\t\n\t\t\t\t\t\t\t\t\t\t\t\t\t\t\t\t\t\t\t\t\t<div class=\"post-title\">\n\t\t\t\t\t\t\t\t<a href=\"https:\/\/atauni.edu.tr\/iktisadi-ve-idari-bilimler-fakultesi\/2025\/02\/24\/2024-2025-bahar-donemi-ders-programlari\/\" rel=\"bookmark\" title=\"2024-2025 Bahar D\u00f6nemi Ders Programlar\u0131\">\n\t\t\t\t\t\t\t\t\t<h2 class=\"post-title\">2024-2025 Bahar D\u00f6nemi Ders Programlar\u0131<\/h2>\n\t\t\t\t\t\t\t    <\/a>\n\t\t\t\t\t\t\t<\/div>\n\t\t\t\t\t\t\t\t\t\t\t\t\t\t\t\t\t\t\t\t\t\t\t\t\t\t\t\t<div class=\"post-footer\">\n\t\t\t\t\t\t\t\t<div class=\"egovt-post-readmore\">\n\t\t\t\t\t\t\t\t    <a class=\"btn-readmore second_font\" href=\"https:\/\/atauni.edu.tr\/iktisadi-ve-idari-bilimler-fakultesi\/2025\/02\/24\/2024-2025-bahar-donemi-ders-programlari\/\">\n\t\t\t\t\t\t\t\t    \tdevam\u0131n\u0131 oku\t\t\t\t\t\t\t\t    \t<i data-feather=\"arrow-right\"><\/i>\n\t\t\t\t\t\t\t\t    <\/a>\n\t\t\t\t\t\t\t\t<\/div>\n\t\t\t\t\t\t\t<\/div>\n\t\t\t\t\t\t\t\t\t\t\t\t\t<\/div>\n\t\t\t\t\t<\/div>\n\t\t\t\t<\/article>\n\t\t\t\t\t\t\t<article class=\"post-wrap\">\n\t\t\t\t\t<div class=\"wrap-article\">\n\t\t\t\t\t\t<div class=\"post-media\">\n\t\t\t\t\t\t\t\t\t\t\t\t\t\t\t<a href=\"https:\/\/atauni.edu.tr\/iktisadi-ve-idari-bilimler-fakultesi\/2024\/10\/07\/2024-2025-guz-donemi-ders-programlari\/\">\n\n\t\t\t\t\t\t\t\t\t<img decoding=\"async\" alt=\"2024-2025 G\u00fcz D\u00f6nemi Ders Programlar\u0131\" src=\"https:\/\/atauni.edu.tr\/iktisadi-ve-idari-bilimler-fakultesi\/wp-content\/uploads\/sites\/64\/2024\/10\/I\u0307I\u0307BF-Duyurular-1-1.png\" \n\t\t\t\t\t\t\t\t\t\t\t\n\t\t\t\t\t\t\t\t\t\t\tsrcset=\"https:\/\/atauni.edu.tr\/iktisadi-ve-idari-bilimler-fakultesi\/wp-content\/uploads\/sites\/64\/2024\/10\/I\u0307I\u0307BF-Duyurular-1-1.png 560w,\n\t\t\t\t\t\t\t\t\t\t\thttps:\/\/atauni.edu.tr\/iktisadi-ve-idari-bilimler-fakultesi\/wp-content\/uploads\/sites\/64\/2024\/10\/I\u0307I\u0307BF-Duyurular-1-1.png 300w\" \n\t\t\t\t\t\t\t\t\t\t\tsizes=\"(max-width: 767px) 100vw, 560px\" >\n\t\t\t\t\t\t\t\t<\/a>\n\t\t\t\t\t\t\t\t\t\t\t\t\t<\/div>\n\t\t\t\t\t\t<div class=\"evgovt-content\">\n\t\t\t\t\t\t\t\t\t\t\t\t\t\t<div class=\"post-meta-date\">\n\t\t\t\t\t\t\t\t<span class=\"post-meta-content-date\">\n\t\t\t\t\t\t\t\t    <span class=\" post-date\">\n\t\t\t\t\t\t\t\t        <span class=\"right second_font\">7 Ekim 2024<\/span>\n\t\t\t\t\t\t\t\t    <\/span>\n\t\t\t\t\t\t\t\t<\/span>\n\t\t\t\t\t\t\t<\/div>\n\t\t\t\t\t\t\t\n\t\t\t\t\t\t\t\t\t\t\t\t\t\t\t\t\t\t\t\t\t<div class=\"post-title\">\n\t\t\t\t\t\t\t\t<a href=\"https:\/\/atauni.edu.tr\/iktisadi-ve-idari-bilimler-fakultesi\/2024\/10\/07\/2024-2025-guz-donemi-ders-programlari\/\" rel=\"bookmark\" title=\"2024-2025 G\u00fcz D\u00f6nemi Ders Programlar\u0131\">\n\t\t\t\t\t\t\t\t\t<h2 class=\"post-title\">2024-2025 G\u00fcz D\u00f6nemi Ders Programlar\u0131<\/h2>\n\t\t\t\t\t\t\t    <\/a>\n\t\t\t\t\t\t\t<\/div>\n\t\t\t\t\t\t\t\t\t\t\t\t\t\t\t\t\t\t\t\t\t\t\t\t\t\t\t\t<div class=\"post-footer\">\n\t\t\t\t\t\t\t\t<div class=\"egovt-post-readmore\">\n\t\t\t\t\t\t\t\t    <a class=\"btn-readmore second_font\" href=\"https:\/\/atauni.edu.tr\/iktisadi-ve-idari-bilimler-fakultesi\/2024\/10\/07\/2024-2025-guz-donemi-ders-programlari\/\">\n\t\t\t\t\t\t\t\t    \tdevam\u0131n\u0131 oku\t\t\t\t\t\t\t\t    \t<i data-feather=\"arrow-right\"><\/i>\n\t\t\t\t\t\t\t\t    <\/a>\n\t\t\t\t\t\t\t\t<\/div>\n\t\t\t\t\t\t\t<\/div>\n\t\t\t\t\t\t\t\t\t\t\t\t\t<\/div>\n\t\t\t\t\t<\/div>\n\t\t\t\t<\/article>\n\t\t\t\t\t\t\t<article class=\"post-wrap\">\n\t\t\t\t\t<div class=\"wrap-article\">\n\t\t\t\t\t\t<div class=\"post-media\">\n\t\t\t\t\t\t\t\t\t\t\t\t\t\t\t<a href=\"https:\/\/atauni.edu.tr\/iktisadi-ve-idari-bilimler-fakultesi\/2024\/07\/16\/2023-2024-yaz-donemi-ders-programlari\/\">\n\n\t\t\t\t\t\t\t\t\t<img decoding=\"async\" alt=\"2023-2024 Yaz D\u00f6nemi Ders Programlar\u0131\" src=\"https:\/\/atauni.edu.tr\/iktisadi-ve-idari-bilimler-fakultesi\/wp-content\/uploads\/sites\/64\/2024\/07\/I\u0307I\u0307BF-Duyurular-1.png\" \n\t\t\t\t\t\t\t\t\t\t\t\n\t\t\t\t\t\t\t\t\t\t\tsrcset=\"https:\/\/atauni.edu.tr\/iktisadi-ve-idari-bilimler-fakultesi\/wp-content\/uploads\/sites\/64\/2024\/07\/I\u0307I\u0307BF-Duyurular-1.png 560w,\n\t\t\t\t\t\t\t\t\t\t\thttps:\/\/atauni.edu.tr\/iktisadi-ve-idari-bilimler-fakultesi\/wp-content\/uploads\/sites\/64\/2024\/07\/I\u0307I\u0307BF-Duyurular-1.png 300w\" \n\t\t\t\t\t\t\t\t\t\t\tsizes=\"(max-width: 767px) 100vw, 560px\" >\n\t\t\t\t\t\t\t\t<\/a>\n\t\t\t\t\t\t\t\t\t\t\t\t\t<\/div>\n\t\t\t\t\t\t<div class=\"evgovt-content\">\n\t\t\t\t\t\t\t\t\t\t\t\t\t\t<div class=\"post-meta-date\">\n\t\t\t\t\t\t\t\t<span class=\"post-meta-content-date\">\n\t\t\t\t\t\t\t\t    <span class=\" post-date\">\n\t\t\t\t\t\t\t\t        <span class=\"right second_font\">16 Temmuz 2024<\/span>\n\t\t\t\t\t\t\t\t    <\/span>\n\t\t\t\t\t\t\t\t<\/span>\n\t\t\t\t\t\t\t<\/div>\n\t\t\t\t\t\t\t\n\t\t\t\t\t\t\t\t\t\t\t\t\t\t\t\t\t\t\t\t\t<div class=\"post-title\">\n\t\t\t\t\t\t\t\t<a href=\"https:\/\/atauni.edu.tr\/iktisadi-ve-idari-bilimler-fakultesi\/2024\/07\/16\/2023-2024-yaz-donemi-ders-programlari\/\" rel=\"bookmark\" title=\"2023-2024 Yaz D\u00f6nemi Ders Programlar\u0131\">\n\t\t\t\t\t\t\t\t\t<h2 class=\"post-title\">2023-2024 Yaz D\u00f6nemi Ders Programlar\u0131<\/h2>\n\t\t\t\t\t\t\t    <\/a>\n\t\t\t\t\t\t\t<\/div>\n\t\t\t\t\t\t\t\t\t\t\t\t\t\t\t\t\t\t\t\t\t\t\t\t\t\t\t\t<div class=\"post-footer\">\n\t\t\t\t\t\t\t\t<div class=\"egovt-post-readmore\">\n\t\t\t\t\t\t\t\t    <a class=\"btn-readmore second_font\" href=\"https:\/\/atauni.edu.tr\/iktisadi-ve-idari-bilimler-fakultesi\/2024\/07\/16\/2023-2024-yaz-donemi-ders-programlari\/\">\n\t\t\t\t\t\t\t\t    \tdevam\u0131n\u0131 oku\t\t\t\t\t\t\t\t    \t<i data-feather=\"arrow-right\"><\/i>\n\t\t\t\t\t\t\t\t    <\/a>\n\t\t\t\t\t\t\t\t<\/div>\n\t\t\t\t\t\t\t<\/div>\n\t\t\t\t\t\t\t\t\t\t\t\t\t<\/div>\n\t\t\t\t\t<\/div>\n\t\t\t\t<\/article>\n\t\t\t\t\t\t\t<article class=\"post-wrap\">\n\t\t\t\t\t<div class=\"wrap-article\">\n\t\t\t\t\t\t<div class=\"post-media\">\n\t\t\t\t\t\t\t\t\t\t\t\t\t\t\t<a href=\"https:\/\/atauni.edu.tr\/iktisadi-ve-idari-bilimler-fakultesi\/2024\/02\/23\/2023-2024-bahar-yariyili-ders-programi\/\">\n\n\t\t\t\t\t\t\t\t\t<img decoding=\"async\" alt=\"2023-2024 Bahar D\u00f6nemi Ders Programlar\u0131\" src=\"https:\/\/atauni.edu.tr\/iktisadi-ve-idari-bilimler-fakultesi\/wp-content\/uploads\/sites\/64\/2024\/02\/I\u0307I\u0307BF-Duyurular-2.png\" \n\t\t\t\t\t\t\t\t\t\t\t\n\t\t\t\t\t\t\t\t\t\t\tsrcset=\"https:\/\/atauni.edu.tr\/iktisadi-ve-idari-bilimler-fakultesi\/wp-content\/uploads\/sites\/64\/2024\/02\/I\u0307I\u0307BF-Duyurular-2.png 560w,\n\t\t\t\t\t\t\t\t\t\t\thttps:\/\/atauni.edu.tr\/iktisadi-ve-idari-bilimler-fakultesi\/wp-content\/uploads\/sites\/64\/2024\/02\/I\u0307I\u0307BF-Duyurular-2.png 300w\" \n\t\t\t\t\t\t\t\t\t\t\tsizes=\"(max-width: 767px) 100vw, 560px\" >\n\t\t\t\t\t\t\t\t<\/a>\n\t\t\t\t\t\t\t\t\t\t\t\t\t<\/div>\n\t\t\t\t\t\t<div class=\"evgovt-content\">\n\t\t\t\t\t\t\t\t\t\t\t\t\t\t<div class=\"post-meta-date\">\n\t\t\t\t\t\t\t\t<span class=\"post-meta-content-date\">\n\t\t\t\t\t\t\t\t    <span class=\" post-date\">\n\t\t\t\t\t\t\t\t        <span class=\"right second_font\">23 \u015eubat 2024<\/span>\n\t\t\t\t\t\t\t\t    <\/span>\n\t\t\t\t\t\t\t\t<\/span>\n\t\t\t\t\t\t\t<\/div>\n\t\t\t\t\t\t\t\n\t\t\t\t\t\t\t\t\t\t\t\t\t\t\t\t\t\t\t\t\t<div class=\"post-title\">\n\t\t\t\t\t\t\t\t<a href=\"https:\/\/atauni.edu.tr\/iktisadi-ve-idari-bilimler-fakultesi\/2024\/02\/23\/2023-2024-bahar-yariyili-ders-programi\/\" rel=\"bookmark\" title=\"2023-2024 Bahar D\u00f6nemi Ders Programlar\u0131\">\n\t\t\t\t\t\t\t\t\t<h2 class=\"post-title\">2023-2024 Bahar D\u00f6nemi Ders Programlar\u0131<\/h2>\n\t\t\t\t\t\t\t    <\/a>\n\t\t\t\t\t\t\t<\/div>\n\t\t\t\t\t\t\t\t\t\t\t\t\t\t\t\t\t\t\t\t\t\t\t\t\t\t\t\t<div class=\"post-footer\">\n\t\t\t\t\t\t\t\t<div class=\"egovt-post-readmore\">\n\t\t\t\t\t\t\t\t    <a class=\"btn-readmore second_font\" href=\"https:\/\/atauni.edu.tr\/iktisadi-ve-idari-bilimler-fakultesi\/2024\/02\/23\/2023-2024-bahar-yariyili-ders-programi\/\">\n\t\t\t\t\t\t\t\t    \tdevam\u0131n\u0131 oku\t\t\t\t\t\t\t\t    \t<i data-feather=\"arrow-right\"><\/i>\n\t\t\t\t\t\t\t\t    <\/a>\n\t\t\t\t\t\t\t\t<\/div>\n\t\t\t\t\t\t\t<\/div>\n\t\t\t\t\t\t\t\t\t\t\t\t\t<\/div>\n\t\t\t\t\t<\/div>\n\t\t\t\t<\/article>\n\t\t\t\t\t\t\t<article class=\"post-wrap\">\n\t\t\t\t\t<div class=\"wrap-article\">\n\t\t\t\t\t\t<div class=\"post-media\">\n\t\t\t\t\t\t\t\t\t\t\t\t\t\t\t<a href=\"https:\/\/atauni.edu.tr\/iktisadi-ve-idari-bilimler-fakultesi\/2023\/10\/23\/2022-2023-guz-donemi-ders-programlari\/\">\n\n\t\t\t\t\t\t\t\t\t<img decoding=\"async\" alt=\"2023-2024 G\u00fcz D\u00f6nemi Ders Programlar\u0131\" src=\"https:\/\/atauni.edu.tr\/iktisadi-ve-idari-bilimler-fakultesi\/wp-content\/uploads\/sites\/64\/2023\/10\/I\u0307I\u0307BF-Duyurular-3.png\" \n\t\t\t\t\t\t\t\t\t\t\t\n\t\t\t\t\t\t\t\t\t\t\tsrcset=\"https:\/\/atauni.edu.tr\/iktisadi-ve-idari-bilimler-fakultesi\/wp-content\/uploads\/sites\/64\/2023\/10\/I\u0307I\u0307BF-Duyurular-3.png 560w,\n\t\t\t\t\t\t\t\t\t\t\thttps:\/\/atauni.edu.tr\/iktisadi-ve-idari-bilimler-fakultesi\/wp-content\/uploads\/sites\/64\/2023\/10\/I\u0307I\u0307BF-Duyurular-3.png 300w\" \n\t\t\t\t\t\t\t\t\t\t\tsizes=\"(max-width: 767px) 100vw, 560px\" >\n\t\t\t\t\t\t\t\t<\/a>\n\t\t\t\t\t\t\t\t\t\t\t\t\t<\/div>\n\t\t\t\t\t\t<div class=\"evgovt-content\">\n\t\t\t\t\t\t\t\t\t\t\t\t\t\t<div class=\"post-meta-date\">\n\t\t\t\t\t\t\t\t<span class=\"post-meta-content-date\">\n\t\t\t\t\t\t\t\t    <span class=\" post-date\">\n\t\t\t\t\t\t\t\t        <span class=\"right second_font\">23 Ekim 2023<\/span>\n\t\t\t\t\t\t\t\t    <\/span>\n\t\t\t\t\t\t\t\t<\/span>\n\t\t\t\t\t\t\t<\/div>\n\t\t\t\t\t\t\t\n\t\t\t\t\t\t\t\t\t\t\t\t\t\t\t\t\t\t\t\t\t<div class=\"post-title\">\n\t\t\t\t\t\t\t\t<a href=\"https:\/\/atauni.edu.tr\/iktisadi-ve-idari-bilimler-fakultesi\/2023\/10\/23\/2022-2023-guz-donemi-ders-programlari\/\" rel=\"bookmark\" title=\"2023-2024 G\u00fcz D\u00f6nemi Ders Programlar\u0131\">\n\t\t\t\t\t\t\t\t\t<h2 class=\"post-title\">2023-2024 G\u00fcz D\u00f6nemi Ders Programlar\u0131<\/h2>\n\t\t\t\t\t\t\t    <\/a>\n\t\t\t\t\t\t\t<\/div>\n\t\t\t\t\t\t\t\t\t\t\t\t\t\t\t\t\t\t\t\t\t\t\t\t\t\t\t\t<div class=\"post-footer\">\n\t\t\t\t\t\t\t\t<div class=\"egovt-post-readmore\">\n\t\t\t\t\t\t\t\t    <a class=\"btn-readmore second_font\" href=\"https:\/\/atauni.edu.tr\/iktisadi-ve-idari-bilimler-fakultesi\/2023\/10\/23\/2022-2023-guz-donemi-ders-programlari\/\">\n\t\t\t\t\t\t\t\t    \tdevam\u0131n\u0131 oku\t\t\t\t\t\t\t\t    \t<i data-feather=\"arrow-right\"><\/i>\n\t\t\t\t\t\t\t\t    <\/a>\n\t\t\t\t\t\t\t\t<\/div>\n\t\t\t\t\t\t\t<\/div>\n\t\t\t\t\t\t\t\t\t\t\t\t\t<\/div>\n\t\t\t\t\t<\/div>\n\t\t\t\t<\/article>\n\t\t\t\t\t\t<\/div>\n\t\t<\/div>\n\t\t\t\t\t\t<\/div>\n\t\t\t\t<\/div>\n\t\t\t\t\t<\/div>\n\t\t<\/div>\n\t\t\t\t\t<\/div>\n\t\t<\/section>\n\t\t\t\t<\/div>\n\t\t","protected":false},"excerpt":{"rendered":"<p>Ders Programlar\u0131 24 \u015eubat 2025 2024-2025 Bahar D\u00f6nemi Ders Programlar\u0131 devam\u0131n\u0131 oku 7 Ekim 2024 2024-2025 G\u00fcz D\u00f6nemi Ders Programlar\u0131 devam\u0131n\u0131 oku 16 Temmuz 2024 2023-2024 Yaz D\u00f6nemi Ders Programlar\u0131 devam\u0131n\u0131 oku 23 \u015eubat 2024 2023-2024 Bahar D\u00f6nemi Ders Programlar\u0131 devam\u0131n\u0131 oku 23 Ekim 2023 2023-2024 G\u00fcz D\u00f6nemi Ders Programlar\u0131 devam\u0131n\u0131 oku<\/p>\n","protected":false},"author":620,"featured_media":0,"parent":0,"menu_order":0,"comment_status":"closed","ping_status":"closed","template":"elementor_header_footer","meta":{"footnotes":""},"class_list":["post-14502","page","type-page","status-publish","hentry"],"_links":{"self":[{"href":"https:\/\/atauni.edu.tr\/iktisadi-ve-idari-bilimler-fakultesi\/wp-json\/wp\/v2\/pages\/14502","targetHints":{"allow":["GET"]}}],"collection":[{"href":"https:\/\/atauni.edu.tr\/iktisadi-ve-idari-bilimler-fakultesi\/wp-json\/wp\/v2\/pages"}],"about":[{"href":"https:\/\/atauni.edu.tr\/iktisadi-ve-idari-bilimler-fakultesi\/wp-json\/wp\/v2\/types\/page"}],"author":[{"embeddable":true,"href":"https:\/\/atauni.edu.tr\/iktisadi-ve-idari-bilimler-fakultesi\/wp-json\/wp\/v2\/users\/620"}],"replies":[{"embeddable":true,"href":"https:\/\/atauni.edu.tr\/iktisadi-ve-idari-bilimler-fakultesi\/wp-json\/wp\/v2\/comments?post=14502"}],"version-history":[{"count":13,"href":"https:\/\/atauni.edu.tr\/iktisadi-ve-idari-bilimler-fakultesi\/wp-json\/wp\/v2\/pages\/14502\/revisions"}],"predecessor-version":[{"id":16360,"href":"https:\/\/atauni.edu.tr\/iktisadi-ve-idari-bilimler-fakultesi\/wp-json\/wp\/v2\/pages\/14502\/revisions\/16360"}],"wp:attachment":[{"href":"https:\/\/atauni.edu.tr\/iktisadi-ve-idari-bilimler-fakultesi\/wp-json\/wp\/v2\/media?parent=14502"}],"curies":[{"name":"wp","href":"https:\/\/api.w.org\/{rel}","templated":true}]}}