{"id":17253,"date":"2026-02-12T23:16:32","date_gmt":"2026-02-12T20:16:32","guid":{"rendered":"https:\/\/birimler.atauni.edu.tr\/iktisadi-ve-idari-bilimler-fakultesi\/?page_id=17253"},"modified":"2026-04-10T18:17:02","modified_gmt":"2026-04-10T15:17:02","slug":"paydas-analizi","status":"publish","type":"page","link":"https:\/\/atauni.edu.tr\/iktisadi-ve-idari-bilimler-fakultesi\/paydas-analizi\/","title":{"rendered":"Payda\u015f Analizi"},"content":{"rendered":"\n<div data-wp-interactive=\"core\/file\" class=\"wp-block-file\"><object aria-label=\"PDF g\u00f6mme\" data-wp-bind--hidden=\"!state.hasPdfPreview\" hidden><\/object><a id=\"wp-block-file--media-692fd08f-e5ac-4acc-99ad-a4b08895fb3f\" href=\"https:\/\/birimler.atauni.edu.tr\/iktisadi-ve-idari-bilimler-fakultesi\/wp-content\/uploads\/sites\/64\/2026\/02\/Paydas\u0327-Analizi-1.pdf\">Fak\u00fcltemiz Paydas\u0327 Analizi (PDF Format\u0131)<\/a><a href=\"https:\/\/birimler.atauni.edu.tr\/iktisadi-ve-idari-bilimler-fakultesi\/wp-content\/uploads\/sites\/64\/2026\/02\/Paydas\u0327-Analizi-1.pdf\" class=\"wp-block-file__button wp-element-button\" download aria-describedby=\"wp-block-file--media-692fd08f-e5ac-4acc-99ad-a4b08895fb3f\">\u0130ndir<\/a><\/div>\n\n\n\n<div class=\"wp-block-file\"><a id=\"wp-block-file--media-7c6cbdc9-8c05-48e0-882d-3ae1f1a4eb89\" href=\"https:\/\/birimler.atauni.edu.tr\/iktisadi-ve-idari-bilimler-fakultesi\/wp-content\/uploads\/sites\/64\/2026\/02\/Paydas\u0327-Analizi-1.docx\">Fak\u00fcltemiz Paydas\u0327 Analizi (Word Format\u0131)<\/a><a href=\"https:\/\/birimler.atauni.edu.tr\/iktisadi-ve-idari-bilimler-fakultesi\/wp-content\/uploads\/sites\/64\/2026\/02\/Paydas\u0327-Analizi-1.docx\" class=\"wp-block-file__button wp-element-button\" download aria-describedby=\"wp-block-file--media-7c6cbdc9-8c05-48e0-882d-3ae1f1a4eb89\">\u0130ndir<\/a><\/div>\n\n\n\n<p class=\"has-text-align-center has-black-color has-luminous-vivid-amber-background-color has-text-color has-background has-link-color wp-elements-3b8e88df11dba96d4d73e304d048fc9b\"><strong><a href=\"https:\/\/atauni.edu.tr\/iktisadi-ve-idari-bilimler-fakultesi\/2026\/04\/10\/dis-paydas-danisma-kurulu-toplantisi-gerceklestirildi\/\">02.04.2026 tarihli D\u0131\u015f Payda\u015f Dan\u0131\u015fma Kurulu Toplant\u0131s\u0131<\/a><\/strong><\/p>\n","protected":false},"excerpt":{"rendered":"<p>02.04.2026 tarihli D\u0131\u015f Payda\u015f Dan\u0131\u015fma Kurulu Toplant\u0131s\u0131<\/p>\n","protected":false},"author":620,"featured_media":0,"parent":0,"menu_order":0,"comment_status":"closed","ping_status":"closed","template":"","meta":{"footnotes":""},"class_list":["post-17253","page","type-page","status-publish","hentry"],"_links":{"self":[{"href":"https:\/\/atauni.edu.tr\/iktisadi-ve-idari-bilimler-fakultesi\/wp-json\/wp\/v2\/pages\/17253","targetHints":{"allow":["GET"]}}],"collection":[{"href":"https:\/\/atauni.edu.tr\/iktisadi-ve-idari-bilimler-fakultesi\/wp-json\/wp\/v2\/pages"}],"about":[{"href":"https:\/\/atauni.edu.tr\/iktisadi-ve-idari-bilimler-fakultesi\/wp-json\/wp\/v2\/types\/page"}],"author":[{"embeddable":true,"href":"https:\/\/atauni.edu.tr\/iktisadi-ve-idari-bilimler-fakultesi\/wp-json\/wp\/v2\/users\/620"}],"replies":[{"embeddable":true,"href":"https:\/\/atauni.edu.tr\/iktisadi-ve-idari-bilimler-fakultesi\/wp-json\/wp\/v2\/comments?post=17253"}],"version-history":[{"count":12,"href":"https:\/\/atauni.edu.tr\/iktisadi-ve-idari-bilimler-fakultesi\/wp-json\/wp\/v2\/pages\/17253\/revisions"}],"predecessor-version":[{"id":17449,"href":"https:\/\/atauni.edu.tr\/iktisadi-ve-idari-bilimler-fakultesi\/wp-json\/wp\/v2\/pages\/17253\/revisions\/17449"}],"wp:attachment":[{"href":"https:\/\/atauni.edu.tr\/iktisadi-ve-idari-bilimler-fakultesi\/wp-json\/wp\/v2\/media?parent=17253"}],"curies":[{"name":"wp","href":"https:\/\/api.w.org\/{rel}","templated":true}]}}