{"id":17366,"date":"2026-02-24T14:02:11","date_gmt":"2026-02-24T11:02:11","guid":{"rendered":"https:\/\/atauni.edu.tr\/iktisadi-ve-idari-bilimler-fakultesi\/?page_id=17366"},"modified":"2026-04-22T13:53:22","modified_gmt":"2026-04-22T10:53:22","slug":"kurumsal-yapi","status":"publish","type":"page","link":"https:\/\/atauni.edu.tr\/iktisadi-ve-idari-bilimler-fakultesi\/kurumsal-yapi\/","title":{"rendered":"Kurumsal Yap\u0131"},"content":{"rendered":"\n<figure data-wp-context=\"{&quot;imageId&quot;:&quot;69e96b91366c5&quot;}\" data-wp-interactive=\"core\/image\" data-wp-key=\"69e96b91366c5\" class=\"wp-block-image size-full wp-lightbox-container\"><img fetchpriority=\"high\" decoding=\"async\" width=\"1332\" height=\"1250\" data-wp-class--hide=\"state.isContentHidden\" data-wp-class--show=\"state.isContentVisible\" data-wp-init=\"callbacks.setButtonStyles\" data-wp-on--click=\"actions.showLightbox\" data-wp-on--load=\"callbacks.setButtonStyles\" data-wp-on-window--resize=\"callbacks.setButtonStyles\" src=\"https:\/\/atauni.edu.tr\/iktisadi-ve-idari-bilimler-fakultesi\/wp-content\/uploads\/sites\/64\/2026\/04\/organizasyon-s\u0327emasi-1.png\" alt=\"\" class=\"wp-image-17490\" srcset=\"https:\/\/atauni.edu.tr\/iktisadi-ve-idari-bilimler-fakultesi\/wp-content\/uploads\/sites\/64\/2026\/04\/organizasyon-s\u0327emasi-1.png 1332w, https:\/\/atauni.edu.tr\/iktisadi-ve-idari-bilimler-fakultesi\/wp-content\/uploads\/sites\/64\/2026\/04\/organizasyon-s\u0327emasi-1-768x721.png 768w, https:\/\/atauni.edu.tr\/iktisadi-ve-idari-bilimler-fakultesi\/wp-content\/uploads\/sites\/64\/2026\/04\/organizasyon-s\u0327emasi-1-600x563.png 600w, https:\/\/atauni.edu.tr\/iktisadi-ve-idari-bilimler-fakultesi\/wp-content\/uploads\/sites\/64\/2026\/04\/organizasyon-s\u0327emasi-1-560x526.png 560w\" sizes=\"(max-width: 1332px) 100vw, 1332px\" \/><button\n\t\t\tclass=\"lightbox-trigger\"\n\t\t\ttype=\"button\"\n\t\t\taria-haspopup=\"dialog\"\n\t\t\taria-label=\"B\u00fcy\u00fct\"\n\t\t\tdata-wp-init=\"callbacks.initTriggerButton\"\n\t\t\tdata-wp-on--click=\"actions.showLightbox\"\n\t\t\tdata-wp-style--right=\"state.imageButtonRight\"\n\t\t\tdata-wp-style--top=\"state.imageButtonTop\"\n\t\t>\n\t\t\t<svg xmlns=\"http:\/\/www.w3.org\/2000\/svg\" width=\"12\" height=\"12\" fill=\"none\" viewBox=\"0 0 12 12\">\n\t\t\t\t<path fill=\"#fff\" d=\"M2 0a2 2 0 0 0-2 2v2h1.5V2a.5.5 0 0 1 .5-.5h2V0H2Zm2 10.5H2a.5.5 0 0 1-.5-.5V8H0v2a2 2 0 0 0 2 2h2v-1.5ZM8 12v-1.5h2a.5.5 0 0 0 .5-.5V8H12v2a2 2 0 0 1-2 2H8Zm2-12a2 2 0 0 1 2 2v2h-1.5V2a.5.5 0 0 0-.5-.5H8V0h2Z\" \/>\n\t\t\t<\/svg>\n\t\t<\/button><\/figure>\n\n\n\n<div data-wp-interactive=\"core\/file\" class=\"wp-block-file\"><object data-wp-bind--hidden=\"!state.hasPdfPreview\" hidden class=\"wp-block-file__embed\" data=\"https:\/\/atauni.edu.tr\/iktisadi-ve-idari-bilimler-fakultesi\/wp-content\/uploads\/sites\/64\/2026\/02\/KURUMSAL-YAPI-VE-GO\u0308REV-TANIMLARI-REHBERI\u0307.pdf\" type=\"application\/pdf\" style=\"width:100%;height:600px\" aria-label=\"KURUMSAL YAPI VE GO\u0308REV TANIMLARI REHBERI\u0307 (PDF Format\u0131) g\u00f6m\u00fcs\u00fc.\"><\/object><a id=\"wp-block-file--media-b1f00f42-dad3-43c7-8476-7f96256a9903\" href=\"https:\/\/atauni.edu.tr\/iktisadi-ve-idari-bilimler-fakultesi\/wp-content\/uploads\/sites\/64\/2026\/02\/KURUMSAL-YAPI-VE-GO\u0308REV-TANIMLARI-REHBERI\u0307.pdf\">KURUMSAL YAPI VE GO\u0308REV TANIMLARI REHBERI\u0307 (PDF Format\u0131)<\/a><a href=\"https:\/\/atauni.edu.tr\/iktisadi-ve-idari-bilimler-fakultesi\/wp-content\/uploads\/sites\/64\/2026\/02\/KURUMSAL-YAPI-VE-GO\u0308REV-TANIMLARI-REHBERI\u0307.pdf\" class=\"wp-block-file__button wp-element-button\" download aria-describedby=\"wp-block-file--media-b1f00f42-dad3-43c7-8476-7f96256a9903\">\u0130ndir<\/a><\/div>\n\n\n\n<div class=\"wp-block-file\"><a id=\"wp-block-file--media-b6d67d32-5ad0-4f6b-9ede-200d6e142a8d\" href=\"https:\/\/atauni.edu.tr\/iktisadi-ve-idari-bilimler-fakultesi\/wp-content\/uploads\/sites\/64\/2026\/02\/KURUMSAL-YAPI-VE-GO\u0308REV-TANIMLARI-REHBERI\u0307.docx\">KURUMSAL YAPI VE GO\u0308REV TANIMLARI REHBERI\u0307 (Word Format\u0131)<\/a><a href=\"https:\/\/atauni.edu.tr\/iktisadi-ve-idari-bilimler-fakultesi\/wp-content\/uploads\/sites\/64\/2026\/02\/KURUMSAL-YAPI-VE-GO\u0308REV-TANIMLARI-REHBERI\u0307.docx\" class=\"wp-block-file__button wp-element-button\" download aria-describedby=\"wp-block-file--media-b6d67d32-5ad0-4f6b-9ede-200d6e142a8d\">\u0130ndir<\/a><\/div>\n","protected":false},"excerpt":{"rendered":"","protected":false},"author":620,"featured_media":0,"parent":0,"menu_order":0,"comment_status":"closed","ping_status":"closed","template":"","meta":{"footnotes":""},"class_list":["post-17366","page","type-page","status-publish","hentry"],"_links":{"self":[{"href":"https:\/\/atauni.edu.tr\/iktisadi-ve-idari-bilimler-fakultesi\/wp-json\/wp\/v2\/pages\/17366","targetHints":{"allow":["GET"]}}],"collection":[{"href":"https:\/\/atauni.edu.tr\/iktisadi-ve-idari-bilimler-fakultesi\/wp-json\/wp\/v2\/pages"}],"about":[{"href":"https:\/\/atauni.edu.tr\/iktisadi-ve-idari-bilimler-fakultesi\/wp-json\/wp\/v2\/types\/page"}],"author":[{"embeddable":true,"href":"https:\/\/atauni.edu.tr\/iktisadi-ve-idari-bilimler-fakultesi\/wp-json\/wp\/v2\/users\/620"}],"replies":[{"embeddable":true,"href":"https:\/\/atauni.edu.tr\/iktisadi-ve-idari-bilimler-fakultesi\/wp-json\/wp\/v2\/comments?post=17366"}],"version-history":[{"count":4,"href":"https:\/\/atauni.edu.tr\/iktisadi-ve-idari-bilimler-fakultesi\/wp-json\/wp\/v2\/pages\/17366\/revisions"}],"predecessor-version":[{"id":17491,"href":"https:\/\/atauni.edu.tr\/iktisadi-ve-idari-bilimler-fakultesi\/wp-json\/wp\/v2\/pages\/17366\/revisions\/17491"}],"wp:attachment":[{"href":"https:\/\/atauni.edu.tr\/iktisadi-ve-idari-bilimler-fakultesi\/wp-json\/wp\/v2\/media?parent=17366"}],"curies":[{"name":"wp","href":"https:\/\/api.w.org\/{rel}","templated":true}]}}