{"id":5691,"date":"2021-07-13T10:56:29","date_gmt":"2021-07-13T07:56:29","guid":{"rendered":"https:\/\/portaltest.atauni.edu.tr\/muhendislik-fakultesi\/?page_id=5691"},"modified":"2026-02-23T17:22:11","modified_gmt":"2026-02-23T14:22:11","slug":"yonetim-kurulu","status":"publish","type":"page","link":"https:\/\/atauni.edu.tr\/iktisadi-ve-idari-bilimler-fakultesi\/yonetim-kurulu\/","title":{"rendered":"Y\u00f6netim Kurulu"},"content":{"rendered":"\t\t<div data-elementor-type=\"wp-page\" data-elementor-id=\"5691\" class=\"elementor elementor-5691\" data-elementor-post-type=\"page\">\n\t\t\t\t\t\t<section class=\"elementor-section elementor-top-section elementor-element elementor-element-31c8118 elementor-section-content-middle elementor-section-stretched elementor-section-boxed elementor-section-height-default elementor-section-height-default\" data-id=\"31c8118\" data-element_type=\"section\" data-settings=\"{&quot;stretch_section&quot;:&quot;section-stretched&quot;,&quot;background_background&quot;:&quot;classic&quot;}\">\n\t\t\t\t\t\t<div class=\"elementor-container elementor-column-gap-default\">\n\t\t\t\t\t<div class=\"elementor-column elementor-col-50 elementor-top-column elementor-element elementor-element-1c685c2\" data-id=\"1c685c2\" data-element_type=\"column\">\n\t\t\t<div class=\"elementor-widget-wrap elementor-element-populated\">\n\t\t\t\t\t\t<div class=\"elementor-element elementor-element-4e0548c elementor-view-default elementor-widget elementor-widget-icon\" data-id=\"4e0548c\" data-element_type=\"widget\" data-widget_type=\"icon.default\">\n\t\t\t\t<div class=\"elementor-widget-container\">\n\t\t\t\t\t\t\t<div class=\"elementor-icon-wrapper\">\n\t\t\t<div class=\"elementor-icon\">\n\t\t\t<svg xmlns=\"http:\/\/www.w3.org\/2000\/svg\" id=\"Bold\" viewBox=\"0 0 24 24\" width=\"512\" height=\"512\"><path d=\"M11.832,24a1.5,1.5,0,0,1-1.061-2.561l7.672-7.671a2.5,2.5,0,0,0,0-3.536L10.771,2.561A1.5,1.5,0,0,1,12.893.439l7.671,7.672a5.5,5.5,0,0,1,0,7.778l-7.671,7.672A1.5,1.5,0,0,1,11.832,24Z\"><\/path><path d=\"M2.287,24a1.5,1.5,0,0,1-1.06-2.561l9.085-9.085a.5.5,0,0,0,0-.708L1.227,2.561A1.5,1.5,0,0,1,3.348.439l9.086,9.086a3.507,3.507,0,0,1,0,4.949L3.348,23.561A1.5,1.5,0,0,1,2.287,24Z\"><\/path><\/svg>\t\t\t<\/div>\n\t\t<\/div>\n\t\t\t\t\t\t<\/div>\n\t\t\t\t<\/div>\n\t\t\t\t\t<\/div>\n\t\t<\/div>\n\t\t\t\t<div class=\"elementor-column elementor-col-50 elementor-top-column elementor-element elementor-element-094c962\" data-id=\"094c962\" data-element_type=\"column\">\n\t\t\t<div class=\"elementor-widget-wrap elementor-element-populated\">\n\t\t\t\t\t\t<div class=\"elementor-element elementor-element-fc7c837 elementor-widget elementor-widget-heading\" data-id=\"fc7c837\" data-element_type=\"widget\" data-widget_type=\"heading.default\">\n\t\t\t\t<div class=\"elementor-widget-container\">\n\t\t\t\t\t<h2 class=\"elementor-heading-title elementor-size-default\">Y\u00f6netim Kurulu<\/h2>\t\t\t\t<\/div>\n\t\t\t\t<\/div>\n\t\t\t\t\t<\/div>\n\t\t<\/div>\n\t\t\t\t\t<\/div>\n\t\t<\/section>\n\t\t\t\t<section class=\"elementor-section elementor-top-section elementor-element elementor-element-4efd13a elementor-section-boxed elementor-section-height-default elementor-section-height-default\" data-id=\"4efd13a\" data-element_type=\"section\">\n\t\t\t\t\t\t<div class=\"elementor-container elementor-column-gap-default\">\n\t\t\t\t\t<div class=\"elementor-column elementor-col-25 elementor-top-column elementor-element elementor-element-f094337\" data-id=\"f094337\" data-element_type=\"column\">\n\t\t\t<div class=\"elementor-widget-wrap\">\n\t\t\t\t\t\t\t<\/div>\n\t\t<\/div>\n\t\t\t\t<div class=\"elementor-column elementor-col-50 elementor-top-column elementor-element elementor-element-0c41a03\" data-id=\"0c41a03\" data-element_type=\"column\">\n\t\t\t<div class=\"elementor-widget-wrap elementor-element-populated\">\n\t\t\t\t\t\t<div class=\"elementor-element elementor-element-e23f401 elementor-widget elementor-widget-text-editor\" data-id=\"e23f401\" data-element_type=\"widget\" data-widget_type=\"text-editor.default\">\n\t\t\t\t<div class=\"elementor-widget-container\">\n\t\t\t\t\t\t\t\t\t<table style=\"color: #000000;font-size: 12px;height: 294px\" border=\"1\" width=\"564\" cellspacing=\"1\" cellpadding=\"1\"><tbody><tr><td style=\"padding-left: 5px\">Prof. Dr. H\u00fcseyin Ali KUTLU<\/td><td style=\"padding-left: 5px;text-align: center\">Ba\u015fkan-Dekan<\/td><\/tr><tr><td style=\"padding-left: 5px\">Prof. Dr. Yusuf AKAN<\/td><td style=\"padding-left: 5px;text-align: center\">\u00dcye<\/td><\/tr><tr><td style=\"padding-left: 5px\">Prof.Dr. Fatih \u00c7o\u015fkun ERTA\u015e<\/td><td style=\"padding-left: 5px;text-align: center\">\u00dcye<\/td><\/tr><tr><td style=\"padding-left: 5px\">Prof.Dr. Tevfik \u015e\u00fckr\u00fc YAPRAKLI<\/td><td style=\"padding-left: 5px;text-align: center\">\u00dcye<\/td><\/tr><tr><td style=\"padding-left: 5px\">Do\u00e7.Dr. Ahmet Fatih AYDEM\u0130R<\/td><td style=\"padding-left: 5px;text-align: center\">\u00dcye<\/td><\/tr><tr><td style=\"padding-left: 5px\">Do\u00e7.Dr. Muhammed \u0130hsan \u00c7UBUK\u00c7U<\/td><td style=\"padding-left: 5px;text-align: center\">\u00dcye<\/td><\/tr><tr><td style=\"padding-left: 5px\">Dr. \u00d6\u011fr. \u00dcyesi Murat KURUN<\/td><td style=\"padding-left: 5px;text-align: center\">\u00dcye<\/td><\/tr><tr><td style=\"padding-left: 5px\">Ar\u015f. G\u00f6r. Asl\u0131han YET\u0130M<\/td><td style=\"padding-left: 5px;text-align: center\">Ara\u015ft\u0131rma G\u00f6revlisi Temsilcisi<\/td><\/tr><tr><td style=\"padding-left: 5px\">Umut \u00c7ARIK\u00c7I<\/td><td style=\"padding-left: 5px;text-align: center\">\u00d6\u011frenci Temsilcisi<\/td><\/tr><tr><td style=\"padding-left: 5px\">Fak\u00fclte Sekreteri Fatih \u00d6ZT\u00dcRK<\/td><td style=\"padding-left: 5px;text-align: center\">Raport\u00f6r<\/td><\/tr><\/tbody><\/table>\t\t\t\t\t\t\t\t<\/div>\n\t\t\t\t<\/div>\n\t\t\t\t\t<\/div>\n\t\t<\/div>\n\t\t\t\t<div class=\"elementor-column elementor-col-25 elementor-top-column elementor-element elementor-element-032b338\" data-id=\"032b338\" data-element_type=\"column\">\n\t\t\t<div class=\"elementor-widget-wrap\">\n\t\t\t\t\t\t\t<\/div>\n\t\t<\/div>\n\t\t\t\t\t<\/div>\n\t\t<\/section>\n\t\t\t\t<\/div>\n\t\t","protected":false},"excerpt":{"rendered":"<p>Y\u00f6netim Kurulu Prof. Dr. H\u00fcseyin Ali KUTLU Ba\u015fkan-Dekan Prof. Dr. Yusuf AKAN \u00dcye Prof.Dr. Fatih \u00c7o\u015fkun ERTA\u015e \u00dcye Prof.Dr. Tevfik \u015e\u00fckr\u00fc YAPRAKLI \u00dcye Do\u00e7.Dr. Ahmet Fatih AYDEM\u0130R \u00dcye Do\u00e7.Dr. Muhammed \u0130hsan \u00c7UBUK\u00c7U \u00dcye Dr. \u00d6\u011fr. \u00dcyesi Murat KURUN \u00dcye Ar\u015f. G\u00f6r. Asl\u0131han YET\u0130M Ara\u015ft\u0131rma G\u00f6revlisi Temsilcisi Umut \u00c7ARIK\u00c7I \u00d6\u011frenci Temsilcisi Fak\u00fclte Sekreteri Fatih \u00d6ZT\u00dcRK Raport\u00f6r<\/p>\n","protected":false},"author":1,"featured_media":0,"parent":0,"menu_order":0,"comment_status":"closed","ping_status":"closed","template":"elementor_header_footer","meta":{"footnotes":""},"class_list":["post-5691","page","type-page","status-publish","hentry"],"_links":{"self":[{"href":"https:\/\/atauni.edu.tr\/iktisadi-ve-idari-bilimler-fakultesi\/wp-json\/wp\/v2\/pages\/5691","targetHints":{"allow":["GET"]}}],"collection":[{"href":"https:\/\/atauni.edu.tr\/iktisadi-ve-idari-bilimler-fakultesi\/wp-json\/wp\/v2\/pages"}],"about":[{"href":"https:\/\/atauni.edu.tr\/iktisadi-ve-idari-bilimler-fakultesi\/wp-json\/wp\/v2\/types\/page"}],"author":[{"embeddable":true,"href":"https:\/\/atauni.edu.tr\/iktisadi-ve-idari-bilimler-fakultesi\/wp-json\/wp\/v2\/users\/1"}],"replies":[{"embeddable":true,"href":"https:\/\/atauni.edu.tr\/iktisadi-ve-idari-bilimler-fakultesi\/wp-json\/wp\/v2\/comments?post=5691"}],"version-history":[{"count":68,"href":"https:\/\/atauni.edu.tr\/iktisadi-ve-idari-bilimler-fakultesi\/wp-json\/wp\/v2\/pages\/5691\/revisions"}],"predecessor-version":[{"id":17352,"href":"https:\/\/atauni.edu.tr\/iktisadi-ve-idari-bilimler-fakultesi\/wp-json\/wp\/v2\/pages\/5691\/revisions\/17352"}],"wp:attachment":[{"href":"https:\/\/atauni.edu.tr\/iktisadi-ve-idari-bilimler-fakultesi\/wp-json\/wp\/v2\/media?parent=5691"}],"curies":[{"name":"wp","href":"https:\/\/api.w.org\/{rel}","templated":true}]}}