{"id":5743,"date":"2021-07-13T11:47:21","date_gmt":"2021-07-13T08:47:21","guid":{"rendered":"https:\/\/portaltest.atauni.edu.tr\/muhendislik-fakultesi\/?page_id=5743"},"modified":"2023-07-31T16:19:42","modified_gmt":"2023-07-31T13:19:42","slug":"misyon-vizyon-ve-temel-degerler","status":"publish","type":"page","link":"https:\/\/atauni.edu.tr\/iktisadi-ve-idari-bilimler-fakultesi\/misyon-vizyon-ve-temel-degerler\/","title":{"rendered":"Misyon, Vizyon ve Temel De\u011ferler"},"content":{"rendered":"\t\t<div data-elementor-type=\"wp-page\" data-elementor-id=\"5743\" class=\"elementor elementor-5743\" data-elementor-post-type=\"page\">\n\t\t\t\t\t\t<section class=\"elementor-section elementor-top-section elementor-element elementor-element-46c2cb5d elementor-section-boxed elementor-section-height-default elementor-section-height-default\" data-id=\"46c2cb5d\" data-element_type=\"section\">\n\t\t\t\t\t\t<div class=\"elementor-container elementor-column-gap-default\">\n\t\t\t\t\t<div class=\"elementor-column elementor-col-100 elementor-top-column elementor-element elementor-element-299813e7\" data-id=\"299813e7\" data-element_type=\"column\">\n\t\t\t<div class=\"elementor-widget-wrap elementor-element-populated\">\n\t\t\t\t\t\t<div class=\"elementor-element elementor-element-3ec495a9 elementor-widget elementor-widget-heading\" data-id=\"3ec495a9\" data-element_type=\"widget\" data-widget_type=\"heading.default\">\n\t\t\t\t<div class=\"elementor-widget-container\">\n\t\t\t\t\t<h2 class=\"elementor-heading-title elementor-size-default\">Misyon, Vizyon ve Temel De\u011ferler<\/h2>\t\t\t\t<\/div>\n\t\t\t\t<\/div>\n\t\t\t\t<div class=\"elementor-element elementor-element-2092e3b3 elementor-widget-divider--view-line elementor-widget elementor-widget-divider\" data-id=\"2092e3b3\" data-element_type=\"widget\" data-widget_type=\"divider.default\">\n\t\t\t\t<div class=\"elementor-widget-container\">\n\t\t\t\t\t\t\t<div class=\"elementor-divider\">\n\t\t\t<span class=\"elementor-divider-separator\">\n\t\t\t\t\t\t<\/span>\n\t\t<\/div>\n\t\t\t\t\t\t<\/div>\n\t\t\t\t<\/div>\n\t\t\t\t\t<\/div>\n\t\t<\/div>\n\t\t\t\t\t<\/div>\n\t\t<\/section>\n\t\t\t\t<section class=\"elementor-section elementor-top-section elementor-element elementor-element-4367c19 elementor-section-boxed elementor-section-height-default elementor-section-height-default\" data-id=\"4367c19\" data-element_type=\"section\">\n\t\t\t\t\t\t<div class=\"elementor-container elementor-column-gap-default\">\n\t\t\t\t\t<div class=\"elementor-column elementor-col-100 elementor-top-column elementor-element elementor-element-0609931\" data-id=\"0609931\" data-element_type=\"column\">\n\t\t\t<div class=\"elementor-widget-wrap elementor-element-populated\">\n\t\t\t\t\t\t<div class=\"elementor-element elementor-element-1426028 elementor-widget elementor-widget-text-editor\" data-id=\"1426028\" data-element_type=\"widget\" data-widget_type=\"text-editor.default\">\n\t\t\t\t<div class=\"elementor-widget-container\">\n\t\t\t\t\t\t\t\t\t<p>\u00d6ncelikle fak\u00fcltemizin kurulu\u015fundan bu g\u00fcne gerek akademik gerek idari y\u00f6nden fak\u00fcltemizin geli\u015fmesine katk\u0131da bulunanlara te\u015fekk\u00fcr ediyoruz. Bu do\u011frultuda uzun vadede planlar\u0131m\u0131z ve misyonumuz \u015fu \u015fekildedir;&nbsp;<\/p>\n<p><strong>Vizyonumuz &nbsp; &nbsp;<\/strong>&nbsp;<\/p>\n<p><span style=\"letter-spacing: 0px\">Daha iyi ve s\u00fcrd\u00fcr\u00fclebilir ya\u015fam u\u011fruna; de\u011fi\u015fimi \u00f6ng\u00f6ren, kavrayan ve y\u00f6n veren bir okul olmak.<\/span><\/p>\n<div><strong style=\"letter-spacing: 0px\">Misyonumuz<\/strong><br><\/div>\n<p>Ya\u015fam\u0131n temel unsurlar\u0131ndan insan, toplum ve kurumlar\u0131n geli\u015fimine katk\u0131 sa\u011flamak.<br><\/p>\n<p><strong>B\u00f6l\u00fcmlerimizin Ama\u00e7lar\u0131&nbsp;<\/strong><\/p>\n<p><strong>\u0130\u015fletme B\u00f6l\u00fcm\u00fcn\u00fcn Amac\u0131<\/strong><br>B\u00f6l\u00fcm\u00fcm\u00fcz\u00fcn amac\u0131 yurti\u00e7i ve yurt d\u0131\u015f\u0131nda ki kurulu\u015flar\u0131 gelece\u011fe ta\u015f\u0131yabilecek profesyonel i\u015fletmecileri yeti\u015ftirmek ve \u00f6\u011frencilerimize dinamik ve de\u011fi\u015fken d\u00fcnyan\u0131n f\u0131rsatlar\u0131 kar\u015f\u0131s\u0131nda yeterli olabilecek yetenek ve becerileri verebilmektir. Bu amaca ula\u015fmak i\u00e7in e\u011fitim ve \u00f6\u011fretim programlar\u0131n uygulanmas\u0131nda \u00fcniversite-sanayi i\u015fbirli\u011finden geni\u015f \u00f6l\u00e7\u00fcde yararlan\u0131lmaktad\u0131r.<\/p>\n<p><strong>\u0130ktisat B\u00f6l\u00fcm\u00fcn\u00fcn Amac\u0131&nbsp;<\/strong><br>\u00d6\u011frencilerimizi ulusal ve uluslar aras\u0131 alanlarda kar\u015f\u0131la\u015f\u0131lan ekonomik problemleri \u00e7\u00f6zebilecek teori ve bilgi ile donatmak, onlar\u0131n insan ya\u015fam\u0131n\u0131n maddesel y\u00f6nlerini anlamalar\u0131n\u0131 sa\u011flamak, onlara sonu\u00e7lar \u00e7\u0131karma ve politika geli\u015ftirme hususunda yetenekler kazand\u0131rmakt\u0131r. Bu amaca ula\u015fmak i\u00e7in e\u011fitim programlar\u0131n\u0131n uygulanmas\u0131nda b\u00f6lgedeki sekt\u00f6rlerden &nbsp;geni\u015f \u00f6l\u00e7\u00fcde yararlan\u0131lmaktad\u0131r.<\/p>\n<p><strong>Ekonometri B\u00f6l\u00fcm\u00fcn\u00fcn Amac\u0131&nbsp;<\/strong><br>Ekonometri B\u00f6l\u00fcm\u00fc, analiz ve sentez yetene\u011fine sahip, bilimsel ara\u015ft\u0131rma yapabilecek nitelikli iktisat\u00e7\u0131, i\u015fletmeci, ekonometrici, istatistik\u00e7i ve y\u00f6neylem ara\u015ft\u0131rmac\u0131s\u0131 yeti\u015ftirmeyi ama\u00e7lamaktad\u0131r.<\/p>\n<p><strong>Kamu Y\u00f6netimi B\u00f6l\u00fcm\u00fcn\u00fcn Amac\u0131<\/strong><br>Kamu Y\u00f6netimi B\u00f6l\u00fcm\u00fc, g\u00fcn\u00fcm\u00fcz\u00fcn \u00e7a\u011fda\u015f bilgi ve becerileriyle donat\u0131lm\u0131\u015f, \u00fclkesinin ve d\u00fcnyan\u0131n i\u00e7inde bulundu\u011fu ko\u015fullar\u0131 ve geli\u015fmeleri yak\u0131ndan izleyebilen kamu ve \u00f6zel kesim y\u00f6netici elemanlar\u0131n\u0131n yeti\u015ftirilmesini ama\u00e7lamaktad\u0131r. D\u00fcnyadaki, T\u00fcrkiye\u2019deki ve T\u00fcrkiye\u2019nin yer ald\u0131\u011f\u0131 b\u00f6lgelerdeki siyasal ve sosyal de\u011fi\u015fimler, gelece\u011fin y\u00f6neticilerinin ge\u00e7mi\u015ften daha \u00e7ok bilgi donan\u0131mlar\u0131na sahip olmalar\u0131n\u0131 gerekli k\u0131lmaktad\u0131r. Di\u011fer yandan gerek yerel gerekse b\u00f6lgesel olarak faaliyet g\u00f6steren i\u015fletmelere y\u00f6n verebilecek, yeni pazarlara a\u00e7abilecek, modern y\u00f6netim tekniklerini klasik \u00f6rg\u00fct yap\u0131lar\u0131na ba\u015far\u0131yla uyarlayabilecek, kurumsalla\u015fmalar\u0131na katk\u0131da bulunabilecek nitelikte y\u00f6netici adaylar\u0131n\u0131 onlar\u0131n hizmetlerine sunarak; ilin, b\u00f6lgenin ve \u00fclkenin geli\u015fmesine katk\u0131 sa\u011flayabilmek, b\u00f6l\u00fcm\u00fcn temel ama\u00e7lar\u0131 aras\u0131nda yer almaktad\u0131r.<\/p>\n<p><strong>Y\u00f6netim Bili\u015fim Sistemleri B\u00f6l\u00fcm\u00fcn\u00fcn Amac\u0131&nbsp;<\/strong><br>Y\u00f6netim Bili\u015fim Sistemleri B\u00f6l\u00fcm\u00fc; bilgiyi, teknolojiyi ve insanlar\u0131 birlikte y\u00f6netebilecek elamanlar yeti\u015ftirmektir.<\/p>\n<p><strong>Uluslararas\u0131 \u0130li\u015fkiler B\u00f6l\u00fcm\u00fcn\u00fcn Amac\u0131&nbsp;<\/strong><br>Uluslararas\u0131 \u0130li\u015fkiler B\u00f6l\u00fcm\u00fc, &nbsp;\u00fclkemizde ve d\u00fcnyada meydana gelen siyasal, sosyal de\u011fi\u015fim ve geli\u015fmeleri yak\u0131ndan izleyebilen, uluslararas\u0131 siyasi, sosyal ve ticari sorunlara \u00e7\u00f6z\u00fcmler \u00fcretebilen elamanlar\u0131n yeti\u015ftirilmesini ama\u00e7lamaktad\u0131r.<\/p>\n<p><strong>\u00c7al\u0131\u015fma Ekonomisi ve End\u00fcstri \u0130li\u015fkileri B\u00f6l\u00fcm\u00fcn\u00fcn Amac\u0131&nbsp;<\/strong><br>\u00c7al\u0131\u015fma Ekonomisi ve End\u00fcstri \u0130li\u015fkileri B\u00f6l\u00fcm\u00fc; \u00f6\u011frencilere iktisat, i\u015fletme, \u00e7al\u0131\u015fma ekonomisi ve end\u00fcstri ili\u015fkileri e\u011fitimi vermenin yan\u0131 s\u0131ra, genel d\u00fczeyde sosyal sorunlar ve sosyal hizmetler, spesifik olarak ta \u00e7al\u0131\u015fma ya\u015fam\u0131na ili\u015fkin konularda ara\u015ft\u0131rma faaliyetleri y\u00fcr\u00fctmektir.<\/p>\n<p><b style=\"text-align: center;letter-spacing: 0px\"><span style=\"font-size:12.0pt;line-height:107%\">ULUSLARARASI T\u0130CARET ve<br>LOJ\u0130ST\u0130K B\u00d6L\u00dcM\u00dcN\u00dcN AMACI<\/span><\/b><\/p>\n<p><span style=\"font-size:12.0pt;line-height:107%\">Uluslararas\u0131<br>Ticaret ve Lojistik B\u00f6l\u00fcm\u00fc gerek uluslararas\u0131 ticaret gerekse lojistik alan\u0131nda<br>g\u00fcncel bilgilerle donanm\u0131\u015f, toplumsal duyarl\u0131l\u0131\u011fa sahip ve alan terminolojisine<br>h\u00e2kim iyi d\u00fczeyde \u0130ngilizce bilen \u00f6\u011frenciler yeti\u015ftirmeyi hedeflemektedir. <\/span><\/p>\n<p><\/p>\n<p><span style=\"font-size:12.0pt;line-height:107%\">Ticaret ve<br>lojistik alan\u0131nda d\u00fcnyadaki geli\u015fmeleri takip edip analiz edebilen, sahip<br>oldu\u011fu bilgi donan\u0131m\u0131n\u0131 uygulamaya ge\u00e7irebilen, sekt\u00f6r\u00fcn ihtiya\u00e7 duydu\u011fu<br>niteliklere haiz ve profesyonel anlamda kendi kariyer planlamas\u0131n\u0131 yapabilecek<br>\u00f6\u011frenciler yeti\u015ftirmek temel amac\u0131m\u0131zd\u0131r.<\/span><\/p>\t\t\t\t\t\t\t\t<\/div>\n\t\t\t\t<\/div>\n\t\t\t\t\t<\/div>\n\t\t<\/div>\n\t\t\t\t\t<\/div>\n\t\t<\/section>\n\t\t\t\t<\/div>\n\t\t","protected":false},"excerpt":{"rendered":"<p>Misyon, Vizyon ve Temel De\u011ferler \u00d6ncelikle fak\u00fcltemizin kurulu\u015fundan bu g\u00fcne gerek akademik gerek idari y\u00f6nden fak\u00fcltemizin geli\u015fmesine katk\u0131da bulunanlara te\u015fekk\u00fcr ediyoruz. Bu do\u011frultuda uzun vadede planlar\u0131m\u0131z ve misyonumuz \u015fu \u015fekildedir;&nbsp; Vizyonumuz &nbsp; &nbsp;&nbsp; Daha iyi ve s\u00fcrd\u00fcr\u00fclebilir ya\u015fam u\u011fruna; de\u011fi\u015fimi \u00f6ng\u00f6ren, kavrayan ve y\u00f6n veren bir okul olmak. Misyonumuz Ya\u015fam\u0131n temel unsurlar\u0131ndan insan, toplum ve [&hellip;]<\/p>\n","protected":false},"author":1,"featured_media":0,"parent":0,"menu_order":0,"comment_status":"closed","ping_status":"closed","template":"elementor_header_footer","meta":{"footnotes":""},"class_list":["post-5743","page","type-page","status-publish","hentry"],"_links":{"self":[{"href":"https:\/\/atauni.edu.tr\/iktisadi-ve-idari-bilimler-fakultesi\/wp-json\/wp\/v2\/pages\/5743","targetHints":{"allow":["GET"]}}],"collection":[{"href":"https:\/\/atauni.edu.tr\/iktisadi-ve-idari-bilimler-fakultesi\/wp-json\/wp\/v2\/pages"}],"about":[{"href":"https:\/\/atauni.edu.tr\/iktisadi-ve-idari-bilimler-fakultesi\/wp-json\/wp\/v2\/types\/page"}],"author":[{"embeddable":true,"href":"https:\/\/atauni.edu.tr\/iktisadi-ve-idari-bilimler-fakultesi\/wp-json\/wp\/v2\/users\/1"}],"replies":[{"embeddable":true,"href":"https:\/\/atauni.edu.tr\/iktisadi-ve-idari-bilimler-fakultesi\/wp-json\/wp\/v2\/comments?post=5743"}],"version-history":[{"count":32,"href":"https:\/\/atauni.edu.tr\/iktisadi-ve-idari-bilimler-fakultesi\/wp-json\/wp\/v2\/pages\/5743\/revisions"}],"predecessor-version":[{"id":10064,"href":"https:\/\/atauni.edu.tr\/iktisadi-ve-idari-bilimler-fakultesi\/wp-json\/wp\/v2\/pages\/5743\/revisions\/10064"}],"wp:attachment":[{"href":"https:\/\/atauni.edu.tr\/iktisadi-ve-idari-bilimler-fakultesi\/wp-json\/wp\/v2\/media?parent=5743"}],"curies":[{"name":"wp","href":"https:\/\/api.w.org\/{rel}","templated":true}]}}