{"id":5774,"date":"2021-07-13T13:54:52","date_gmt":"2021-07-13T10:54:52","guid":{"rendered":"https:\/\/portaltest.atauni.edu.tr\/muhendislik-fakultesi\/?page_id=5774"},"modified":"2025-05-23T13:25:19","modified_gmt":"2025-05-23T10:25:19","slug":"tarihce","status":"publish","type":"page","link":"https:\/\/atauni.edu.tr\/iktisadi-ve-idari-bilimler-fakultesi\/tarihce\/","title":{"rendered":"Tarih\u00e7e"},"content":{"rendered":"\t\t<div data-elementor-type=\"wp-page\" data-elementor-id=\"5774\" class=\"elementor elementor-5774\" data-elementor-post-type=\"page\">\n\t\t\t\t\t\t<section class=\"elementor-section elementor-top-section elementor-element elementor-element-d5e8e0b elementor-section-content-middle elementor-section-stretched elementor-section-boxed elementor-section-height-default elementor-section-height-default\" data-id=\"d5e8e0b\" data-element_type=\"section\" data-settings=\"{&quot;stretch_section&quot;:&quot;section-stretched&quot;,&quot;background_background&quot;:&quot;classic&quot;}\">\n\t\t\t\t\t\t<div class=\"elementor-container elementor-column-gap-default\">\n\t\t\t\t\t<div class=\"elementor-column elementor-col-50 elementor-top-column elementor-element elementor-element-6888d78\" data-id=\"6888d78\" data-element_type=\"column\">\n\t\t\t<div class=\"elementor-widget-wrap elementor-element-populated\">\n\t\t\t\t\t\t<div class=\"elementor-element elementor-element-c71e10f elementor-view-default elementor-widget elementor-widget-icon\" data-id=\"c71e10f\" data-element_type=\"widget\" data-widget_type=\"icon.default\">\n\t\t\t\t<div class=\"elementor-widget-container\">\n\t\t\t\t\t\t\t<div class=\"elementor-icon-wrapper\">\n\t\t\t<div class=\"elementor-icon\">\n\t\t\t<svg xmlns=\"http:\/\/www.w3.org\/2000\/svg\" id=\"Bold\" viewBox=\"0 0 24 24\" width=\"512\" height=\"512\"><path d=\"M11.832,24a1.5,1.5,0,0,1-1.061-2.561l7.672-7.671a2.5,2.5,0,0,0,0-3.536L10.771,2.561A1.5,1.5,0,0,1,12.893.439l7.671,7.672a5.5,5.5,0,0,1,0,7.778l-7.671,7.672A1.5,1.5,0,0,1,11.832,24Z\"><\/path><path d=\"M2.287,24a1.5,1.5,0,0,1-1.06-2.561l9.085-9.085a.5.5,0,0,0,0-.708L1.227,2.561A1.5,1.5,0,0,1,3.348.439l9.086,9.086a3.507,3.507,0,0,1,0,4.949L3.348,23.561A1.5,1.5,0,0,1,2.287,24Z\"><\/path><\/svg>\t\t\t<\/div>\n\t\t<\/div>\n\t\t\t\t\t\t<\/div>\n\t\t\t\t<\/div>\n\t\t\t\t\t<\/div>\n\t\t<\/div>\n\t\t\t\t<div class=\"elementor-column elementor-col-50 elementor-top-column elementor-element elementor-element-60cee59\" data-id=\"60cee59\" data-element_type=\"column\">\n\t\t\t<div class=\"elementor-widget-wrap elementor-element-populated\">\n\t\t\t\t\t\t<div class=\"elementor-element elementor-element-ce60d0d elementor-widget elementor-widget-heading\" data-id=\"ce60d0d\" data-element_type=\"widget\" data-widget_type=\"heading.default\">\n\t\t\t\t<div class=\"elementor-widget-container\">\n\t\t\t\t\t<h2 class=\"elementor-heading-title elementor-size-default\">Tarih\u00e7e<\/h2>\t\t\t\t<\/div>\n\t\t\t\t<\/div>\n\t\t\t\t\t<\/div>\n\t\t<\/div>\n\t\t\t\t\t<\/div>\n\t\t<\/section>\n\t\t\t\t<section class=\"elementor-section elementor-top-section elementor-element elementor-element-16bcbc3 elementor-section-boxed elementor-section-height-default elementor-section-height-default\" data-id=\"16bcbc3\" data-element_type=\"section\">\n\t\t\t\t\t\t<div class=\"elementor-container elementor-column-gap-default\">\n\t\t\t\t\t<div class=\"elementor-column elementor-col-100 elementor-top-column elementor-element elementor-element-26ab73c\" data-id=\"26ab73c\" data-element_type=\"column\">\n\t\t\t<div class=\"elementor-widget-wrap elementor-element-populated\">\n\t\t\t\t\t\t<div class=\"elementor-element elementor-element-117412d elementor-widget elementor-widget-heading\" data-id=\"117412d\" data-element_type=\"widget\" data-widget_type=\"heading.default\">\n\t\t\t\t<div class=\"elementor-widget-container\">\n\t\t\t\t\t<h2 class=\"elementor-heading-title elementor-size-default\">D\u00fcnden Bug\u00fcne<\/h2>\t\t\t\t<\/div>\n\t\t\t\t<\/div>\n\t\t\t\t\t<\/div>\n\t\t<\/div>\n\t\t\t\t\t<\/div>\n\t\t<\/section>\n\t\t\t\t<section class=\"elementor-section elementor-top-section elementor-element elementor-element-3515b2c elementor-section-boxed elementor-section-height-default elementor-section-height-default\" data-id=\"3515b2c\" data-element_type=\"section\">\n\t\t\t\t\t\t<div class=\"elementor-container elementor-column-gap-default\">\n\t\t\t\t\t<div class=\"elementor-column elementor-col-100 elementor-top-column elementor-element elementor-element-e524a8c\" data-id=\"e524a8c\" data-element_type=\"column\">\n\t\t\t<div class=\"elementor-widget-wrap elementor-element-populated\">\n\t\t\t\t\t\t<div class=\"elementor-element elementor-element-787d375 elementor-widget elementor-widget-heading\" data-id=\"787d375\" data-element_type=\"widget\" data-widget_type=\"heading.default\">\n\t\t\t\t<div class=\"elementor-widget-container\">\n\t\t\t\t\t<h2 class=\"elementor-heading-title elementor-size-default\">\u0130ktisadi ve \u0130dari Bilimler Fak\u00fcltesi<\/h2>\t\t\t\t<\/div>\n\t\t\t\t<\/div>\n\t\t\t\t\t<\/div>\n\t\t<\/div>\n\t\t\t\t\t<\/div>\n\t\t<\/section>\n\t\t\t\t<section class=\"elementor-section elementor-top-section elementor-element elementor-element-8cdb076 elementor-section-full_width elementor-section-stretched elementor-section-height-default elementor-section-height-default\" data-id=\"8cdb076\" data-element_type=\"section\" data-settings=\"{&quot;stretch_section&quot;:&quot;section-stretched&quot;}\">\n\t\t\t\t\t\t<div class=\"elementor-container elementor-column-gap-default\">\n\t\t\t\t\t<div class=\"elementor-column elementor-col-100 elementor-top-column elementor-element elementor-element-66f15e2\" data-id=\"66f15e2\" data-element_type=\"column\">\n\t\t\t<div class=\"elementor-widget-wrap\">\n\t\t\t\t\t\t\t<\/div>\n\t\t<\/div>\n\t\t\t\t\t<\/div>\n\t\t<\/section>\n\t\t\t\t<section class=\"elementor-section elementor-top-section elementor-element elementor-element-a00ea8d elementor-section-boxed elementor-section-height-default elementor-section-height-default\" data-id=\"a00ea8d\" data-element_type=\"section\">\n\t\t\t\t\t\t<div class=\"elementor-container elementor-column-gap-default\">\n\t\t\t\t\t<div class=\"elementor-column elementor-col-100 elementor-top-column elementor-element elementor-element-0ad1be4\" data-id=\"0ad1be4\" data-element_type=\"column\">\n\t\t\t<div class=\"elementor-widget-wrap elementor-element-populated\">\n\t\t\t\t\t\t<div class=\"elementor-element elementor-element-c133bed elementor-widget elementor-widget-text-editor\" data-id=\"c133bed\" data-element_type=\"widget\" data-widget_type=\"text-editor.default\">\n\t\t\t\t<div class=\"elementor-widget-container\">\n\t\t\t\t\t\t\t\t\t<p style=\"text-align: justify;line-height: 30px\"><span style=\"color: #000000\">1963-1964 E\u011fitim \u00d6\u011fretim Y\u0131l\u0131nda \u201c\u0130ktisat ve \u0130\u015fletme B\u00f6l\u00fcm\u00fc\u201d ad\u0131 alt\u0131nda Fen-Edebiyat Fak\u00fcltesine ba\u011fl\u0131 olarak \u00f6\u011fretime ba\u015flayan ve 10 Ocak 1969 tarihinde \u201c\u0130\u015fletme Fak\u00fcltesi\u201d ad\u0131n\u0131 alan Fak\u00fcltemiz, 20 Temmuz 1982 tarih ve 17760 say\u0131l\u0131 Resmi Gazete`de yay\u0131nlanarak y\u00fcr\u00fcrl\u00fc\u011fe giren &#8220;Y\u00fcksek\u00f6\u011fretim Kurumlar\u0131 Te\u015fkilat\u0131&#8221; hakk\u0131ndaki Kanun H\u00fckm\u00fcndeki Kararname ile \u201c\u0130ktisadi ve \u0130dari Bilimler Fak\u00fcltesi\u201d ad\u0131n\u0131 alm\u0131\u015ft\u0131r.<\/span><\/p><p style=\"text-align: justify;line-height: 30px\"><span style=\"color: #000000\">Fak\u00fcltemiz b\u00fcnyesinde e\u015fit a\u011f\u0131rl\u0131k (EA) puan t\u00fcr\u00fcne g\u00f6re \u00f6\u011frenci alan \u0130\u015fletme, \u0130ktisat, Kamu Y\u00f6netimi, Ekonometri, Uluslararas\u0131 \u0130li\u015fkiler, \u00c7al\u0131\u015fma Ekonomisi ve End\u00fcstri \u0130li\u015fkileri, Y\u00f6netim Bili\u015fim Sistemleri ve Uluslararas\u0131 Ticaret ve Lojistik b\u00f6l\u00fcmleri bulunmaktad\u0131r. E\u011fitim dili T\u00fcrk\u00e7e olup e\u011fitim s\u00fcresi 4 y\u0131ld\u0131r.<\/span><\/p><p style=\"text-align: justify;line-height: 30px\"><span style=\"color: #000000\">Aral\u0131k 2024 itibariyle Fak\u00fcltemizde 40 Profes\u00f6r, 26 Do\u00e7ent, 23 Dr. \u00d6\u011fr. \u00dcyesi , 9 Dr. Ara\u015ft\u0131rma G\u00f6revlisi , 5 Dr. \u00d6\u011fretim G\u00f6revlisi , 20 Ara\u015ft\u0131rma G\u00f6revlisi, 2 \u00d6\u011fretim G\u00f6revlisi ve 25 idari personel g\u00f6rev yapmaktad\u0131r. Fak\u00fcltemiz, \u00f6rg\u00fcn ve ikinci \u00f6\u011fretim programlar\u0131na kay\u0131tl\u0131 toplam 3263 \u00f6\u011frenci ve y\u00fcksek lisans ve doktora programlar\u0131na devam eden 1647\u2019yi a\u015fk\u0131n lisans\u00fcst\u00fc e\u011fitim \u00f6\u011frencisi ile e\u011fitime devam edilmektedir.<\/span><\/p><p style=\"text-align: justify;line-height: 30px\"><span style=\"color: #000000\">\u00d6\u011frencilerimiz Fak\u00fcltedeki e\u011fitim ve \u00f6\u011fretimlerinin yan\u0131 s\u0131ra iste\u011fe ba\u011fl\u0131 olarak ilgili kamu kurum ve kurulu\u015flar\u0131 ile \u00f6zel sekt\u00f6rde staj yapabilmektedirler. T\u00fcrkiye B\u00fcy\u00fck Millet Meclisi (TBMM), Devlet Planlama Te\u015fkilat\u0131 (DPT), T\u00fcrkiye \u0130statistik Kurumu (T\u00dc\u0130K) ve bankalar, \u00f6\u011frencilerin yayg\u0131n olarak staj yapt\u0131klar\u0131 yerlerden sadece birka\u00e7\u0131d\u0131r. Fak\u00fcltede \u00f6\u011frencileri sosyal, k\u00fclt\u00fcrel ve bilimsel etkinliklere y\u00f6nlendiren Ekonomi, Y\u00f6netim, Ekovizyon, Ekoloji, Giri\u015fimcilik ve \u0130novasyon, \u00c7al\u0131\u015fma Ekonomisi, AtaKamu, ATASoft ve Mavi Noktalar isimli \u00f6\u011frenci kul\u00fcpleri bulunmaktad\u0131r. S\u00f6z konusu kul\u00fcpler, Fak\u00fclte Y\u00f6netimi taraf\u0131ndan s\u00fcrekli olarak denetlenmekte ve desteklenmektedir.<\/span><\/p><p style=\"text-align: justify;line-height: 30px\"><span style=\"color: #000000\">\u0130ktisadi ve \u0130dari Bilimler Fak\u00fcltesi, 1973 y\u0131l\u0131ndan beri \u201c\u0130ktisadi ve \u0130dari Bilimler Dergisi\u201d ad\u0131 alt\u0131nda y\u0131lda 4 kez yay\u0131mlanan bir dergiye sahiptir. T\u00dcB\u0130TAK\/ULAKB\u0130M Sosyal Bilimler Veri Taban\u0131na (SBVT) dahil olan ve EBSCOhost taraf\u0131ndan taranan dergide, T\u00fcrk\u00e7e ve \u0130ngilizce olarak iktisat, i\u015fletme, uluslararas\u0131 ili\u015fkiler, kamu y\u00f6netimi, siyaset bilimi vb. konularda makaleler yay\u0131mlanmaktad\u0131r. E\u011fitim, \u00f6\u011fretim ve bilimsel \u00e7al\u0131\u015fmalar\u0131n yan\u0131 s\u0131ra sivil toplum \u00f6rg\u00fctleri ile i\u015fbirli\u011fi halinde olan \u0130ktisadi ve \u0130dari Bilimler Fak\u00fcltesinde her y\u0131l \u00e7e\u015fitli alanlarda sempozyum, konferans, kurs ve sertifika programlar\u0131 d\u00fczenlenmektedir.<\/span><\/p><p style=\"text-align: justify;line-height: 30px\"><span style=\"color: #000000\">Gerek kamu ve gerekse \u00f6zel sekt\u00f6rde \u00fcst d\u00fczeyde g\u00f6rev yapabilecek nitelikte elamanlar yeti\u015ftirmeyi ama\u00e7 edinen Fak\u00fcltemizden mezun olan \u00f6\u011frenciler; finans, sat\u0131\u015f-pazarlama, ula\u015f\u0131m, hizmet, d\u0131\u015f ticaret, imalat, enerji ve serbest meslek gibi i\u015f kollar\u0131nda y\u00f6netici, uzman, m\u00fcfetti\u015f ve koordinat\u00f6r olarak g\u00f6rev almaktad\u0131rlar. \u0130ktisadi ve \u0130dari Bilimler Fak\u00fcltesi mezunlar\u0131 i\u00e7in i\u015f olanaklar\u0131 di\u011fer fak\u00fclte mezunlar\u0131na g\u00f6re \u00e7ok daha geni\u015ftir. Kaymakaml\u0131k, idari yarg\u0131 hakimli\u011fi, yeminli mali m\u00fc\u015favirlik, m\u00fcfetti\u015flik, vergi denetmenli\u011fi, hesap uzmanl\u0131\u011f\u0131, serbest muhasebeci mali m\u00fc\u015favirlik ve borsa brokerl\u0131\u011f\u0131 \u00f6zellikle fak\u00fcltedeki \u00f6\u011frenimlerini bilgisayar ve yabanc\u0131 dille destekleyen mezunlar\u0131n tercih edebilecekleri mesleklerden sadece bir ka\u00e7\u0131d\u0131r.<\/span><\/p>\t\t\t\t\t\t\t\t<\/div>\n\t\t\t\t<\/div>\n\t\t\t\t\t<\/div>\n\t\t<\/div>\n\t\t\t\t\t<\/div>\n\t\t<\/section>\n\t\t\t\t<\/div>\n\t\t","protected":false},"excerpt":{"rendered":"<p>Tarih\u00e7e D\u00fcnden Bug\u00fcne \u0130ktisadi ve \u0130dari Bilimler Fak\u00fcltesi [rev_slider alias=&#8221;tarihce&#8221; slidertitle=&#8221;tarihce&#8221;][\/rev_slider] 1963-1964 E\u011fitim \u00d6\u011fretim Y\u0131l\u0131nda \u201c\u0130ktisat ve \u0130\u015fletme B\u00f6l\u00fcm\u00fc\u201d ad\u0131 alt\u0131nda Fen-Edebiyat Fak\u00fcltesine ba\u011fl\u0131 olarak \u00f6\u011fretime ba\u015flayan ve 10 Ocak 1969 tarihinde \u201c\u0130\u015fletme Fak\u00fcltesi\u201d ad\u0131n\u0131 alan Fak\u00fcltemiz, 20 Temmuz 1982 tarih ve 17760 say\u0131l\u0131 Resmi Gazete`de yay\u0131nlanarak y\u00fcr\u00fcrl\u00fc\u011fe giren &#8220;Y\u00fcksek\u00f6\u011fretim Kurumlar\u0131 Te\u015fkilat\u0131&#8221; hakk\u0131ndaki Kanun H\u00fckm\u00fcndeki [&hellip;]<\/p>\n","protected":false},"author":1,"featured_media":0,"parent":0,"menu_order":0,"comment_status":"closed","ping_status":"closed","template":"elementor_header_footer","meta":{"footnotes":""},"class_list":["post-5774","page","type-page","status-publish","hentry"],"_links":{"self":[{"href":"https:\/\/atauni.edu.tr\/iktisadi-ve-idari-bilimler-fakultesi\/wp-json\/wp\/v2\/pages\/5774","targetHints":{"allow":["GET"]}}],"collection":[{"href":"https:\/\/atauni.edu.tr\/iktisadi-ve-idari-bilimler-fakultesi\/wp-json\/wp\/v2\/pages"}],"about":[{"href":"https:\/\/atauni.edu.tr\/iktisadi-ve-idari-bilimler-fakultesi\/wp-json\/wp\/v2\/types\/page"}],"author":[{"embeddable":true,"href":"https:\/\/atauni.edu.tr\/iktisadi-ve-idari-bilimler-fakultesi\/wp-json\/wp\/v2\/users\/1"}],"replies":[{"embeddable":true,"href":"https:\/\/atauni.edu.tr\/iktisadi-ve-idari-bilimler-fakultesi\/wp-json\/wp\/v2\/comments?post=5774"}],"version-history":[{"count":122,"href":"https:\/\/atauni.edu.tr\/iktisadi-ve-idari-bilimler-fakultesi\/wp-json\/wp\/v2\/pages\/5774\/revisions"}],"predecessor-version":[{"id":16308,"href":"https:\/\/atauni.edu.tr\/iktisadi-ve-idari-bilimler-fakultesi\/wp-json\/wp\/v2\/pages\/5774\/revisions\/16308"}],"wp:attachment":[{"href":"https:\/\/atauni.edu.tr\/iktisadi-ve-idari-bilimler-fakultesi\/wp-json\/wp\/v2\/media?parent=5774"}],"curies":[{"name":"wp","href":"https:\/\/api.w.org\/{rel}","templated":true}]}}