{"id":6635,"date":"2021-11-26T16:11:07","date_gmt":"2021-11-26T13:11:07","guid":{"rendered":"https:\/\/birimler.atauni.edu.tr\/iktisadi-ve-idari-bilimler-fakultesi\/?page_id=6635"},"modified":"2025-06-26T11:09:07","modified_gmt":"2025-06-26T08:09:07","slug":"fakulte-uygulama-esaslari","status":"publish","type":"page","link":"https:\/\/atauni.edu.tr\/iktisadi-ve-idari-bilimler-fakultesi\/fakulte-uygulama-esaslari\/","title":{"rendered":"Fak\u00fclte Uygulama Esaslar\u0131 ve M\u00fcfredatlar\u0131"},"content":{"rendered":"\n<p class=\"has-text-align-center has-black-color has-text-color has-link-color wp-elements-0a6578039b92e68d6ad835fce5c29c4e\" style=\"font-size:24px\"><strong>E\u011e\u0130T\u0130M-\u00d6\u011eRET\u0130M VE SINAV UYGULAMA ESASLARI<\/strong><\/p>\n\n\n\n<div data-wp-interactive=\"core\/file\" class=\"wp-block-file\"><object data-wp-bind--hidden=\"!state.hasPdfPreview\" hidden class=\"wp-block-file__embed\" data=\"https:\/\/birimler.atauni.edu.tr\/iktisadi-ve-idari-bilimler-fakultesi\/wp-content\/uploads\/sites\/64\/2025\/05\/Faku\u0308lte-Eg\u0306itim-O\u0308g\u0306retim-ve-Sinav-Uygulama-Esaslari.pdf\" type=\"application\/pdf\" style=\"width:100%;height:600px\" aria-label=\"Faku\u0308lte Eg\u0306itim-O\u0308g\u0306retim ve S\u0131nav Uygulama Esaslar\u0131 g\u00f6m\u00fcs\u00fc.\"><\/object><a id=\"wp-block-file--media-6c2c958c-7a71-4ba1-9580-944bf2943865\" href=\"https:\/\/birimler.atauni.edu.tr\/iktisadi-ve-idari-bilimler-fakultesi\/wp-content\/uploads\/sites\/64\/2025\/05\/Faku\u0308lte-Eg\u0306itim-O\u0308g\u0306retim-ve-Sinav-Uygulama-Esaslari.pdf\">Faku\u0308lte Eg\u0306itim-O\u0308g\u0306retim ve S\u0131nav Uygulama Esaslar\u0131<\/a><a href=\"https:\/\/birimler.atauni.edu.tr\/iktisadi-ve-idari-bilimler-fakultesi\/wp-content\/uploads\/sites\/64\/2025\/05\/Faku\u0308lte-Eg\u0306itim-O\u0308g\u0306retim-ve-Sinav-Uygulama-Esaslari.pdf\" class=\"wp-block-file__button wp-element-button\" download aria-describedby=\"wp-block-file--media-6c2c958c-7a71-4ba1-9580-944bf2943865\">\u0130ndir<\/a><\/div>\n\n\n\n<p class=\"has-text-align-center has-black-color has-text-color has-link-color wp-elements-5bdfddcc1db8e6c13289d71b896b1ab2\" style=\"font-size:24px\"><strong>FAK\u00dcLTE M\u00dcFREDATLARI<\/strong><\/p>\n\n\n\n<figure class=\"wp-block-table\"><table class=\"has-fixed-layout\"><tbody><tr><td><strong>2023-2024 M\u00fcfredat\u0131 (G\u00fcncel M\u00fcfredat)<\/strong><\/td><td class=\"has-text-align-center\" data-align=\"center\"><a href=\"http:\/\/birimler.atauni.edu.tr\/iktisadi-ve-idari-bilimler-fakultesi\/wp-content\/uploads\/sites\/64\/2025\/06\/GUNCEL-MUFREDAT.pdf\"><strong>\u0130ND\u0130R<\/strong><\/a><\/td><\/tr><tr><td><strong>2021-2022 M\u00fcfredat\u0131<\/strong><\/td><td class=\"has-text-align-center\" data-align=\"center\"><a href=\"https:\/\/birimler.atauni.edu.tr\/iktisadi-ve-idari-bilimler-fakultesi\/wp-content\/uploads\/sites\/64\/2021\/11\/2021-2022-Mufredati.xlsx\"><strong>\u0130ND\u0130R<\/strong><\/a><\/td><\/tr><tr><td><strong>2017-2018 M\u00fcfredat\u0131<\/strong><\/td><td class=\"has-text-align-center\" data-align=\"center\"><a href=\"https:\/\/birimler.atauni.edu.tr\/iktisadi-ve-idari-bilimler-fakultesi\/wp-content\/uploads\/sites\/64\/2022\/05\/2017-2018-Mufredati.xlsx\"><strong>\u0130ND\u0130R<\/strong><\/a><\/td><\/tr><tr><td><strong>2012-2013 M\u00fcfredat\u0131<\/strong><\/td><td class=\"has-text-align-center\" data-align=\"center\"><a href=\"https:\/\/birimler.atauni.edu.tr\/iktisadi-ve-idari-bilimler-fakultesi\/wp-content\/uploads\/sites\/64\/2021\/11\/2012-2013-Mufredati.xlsx\"><strong>\u0130ND\u0130R<\/strong><\/a><\/td><\/tr><tr><td><strong>2009-2010 M\u00fcfredat\u0131<\/strong><\/td><td class=\"has-text-align-center\" data-align=\"center\"><a href=\"https:\/\/birimler.atauni.edu.tr\/iktisadi-ve-idari-bilimler-fakultesi\/wp-content\/uploads\/sites\/64\/2021\/11\/2009-2010-Mufredati-1.doc\"><strong>\u0130ND\u0130R<\/strong><\/a><\/td><\/tr><tr><td><strong>2008 ve \u00d6ncesi M\u00fcfredat<\/strong><\/td><td class=\"has-text-align-center\" data-align=\"center\"><a href=\"https:\/\/birimler.atauni.edu.tr\/iktisadi-ve-idari-bilimler-fakultesi\/wp-content\/uploads\/sites\/64\/2021\/11\/2008-ve-Oncesi-Mufredat-1.doc\"><strong>\u0130ND\u0130R<\/strong><\/a><\/td><\/tr><\/tbody><\/table><\/figure>\n","protected":false},"excerpt":{"rendered":"<p>E\u011e\u0130T\u0130M-\u00d6\u011eRET\u0130M VE SINAV UYGULAMA ESASLARI FAK\u00dcLTE M\u00dcFREDATLARI 2023-2024 M\u00fcfredat\u0131 (G\u00fcncel M\u00fcfredat) \u0130ND\u0130R 2021-2022 M\u00fcfredat\u0131 \u0130ND\u0130R 2017-2018 M\u00fcfredat\u0131 \u0130ND\u0130R 2012-2013 M\u00fcfredat\u0131 \u0130ND\u0130R 2009-2010 M\u00fcfredat\u0131 \u0130ND\u0130R 2008 ve \u00d6ncesi M\u00fcfredat \u0130ND\u0130R<\/p>\n","protected":false},"author":242,"featured_media":0,"parent":0,"menu_order":0,"comment_status":"closed","ping_status":"closed","template":"","meta":{"footnotes":""},"class_list":["post-6635","page","type-page","status-publish","hentry"],"_links":{"self":[{"href":"https:\/\/atauni.edu.tr\/iktisadi-ve-idari-bilimler-fakultesi\/wp-json\/wp\/v2\/pages\/6635","targetHints":{"allow":["GET"]}}],"collection":[{"href":"https:\/\/atauni.edu.tr\/iktisadi-ve-idari-bilimler-fakultesi\/wp-json\/wp\/v2\/pages"}],"about":[{"href":"https:\/\/atauni.edu.tr\/iktisadi-ve-idari-bilimler-fakultesi\/wp-json\/wp\/v2\/types\/page"}],"author":[{"embeddable":true,"href":"https:\/\/atauni.edu.tr\/iktisadi-ve-idari-bilimler-fakultesi\/wp-json\/wp\/v2\/users\/242"}],"replies":[{"embeddable":true,"href":"https:\/\/atauni.edu.tr\/iktisadi-ve-idari-bilimler-fakultesi\/wp-json\/wp\/v2\/comments?post=6635"}],"version-history":[{"count":66,"href":"https:\/\/atauni.edu.tr\/iktisadi-ve-idari-bilimler-fakultesi\/wp-json\/wp\/v2\/pages\/6635\/revisions"}],"predecessor-version":[{"id":16646,"href":"https:\/\/atauni.edu.tr\/iktisadi-ve-idari-bilimler-fakultesi\/wp-json\/wp\/v2\/pages\/6635\/revisions\/16646"}],"wp:attachment":[{"href":"https:\/\/atauni.edu.tr\/iktisadi-ve-idari-bilimler-fakultesi\/wp-json\/wp\/v2\/media?parent=6635"}],"curies":[{"name":"wp","href":"https:\/\/api.w.org\/{rel}","templated":true}]}}