{"id":6645,"date":"2021-11-26T16:14:15","date_gmt":"2021-11-26T13:14:15","guid":{"rendered":"https:\/\/birimler.atauni.edu.tr\/iktisadi-ve-idari-bilimler-fakultesi\/?page_id=6645"},"modified":"2021-11-26T16:14:15","modified_gmt":"2021-11-26T13:14:15","slug":"ogrenci-danismanlik-yonergesi","status":"publish","type":"page","link":"https:\/\/atauni.edu.tr\/iktisadi-ve-idari-bilimler-fakultesi\/ogrenci-danismanlik-yonergesi\/","title":{"rendered":"\u00d6\u011frenci Dan\u0131\u015fmanl\u0131k Y\u00f6nergesi"},"content":{"rendered":"\n<div class=\"wp-block-file\"><a href=\"https:\/\/birimler.atauni.edu.tr\/iktisadi-ve-idari-bilimler-fakultesi\/wp-content\/uploads\/sites\/64\/2021\/11\/Ogrenci-Danismanlik-Yonergesi.pdf\">Ogrenci-Danismanlik-Yonergesi<\/a><a href=\"https:\/\/birimler.atauni.edu.tr\/iktisadi-ve-idari-bilimler-fakultesi\/wp-content\/uploads\/sites\/64\/2021\/11\/Ogrenci-Danismanlik-Yonergesi.pdf\" class=\"wp-block-file__button\" download>\u0130ndir<\/a><\/div>\n","protected":false},"excerpt":{"rendered":"","protected":false},"author":242,"featured_media":0,"parent":0,"menu_order":0,"comment_status":"closed","ping_status":"closed","template":"","meta":{"footnotes":""},"class_list":["post-6645","page","type-page","status-publish","hentry"],"_links":{"self":[{"href":"https:\/\/atauni.edu.tr\/iktisadi-ve-idari-bilimler-fakultesi\/wp-json\/wp\/v2\/pages\/6645","targetHints":{"allow":["GET"]}}],"collection":[{"href":"https:\/\/atauni.edu.tr\/iktisadi-ve-idari-bilimler-fakultesi\/wp-json\/wp\/v2\/pages"}],"about":[{"href":"https:\/\/atauni.edu.tr\/iktisadi-ve-idari-bilimler-fakultesi\/wp-json\/wp\/v2\/types\/page"}],"author":[{"embeddable":true,"href":"https:\/\/atauni.edu.tr\/iktisadi-ve-idari-bilimler-fakultesi\/wp-json\/wp\/v2\/users\/242"}],"replies":[{"embeddable":true,"href":"https:\/\/atauni.edu.tr\/iktisadi-ve-idari-bilimler-fakultesi\/wp-json\/wp\/v2\/comments?post=6645"}],"version-history":[{"count":1,"href":"https:\/\/atauni.edu.tr\/iktisadi-ve-idari-bilimler-fakultesi\/wp-json\/wp\/v2\/pages\/6645\/revisions"}],"predecessor-version":[{"id":6647,"href":"https:\/\/atauni.edu.tr\/iktisadi-ve-idari-bilimler-fakultesi\/wp-json\/wp\/v2\/pages\/6645\/revisions\/6647"}],"wp:attachment":[{"href":"https:\/\/atauni.edu.tr\/iktisadi-ve-idari-bilimler-fakultesi\/wp-json\/wp\/v2\/media?parent=6645"}],"curies":[{"name":"wp","href":"https:\/\/api.w.org\/{rel}","templated":true}]}}