{"id":6892,"date":"2022-01-05T08:21:24","date_gmt":"2022-01-05T05:21:24","guid":{"rendered":"https:\/\/birimler.atauni.edu.tr\/iktisadi-ve-idari-bilimler-fakultesi\/?page_id=6892"},"modified":"2025-06-26T11:04:55","modified_gmt":"2025-06-26T08:04:55","slug":"ders-icerikleri","status":"publish","type":"page","link":"https:\/\/atauni.edu.tr\/iktisadi-ve-idari-bilimler-fakultesi\/ders-icerikleri\/","title":{"rendered":"Ders \u0130\u00e7erikleri"},"content":{"rendered":"\n<p><a href=\"https:\/\/obs.atauni.edu.tr\/moduller\/dbp\/eobs\/icerik\/anasayfa\">Ders Bilgi Paketi i\u00e7in t\u0131klay\u0131n\u0131z<\/a>.<\/p>\n\n\n\n<figure class=\"wp-block-table\"><table class=\"has-fixed-layout\"><tbody><tr><td><strong>\u0130\u015fletme<\/strong><\/td><td class=\"has-text-align-center\" data-align=\"center\"><strong><a href=\"https:\/\/birimler.atauni.edu.tr\/iktisadi-ve-idari-bilimler-fakultesi\/wp-content\/uploads\/sites\/64\/2022\/01\/Isletme.pdf\">\u0130ND\u0130R<\/a><\/strong><\/td><\/tr><tr><td><strong>\u0130ktisat<\/strong><\/td><td class=\"has-text-align-center\" data-align=\"center\"><strong><a href=\"https:\/\/birimler.atauni.edu.tr\/iktisadi-ve-idari-bilimler-fakultesi\/wp-content\/uploads\/sites\/64\/2022\/01\/Iktisat.pdf\">\u0130ND\u0130R<\/a><\/strong><\/td><\/tr><tr><td><strong>Kamu Y\u00f6netimi<\/strong><\/td><td class=\"has-text-align-center\" data-align=\"center\"><strong><a href=\"http:\/\/birimler.atauni.edu.tr\/iktisadi-ve-idari-bilimler-fakultesi\/wp-content\/uploads\/sites\/64\/2025\/06\/Kamu-Yonetimi-Guncel.pdf\">\u0130ND\u0130R<\/a><\/strong><\/td><\/tr><tr><td><strong>Ekonometri<\/strong><\/td><td class=\"has-text-align-center\" data-align=\"center\"><strong><a href=\"https:\/\/birimler.atauni.edu.tr\/iktisadi-ve-idari-bilimler-fakultesi\/wp-content\/uploads\/sites\/64\/2022\/01\/Ekonometri.pdf\">\u0130ND\u0130R<\/a><\/strong><\/td><\/tr><tr><td><strong>\u00c7al\u0131\u015fma Ekonomisi ve End\u00fcstri \u0130li\u015fkileri<\/strong><\/td><td class=\"has-text-align-center\" data-align=\"center\"><strong><a href=\"https:\/\/birimler.atauni.edu.tr\/iktisadi-ve-idari-bilimler-fakultesi\/wp-content\/uploads\/sites\/64\/2022\/01\/Calisma-Ekonomisi-ve-Endustri-Iliskileri.pdf\">\u0130ND\u0130R<\/a><\/strong><\/td><\/tr><tr><td><strong>Uluslararas\u0131 \u0130li\u015fkiler<\/strong><\/td><td class=\"has-text-align-center\" data-align=\"center\"><strong><a href=\"https:\/\/birimler.atauni.edu.tr\/iktisadi-ve-idari-bilimler-fakultesi\/wp-content\/uploads\/sites\/64\/2022\/01\/Uluslararasi-Iliskiler.pdf\">\u0130ND\u0130R<\/a><\/strong><\/td><\/tr><tr><td><strong>Y\u00f6netim Bili\u015fim Sistemleri<\/strong><\/td><td class=\"has-text-align-center\" data-align=\"center\"><strong><a href=\"https:\/\/birimler.atauni.edu.tr\/iktisadi-ve-idari-bilimler-fakultesi\/wp-content\/uploads\/sites\/64\/2022\/01\/Yonetim-Bilisim-Sistemleri.pdf\">\u0130ND\u0130R<\/a><\/strong><\/td><\/tr><tr><td><strong>Uluslararas\u0131 Ticaret ve Lojistik<\/strong><\/td><td class=\"has-text-align-center\" data-align=\"center\"><strong><a href=\"https:\/\/birimler.atauni.edu.tr\/iktisadi-ve-idari-bilimler-fakultesi\/wp-content\/uploads\/sites\/64\/2022\/01\/Uluslararasi-Ticaret-ve-Lojistik.pdf\">\u0130ND\u0130R<\/a><\/strong><\/td><\/tr><\/tbody><\/table><\/figure>\n","protected":false},"excerpt":{"rendered":"<p>Ders Bilgi Paketi i\u00e7in t\u0131klay\u0131n\u0131z. \u0130\u015fletme \u0130ND\u0130R \u0130ktisat \u0130ND\u0130R Kamu Y\u00f6netimi \u0130ND\u0130R Ekonometri \u0130ND\u0130R \u00c7al\u0131\u015fma Ekonomisi ve End\u00fcstri \u0130li\u015fkileri \u0130ND\u0130R Uluslararas\u0131 \u0130li\u015fkiler \u0130ND\u0130R Y\u00f6netim Bili\u015fim Sistemleri \u0130ND\u0130R Uluslararas\u0131 Ticaret ve Lojistik \u0130ND\u0130R<\/p>\n","protected":false},"author":242,"featured_media":0,"parent":0,"menu_order":0,"comment_status":"closed","ping_status":"closed","template":"","meta":{"footnotes":""},"class_list":["post-6892","page","type-page","status-publish","hentry"],"_links":{"self":[{"href":"https:\/\/atauni.edu.tr\/iktisadi-ve-idari-bilimler-fakultesi\/wp-json\/wp\/v2\/pages\/6892","targetHints":{"allow":["GET"]}}],"collection":[{"href":"https:\/\/atauni.edu.tr\/iktisadi-ve-idari-bilimler-fakultesi\/wp-json\/wp\/v2\/pages"}],"about":[{"href":"https:\/\/atauni.edu.tr\/iktisadi-ve-idari-bilimler-fakultesi\/wp-json\/wp\/v2\/types\/page"}],"author":[{"embeddable":true,"href":"https:\/\/atauni.edu.tr\/iktisadi-ve-idari-bilimler-fakultesi\/wp-json\/wp\/v2\/users\/242"}],"replies":[{"embeddable":true,"href":"https:\/\/atauni.edu.tr\/iktisadi-ve-idari-bilimler-fakultesi\/wp-json\/wp\/v2\/comments?post=6892"}],"version-history":[{"count":5,"href":"https:\/\/atauni.edu.tr\/iktisadi-ve-idari-bilimler-fakultesi\/wp-json\/wp\/v2\/pages\/6892\/revisions"}],"predecessor-version":[{"id":16644,"href":"https:\/\/atauni.edu.tr\/iktisadi-ve-idari-bilimler-fakultesi\/wp-json\/wp\/v2\/pages\/6892\/revisions\/16644"}],"wp:attachment":[{"href":"https:\/\/atauni.edu.tr\/iktisadi-ve-idari-bilimler-fakultesi\/wp-json\/wp\/v2\/media?parent=6892"}],"curies":[{"name":"wp","href":"https:\/\/api.w.org\/{rel}","templated":true}]}}