{"id":5638,"date":"2021-07-13T09:49:25","date_gmt":"2021-07-13T06:49:25","guid":{"rendered":"https:\/\/portaltest.atauni.edu.tr\/bilgisayar-muhendisligi\/?page_id=5638"},"modified":"2023-09-12T16:11:00","modified_gmt":"2023-09-12T13:11:00","slug":"tarihce","status":"publish","type":"page","link":"https:\/\/atauni.edu.tr\/iktisat-bolumu\/tarihce\/","title":{"rendered":"Tarih\u00e7e"},"content":{"rendered":"\t\t<div data-elementor-type=\"wp-page\" data-elementor-id=\"5638\" class=\"elementor elementor-5638\" data-elementor-post-type=\"page\">\n\t\t\t\t\t\t<section class=\"elementor-section elementor-top-section elementor-element elementor-element-730d320 elementor-section-boxed elementor-section-height-default elementor-section-height-default\" data-id=\"730d320\" data-element_type=\"section\">\n\t\t\t\t\t\t<div class=\"elementor-container elementor-column-gap-default\">\n\t\t\t\t\t<div class=\"elementor-column elementor-col-100 elementor-top-column elementor-element elementor-element-753d0860\" data-id=\"753d0860\" data-element_type=\"column\">\n\t\t\t<div class=\"elementor-widget-wrap\">\n\t\t\t\t\t\t\t<\/div>\n\t\t<\/div>\n\t\t\t\t\t<\/div>\n\t\t<\/section>\n\t\t\t\t<section class=\"elementor-section elementor-top-section elementor-element elementor-element-9be811a elementor-section-boxed elementor-section-height-default elementor-section-height-default\" data-id=\"9be811a\" data-element_type=\"section\">\n\t\t\t\t\t\t<div class=\"elementor-container elementor-column-gap-default\">\n\t\t\t\t\t<div class=\"elementor-column elementor-col-100 elementor-top-column elementor-element elementor-element-1ed847b7\" data-id=\"1ed847b7\" data-element_type=\"column\">\n\t\t\t<div class=\"elementor-widget-wrap elementor-element-populated\">\n\t\t\t\t\t\t<div class=\"elementor-element elementor-element-4ce0d07f elementor-widget elementor-widget-heading\" data-id=\"4ce0d07f\" data-element_type=\"widget\" data-widget_type=\"heading.default\">\n\t\t\t\t<div class=\"elementor-widget-container\">\n\t\t\t\t\t<h2 class=\"elementor-heading-title elementor-size-default\">Tarih\u00e7e<\/h2>\t\t\t\t<\/div>\n\t\t\t\t<\/div>\n\t\t\t\t<div class=\"elementor-element elementor-element-63260862 elementor-widget-divider--view-line elementor-widget elementor-widget-divider\" data-id=\"63260862\" data-element_type=\"widget\" data-widget_type=\"divider.default\">\n\t\t\t\t<div class=\"elementor-widget-container\">\n\t\t\t\t\t\t\t<div class=\"elementor-divider\">\n\t\t\t<span class=\"elementor-divider-separator\">\n\t\t\t\t\t\t<\/span>\n\t\t<\/div>\n\t\t\t\t\t\t<\/div>\n\t\t\t\t<\/div>\n\t\t\t\t\t<\/div>\n\t\t<\/div>\n\t\t\t\t\t<\/div>\n\t\t<\/section>\n\t\t\t\t<section class=\"elementor-section elementor-top-section elementor-element elementor-element-681db8b elementor-section-boxed elementor-section-height-default elementor-section-height-default\" data-id=\"681db8b\" data-element_type=\"section\">\n\t\t\t\t\t\t<div class=\"elementor-container elementor-column-gap-default\">\n\t\t\t\t\t<div class=\"elementor-column elementor-col-100 elementor-top-column elementor-element elementor-element-ad4dac5\" data-id=\"ad4dac5\" data-element_type=\"column\">\n\t\t\t<div class=\"elementor-widget-wrap elementor-element-populated\">\n\t\t\t\t\t\t<div class=\"elementor-element elementor-element-2f96b3d elementor-widget elementor-widget-text-editor\" data-id=\"2f96b3d\" data-element_type=\"widget\" data-widget_type=\"text-editor.default\">\n\t\t\t\t<div class=\"elementor-widget-container\">\n\t\t\t\t\t\t\t\t\t<p><strong>Atat\u00fcrk \u00dcniversitesi\u2019nin temeli, istimlak edilen 42 bin d\u00f6n\u00fcml\u00fck bir arazi \u00fczerinde zaman\u0131n Cumhurba\u015fkan\u0131 ve Ba\u015fbakan\u0131 taraf\u0131ndan 23.7.1957 tarihinde at\u0131lm\u0131\u015ft\u0131r. 17 Kas\u0131m 1958\u2019de Ziraat ve Fen- Edebiyat Fak\u00fclteleri ile \u00f6\u011fretime ba\u015flayan Atat\u00fcrk \u00dcniversitesinde 1966 y\u0131l\u0131nda T\u0131p Fak\u00fcltesi a\u00e7\u0131lm\u0131\u015f, b\u00f6ylece fak\u00fclte say\u0131s\u0131 \u00fc\u00e7e y\u00fckseltilmi\u015ftir. 1963-1964 e\u011fitim-\u00f6\u011fretim y\u0131l\u0131nda \u201c\u0130ktisat ve \u0130\u015fletme B\u00f6l\u00fcm\u00fc\u201d ad\u0131 alt\u0131nda Fen-Edebiyat Fak\u00fcltesi\u2019ne ba\u011fl\u0131 olarak \u00f6\u011fretime ba\u015flayan ve 10 Ocak 1969 tarihinde \u201c\u0130\u015fletme Fak\u00fcltesi\u201d ad\u0131n\u0131 alan fak\u00fclte, 20 Temmuz 1982 tarih ve 17760 say\u0131l\u0131 Resmi Gazete `de yay\u0131nlanarak y\u00fcr\u00fcrl\u00fc\u011fe giren &#8220;Y\u00fcksek\u00f6\u011fretim Kurumlar\u0131 Te\u015fkilat\u0131&#8221; hakk\u0131ndaki Kanun H\u00fckm\u00fcndeki Kararname ile \u201c\u0130ktisadi ve \u0130dari Bilimler Fak\u00fcltesi\u201d ad\u0131n\u0131 alm\u0131\u015ft\u0131r. Atat\u00fcrk \u00dcniversitesi \u0130ktisadi ve \u0130dari Bilimler Fak\u00fcltesi b\u00fcnyesinde yer alan \u0130ktisat B\u00f6l\u00fcm\u00fc \u00fclkemizin en eski ve en k\u00f6kl\u00fc iktisat b\u00f6l\u00fcmlerinden biridir.<\/strong><\/p>\t\t\t\t\t\t\t\t<\/div>\n\t\t\t\t<\/div>\n\t\t\t\t\t<\/div>\n\t\t<\/div>\n\t\t\t\t\t<\/div>\n\t\t<\/section>\n\t\t\t\t<\/div>\n\t\t","protected":false},"excerpt":{"rendered":"<p>Tarih\u00e7e Atat\u00fcrk \u00dcniversitesi\u2019nin temeli, istimlak edilen 42 bin d\u00f6n\u00fcml\u00fck bir arazi \u00fczerinde zaman\u0131n Cumhurba\u015fkan\u0131 ve Ba\u015fbakan\u0131 taraf\u0131ndan 23.7.1957 tarihinde at\u0131lm\u0131\u015ft\u0131r. 17 Kas\u0131m 1958\u2019de Ziraat ve Fen- Edebiyat Fak\u00fclteleri ile \u00f6\u011fretime ba\u015flayan Atat\u00fcrk \u00dcniversitesinde 1966 y\u0131l\u0131nda T\u0131p Fak\u00fcltesi a\u00e7\u0131lm\u0131\u015f, b\u00f6ylece fak\u00fclte say\u0131s\u0131 \u00fc\u00e7e y\u00fckseltilmi\u015ftir. 1963-1964 e\u011fitim-\u00f6\u011fretim y\u0131l\u0131nda \u201c\u0130ktisat ve \u0130\u015fletme B\u00f6l\u00fcm\u00fc\u201d ad\u0131 alt\u0131nda Fen-Edebiyat Fak\u00fcltesi\u2019ne ba\u011fl\u0131 [&hellip;]<\/p>\n","protected":false},"author":1,"featured_media":0,"parent":0,"menu_order":0,"comment_status":"closed","ping_status":"closed","template":"","meta":{"footnotes":""},"class_list":["post-5638","page","type-page","status-publish","hentry"],"_links":{"self":[{"href":"https:\/\/atauni.edu.tr\/iktisat-bolumu\/wp-json\/wp\/v2\/pages\/5638","targetHints":{"allow":["GET"]}}],"collection":[{"href":"https:\/\/atauni.edu.tr\/iktisat-bolumu\/wp-json\/wp\/v2\/pages"}],"about":[{"href":"https:\/\/atauni.edu.tr\/iktisat-bolumu\/wp-json\/wp\/v2\/types\/page"}],"author":[{"embeddable":true,"href":"https:\/\/atauni.edu.tr\/iktisat-bolumu\/wp-json\/wp\/v2\/users\/1"}],"replies":[{"embeddable":true,"href":"https:\/\/atauni.edu.tr\/iktisat-bolumu\/wp-json\/wp\/v2\/comments?post=5638"}],"version-history":[{"count":31,"href":"https:\/\/atauni.edu.tr\/iktisat-bolumu\/wp-json\/wp\/v2\/pages\/5638\/revisions"}],"predecessor-version":[{"id":6523,"href":"https:\/\/atauni.edu.tr\/iktisat-bolumu\/wp-json\/wp\/v2\/pages\/5638\/revisions\/6523"}],"wp:attachment":[{"href":"https:\/\/atauni.edu.tr\/iktisat-bolumu\/wp-json\/wp\/v2\/media?parent=5638"}],"curies":[{"name":"wp","href":"https:\/\/api.w.org\/{rel}","templated":true}]}}