{"id":5682,"date":"2021-07-13T10:10:01","date_gmt":"2021-07-13T07:10:01","guid":{"rendered":"https:\/\/portaltest.atauni.edu.tr\/bilgisayar-muhendisligi\/?page_id=5682"},"modified":"2023-09-12T16:19:04","modified_gmt":"2023-09-12T13:19:04","slug":"misyon-vizyon-ve-temel-degerler","status":"publish","type":"page","link":"https:\/\/atauni.edu.tr\/iktisat-bolumu\/misyon-vizyon-ve-temel-degerler\/","title":{"rendered":"Misyon, Vizyon ve Temel De\u011ferler"},"content":{"rendered":"\t\t<div data-elementor-type=\"wp-page\" data-elementor-id=\"5682\" class=\"elementor elementor-5682\" data-elementor-post-type=\"page\">\n\t\t\t\t\t\t<section class=\"elementor-section elementor-top-section elementor-element elementor-element-730d320 elementor-section-boxed elementor-section-height-default elementor-section-height-default\" data-id=\"730d320\" data-element_type=\"section\">\n\t\t\t\t\t\t<div class=\"elementor-container elementor-column-gap-default\">\n\t\t\t\t\t<div class=\"elementor-column elementor-col-100 elementor-top-column elementor-element elementor-element-753d0860\" data-id=\"753d0860\" data-element_type=\"column\">\n\t\t\t<div class=\"elementor-widget-wrap\">\n\t\t\t\t\t\t\t<\/div>\n\t\t<\/div>\n\t\t\t\t\t<\/div>\n\t\t<\/section>\n\t\t\t\t<section class=\"elementor-section elementor-top-section elementor-element elementor-element-9be811a elementor-section-boxed elementor-section-height-default elementor-section-height-default\" data-id=\"9be811a\" data-element_type=\"section\">\n\t\t\t\t\t\t<div class=\"elementor-container elementor-column-gap-default\">\n\t\t\t\t\t<div class=\"elementor-column elementor-col-100 elementor-top-column elementor-element elementor-element-1ed847b7\" data-id=\"1ed847b7\" data-element_type=\"column\">\n\t\t\t<div class=\"elementor-widget-wrap elementor-element-populated\">\n\t\t\t\t\t\t<div class=\"elementor-element elementor-element-4ce0d07f elementor-widget elementor-widget-heading\" data-id=\"4ce0d07f\" data-element_type=\"widget\" data-widget_type=\"heading.default\">\n\t\t\t\t<div class=\"elementor-widget-container\">\n\t\t\t\t\t<h2 class=\"elementor-heading-title elementor-size-default\">Misyon, Vizyon ve Temel De\u011ferler<\/h2>\t\t\t\t<\/div>\n\t\t\t\t<\/div>\n\t\t\t\t<div class=\"elementor-element elementor-element-63260862 elementor-widget-divider--view-line elementor-widget elementor-widget-divider\" data-id=\"63260862\" data-element_type=\"widget\" data-widget_type=\"divider.default\">\n\t\t\t\t<div class=\"elementor-widget-container\">\n\t\t\t\t\t\t\t<div class=\"elementor-divider\">\n\t\t\t<span class=\"elementor-divider-separator\">\n\t\t\t\t\t\t<\/span>\n\t\t<\/div>\n\t\t\t\t\t\t<\/div>\n\t\t\t\t<\/div>\n\t\t\t\t\t<\/div>\n\t\t<\/div>\n\t\t\t\t\t<\/div>\n\t\t<\/section>\n\t\t\t\t<section class=\"elementor-section elementor-top-section elementor-element elementor-element-681db8b elementor-section-boxed elementor-section-height-default elementor-section-height-default\" data-id=\"681db8b\" data-element_type=\"section\">\n\t\t\t\t\t\t<div class=\"elementor-container elementor-column-gap-default\">\n\t\t\t\t\t<div class=\"elementor-column elementor-col-100 elementor-top-column elementor-element elementor-element-ad4dac5\" data-id=\"ad4dac5\" data-element_type=\"column\">\n\t\t\t<div class=\"elementor-widget-wrap elementor-element-populated\">\n\t\t\t\t\t\t<div class=\"elementor-element elementor-element-2f96b3d elementor-widget elementor-widget-text-editor\" data-id=\"2f96b3d\" data-element_type=\"widget\" data-widget_type=\"text-editor.default\">\n\t\t\t\t<div class=\"elementor-widget-container\">\n\t\t\t\t\t\t\t\t\t<p><strong>Misyonumuz; \u0130ktisat alan\u0131nda evrensel \u00f6l\u00e7\u00fctlere uygun, dinamik, yenilik\u00e7i ve s\u00fcrd\u00fcr\u00fclebilirli\u011fi esas alan e\u011fitim ve \u00f6\u011fretim plan\u0131 \u00e7er\u00e7evesinde i\u00e7 ve d\u0131\u015f payda\u015flarla birlikte ortak akl\u0131 kullanarak kaliteyi \u00f6nceleyen, giri\u015fimci, bilgi toplumu nitelikleri ta\u015f\u0131yan, evrensel bak\u0131\u015f a\u00e7\u0131s\u0131na sahip bireyler yeti\u015ftirerek insanl\u0131\u011f\u0131n ortak ama\u00e7lar\u0131na ve \u00fclkenin milli menfaatlerine katk\u0131 sunmakt\u0131r.<\/strong><\/p><p><strong>Vizyonumuz; <\/strong><strong>21. y\u00fczy\u0131l\u0131n ekonomik geli\u015fmelerini kavray\u0131p \u00f6z\u00fcmseyebilen, yetkinlik d\u00fczeyi y\u00fcksek, ulusal ve evrensel de\u011ferleri kucaklayan, bilgiyi etkin kullanabilen, problemleri bilime dayal\u0131 olarak \u00e7\u00f6zebilen, teknolojiyi alan\u0131na uyarlayabilen, insanl\u0131\u011f\u0131n refah ve mutlulu\u011funa katk\u0131da bulunabilen, sosyal geli\u015fime a\u00e7\u0131k, \u00f6zg\u00fcr fikirli, insan hayat\u0131na ve \u00e7evreye duyarl\u0131, idealist ve Atat\u00fcrk\u00e7\u00fc gen\u00e7ler yeti\u015ftirmektir.<\/strong><\/p>\t\t\t\t\t\t\t\t<\/div>\n\t\t\t\t<\/div>\n\t\t\t\t\t<\/div>\n\t\t<\/div>\n\t\t\t\t\t<\/div>\n\t\t<\/section>\n\t\t\t\t<\/div>\n\t\t","protected":false},"excerpt":{"rendered":"<p>Misyon, Vizyon ve Temel De\u011ferler Misyonumuz; \u0130ktisat alan\u0131nda evrensel \u00f6l\u00e7\u00fctlere uygun, dinamik, yenilik\u00e7i ve s\u00fcrd\u00fcr\u00fclebilirli\u011fi esas alan e\u011fitim ve \u00f6\u011fretim plan\u0131 \u00e7er\u00e7evesinde i\u00e7 ve d\u0131\u015f payda\u015flarla birlikte ortak akl\u0131 kullanarak kaliteyi \u00f6nceleyen, giri\u015fimci, bilgi toplumu nitelikleri ta\u015f\u0131yan, evrensel bak\u0131\u015f a\u00e7\u0131s\u0131na sahip bireyler yeti\u015ftirerek insanl\u0131\u011f\u0131n ortak ama\u00e7lar\u0131na ve \u00fclkenin milli menfaatlerine katk\u0131 sunmakt\u0131r. Vizyonumuz; 21. y\u00fczy\u0131l\u0131n [&hellip;]<\/p>\n","protected":false},"author":1,"featured_media":0,"parent":0,"menu_order":0,"comment_status":"closed","ping_status":"closed","template":"elementor_header_footer","meta":{"footnotes":""},"class_list":["post-5682","page","type-page","status-publish","hentry"],"_links":{"self":[{"href":"https:\/\/atauni.edu.tr\/iktisat-bolumu\/wp-json\/wp\/v2\/pages\/5682","targetHints":{"allow":["GET"]}}],"collection":[{"href":"https:\/\/atauni.edu.tr\/iktisat-bolumu\/wp-json\/wp\/v2\/pages"}],"about":[{"href":"https:\/\/atauni.edu.tr\/iktisat-bolumu\/wp-json\/wp\/v2\/types\/page"}],"author":[{"embeddable":true,"href":"https:\/\/atauni.edu.tr\/iktisat-bolumu\/wp-json\/wp\/v2\/users\/1"}],"replies":[{"embeddable":true,"href":"https:\/\/atauni.edu.tr\/iktisat-bolumu\/wp-json\/wp\/v2\/comments?post=5682"}],"version-history":[{"count":17,"href":"https:\/\/atauni.edu.tr\/iktisat-bolumu\/wp-json\/wp\/v2\/pages\/5682\/revisions"}],"predecessor-version":[{"id":6532,"href":"https:\/\/atauni.edu.tr\/iktisat-bolumu\/wp-json\/wp\/v2\/pages\/5682\/revisions\/6532"}],"wp:attachment":[{"href":"https:\/\/atauni.edu.tr\/iktisat-bolumu\/wp-json\/wp\/v2\/media?parent=5682"}],"curies":[{"name":"wp","href":"https:\/\/api.w.org\/{rel}","templated":true}]}}