{"id":5751,"date":"2021-07-13T12:50:27","date_gmt":"2021-07-13T09:50:27","guid":{"rendered":"https:\/\/portaltest.atauni.edu.tr\/bilgisayar-muhendisligi\/?page_id=5751"},"modified":"2025-05-23T20:26:25","modified_gmt":"2025-05-23T17:26:25","slug":"lisansustu-ders-listesi","status":"publish","type":"page","link":"https:\/\/atauni.edu.tr\/iktisat-bolumu\/lisansustu-ders-listesi\/","title":{"rendered":"Ders Listesi"},"content":{"rendered":"<h2>Lisans\u00fcst\u00fc Ders Listesi<\/h2>\n<h4><a href=\"http:\/\/birimler.atauni.edu.tr\/iktisat-bolumu\/wp-content\/uploads\/sites\/124\/2025\/05\/2025-OGRETIM-YILI-BAHAR-DONEMI-IKTISAT-LISANSUSTU-DERS-PROGRAMI1.pdf\"><em>\u0130ktisat B\u00f6l\u00fcm\u00fc 2024-2025 Akademik Y\u0131l\u0131 G\u00fcz D\u00f6nemi Lisans\u00fcst\u00fc Ders Program\u0131<\/em><\/a><\/h4>\n\n","protected":false},"excerpt":{"rendered":"<p>Lisans\u00fcst\u00fc Ders Listesi \u0130ktisat B\u00f6l\u00fcm\u00fc 2024-2025 Akademik Y\u0131l\u0131 G\u00fcz D\u00f6nemi Lisans\u00fcst\u00fc Ders Program\u0131<\/p>\n","protected":false},"author":1,"featured_media":0,"parent":0,"menu_order":0,"comment_status":"closed","ping_status":"closed","template":"elementor_header_footer","meta":{"footnotes":""},"class_list":["post-5751","page","type-page","status-publish","hentry"],"_links":{"self":[{"href":"https:\/\/atauni.edu.tr\/iktisat-bolumu\/wp-json\/wp\/v2\/pages\/5751","targetHints":{"allow":["GET"]}}],"collection":[{"href":"https:\/\/atauni.edu.tr\/iktisat-bolumu\/wp-json\/wp\/v2\/pages"}],"about":[{"href":"https:\/\/atauni.edu.tr\/iktisat-bolumu\/wp-json\/wp\/v2\/types\/page"}],"author":[{"embeddable":true,"href":"https:\/\/atauni.edu.tr\/iktisat-bolumu\/wp-json\/wp\/v2\/users\/1"}],"replies":[{"embeddable":true,"href":"https:\/\/atauni.edu.tr\/iktisat-bolumu\/wp-json\/wp\/v2\/comments?post=5751"}],"version-history":[{"count":23,"href":"https:\/\/atauni.edu.tr\/iktisat-bolumu\/wp-json\/wp\/v2\/pages\/5751\/revisions"}],"predecessor-version":[{"id":7254,"href":"https:\/\/atauni.edu.tr\/iktisat-bolumu\/wp-json\/wp\/v2\/pages\/5751\/revisions\/7254"}],"wp:attachment":[{"href":"https:\/\/atauni.edu.tr\/iktisat-bolumu\/wp-json\/wp\/v2\/media?parent=5751"}],"curies":[{"name":"wp","href":"https:\/\/api.w.org\/{rel}","templated":true}]}}