{"id":5762,"date":"2021-07-13T12:55:48","date_gmt":"2021-07-13T09:55:48","guid":{"rendered":"https:\/\/portaltest.atauni.edu.tr\/bilgisayar-muhendisligi\/?page_id=5762"},"modified":"2025-05-23T22:47:29","modified_gmt":"2025-05-23T19:47:29","slug":"lisans-ders-listesi","status":"publish","type":"page","link":"https:\/\/atauni.edu.tr\/iktisat-bolumu\/lisans-ders-listesi\/","title":{"rendered":"Ders Listesi"},"content":{"rendered":"\t\t<div data-elementor-type=\"wp-page\" data-elementor-id=\"5762\" class=\"elementor elementor-5762\" data-elementor-post-type=\"page\">\n\t\t\t\t\t\t<section class=\"elementor-section elementor-top-section elementor-element elementor-element-730d320 elementor-section-boxed elementor-section-height-default elementor-section-height-default\" data-id=\"730d320\" data-element_type=\"section\">\n\t\t\t\t\t\t<div class=\"elementor-container elementor-column-gap-default\">\n\t\t\t\t\t<div class=\"elementor-column elementor-col-100 elementor-top-column elementor-element elementor-element-753d0860\" data-id=\"753d0860\" data-element_type=\"column\">\n\t\t\t<div class=\"elementor-widget-wrap\">\n\t\t\t\t\t\t\t<\/div>\n\t\t<\/div>\n\t\t\t\t\t<\/div>\n\t\t<\/section>\n\t\t\t\t<section class=\"elementor-section elementor-top-section elementor-element elementor-element-9be811a elementor-section-boxed elementor-section-height-default elementor-section-height-default\" data-id=\"9be811a\" data-element_type=\"section\">\n\t\t\t\t\t\t<div class=\"elementor-container elementor-column-gap-default\">\n\t\t\t\t\t<div class=\"elementor-column elementor-col-100 elementor-top-column elementor-element elementor-element-1ed847b7\" data-id=\"1ed847b7\" data-element_type=\"column\">\n\t\t\t<div class=\"elementor-widget-wrap elementor-element-populated\">\n\t\t\t\t\t\t<div class=\"elementor-element elementor-element-4ce0d07f elementor-widget elementor-widget-heading\" data-id=\"4ce0d07f\" data-element_type=\"widget\" data-widget_type=\"heading.default\">\n\t\t\t\t<div class=\"elementor-widget-container\">\n\t\t\t\t\t<h2 class=\"elementor-heading-title elementor-size-default\">Lisans Ders Listesi<\/h2>\t\t\t\t<\/div>\n\t\t\t\t<\/div>\n\t\t\t\t<div class=\"elementor-element elementor-element-63260862 elementor-widget-divider--view-line elementor-widget elementor-widget-divider\" data-id=\"63260862\" data-element_type=\"widget\" data-widget_type=\"divider.default\">\n\t\t\t\t<div class=\"elementor-widget-container\">\n\t\t\t\t\t\t\t<div class=\"elementor-divider\">\n\t\t\t<span class=\"elementor-divider-separator\">\n\t\t\t\t\t\t<\/span>\n\t\t<\/div>\n\t\t\t\t\t\t<\/div>\n\t\t\t\t<\/div>\n\t\t\t\t\t<\/div>\n\t\t<\/div>\n\t\t\t\t\t<\/div>\n\t\t<\/section>\n\t\t\t\t<section class=\"elementor-section elementor-top-section elementor-element elementor-element-ff12562 elementor-section-boxed elementor-section-height-default elementor-section-height-default\" data-id=\"ff12562\" data-element_type=\"section\">\n\t\t\t\t\t\t<div class=\"elementor-container elementor-column-gap-default\">\n\t\t\t\t\t<div class=\"elementor-column elementor-col-100 elementor-top-column elementor-element elementor-element-2aa5f38\" data-id=\"2aa5f38\" data-element_type=\"column\">\n\t\t\t<div class=\"elementor-widget-wrap elementor-element-populated\">\n\t\t\t\t\t\t<div class=\"elementor-element elementor-element-3f6c81d elementor-widget elementor-widget-text-editor\" data-id=\"3f6c81d\" data-element_type=\"widget\" data-widget_type=\"text-editor.default\">\n\t\t\t\t<div class=\"elementor-widget-container\">\n\t\t\t\t\t\t\t\t\t<h4><em><span style=\"text-decoration: underline\"><a href=\"http:\/\/birimler.atauni.edu.tr\/iktisat-bolumu\/wp-content\/uploads\/sites\/124\/2025\/05\/I\u0307KTI\u0307SAT.pdf\">\u0130ktisat B\u00f6l\u00fcm\u00fc 2024-2025 Akademik Y\u0131l\u0131 Bahar D\u00f6nemi Ders Program\u0131<\/a><\/span><\/em><\/h4><h4><em><span><a href=\"https:\/\/birimler.atauni.edu.tr\/iktisadi-ve-idari-bilimler-fakultesi\/2024\/10\/07\/2024-2025-guz-donemi-ders-programlari\/\">\u0130ktisat B\u00f6l\u00fcm\u00fc 2024-2025 Akademik Y\u0131l\u0131 G\u00fcz D\u00f6nemi Ders Program\u0131<\/a><\/span><\/em><\/h4><div><h4><em><span><a href=\"https:\/\/birimler.atauni.edu.tr\/iktisadi-ve-idari-bilimler-fakultesi\/2024\/02\/23\/2023-2024-bahar-yariyili-ders-programi\/\">\u0130ktisat B\u00f6l\u00fcm\u00fc 2023-2024 Akademik Y\u0131l\u0131 Bahar D\u00f6nemi Ders Program\u0131<\/a><\/span><\/em><\/h4><\/div><div><em>\u00a0<\/em><\/div><h4><span style=\"text-decoration: underline\"><a href=\"https:\/\/obs.atauni.edu.tr\/moduller\/dbp\/eobs\/birimDetay\/1108\/%C4%B0ktisat%20Program%C4%B1%20(1108)?\">\u0130ktisat B\u00f6l\u00fcm\u00fc 2024-2025 Akademik Y\u0131l\u0131 M\u00fcfredat Dersleri<\/a><\/span><\/h4>\t\t\t\t\t\t\t\t<\/div>\n\t\t\t\t<\/div>\n\t\t\t\t\t<\/div>\n\t\t<\/div>\n\t\t\t\t\t<\/div>\n\t\t<\/section>\n\t\t\t\t<\/div>\n\t\t","protected":false},"excerpt":{"rendered":"<p>Lisans Ders Listesi \u0130ktisat B\u00f6l\u00fcm\u00fc 2024-2025 Akademik Y\u0131l\u0131 Bahar D\u00f6nemi Ders Program\u0131 \u0130ktisat B\u00f6l\u00fcm\u00fc 2024-2025 Akademik Y\u0131l\u0131 G\u00fcz D\u00f6nemi Ders Program\u0131 \u0130ktisat B\u00f6l\u00fcm\u00fc 2023-2024 Akademik Y\u0131l\u0131 Bahar D\u00f6nemi Ders Program\u0131 \u00a0 \u0130ktisat B\u00f6l\u00fcm\u00fc 2024-2025 Akademik Y\u0131l\u0131 M\u00fcfredat Dersleri<\/p>\n","protected":false},"author":1,"featured_media":0,"parent":0,"menu_order":0,"comment_status":"closed","ping_status":"closed","template":"elementor_header_footer","meta":{"footnotes":""},"class_list":["post-5762","page","type-page","status-publish","hentry"],"_links":{"self":[{"href":"https:\/\/atauni.edu.tr\/iktisat-bolumu\/wp-json\/wp\/v2\/pages\/5762","targetHints":{"allow":["GET"]}}],"collection":[{"href":"https:\/\/atauni.edu.tr\/iktisat-bolumu\/wp-json\/wp\/v2\/pages"}],"about":[{"href":"https:\/\/atauni.edu.tr\/iktisat-bolumu\/wp-json\/wp\/v2\/types\/page"}],"author":[{"embeddable":true,"href":"https:\/\/atauni.edu.tr\/iktisat-bolumu\/wp-json\/wp\/v2\/users\/1"}],"replies":[{"embeddable":true,"href":"https:\/\/atauni.edu.tr\/iktisat-bolumu\/wp-json\/wp\/v2\/comments?post=5762"}],"version-history":[{"count":23,"href":"https:\/\/atauni.edu.tr\/iktisat-bolumu\/wp-json\/wp\/v2\/pages\/5762\/revisions"}],"predecessor-version":[{"id":7330,"href":"https:\/\/atauni.edu.tr\/iktisat-bolumu\/wp-json\/wp\/v2\/pages\/5762\/revisions\/7330"}],"wp:attachment":[{"href":"https:\/\/atauni.edu.tr\/iktisat-bolumu\/wp-json\/wp\/v2\/media?parent=5762"}],"curies":[{"name":"wp","href":"https:\/\/api.w.org\/{rel}","templated":true}]}}