{"id":6434,"date":"2023-08-04T14:27:12","date_gmt":"2023-08-04T11:27:12","guid":{"rendered":"https:\/\/birimler.atauni.edu.tr\/iktisat-bolumu\/?page_id=6434"},"modified":"2023-09-12T16:20:31","modified_gmt":"2023-09-12T13:20:31","slug":"program-ogrenme-ciktilari","status":"publish","type":"page","link":"https:\/\/atauni.edu.tr\/iktisat-bolumu\/program-ogrenme-ciktilari\/","title":{"rendered":"Program \u00d6\u011frenme \u00c7\u0131kt\u0131lar\u0131"},"content":{"rendered":"\t\t<div data-elementor-type=\"wp-page\" data-elementor-id=\"6434\" class=\"elementor elementor-6434\" data-elementor-post-type=\"page\">\n\t\t\t\t\t\t<section class=\"elementor-section elementor-top-section elementor-element elementor-element-4a32d3c elementor-section-boxed elementor-section-height-default elementor-section-height-default\" data-id=\"4a32d3c\" data-element_type=\"section\">\n\t\t\t\t\t\t<div class=\"elementor-container elementor-column-gap-default\">\n\t\t\t\t\t<div class=\"elementor-column elementor-col-100 elementor-top-column elementor-element elementor-element-1a280fd3\" data-id=\"1a280fd3\" data-element_type=\"column\">\n\t\t\t<div class=\"elementor-widget-wrap elementor-element-populated\">\n\t\t\t\t\t\t<div class=\"elementor-element elementor-element-9a9264d elementor-widget elementor-widget-text-editor\" data-id=\"9a9264d\" data-element_type=\"widget\" data-widget_type=\"text-editor.default\">\n\t\t\t\t<div class=\"elementor-widget-container\">\n\t\t\t\t\t\t\t\t\t<p><strong><\/strong><\/p>\n<p><strong>\u0130ktisadi d\u00fc\u015f\u00fcncenin geli\u015fimini ve birikimini inceleyip ve ele\u015ftirel g\u00f6zle de\u011ferlendirebilir.<\/strong><\/p>\n<p><strong>G\u00fcncel iktisadi sorunlar\u0131n \u00e7\u00f6z\u00fcm\u00fcnde kullan\u0131labilecek farkl\u0131 iktisat kuramlar\u0131n\u0131 test etmeye y\u00f6nelik bilgi ve y\u00f6ntemlere h\u00e2kim olur.<\/strong><br \/><br \/><strong>Kurum veya \u00f6rg\u00fct i\u00e7in hedef ve ama\u00e7 belirleyebilir, bunlara y\u00f6nelik performans iyile\u015ftirici proje tasar\u0131m\u0131 ve planlamas\u0131 yapabilir.<\/strong><br \/><br \/><strong>\u0130ktisat alan\u0131nda edindi\u011fi bilgileri ele\u015ftirel olarak de\u011ferlendirebilir, sahip oldu\u011fu bilginin yeterlili\u011fini ve \u00f6\u011frenme gereksinimlerini tespit edebilir, eksikliklerini gidermek i\u00e7in \u00f6\u011frenmesini y\u00f6nlendirebilir.<\/strong><br \/><br \/><strong>\u0130ktisat ile ilgili konularda ilgili ki\u015fi ve kurumlar\u0131 bilgilendirebilir; d\u00fc\u015f\u00fcncelerini ve sorunlara ili\u015fkin \u00e7\u00f6z\u00fcm \u00f6nerilerini yaz\u0131l\u0131 ve s\u00f6zl\u00fc olarak aktarabilir.<\/strong><br \/><br \/><strong>\u0130ktisat ile ilgili verilerin toplanmas\u0131, yorumlanmas\u0131, uygulanmas\u0131 ve sonu\u00e7lar\u0131n\u0131n duyurulmas\u0131 a\u015famalar\u0131nda toplumsal, bilimsel, k\u00fclt\u00fcrel ve etik de\u011ferlere uygun hareket edebilir.<\/strong><\/p>\n<p><strong><\/strong><\/p>\t\t\t\t\t\t\t\t<\/div>\n\t\t\t\t<\/div>\n\t\t\t\t\t<\/div>\n\t\t<\/div>\n\t\t\t\t\t<\/div>\n\t\t<\/section>\n\t\t\t\t<\/div>\n\t\t","protected":false},"excerpt":{"rendered":"<p>\u0130ktisadi d\u00fc\u015f\u00fcncenin geli\u015fimini ve birikimini inceleyip ve ele\u015ftirel g\u00f6zle de\u011ferlendirebilir. G\u00fcncel iktisadi sorunlar\u0131n \u00e7\u00f6z\u00fcm\u00fcnde kullan\u0131labilecek farkl\u0131 iktisat kuramlar\u0131n\u0131 test etmeye y\u00f6nelik bilgi ve y\u00f6ntemlere h\u00e2kim olur. Kurum veya \u00f6rg\u00fct i\u00e7in hedef ve ama\u00e7 belirleyebilir, bunlara y\u00f6nelik performans iyile\u015ftirici proje tasar\u0131m\u0131 ve planlamas\u0131 yapabilir. \u0130ktisat alan\u0131nda edindi\u011fi bilgileri ele\u015ftirel olarak de\u011ferlendirebilir, sahip oldu\u011fu bilginin yeterlili\u011fini ve [&hellip;]<\/p>\n","protected":false},"author":555,"featured_media":0,"parent":0,"menu_order":0,"comment_status":"closed","ping_status":"closed","template":"","meta":{"footnotes":""},"class_list":["post-6434","page","type-page","status-publish","hentry"],"_links":{"self":[{"href":"https:\/\/atauni.edu.tr\/iktisat-bolumu\/wp-json\/wp\/v2\/pages\/6434","targetHints":{"allow":["GET"]}}],"collection":[{"href":"https:\/\/atauni.edu.tr\/iktisat-bolumu\/wp-json\/wp\/v2\/pages"}],"about":[{"href":"https:\/\/atauni.edu.tr\/iktisat-bolumu\/wp-json\/wp\/v2\/types\/page"}],"author":[{"embeddable":true,"href":"https:\/\/atauni.edu.tr\/iktisat-bolumu\/wp-json\/wp\/v2\/users\/555"}],"replies":[{"embeddable":true,"href":"https:\/\/atauni.edu.tr\/iktisat-bolumu\/wp-json\/wp\/v2\/comments?post=6434"}],"version-history":[{"count":12,"href":"https:\/\/atauni.edu.tr\/iktisat-bolumu\/wp-json\/wp\/v2\/pages\/6434\/revisions"}],"predecessor-version":[{"id":7501,"href":"https:\/\/atauni.edu.tr\/iktisat-bolumu\/wp-json\/wp\/v2\/pages\/6434\/revisions\/7501"}],"wp:attachment":[{"href":"https:\/\/atauni.edu.tr\/iktisat-bolumu\/wp-json\/wp\/v2\/media?parent=6434"}],"curies":[{"name":"wp","href":"https:\/\/api.w.org\/{rel}","templated":true}]}}