{"id":6436,"date":"2023-08-04T14:27:12","date_gmt":"2023-08-04T11:27:12","guid":{"rendered":"https:\/\/birimler.atauni.edu.tr\/iktisat-bolumu\/?page_id=6436"},"modified":"2023-12-04T13:37:07","modified_gmt":"2023-12-04T10:37:07","slug":"program-ogrenim-amaclari","status":"publish","type":"page","link":"https:\/\/atauni.edu.tr\/iktisat-bolumu\/program-ogrenim-amaclari\/","title":{"rendered":"Program E\u011fitim Ama\u00e7lar\u0131"},"content":{"rendered":"\t\t<div data-elementor-type=\"wp-page\" data-elementor-id=\"6436\" class=\"elementor elementor-6436\" data-elementor-post-type=\"page\">\n\t\t\t\t\t\t<section class=\"elementor-section elementor-top-section elementor-element elementor-element-e742120 elementor-section-boxed elementor-section-height-default elementor-section-height-default\" data-id=\"e742120\" data-element_type=\"section\">\n\t\t\t\t\t\t<div class=\"elementor-container elementor-column-gap-default\">\n\t\t\t\t\t<div class=\"elementor-column elementor-col-100 elementor-top-column elementor-element elementor-element-2099328\" data-id=\"2099328\" data-element_type=\"column\">\n\t\t\t<div class=\"elementor-widget-wrap elementor-element-populated\">\n\t\t\t\t\t\t<div class=\"elementor-element elementor-element-d00528c elementor-widget elementor-widget-text-editor\" data-id=\"d00528c\" data-element_type=\"widget\" data-widget_type=\"text-editor.default\">\n\t\t\t\t<div class=\"elementor-widget-container\">\n\t\t\t\t\t\t\t\t\t<p><strong>Program\u0131m\u0131zdan mezun olacak \u00f6\u011frencilerimizin ula\u015fmalar\u0131 beklenen kariyer hedeflerini ve alan\u0131ndaki ama\u00e7lar\u0131n\u0131 ger\u00e7ekle\u015ftirebilecek ama\u00e7lar olu\u015fturulmu\u015ftur. Bu kapsamda, iktisat program\u0131n\u0131n e\u011fitim ama\u00e7lar\u0131; Atat\u00fcrk \u00dcniversitesi \u0130ktisadi ve \u0130dari Bilimler Fak\u00fcltesi\u2019nin misyon, vizyon ve de\u011ferlerine uygun bir \u015fekilde, benzer se\u00e7kin programlar\u0131n e\u011fitim ama\u00e7lar\u0131 da ara\u015ft\u0131r\u0131larak, i\u00e7 ve d\u0131\u015f payda\u015flar\u0131n gereksinim ve taleplerini g\u00f6z \u00f6n\u00fcnde bulundurarak, iktisat program\u0131n\u0131n imkan ve kabiliyeti \u00e7er\u00e7evesinde a\u015fa\u011f\u0131daki gibi s\u0131ralanm\u0131\u015ft\u0131r:<\/strong><\/p><ul><li><strong>\u00d6\u011frenciye iktisat alan\u0131ndaki teorik ve uygulamal\u0131 bilgilere sahip olma ve fikirleri ve verileri anlama, yorumlama ve ele\u015ftirme yetene\u011finin kazand\u0131r\u0131lmas\u0131<\/strong><\/li><li><strong>\u00d6\u011frenciye ekonomiye ili\u015fkin verilerin toplanmas\u0131, yorumlanmas\u0131, uygulanmas\u0131 ve sonu\u00e7lar\u0131n\u0131n de\u011ferlendirilmesi i\u00e7in gerekli uygulamalar\u0131 sunmak ve kullan\u0131m yetene\u011finin kazand\u0131r\u0131lmas\u0131<\/strong><\/li><li><strong>\u00d6\u011frenciye alan\u0131ndaki bilgileri takip edebilecek ve meslekta\u015flar\u0131 ile ileti\u015fim kurabilecek d\u00fczeyde yabanc\u0131 dil bilgisi kazand\u0131rmak<\/strong><\/li><li><strong>\u00d6\u011frenciye mesleki ihtiya\u00e7lar\u0131n\u0131 belirleyebilme yetene\u011fini ve mesleki geli\u015fimine y\u00f6nelik faaliyetleri planlay\u0131p y\u00f6netebilece\u011fi deneyimler kazand\u0131rmak<\/strong><\/li><li><strong>\u00a0\u00d6\u011frenciye ald\u0131\u011f\u0131 e\u011fitimle birlikte, mezuniyet sonras\u0131 alan\u0131na ili\u015fkin \u00e7al\u0131\u015fmalar\u0131 ba\u011f\u0131ms\u0131z ve tak\u0131m olarak ger\u00e7ekle\u015ftirebilme becerisinin kazand\u0131r\u0131lmas\u0131,<\/strong><\/li><li><strong>\u00d6\u011frenciye, iktisadi ve mali y\u00f6netim, finansal okuryazarl\u0131k,\u00a0 sosyal g\u00fcvenlik haklar\u0131, fayda-maliyet analizi, s\u00fcrd\u00fcr\u00fclebilir ekonomik kalk\u0131nma konular\u0131nda fark\u0131ndal\u0131k kazand\u0131rmakt\u0131r.<\/strong><\/li><\/ul>\t\t\t\t\t\t\t\t<\/div>\n\t\t\t\t<\/div>\n\t\t\t\t\t<\/div>\n\t\t<\/div>\n\t\t\t\t\t<\/div>\n\t\t<\/section>\n\t\t\t\t<\/div>\n\t\t","protected":false},"excerpt":{"rendered":"<p>Program\u0131m\u0131zdan mezun olacak \u00f6\u011frencilerimizin ula\u015fmalar\u0131 beklenen kariyer hedeflerini ve alan\u0131ndaki ama\u00e7lar\u0131n\u0131 ger\u00e7ekle\u015ftirebilecek ama\u00e7lar olu\u015fturulmu\u015ftur. Bu kapsamda, iktisat program\u0131n\u0131n e\u011fitim ama\u00e7lar\u0131; Atat\u00fcrk \u00dcniversitesi \u0130ktisadi ve \u0130dari Bilimler Fak\u00fcltesi\u2019nin misyon, vizyon ve de\u011ferlerine uygun bir \u015fekilde, benzer se\u00e7kin programlar\u0131n e\u011fitim ama\u00e7lar\u0131 da ara\u015ft\u0131r\u0131larak, i\u00e7 ve d\u0131\u015f payda\u015flar\u0131n gereksinim ve taleplerini g\u00f6z \u00f6n\u00fcnde bulundurarak, iktisat program\u0131n\u0131n imkan ve [&hellip;]<\/p>\n","protected":false},"author":555,"featured_media":0,"parent":0,"menu_order":0,"comment_status":"closed","ping_status":"closed","template":"","meta":{"footnotes":""},"class_list":["post-6436","page","type-page","status-publish","hentry"],"_links":{"self":[{"href":"https:\/\/atauni.edu.tr\/iktisat-bolumu\/wp-json\/wp\/v2\/pages\/6436","targetHints":{"allow":["GET"]}}],"collection":[{"href":"https:\/\/atauni.edu.tr\/iktisat-bolumu\/wp-json\/wp\/v2\/pages"}],"about":[{"href":"https:\/\/atauni.edu.tr\/iktisat-bolumu\/wp-json\/wp\/v2\/types\/page"}],"author":[{"embeddable":true,"href":"https:\/\/atauni.edu.tr\/iktisat-bolumu\/wp-json\/wp\/v2\/users\/555"}],"replies":[{"embeddable":true,"href":"https:\/\/atauni.edu.tr\/iktisat-bolumu\/wp-json\/wp\/v2\/comments?post=6436"}],"version-history":[{"count":5,"href":"https:\/\/atauni.edu.tr\/iktisat-bolumu\/wp-json\/wp\/v2\/pages\/6436\/revisions"}],"predecessor-version":[{"id":6937,"href":"https:\/\/atauni.edu.tr\/iktisat-bolumu\/wp-json\/wp\/v2\/pages\/6436\/revisions\/6937"}],"wp:attachment":[{"href":"https:\/\/atauni.edu.tr\/iktisat-bolumu\/wp-json\/wp\/v2\/media?parent=6436"}],"curies":[{"name":"wp","href":"https:\/\/api.w.org\/{rel}","templated":true}]}}