{"id":6545,"date":"2023-09-12T16:36:27","date_gmt":"2023-09-12T13:36:27","guid":{"rendered":"https:\/\/birimler.atauni.edu.tr\/iktisat-bolumu\/?page_id=6545"},"modified":"2023-11-10T14:12:02","modified_gmt":"2023-11-10T11:12:02","slug":"degisim-programlari","status":"publish","type":"page","link":"https:\/\/atauni.edu.tr\/iktisat-bolumu\/degisim-programlari\/","title":{"rendered":"De\u011fi\u015fim Programlar\u0131"},"content":{"rendered":"\n<div class=\"wp-block-columns is-layout-flex wp-container-core-columns-is-layout-9d6595d7 wp-block-columns-is-layout-flex\">\n<div class=\"wp-block-column is-layout-flow wp-block-column-is-layout-flow\"><div class=\"wp-block-image\">\n<figure class=\"alignright size-full is-resized\"><a href=\"https:\/\/oia.atauni.edu.tr\/new\/erasmus-bilgi\/\"><img fetchpriority=\"high\" decoding=\"async\" width=\"636\" height=\"420\" src=\"http:\/\/birimler.atauni.edu.tr\/iktisat-bolumu\/wp-content\/uploads\/sites\/124\/2023\/08\/erasmus.jpg\" alt=\"\" class=\"wp-image-6445\" style=\"width:363px;height:auto\" srcset=\"https:\/\/atauni.edu.tr\/iktisat-bolumu\/wp-content\/uploads\/sites\/124\/2023\/08\/erasmus.jpg 636w, https:\/\/atauni.edu.tr\/iktisat-bolumu\/wp-content\/uploads\/sites\/124\/2023\/08\/erasmus-300x198.jpg 300w, https:\/\/atauni.edu.tr\/iktisat-bolumu\/wp-content\/uploads\/sites\/124\/2023\/08\/erasmus-600x396.jpg 600w, https:\/\/atauni.edu.tr\/iktisat-bolumu\/wp-content\/uploads\/sites\/124\/2023\/08\/erasmus-560x370.jpg 560w\" sizes=\"(max-width: 636px) 100vw, 636px\" \/><\/a><\/figure>\n<\/div><\/div>\n\n\n\n<div class=\"wp-block-column is-layout-flow wp-block-column-is-layout-flow\"><div class=\"wp-block-image\">\n<figure class=\"alignleft size-full is-resized\"><a href=\"https:\/\/oia.atauni.edu.tr\/new\/farabi-bilgi\/\"><img decoding=\"async\" width=\"921\" height=\"652\" src=\"https:\/\/birimler.atauni.edu.tr\/iktisat-bolumu\/wp-content\/uploads\/sites\/124\/2023\/11\/farabi.jpg\" alt=\"\" class=\"wp-image-6819\" style=\"width:364px;height:auto\" srcset=\"https:\/\/atauni.edu.tr\/iktisat-bolumu\/wp-content\/uploads\/sites\/124\/2023\/11\/farabi.jpg 921w, https:\/\/atauni.edu.tr\/iktisat-bolumu\/wp-content\/uploads\/sites\/124\/2023\/11\/farabi-300x212.jpg 300w, https:\/\/atauni.edu.tr\/iktisat-bolumu\/wp-content\/uploads\/sites\/124\/2023\/11\/farabi-768x544.jpg 768w, https:\/\/atauni.edu.tr\/iktisat-bolumu\/wp-content\/uploads\/sites\/124\/2023\/11\/farabi-600x425.jpg 600w, https:\/\/atauni.edu.tr\/iktisat-bolumu\/wp-content\/uploads\/sites\/124\/2023\/11\/farabi-560x396.jpg 560w\" sizes=\"(max-width: 921px) 100vw, 921px\" \/><\/a><\/figure>\n<\/div><\/div>\n<\/div>\n\n\n\n<div class=\"wp-block-columns is-layout-flex wp-container-core-columns-is-layout-9d6595d7 wp-block-columns-is-layout-flex\">\n<div class=\"wp-block-column is-layout-flow wp-block-column-is-layout-flow\"><div class=\"wp-block-image\">\n<figure class=\"alignright size-full is-resized\"><a href=\"https:\/\/oia.atauni.edu.tr\/new\/mevlana-bilgi\/\"><img decoding=\"async\" width=\"411\" height=\"510\" src=\"https:\/\/birimler.atauni.edu.tr\/iktisat-bolumu\/wp-content\/uploads\/sites\/124\/2023\/11\/indir.png\" alt=\"\" class=\"wp-image-6821\" style=\"width:347px;height:auto\" srcset=\"https:\/\/atauni.edu.tr\/iktisat-bolumu\/wp-content\/uploads\/sites\/124\/2023\/11\/indir.png 411w, https:\/\/atauni.edu.tr\/iktisat-bolumu\/wp-content\/uploads\/sites\/124\/2023\/11\/indir-242x300.png 242w\" sizes=\"(max-width: 411px) 100vw, 411px\" \/><\/a><\/figure>\n<\/div><\/div>\n\n\n\n<div class=\"wp-block-column is-layout-flow wp-block-column-is-layout-flow\"><div class=\"wp-block-image\">\n<figure class=\"alignleft size-full is-resized\"><a href=\"https:\/\/oia.atauni.edu.tr\/new\/orhun-bilgi\/\"><img loading=\"lazy\" decoding=\"async\" width=\"381\" height=\"303\" src=\"https:\/\/birimler.atauni.edu.tr\/iktisat-bolumu\/wp-content\/uploads\/sites\/124\/2023\/11\/3cg4xr35-1.jpg\" alt=\"\" class=\"wp-image-6824\" style=\"width:440px;height:auto\" srcset=\"https:\/\/atauni.edu.tr\/iktisat-bolumu\/wp-content\/uploads\/sites\/124\/2023\/11\/3cg4xr35-1.jpg 381w, https:\/\/atauni.edu.tr\/iktisat-bolumu\/wp-content\/uploads\/sites\/124\/2023\/11\/3cg4xr35-1-300x239.jpg 300w\" sizes=\"(max-width: 381px) 100vw, 381px\" \/><\/a><\/figure>\n<\/div><\/div>\n<\/div>\n","protected":false},"excerpt":{"rendered":"","protected":false},"author":509,"featured_media":0,"parent":0,"menu_order":0,"comment_status":"closed","ping_status":"closed","template":"","meta":{"footnotes":""},"class_list":["post-6545","page","type-page","status-publish","hentry"],"_links":{"self":[{"href":"https:\/\/atauni.edu.tr\/iktisat-bolumu\/wp-json\/wp\/v2\/pages\/6545","targetHints":{"allow":["GET"]}}],"collection":[{"href":"https:\/\/atauni.edu.tr\/iktisat-bolumu\/wp-json\/wp\/v2\/pages"}],"about":[{"href":"https:\/\/atauni.edu.tr\/iktisat-bolumu\/wp-json\/wp\/v2\/types\/page"}],"author":[{"embeddable":true,"href":"https:\/\/atauni.edu.tr\/iktisat-bolumu\/wp-json\/wp\/v2\/users\/509"}],"replies":[{"embeddable":true,"href":"https:\/\/atauni.edu.tr\/iktisat-bolumu\/wp-json\/wp\/v2\/comments?post=6545"}],"version-history":[{"count":6,"href":"https:\/\/atauni.edu.tr\/iktisat-bolumu\/wp-json\/wp\/v2\/pages\/6545\/revisions"}],"predecessor-version":[{"id":6828,"href":"https:\/\/atauni.edu.tr\/iktisat-bolumu\/wp-json\/wp\/v2\/pages\/6545\/revisions\/6828"}],"wp:attachment":[{"href":"https:\/\/atauni.edu.tr\/iktisat-bolumu\/wp-json\/wp\/v2\/media?parent=6545"}],"curies":[{"name":"wp","href":"https:\/\/api.w.org\/{rel}","templated":true}]}}