{"id":6751,"date":"2023-11-09T21:38:35","date_gmt":"2023-11-09T18:38:35","guid":{"rendered":"https:\/\/birimler.atauni.edu.tr\/iktisat-bolumu\/?page_id=6751"},"modified":"2025-05-25T18:41:21","modified_gmt":"2025-05-25T15:41:21","slug":"tdf","status":"publish","type":"page","link":"https:\/\/atauni.edu.tr\/iktisat-bolumu\/tdf\/","title":{"rendered":"Toplumsal Duyarl\u0131l\u0131k Faaliyetleri"},"content":{"rendered":"\t\t<div data-elementor-type=\"wp-page\" data-elementor-id=\"6751\" class=\"elementor elementor-6751\" data-elementor-post-type=\"page\">\n\t\t\t\t<div class=\"elementor-element elementor-element-f27f11e e-flex e-con-boxed e-con e-parent\" data-id=\"f27f11e\" data-element_type=\"container\">\n\t\t\t\t\t<div class=\"e-con-inner\">\n\t\t\t\t<div class=\"elementor-element elementor-element-9866844 elementor-widget elementor-widget-heading\" data-id=\"9866844\" data-element_type=\"widget\" data-widget_type=\"heading.default\">\n\t\t\t\t<div class=\"elementor-widget-container\">\n\t\t\t\t\t<h2 class=\"elementor-heading-title elementor-size-default\">\u0130ktisat \u00d6\u011frencileri Toplumsal Duyarl\u0131l\u0131k Projeleri <\/h2>\t\t\t\t<\/div>\n\t\t\t\t<\/div>\n\t\t\t\t\t<\/div>\n\t\t\t\t<\/div>\n\t\t<div class=\"elementor-element elementor-element-44735f2 e-flex e-con-boxed e-con e-parent\" data-id=\"44735f2\" data-element_type=\"container\">\n\t\t\t\t\t<div class=\"e-con-inner\">\n\t\t\t\t<div class=\"elementor-element elementor-element-57a1090 elementor-widget elementor-widget-image\" data-id=\"57a1090\" data-element_type=\"widget\" data-widget_type=\"image.default\">\n\t\t\t\t<div class=\"elementor-widget-container\">\n\t\t\t\t\t\t\t\t\t\t\t\t<figure class=\"wp-caption\">\n\t\t\t\t\t\t\t\t\t\t\t<a href=\"http:\/\/birimler.atauni.edu.tr\/iktisat-bolumu\/wp-content\/uploads\/sites\/124\/2025\/05\/BIR-KAP-SEVGI-TDP.pdf\" target=\"_blank\">\n\t\t\t\t\t\t\t<img fetchpriority=\"high\" decoding=\"async\" width=\"964\" height=\"995\" src=\"https:\/\/atauni.edu.tr\/iktisat-bolumu\/wp-content\/uploads\/sites\/124\/2025\/05\/BIR-KAP-SEVGI-TDP.jpg\" class=\"attachment-large size-large wp-image-7358\" alt=\"\" srcset=\"https:\/\/atauni.edu.tr\/iktisat-bolumu\/wp-content\/uploads\/sites\/124\/2025\/05\/BIR-KAP-SEVGI-TDP.jpg 964w, https:\/\/atauni.edu.tr\/iktisat-bolumu\/wp-content\/uploads\/sites\/124\/2025\/05\/BIR-KAP-SEVGI-TDP-291x300.jpg 291w, https:\/\/atauni.edu.tr\/iktisat-bolumu\/wp-content\/uploads\/sites\/124\/2025\/05\/BIR-KAP-SEVGI-TDP-768x793.jpg 768w, https:\/\/atauni.edu.tr\/iktisat-bolumu\/wp-content\/uploads\/sites\/124\/2025\/05\/BIR-KAP-SEVGI-TDP-581x600.jpg 581w, https:\/\/atauni.edu.tr\/iktisat-bolumu\/wp-content\/uploads\/sites\/124\/2025\/05\/BIR-KAP-SEVGI-TDP-543x560.jpg 543w\" sizes=\"(max-width: 964px) 100vw, 964px\" \/>\t\t\t\t\t\t\t\t<\/a>\n\t\t\t\t\t\t\t\t\t\t\t<figcaption class=\"widget-image-caption wp-caption-text\">Bir Kap Sevgi<\/figcaption>\n\t\t\t\t\t\t\t\t\t\t<\/figure>\n\t\t\t\t\t\t\t\t\t<\/div>\n\t\t\t\t<\/div>\n\t\t\t\t\t<\/div>\n\t\t\t\t<\/div>\n\t\t<div class=\"elementor-element elementor-element-d582762 e-flex e-con-boxed e-con e-parent\" data-id=\"d582762\" data-element_type=\"container\">\n\t\t\t\t\t<div class=\"e-con-inner\">\n\t\t\t\t<div class=\"elementor-element elementor-element-471a6df elementor-widget elementor-widget-image\" data-id=\"471a6df\" data-element_type=\"widget\" data-widget_type=\"image.default\">\n\t\t\t\t<div class=\"elementor-widget-container\">\n\t\t\t\t\t\t\t\t\t\t\t\t<figure class=\"wp-caption\">\n\t\t\t\t\t\t\t\t\t\t\t<a href=\"http:\/\/birimler.atauni.edu.tr\/iktisat-bolumu\/wp-content\/uploads\/sites\/124\/2025\/05\/Haklarinizi-Ogrenin-Sesinizi-yukseltin.pdf\" target=\"_blank\">\n\t\t\t\t\t\t\t<img decoding=\"async\" width=\"600\" height=\"673\" src=\"https:\/\/atauni.edu.tr\/iktisat-bolumu\/wp-content\/uploads\/sites\/124\/2025\/05\/Haklarinizi-Ogrenin-Sesinizi-Yukseltin-e1748179327881.jpg\" class=\"attachment-large size-large wp-image-7362\" alt=\"\" srcset=\"https:\/\/atauni.edu.tr\/iktisat-bolumu\/wp-content\/uploads\/sites\/124\/2025\/05\/Haklarinizi-Ogrenin-Sesinizi-Yukseltin-e1748179327881.jpg 600w, https:\/\/atauni.edu.tr\/iktisat-bolumu\/wp-content\/uploads\/sites\/124\/2025\/05\/Haklarinizi-Ogrenin-Sesinizi-Yukseltin-e1748179327881-267x300.jpg 267w, https:\/\/atauni.edu.tr\/iktisat-bolumu\/wp-content\/uploads\/sites\/124\/2025\/05\/Haklarinizi-Ogrenin-Sesinizi-Yukseltin-e1748179327881-535x600.jpg 535w, https:\/\/atauni.edu.tr\/iktisat-bolumu\/wp-content\/uploads\/sites\/124\/2025\/05\/Haklarinizi-Ogrenin-Sesinizi-Yukseltin-e1748179327881-499x560.jpg 499w\" sizes=\"(max-width: 600px) 100vw, 600px\" \/>\t\t\t\t\t\t\t\t<\/a>\n\t\t\t\t\t\t\t\t\t\t\t<figcaption class=\"widget-image-caption wp-caption-text\">Haklar\u0131n\u0131z\u0131 \u00d6\u011frenin Sesinizi Y\u00fckseltin<\/figcaption>\n\t\t\t\t\t\t\t\t\t\t<\/figure>\n\t\t\t\t\t\t\t\t\t<\/div>\n\t\t\t\t<\/div>\n\t\t\t\t\t<\/div>\n\t\t\t\t<\/div>\n\t\t<div class=\"elementor-element elementor-element-fa742da e-flex e-con-boxed e-con e-parent\" data-id=\"fa742da\" data-element_type=\"container\">\n\t\t\t\t\t<div class=\"e-con-inner\">\n\t\t\t\t<div class=\"elementor-element elementor-element-925db39 elementor-widget elementor-widget-image\" data-id=\"925db39\" data-element_type=\"widget\" data-widget_type=\"image.default\">\n\t\t\t\t<div class=\"elementor-widget-container\">\n\t\t\t\t\t\t\t\t\t\t\t\t<figure class=\"wp-caption\">\n\t\t\t\t\t\t\t\t\t\t\t<a href=\"http:\/\/birimler.atauni.edu.tr\/iktisat-bolumu\/wp-content\/uploads\/sites\/124\/2025\/05\/KARIYERINE-YON-VER-MALI-MUSAVIRLIK.pdf\" target=\"_blank\">\n\t\t\t\t\t\t\t<img decoding=\"async\" width=\"410\" height=\"432\" src=\"https:\/\/atauni.edu.tr\/iktisat-bolumu\/wp-content\/uploads\/sites\/124\/2025\/05\/KARIYERINE-YON-VER-MALI-MUSAVIRLIK-e1748179617363.jpg\" class=\"attachment-large size-large wp-image-7363\" alt=\"\" srcset=\"https:\/\/atauni.edu.tr\/iktisat-bolumu\/wp-content\/uploads\/sites\/124\/2025\/05\/KARIYERINE-YON-VER-MALI-MUSAVIRLIK-e1748179617363.jpg 410w, https:\/\/atauni.edu.tr\/iktisat-bolumu\/wp-content\/uploads\/sites\/124\/2025\/05\/KARIYERINE-YON-VER-MALI-MUSAVIRLIK-e1748179617363-285x300.jpg 285w\" sizes=\"(max-width: 410px) 100vw, 410px\" \/>\t\t\t\t\t\t\t\t<\/a>\n\t\t\t\t\t\t\t\t\t\t\t<figcaption class=\"widget-image-caption wp-caption-text\">Kariyerine Y\u00f6n Ver: Mali M\u00fc\u015favirlik<\/figcaption>\n\t\t\t\t\t\t\t\t\t\t<\/figure>\n\t\t\t\t\t\t\t\t\t<\/div>\n\t\t\t\t<\/div>\n\t\t\t\t\t<\/div>\n\t\t\t\t<\/div>\n\t\t<div class=\"elementor-element elementor-element-e6f9d1a e-flex e-con-boxed e-con e-parent\" data-id=\"e6f9d1a\" data-element_type=\"container\">\n\t\t\t\t\t<div class=\"e-con-inner\">\n\t\t\t\t<div class=\"elementor-element elementor-element-4b2f0b6 elementor-widget elementor-widget-image\" data-id=\"4b2f0b6\" data-element_type=\"widget\" data-widget_type=\"image.default\">\n\t\t\t\t<div class=\"elementor-widget-container\">\n\t\t\t\t\t\t\t\t\t\t\t\t<figure class=\"wp-caption\">\n\t\t\t\t\t\t\t\t\t\t\t<a href=\"http:\/\/birimler.atauni.edu.tr\/iktisat-bolumu\/wp-content\/uploads\/sites\/124\/2025\/05\/Bir-Damla-Umut.pdf\">\n\t\t\t\t\t\t\t<img loading=\"lazy\" decoding=\"async\" width=\"1024\" height=\"736\" src=\"https:\/\/atauni.edu.tr\/iktisat-bolumu\/wp-content\/uploads\/sites\/124\/2025\/05\/Bir-Damla-Umut-1024x736.jpg\" class=\"attachment-large size-large wp-image-7365\" alt=\"\" srcset=\"https:\/\/atauni.edu.tr\/iktisat-bolumu\/wp-content\/uploads\/sites\/124\/2025\/05\/Bir-Damla-Umut-1024x736.jpg 1024w, https:\/\/atauni.edu.tr\/iktisat-bolumu\/wp-content\/uploads\/sites\/124\/2025\/05\/Bir-Damla-Umut-300x216.jpg 300w, https:\/\/atauni.edu.tr\/iktisat-bolumu\/wp-content\/uploads\/sites\/124\/2025\/05\/Bir-Damla-Umut-768x552.jpg 768w, https:\/\/atauni.edu.tr\/iktisat-bolumu\/wp-content\/uploads\/sites\/124\/2025\/05\/Bir-Damla-Umut-600x431.jpg 600w, https:\/\/atauni.edu.tr\/iktisat-bolumu\/wp-content\/uploads\/sites\/124\/2025\/05\/Bir-Damla-Umut-560x402.jpg 560w, https:\/\/atauni.edu.tr\/iktisat-bolumu\/wp-content\/uploads\/sites\/124\/2025\/05\/Bir-Damla-Umut.jpg 1265w\" sizes=\"(max-width: 1024px) 100vw, 1024px\" \/>\t\t\t\t\t\t\t\t<\/a>\n\t\t\t\t\t\t\t\t\t\t\t<figcaption class=\"widget-image-caption wp-caption-text\">Bir Damla Umut <\/figcaption>\n\t\t\t\t\t\t\t\t\t\t<\/figure>\n\t\t\t\t\t\t\t\t\t<\/div>\n\t\t\t\t<\/div>\n\t\t\t\t\t<\/div>\n\t\t\t\t<\/div>\n\t\t<div class=\"elementor-element elementor-element-2aa1d2f e-flex e-con-boxed e-con e-parent\" data-id=\"2aa1d2f\" data-element_type=\"container\">\n\t\t\t\t\t<div class=\"e-con-inner\">\n\t\t\t\t<div class=\"elementor-element elementor-element-4b9055f elementor-widget elementor-widget-image\" data-id=\"4b9055f\" data-element_type=\"widget\" data-widget_type=\"image.default\">\n\t\t\t\t<div class=\"elementor-widget-container\">\n\t\t\t\t\t\t\t\t\t\t\t\t<figure class=\"wp-caption\">\n\t\t\t\t\t\t\t\t\t\t\t<a href=\"http:\/\/birimler.atauni.edu.tr\/iktisat-bolumu\/wp-content\/uploads\/sites\/124\/2025\/05\/Bir-damla-iyilik-bir-omur-mutluluk.pdf\" target=\"_blank\">\n\t\t\t\t\t\t\t<img loading=\"lazy\" decoding=\"async\" width=\"850\" height=\"638\" src=\"https:\/\/atauni.edu.tr\/iktisat-bolumu\/wp-content\/uploads\/sites\/124\/2025\/05\/Bir-damla-iyilik-bir-omur-mutluluk-1.jpg\" class=\"attachment-large size-large wp-image-7369\" alt=\"\" srcset=\"https:\/\/atauni.edu.tr\/iktisat-bolumu\/wp-content\/uploads\/sites\/124\/2025\/05\/Bir-damla-iyilik-bir-omur-mutluluk-1.jpg 850w, https:\/\/atauni.edu.tr\/iktisat-bolumu\/wp-content\/uploads\/sites\/124\/2025\/05\/Bir-damla-iyilik-bir-omur-mutluluk-1-300x225.jpg 300w, https:\/\/atauni.edu.tr\/iktisat-bolumu\/wp-content\/uploads\/sites\/124\/2025\/05\/Bir-damla-iyilik-bir-omur-mutluluk-1-768x576.jpg 768w, https:\/\/atauni.edu.tr\/iktisat-bolumu\/wp-content\/uploads\/sites\/124\/2025\/05\/Bir-damla-iyilik-bir-omur-mutluluk-1-600x450.jpg 600w, https:\/\/atauni.edu.tr\/iktisat-bolumu\/wp-content\/uploads\/sites\/124\/2025\/05\/Bir-damla-iyilik-bir-omur-mutluluk-1-560x420.jpg 560w\" sizes=\"(max-width: 850px) 100vw, 850px\" \/>\t\t\t\t\t\t\t\t<\/a>\n\t\t\t\t\t\t\t\t\t\t\t<figcaption class=\"widget-image-caption wp-caption-text\">Bir Damla \u0130yilik, Bir \u00d6m\u00fcr Mutluluk<\/figcaption>\n\t\t\t\t\t\t\t\t\t\t<\/figure>\n\t\t\t\t\t\t\t\t\t<\/div>\n\t\t\t\t<\/div>\n\t\t\t\t\t<\/div>\n\t\t\t\t<\/div>\n\t\t<div class=\"elementor-element elementor-element-b37122c e-flex e-con-boxed e-con e-parent\" data-id=\"b37122c\" data-element_type=\"container\">\n\t\t\t\t\t<div class=\"e-con-inner\">\n\t\t\t\t<div class=\"elementor-element elementor-element-0c793ad elementor-widget elementor-widget-image\" data-id=\"0c793ad\" data-element_type=\"widget\" data-widget_type=\"image.default\">\n\t\t\t\t<div class=\"elementor-widget-container\">\n\t\t\t\t\t\t\t\t\t\t\t\t<figure class=\"wp-caption\">\n\t\t\t\t\t\t\t\t\t\t\t<a href=\"http:\/\/birimler.atauni.edu.tr\/iktisat-bolumu\/wp-content\/uploads\/sites\/124\/2025\/05\/Tasarrufa-Ilk-Adimlar.pdf\" target=\"_blank\">\n\t\t\t\t\t\t\t<img loading=\"lazy\" decoding=\"async\" width=\"510\" height=\"330\" src=\"https:\/\/atauni.edu.tr\/iktisat-bolumu\/wp-content\/uploads\/sites\/124\/2025\/05\/Tasarrufa-Ilk-Adimlar.jpg\" class=\"attachment-large size-large wp-image-7371\" alt=\"\" srcset=\"https:\/\/atauni.edu.tr\/iktisat-bolumu\/wp-content\/uploads\/sites\/124\/2025\/05\/Tasarrufa-Ilk-Adimlar.jpg 510w, https:\/\/atauni.edu.tr\/iktisat-bolumu\/wp-content\/uploads\/sites\/124\/2025\/05\/Tasarrufa-Ilk-Adimlar-300x194.jpg 300w\" sizes=\"(max-width: 510px) 100vw, 510px\" \/>\t\t\t\t\t\t\t\t<\/a>\n\t\t\t\t\t\t\t\t\t\t\t<figcaption class=\"widget-image-caption wp-caption-text\">Tasarrufa \u0130lk Ad\u0131mlar<\/figcaption>\n\t\t\t\t\t\t\t\t\t\t<\/figure>\n\t\t\t\t\t\t\t\t\t<\/div>\n\t\t\t\t<\/div>\n\t\t\t\t\t<\/div>\n\t\t\t\t<\/div>\n\t\t\t\t<section class=\"elementor-section elementor-top-section elementor-element elementor-element-a5fc122 elementor-section-boxed elementor-section-height-default elementor-section-height-default\" data-id=\"a5fc122\" data-element_type=\"section\">\n\t\t\t\t\t\t<div class=\"elementor-container elementor-column-gap-default\">\n\t\t\t\t\t<div class=\"elementor-column elementor-col-25 elementor-top-column elementor-element elementor-element-86fa9a7\" data-id=\"86fa9a7\" data-element_type=\"column\">\n\t\t\t<div class=\"elementor-widget-wrap elementor-element-populated\">\n\t\t\t\t\t\t<div class=\"elementor-element elementor-element-63ddd75 elementor-widget elementor-widget-image\" data-id=\"63ddd75\" data-element_type=\"widget\" data-widget_type=\"image.default\">\n\t\t\t\t<div class=\"elementor-widget-container\">\n\t\t\t\t\t\t\t\t\t\t\t\t<figure class=\"wp-caption\">\n\t\t\t\t\t\t\t\t\t\t\t<a href=\"https:\/\/birimler.atauni.edu.tr\/iktisat-bolumu\/2023\/11\/08\/kars-kapi-sehitligine-ziyaret\/\">\n\t\t\t\t\t\t\t<img loading=\"lazy\" decoding=\"async\" width=\"1024\" height=\"771\" src=\"https:\/\/atauni.edu.tr\/iktisat-bolumu\/wp-content\/uploads\/sites\/124\/2023\/11\/Karskapi-sehitligi-ziyareti-3-1-1024x771.png\" class=\"attachment-large size-large wp-image-6757\" alt=\"Kars Kap\u0131 \u015eehitli\u011fine Ziyaret\" srcset=\"https:\/\/atauni.edu.tr\/iktisat-bolumu\/wp-content\/uploads\/sites\/124\/2023\/11\/Karskapi-sehitligi-ziyareti-3-1-1024x771.png 1024w, https:\/\/atauni.edu.tr\/iktisat-bolumu\/wp-content\/uploads\/sites\/124\/2023\/11\/Karskapi-sehitligi-ziyareti-3-1-300x226.png 300w, https:\/\/atauni.edu.tr\/iktisat-bolumu\/wp-content\/uploads\/sites\/124\/2023\/11\/Karskapi-sehitligi-ziyareti-3-1-768x578.png 768w, https:\/\/atauni.edu.tr\/iktisat-bolumu\/wp-content\/uploads\/sites\/124\/2023\/11\/Karskapi-sehitligi-ziyareti-3-1-1536x1156.png 1536w, https:\/\/atauni.edu.tr\/iktisat-bolumu\/wp-content\/uploads\/sites\/124\/2023\/11\/Karskapi-sehitligi-ziyareti-3-1-2048x1542.png 2048w, https:\/\/atauni.edu.tr\/iktisat-bolumu\/wp-content\/uploads\/sites\/124\/2023\/11\/Karskapi-sehitligi-ziyareti-3-1-600x452.png 600w, https:\/\/atauni.edu.tr\/iktisat-bolumu\/wp-content\/uploads\/sites\/124\/2023\/11\/Karskapi-sehitligi-ziyareti-3-1-560x422.png 560w\" sizes=\"(max-width: 1024px) 100vw, 1024px\" \/>\t\t\t\t\t\t\t\t<\/a>\n\t\t\t\t\t\t\t\t\t\t\t<figcaption class=\"widget-image-caption wp-caption-text\">Kars Kap\u0131 \u015eehitli\u011fine Ziyaret<\/figcaption>\n\t\t\t\t\t\t\t\t\t\t<\/figure>\n\t\t\t\t\t\t\t\t\t<\/div>\n\t\t\t\t<\/div>\n\t\t\t\t\t<\/div>\n\t\t<\/div>\n\t\t\t\t<div class=\"elementor-column elementor-col-25 elementor-top-column elementor-element elementor-element-a0c34ab\" data-id=\"a0c34ab\" data-element_type=\"column\">\n\t\t\t<div class=\"elementor-widget-wrap elementor-element-populated\">\n\t\t\t\t\t\t<div class=\"elementor-element elementor-element-455c9b0 elementor-widget elementor-widget-image\" data-id=\"455c9b0\" data-element_type=\"widget\" data-widget_type=\"image.default\">\n\t\t\t\t<div class=\"elementor-widget-container\">\n\t\t\t\t\t\t\t\t\t\t\t\t<figure class=\"wp-caption\">\n\t\t\t\t\t\t\t\t\t\t\t<a href=\"https:\/\/birimler.atauni.edu.tr\/iktisat-bolumu\/2023\/10\/19\/toplumsal-duyarlilik-projesi-sehitlik-ve-gazilik-temasi\/\">\n\t\t\t\t\t\t\t<img loading=\"lazy\" decoding=\"async\" width=\"500\" height=\"375\" src=\"https:\/\/atauni.edu.tr\/iktisat-bolumu\/wp-content\/uploads\/sites\/124\/2023\/11\/gazilik-ve-sehitlik-temasi-1.png\" class=\"attachment-large size-large wp-image-6759\" alt=\"\" srcset=\"https:\/\/atauni.edu.tr\/iktisat-bolumu\/wp-content\/uploads\/sites\/124\/2023\/11\/gazilik-ve-sehitlik-temasi-1.png 500w, https:\/\/atauni.edu.tr\/iktisat-bolumu\/wp-content\/uploads\/sites\/124\/2023\/11\/gazilik-ve-sehitlik-temasi-1-300x225.png 300w\" sizes=\"(max-width: 500px) 100vw, 500px\" \/>\t\t\t\t\t\t\t\t<\/a>\n\t\t\t\t\t\t\t\t\t\t\t<figcaption class=\"widget-image-caption wp-caption-text\">\u015eehitlik ve Gazilik Temas\u0131<\/figcaption>\n\t\t\t\t\t\t\t\t\t\t<\/figure>\n\t\t\t\t\t\t\t\t\t<\/div>\n\t\t\t\t<\/div>\n\t\t\t\t\t<\/div>\n\t\t<\/div>\n\t\t\t\t<div class=\"elementor-column elementor-col-25 elementor-top-column elementor-element elementor-element-d3a6926\" data-id=\"d3a6926\" data-element_type=\"column\">\n\t\t\t<div class=\"elementor-widget-wrap elementor-element-populated\">\n\t\t\t\t\t\t<div class=\"elementor-element elementor-element-28d8eec elementor-widget elementor-widget-image\" data-id=\"28d8eec\" data-element_type=\"widget\" data-widget_type=\"image.default\">\n\t\t\t\t<div class=\"elementor-widget-container\">\n\t\t\t\t\t\t\t\t\t\t\t\t<figure class=\"wp-caption\">\n\t\t\t\t\t\t\t\t\t\t\t<a href=\"https:\/\/birimler.atauni.edu.tr\/iktisat-bolumu\/2023\/11\/01\/kadina-karsi-siddete-onlem-soylesisi\/\">\n\t\t\t\t\t\t\t<img loading=\"lazy\" decoding=\"async\" width=\"1024\" height=\"771\" src=\"https:\/\/atauni.edu.tr\/iktisat-bolumu\/wp-content\/uploads\/sites\/124\/2023\/11\/kadin-haklari-temasi-1-1.jpg\" class=\"attachment-large size-large wp-image-6758\" alt=\"\" srcset=\"https:\/\/atauni.edu.tr\/iktisat-bolumu\/wp-content\/uploads\/sites\/124\/2023\/11\/kadin-haklari-temasi-1-1.jpg 1024w, https:\/\/atauni.edu.tr\/iktisat-bolumu\/wp-content\/uploads\/sites\/124\/2023\/11\/kadin-haklari-temasi-1-1-300x226.jpg 300w, https:\/\/atauni.edu.tr\/iktisat-bolumu\/wp-content\/uploads\/sites\/124\/2023\/11\/kadin-haklari-temasi-1-1-768x578.jpg 768w, https:\/\/atauni.edu.tr\/iktisat-bolumu\/wp-content\/uploads\/sites\/124\/2023\/11\/kadin-haklari-temasi-1-1-600x452.jpg 600w, https:\/\/atauni.edu.tr\/iktisat-bolumu\/wp-content\/uploads\/sites\/124\/2023\/11\/kadin-haklari-temasi-1-1-560x422.jpg 560w\" sizes=\"(max-width: 1024px) 100vw, 1024px\" \/>\t\t\t\t\t\t\t\t<\/a>\n\t\t\t\t\t\t\t\t\t\t\t<figcaption class=\"widget-image-caption wp-caption-text\">Kad\u0131na Kar\u015f\u0131 \u015eiddete \u00d6nlem S\u00f6yle\u015fisi<\/figcaption>\n\t\t\t\t\t\t\t\t\t\t<\/figure>\n\t\t\t\t\t\t\t\t\t<\/div>\n\t\t\t\t<\/div>\n\t\t\t\t\t<\/div>\n\t\t<\/div>\n\t\t\t\t<div class=\"elementor-column elementor-col-25 elementor-top-column elementor-element elementor-element-6cc9caf\" data-id=\"6cc9caf\" data-element_type=\"column\">\n\t\t\t<div class=\"elementor-widget-wrap elementor-element-populated\">\n\t\t\t\t\t\t<div class=\"elementor-element elementor-element-8805541 elementor-widget elementor-widget-image\" data-id=\"8805541\" data-element_type=\"widget\" data-widget_type=\"image.default\">\n\t\t\t\t<div class=\"elementor-widget-container\">\n\t\t\t\t\t\t\t\t\t\t\t\t<figure class=\"wp-caption\">\n\t\t\t\t\t\t\t\t\t\t\t<a href=\"https:\/\/birimler.atauni.edu.tr\/iktisat-bolumu\/2023\/10\/25\/cocuk-ihmali-ve-istismari-soylesisi\/\">\n\t\t\t\t\t\t\t<img loading=\"lazy\" decoding=\"async\" width=\"1024\" height=\"770\" src=\"https:\/\/atauni.edu.tr\/iktisat-bolumu\/wp-content\/uploads\/sites\/124\/2023\/11\/cocuk-haklari-temasi-1-1-1024x770.png\" class=\"attachment-large size-large wp-image-6756\" alt=\"\" srcset=\"https:\/\/atauni.edu.tr\/iktisat-bolumu\/wp-content\/uploads\/sites\/124\/2023\/11\/cocuk-haklari-temasi-1-1-1024x770.png 1024w, https:\/\/atauni.edu.tr\/iktisat-bolumu\/wp-content\/uploads\/sites\/124\/2023\/11\/cocuk-haklari-temasi-1-1-300x226.png 300w, https:\/\/atauni.edu.tr\/iktisat-bolumu\/wp-content\/uploads\/sites\/124\/2023\/11\/cocuk-haklari-temasi-1-1-768x578.png 768w, https:\/\/atauni.edu.tr\/iktisat-bolumu\/wp-content\/uploads\/sites\/124\/2023\/11\/cocuk-haklari-temasi-1-1-1536x1156.png 1536w, https:\/\/atauni.edu.tr\/iktisat-bolumu\/wp-content\/uploads\/sites\/124\/2023\/11\/cocuk-haklari-temasi-1-1-2048x1541.png 2048w, https:\/\/atauni.edu.tr\/iktisat-bolumu\/wp-content\/uploads\/sites\/124\/2023\/11\/cocuk-haklari-temasi-1-1-600x451.png 600w, https:\/\/atauni.edu.tr\/iktisat-bolumu\/wp-content\/uploads\/sites\/124\/2023\/11\/cocuk-haklari-temasi-1-1-560x421.png 560w\" sizes=\"(max-width: 1024px) 100vw, 1024px\" \/>\t\t\t\t\t\t\t\t<\/a>\n\t\t\t\t\t\t\t\t\t\t\t<figcaption class=\"widget-image-caption wp-caption-text\">\u00c7ocuk \u0130hmali ve \u0130stismar\u0131 S\u00f6yle\u015fisi<\/figcaption>\n\t\t\t\t\t\t\t\t\t\t<\/figure>\n\t\t\t\t\t\t\t\t\t<\/div>\n\t\t\t\t<\/div>\n\t\t\t\t\t<\/div>\n\t\t<\/div>\n\t\t\t\t\t<\/div>\n\t\t<\/section>\n\t\t\t\t<\/div>\n\t\t","protected":false},"excerpt":{"rendered":"<p>\u0130ktisat \u00d6\u011frencileri Toplumsal Duyarl\u0131l\u0131k Projeleri Bir Kap Sevgi Haklar\u0131n\u0131z\u0131 \u00d6\u011frenin Sesinizi Y\u00fckseltin Kariyerine Y\u00f6n Ver: Mali M\u00fc\u015favirlik Bir Damla Umut Bir Damla \u0130yilik, Bir \u00d6m\u00fcr Mutluluk Tasarrufa \u0130lk Ad\u0131mlar Kars Kap\u0131 \u015eehitli\u011fine Ziyaret \u015eehitlik ve Gazilik Temas\u0131 Kad\u0131na Kar\u015f\u0131 \u015eiddete \u00d6nlem S\u00f6yle\u015fisi \u00c7ocuk \u0130hmali ve \u0130stismar\u0131 S\u00f6yle\u015fisi<\/p>\n","protected":false},"author":555,"featured_media":0,"parent":0,"menu_order":0,"comment_status":"closed","ping_status":"closed","template":"","meta":{"footnotes":""},"class_list":["post-6751","page","type-page","status-publish","hentry"],"_links":{"self":[{"href":"https:\/\/atauni.edu.tr\/iktisat-bolumu\/wp-json\/wp\/v2\/pages\/6751","targetHints":{"allow":["GET"]}}],"collection":[{"href":"https:\/\/atauni.edu.tr\/iktisat-bolumu\/wp-json\/wp\/v2\/pages"}],"about":[{"href":"https:\/\/atauni.edu.tr\/iktisat-bolumu\/wp-json\/wp\/v2\/types\/page"}],"author":[{"embeddable":true,"href":"https:\/\/atauni.edu.tr\/iktisat-bolumu\/wp-json\/wp\/v2\/users\/555"}],"replies":[{"embeddable":true,"href":"https:\/\/atauni.edu.tr\/iktisat-bolumu\/wp-json\/wp\/v2\/comments?post=6751"}],"version-history":[{"count":29,"href":"https:\/\/atauni.edu.tr\/iktisat-bolumu\/wp-json\/wp\/v2\/pages\/6751\/revisions"}],"predecessor-version":[{"id":7442,"href":"https:\/\/atauni.edu.tr\/iktisat-bolumu\/wp-json\/wp\/v2\/pages\/6751\/revisions\/7442"}],"wp:attachment":[{"href":"https:\/\/atauni.edu.tr\/iktisat-bolumu\/wp-json\/wp\/v2\/media?parent=6751"}],"curies":[{"name":"wp","href":"https:\/\/api.w.org\/{rel}","templated":true}]}}