{"id":6941,"date":"2023-12-05T10:16:36","date_gmt":"2023-12-05T07:16:36","guid":{"rendered":"https:\/\/birimler.atauni.edu.tr\/iktisat-bolumu\/?page_id=6941"},"modified":"2025-07-11T14:52:03","modified_gmt":"2025-07-11T11:52:03","slug":"programin-alana-ozgu-olcutleri","status":"publish","type":"page","link":"https:\/\/atauni.edu.tr\/iktisat-bolumu\/programin-alana-ozgu-olcutleri\/","title":{"rendered":"Programa \u00d6zg\u00fc \u00d6l\u00e7\u00fctler"},"content":{"rendered":"\t\t<div data-elementor-type=\"wp-page\" data-elementor-id=\"6941\" class=\"elementor elementor-6941\" data-elementor-post-type=\"page\">\n\t\t\t\t<div class=\"elementor-element elementor-element-19f7f248 e-flex e-con-boxed e-con e-parent\" data-id=\"19f7f248\" data-element_type=\"container\">\n\t\t\t\t\t<div class=\"e-con-inner\">\n\t\t\t\t<div class=\"elementor-element elementor-element-25b64068 elementor-widget elementor-widget-text-editor\" data-id=\"25b64068\" data-element_type=\"widget\" data-widget_type=\"text-editor.default\">\n\t\t\t\t<div class=\"elementor-widget-container\">\n\t\t\t\t\t\t\t\t\t\n<p>Program\u0131n alana \u00f6zg\u00fc \u00f6l\u00e7\u00fctler \u00e7er\u00e7evesinde;<\/p>\n\n\n\n<ol class=\"wp-block-list\">\n<li>Ekonomik ve mali politikalar, mikro ekonomik uygulamalar ve k\u00fcresel ekonomi alan\u0131nda bilgi, beceri ve yetkinlik kazanmas\u0131,<\/li>\n\n\n\n<li>Finansal okuryazarl\u0131k, sosyal g\u00fcvenlik haklar\u0131, fayda-maliyet analizi, s\u00fcrd\u00fcr\u00fclebilir ekonomik kalk\u0131nma konular\u0131n\u0131 anlama ve yorum yapabilme yetkili\u011fine sahip olmas\u0131,<\/li>\n\n\n\n<li>Ulusal ve uluslararas\u0131 ekonomik geli\u015fmeleri izleyen, kamu ekonomisi, para politikas\u0131, iktisadi b\u00fcy\u00fcme, b\u00f6lgesel kalk\u0131nma, Avrupa Birli\u011fi ve T\u00fcrkiye ili\u015fkileri alanlar\u0131nda bilgi, beceri ve yetkinlik kazanmas\u0131\u00a0beklenir.<\/li>\n<\/ol>\n\t\t\t\t\t\t\t\t<\/div>\n\t\t\t\t<\/div>\n\t\t\t\t\t<\/div>\n\t\t\t\t<\/div>\n\t\t<div class=\"elementor-element elementor-element-48f541f e-flex e-con-boxed e-con e-parent\" data-id=\"48f541f\" data-element_type=\"container\">\n\t\t\t\t\t<div class=\"e-con-inner\">\n\t\t\t\t<div class=\"elementor-element elementor-element-3c5df19 elementor-widget elementor-widget-image\" data-id=\"3c5df19\" data-element_type=\"widget\" data-widget_type=\"image.default\">\n\t\t\t\t<div class=\"elementor-widget-container\">\n\t\t\t\t\t\t\t\t\t\t\t\t\t\t\t<img fetchpriority=\"high\" decoding=\"async\" width=\"879\" height=\"763\" src=\"https:\/\/atauni.edu.tr\/iktisat-bolumu\/wp-content\/uploads\/sites\/124\/2025\/07\/Ekran-goruntusu-2025-07-11-145021.png\" class=\"attachment-large size-large wp-image-7502\" alt=\"\" srcset=\"https:\/\/atauni.edu.tr\/iktisat-bolumu\/wp-content\/uploads\/sites\/124\/2025\/07\/Ekran-goruntusu-2025-07-11-145021.png 879w, https:\/\/atauni.edu.tr\/iktisat-bolumu\/wp-content\/uploads\/sites\/124\/2025\/07\/Ekran-goruntusu-2025-07-11-145021-300x260.png 300w, https:\/\/atauni.edu.tr\/iktisat-bolumu\/wp-content\/uploads\/sites\/124\/2025\/07\/Ekran-goruntusu-2025-07-11-145021-768x667.png 768w, https:\/\/atauni.edu.tr\/iktisat-bolumu\/wp-content\/uploads\/sites\/124\/2025\/07\/Ekran-goruntusu-2025-07-11-145021-600x521.png 600w, https:\/\/atauni.edu.tr\/iktisat-bolumu\/wp-content\/uploads\/sites\/124\/2025\/07\/Ekran-goruntusu-2025-07-11-145021-560x486.png 560w\" sizes=\"(max-width: 879px) 100vw, 879px\" \/>\t\t\t\t\t\t\t\t\t\t\t\t\t\t\t<\/div>\n\t\t\t\t<\/div>\n\t\t\t\t\t<\/div>\n\t\t\t\t<\/div>\n\t\t\t\t<\/div>\n\t\t","protected":false},"excerpt":{"rendered":"<p>Program\u0131n alana \u00f6zg\u00fc \u00f6l\u00e7\u00fctler \u00e7er\u00e7evesinde;<\/p>\n","protected":false},"author":555,"featured_media":0,"parent":0,"menu_order":0,"comment_status":"closed","ping_status":"closed","template":"","meta":{"footnotes":""},"class_list":["post-6941","page","type-page","status-publish","hentry"],"_links":{"self":[{"href":"https:\/\/atauni.edu.tr\/iktisat-bolumu\/wp-json\/wp\/v2\/pages\/6941","targetHints":{"allow":["GET"]}}],"collection":[{"href":"https:\/\/atauni.edu.tr\/iktisat-bolumu\/wp-json\/wp\/v2\/pages"}],"about":[{"href":"https:\/\/atauni.edu.tr\/iktisat-bolumu\/wp-json\/wp\/v2\/types\/page"}],"author":[{"embeddable":true,"href":"https:\/\/atauni.edu.tr\/iktisat-bolumu\/wp-json\/wp\/v2\/users\/555"}],"replies":[{"embeddable":true,"href":"https:\/\/atauni.edu.tr\/iktisat-bolumu\/wp-json\/wp\/v2\/comments?post=6941"}],"version-history":[{"count":6,"href":"https:\/\/atauni.edu.tr\/iktisat-bolumu\/wp-json\/wp\/v2\/pages\/6941\/revisions"}],"predecessor-version":[{"id":7505,"href":"https:\/\/atauni.edu.tr\/iktisat-bolumu\/wp-json\/wp\/v2\/pages\/6941\/revisions\/7505"}],"wp:attachment":[{"href":"https:\/\/atauni.edu.tr\/iktisat-bolumu\/wp-json\/wp\/v2\/media?parent=6941"}],"curies":[{"name":"wp","href":"https:\/\/api.w.org\/{rel}","templated":true}]}}