{"id":7247,"date":"2025-05-23T20:20:10","date_gmt":"2025-05-23T17:20:10","guid":{"rendered":"https:\/\/birimler.atauni.edu.tr\/iktisat-bolumu\/?page_id=7247"},"modified":"2025-05-23T20:25:03","modified_gmt":"2025-05-23T17:25:03","slug":"lisansustu-mufredat-dersleri-ve-akts-bilgileri","status":"publish","type":"page","link":"https:\/\/atauni.edu.tr\/iktisat-bolumu\/lisansustu-mufredat-dersleri-ve-akts-bilgileri\/","title":{"rendered":"Lisans\u00fcst\u00fc M\u00fcfredat Dersleri ve AKTS Bilgileri"},"content":{"rendered":"\t\t<div data-elementor-type=\"wp-page\" data-elementor-id=\"7247\" class=\"elementor elementor-7247\" data-elementor-post-type=\"page\">\n\t\t\t\t<div class=\"elementor-element elementor-element-3248145 e-flex e-con-boxed e-con e-parent\" data-id=\"3248145\" data-element_type=\"container\">\n\t\t\t\t\t<div class=\"e-con-inner\">\n\t\t\t\t<div class=\"elementor-element elementor-element-f142970 elementor-widget elementor-widget-text-editor\" data-id=\"f142970\" data-element_type=\"widget\" data-widget_type=\"text-editor.default\">\n\t\t\t\t<div class=\"elementor-widget-container\">\n\t\t\t\t\t\t\t\t\t<p><\/p><h4 class=\"wp-block-heading\"><a href=\"https:\/\/obs.atauni.edu.tr\/moduller\/dbp\/eobs\/birimDetay\/465\/%C4%B0ktisadi%20Geli%C5%9Fme%20ve%20Uluslararas%C4%B1%20%C4%B0ktisat%20-%20Bilim%20Dal%C4%B1%20-%20Tezli%20Y%C3%BCksek%20Lisans%20Program%C4%B1%20(465)?#\">\u0130ktisadi Geli\u015fme ve Uluslararas\u0131 \u0130ktisat Tezli Y\u00fcksek Lisans M\u00fcfredat Dersleri<\/a><\/h4><p> <\/p><h4 class=\"wp-block-heading\"><a href=\"https:\/\/obs.atauni.edu.tr\/moduller\/dbp\/eobs\/birimDetay\/277\/%C4%B0ktisadi%20Geli%C5%9Fme%20ve%20Uluslararas%C4%B1%20%C4%B0ktisat%20-%20Bilim%20Dal%C4%B1%20-%20Doktora%20Program%C4%B1%20(277)?\">\u0130ktisadi Geli\u015fme ve Uluslararas\u0131 \u0130ktisat Doktora M\u00fcfredat Dersleri<\/a><\/h4><p> <\/p><h4 class=\"wp-block-heading\"><a href=\"https:\/\/obs.atauni.edu.tr\/moduller\/dbp\/eobs\/birimDetay\/466\/%C4%B0ktisat%20Politikas%C4%B1%20-%20Bilim%20Dal%C4%B1%20-%20Tezli%20Y%C3%BCksek%20Lisans%20Program%C4%B1%20(466)?\">\u0130ktisat Politikas\u0131 Tezli Y\u00fcksek Lisans M\u00fcfredat Dersleri<\/a><\/h4><p> <\/p><h4 class=\"wp-block-heading\"><a href=\"https:\/\/obs.atauni.edu.tr\/moduller\/dbp\/eobs\/birimDetay\/278\/%C4%B0ktisat%20Politikas%C4%B1%20-%20Bilim%20Dal%C4%B1%20-%20Doktora%20Program%C4%B1%20(278)?\">\u0130ktisat Politikas\u0131 Doktora M\u00fcfredat Dersleri<\/a><\/h4><p> <\/p><h4 class=\"wp-block-heading\"><a href=\"https:\/\/obs.atauni.edu.tr\/moduller\/dbp\/eobs\/birimDetay\/467\/%C4%B0ktisat%20Teorisi%20-%20Bilim%20Dal%C4%B1%20-%20Tezli%20Y%C3%BCksek%20Lisans%20Program%C4%B1%20(467)?\">\u0130ktisat Teorisi Tezli Y\u00fcksek Lisans M\u00fcfredat Dersleri<\/a><\/h4><p> <\/p><h4 class=\"wp-block-heading\"><a href=\"https:\/\/obs.atauni.edu.tr\/moduller\/dbp\/eobs\/birimDetay\/279\/%C4%B0ktisat%20Teorisi%20-%20Bilim%20Dal%C4%B1%20-%20Doktora%20Program%C4%B1%20(279)?\">\u0130ktisat Teorisi Doktora M\u00fcfredat Dersleri<\/a><\/h4><p><\/p>\t\t\t\t\t\t\t\t<\/div>\n\t\t\t\t<\/div>\n\t\t\t\t\t<\/div>\n\t\t\t\t<\/div>\n\t\t\t\t<\/div>\n\t\t","protected":false},"excerpt":{"rendered":"<p>\u0130ktisadi Geli\u015fme ve Uluslararas\u0131 \u0130ktisat Tezli Y\u00fcksek Lisans M\u00fcfredat Dersleri \u0130ktisadi Geli\u015fme ve Uluslararas\u0131 \u0130ktisat Doktora M\u00fcfredat Dersleri \u0130ktisat Politikas\u0131 Tezli Y\u00fcksek Lisans M\u00fcfredat Dersleri \u0130ktisat Politikas\u0131 Doktora M\u00fcfredat Dersleri \u0130ktisat Teorisi Tezli Y\u00fcksek Lisans M\u00fcfredat Dersleri \u0130ktisat Teorisi Doktora M\u00fcfredat Dersleri<\/p>\n","protected":false},"author":555,"featured_media":0,"parent":0,"menu_order":0,"comment_status":"closed","ping_status":"closed","template":"","meta":{"footnotes":""},"class_list":["post-7247","page","type-page","status-publish","hentry"],"_links":{"self":[{"href":"https:\/\/atauni.edu.tr\/iktisat-bolumu\/wp-json\/wp\/v2\/pages\/7247","targetHints":{"allow":["GET"]}}],"collection":[{"href":"https:\/\/atauni.edu.tr\/iktisat-bolumu\/wp-json\/wp\/v2\/pages"}],"about":[{"href":"https:\/\/atauni.edu.tr\/iktisat-bolumu\/wp-json\/wp\/v2\/types\/page"}],"author":[{"embeddable":true,"href":"https:\/\/atauni.edu.tr\/iktisat-bolumu\/wp-json\/wp\/v2\/users\/555"}],"replies":[{"embeddable":true,"href":"https:\/\/atauni.edu.tr\/iktisat-bolumu\/wp-json\/wp\/v2\/comments?post=7247"}],"version-history":[{"count":4,"href":"https:\/\/atauni.edu.tr\/iktisat-bolumu\/wp-json\/wp\/v2\/pages\/7247\/revisions"}],"predecessor-version":[{"id":7253,"href":"https:\/\/atauni.edu.tr\/iktisat-bolumu\/wp-json\/wp\/v2\/pages\/7247\/revisions\/7253"}],"wp:attachment":[{"href":"https:\/\/atauni.edu.tr\/iktisat-bolumu\/wp-json\/wp\/v2\/media?parent=7247"}],"curies":[{"name":"wp","href":"https:\/\/api.w.org\/{rel}","templated":true}]}}