{"id":7261,"date":"2025-05-23T20:29:46","date_gmt":"2025-05-23T17:29:46","guid":{"rendered":"https:\/\/birimler.atauni.edu.tr\/iktisat-bolumu\/?page_id=7261"},"modified":"2025-05-23T20:33:53","modified_gmt":"2025-05-23T17:33:53","slug":"lisansustu-basvuru","status":"publish","type":"page","link":"https:\/\/atauni.edu.tr\/iktisat-bolumu\/lisansustu-basvuru\/","title":{"rendered":"Lisans\u00fcst\u00fc Ba\u015fvuru"},"content":{"rendered":"\t\t<div data-elementor-type=\"wp-page\" data-elementor-id=\"7261\" class=\"elementor elementor-7261\" data-elementor-post-type=\"page\">\n\t\t\t\t<div class=\"elementor-element elementor-element-3bd1e01 e-flex e-con-boxed e-con e-parent\" data-id=\"3bd1e01\" data-element_type=\"container\">\n\t\t\t\t\t<div class=\"e-con-inner\">\n\t\t\t\t<div class=\"elementor-element elementor-element-19e1a6b elementor-widget elementor-widget-text-editor\" data-id=\"19e1a6b\" data-element_type=\"widget\" data-widget_type=\"text-editor.default\">\n\t\t\t\t<div class=\"elementor-widget-container\">\n\t\t\t\t\t\t\t\t\t<div class=\"elementor-element elementor-element-b9df7da elementor-widget elementor-widget-heading\" data-id=\"b9df7da\" data-element_type=\"widget\" data-widget_type=\"heading.default\"><div class=\"elementor-widget-container\"><h5 class=\"elementor-heading-title elementor-size-default\">Lisans\u00fcst\u00fc ba\u015fvuru ile iligli merak etti\u011finiz her \u015feye a\u015fa\u011f\u0131daki ba\u011flant\u0131 \u00fczerinden eri\u015febilirsiniz.<\/h5><\/div><\/div><div class=\"elementor-element elementor-element-e3cdbc8 elementor-widget-divider--view-line elementor-widget elementor-widget-divider\" data-id=\"e3cdbc8\" data-element_type=\"widget\" data-widget_type=\"divider.default\"><div class=\"elementor-widget-container\"><div class=\"elementor-divider\">\u00a0<\/div><\/div><\/div>\t\t\t\t\t\t\t\t<\/div>\n\t\t\t\t<\/div>\n\t\t\t\t\t<\/div>\n\t\t\t\t<\/div>\n\t\t<div class=\"elementor-element elementor-element-4c7b34d e-flex e-con-boxed e-con e-parent\" data-id=\"4c7b34d\" data-element_type=\"container\">\n\t\t\t\t\t<div class=\"e-con-inner\">\n\t\t\t\t<div class=\"elementor-element elementor-element-3f8590d elementor-widget elementor-widget-text-editor\" data-id=\"3f8590d\" data-element_type=\"widget\" data-widget_type=\"text-editor.default\">\n\t\t\t\t<div class=\"elementor-widget-container\">\n\t\t\t\t\t\t\t\t\t<h2 class=\"elementor-heading-title elementor-size-default\"><a href=\"https:\/\/birimler.atauni.edu.tr\/ogrenci-isleri-daire-baskanligi\/lisansustu-programlar\/\" target=\"_blank\" rel=\"noopener\"><strong>Lisans\u00fcst\u00fc Program Ba\u015fvuru Bilgilendirme Rehberi<\/strong><\/a><\/h2>\t\t\t\t\t\t\t\t<\/div>\n\t\t\t\t<\/div>\n\t\t\t\t\t<\/div>\n\t\t\t\t<\/div>\n\t\t\t\t<\/div>\n\t\t","protected":false},"excerpt":{"rendered":"<p>Lisans\u00fcst\u00fc ba\u015fvuru ile iligli merak etti\u011finiz her \u015feye a\u015fa\u011f\u0131daki ba\u011flant\u0131 \u00fczerinden eri\u015febilirsiniz. \u00a0 Lisans\u00fcst\u00fc Program Ba\u015fvuru Bilgilendirme Rehberi<\/p>\n","protected":false},"author":555,"featured_media":0,"parent":0,"menu_order":0,"comment_status":"closed","ping_status":"closed","template":"","meta":{"footnotes":""},"class_list":["post-7261","page","type-page","status-publish","hentry"],"_links":{"self":[{"href":"https:\/\/atauni.edu.tr\/iktisat-bolumu\/wp-json\/wp\/v2\/pages\/7261","targetHints":{"allow":["GET"]}}],"collection":[{"href":"https:\/\/atauni.edu.tr\/iktisat-bolumu\/wp-json\/wp\/v2\/pages"}],"about":[{"href":"https:\/\/atauni.edu.tr\/iktisat-bolumu\/wp-json\/wp\/v2\/types\/page"}],"author":[{"embeddable":true,"href":"https:\/\/atauni.edu.tr\/iktisat-bolumu\/wp-json\/wp\/v2\/users\/555"}],"replies":[{"embeddable":true,"href":"https:\/\/atauni.edu.tr\/iktisat-bolumu\/wp-json\/wp\/v2\/comments?post=7261"}],"version-history":[{"count":4,"href":"https:\/\/atauni.edu.tr\/iktisat-bolumu\/wp-json\/wp\/v2\/pages\/7261\/revisions"}],"predecessor-version":[{"id":7265,"href":"https:\/\/atauni.edu.tr\/iktisat-bolumu\/wp-json\/wp\/v2\/pages\/7261\/revisions\/7265"}],"wp:attachment":[{"href":"https:\/\/atauni.edu.tr\/iktisat-bolumu\/wp-json\/wp\/v2\/media?parent=7261"}],"curies":[{"name":"wp","href":"https:\/\/api.w.org\/{rel}","templated":true}]}}