{"id":7530,"date":"2025-10-15T14:31:34","date_gmt":"2025-10-15T11:31:34","guid":{"rendered":"https:\/\/birimler.atauni.edu.tr\/iktisat-bolumu\/?page_id=7530"},"modified":"2025-10-15T14:47:18","modified_gmt":"2025-10-15T11:47:18","slug":"danismanliklar","status":"publish","type":"page","link":"https:\/\/atauni.edu.tr\/iktisat-bolumu\/danismanliklar\/","title":{"rendered":"Dan\u0131\u015fmanl\u0131klar"},"content":{"rendered":"\n<div class=\"wp-block-file\"><a id=\"wp-block-file--media-1d555b33-2b73-41ee-b4c2-ae568306f392\" href=\"https:\/\/birimler.atauni.edu.tr\/iktisat-bolumu\/wp-content\/uploads\/sites\/124\/2025\/10\/iktisat_danismanliklar.xlsx\">\u0130KT\u0130SAT B\u00d6L\u00dcM\u00dc AKADEM\u0130K DANI\u015eMANLIK L\u0130STES\u0130<\/a><a href=\"https:\/\/birimler.atauni.edu.tr\/iktisat-bolumu\/wp-content\/uploads\/sites\/124\/2025\/10\/iktisat_danismanliklar.xlsx\" class=\"wp-block-file__button wp-element-button\" download aria-describedby=\"wp-block-file--media-1d555b33-2b73-41ee-b4c2-ae568306f392\">\u0130ndir<\/a><\/div>\n\n\n\n<p>B\u00f6l\u00fcm\u00fcm\u00fczde \u00f6\u011frenim g\u00f6ren \u00f6\u011frencilere, akademik geli\u015fim s\u00fcre\u00e7lerinde destek sa\u011flamak amac\u0131yla \u00f6\u011fretim \u00fcyeleri taraf\u0131ndan <strong>akademik dan\u0131\u015fmanl\u0131k hizmeti<\/strong> verilecektir. Bu kapsamda, \u00f6\u011frenciler ile \u00f6\u011fretim \u00fcyeleri aras\u0131nda yap\u0131lan <strong>akademik dan\u0131\u015fman\u2013\u00f6\u011frenci e\u015fle\u015ftirmelerine<\/strong> ili\u015fkin liste ekte yer almaktad\u0131r.<\/p>\n\n\n\n<p><\/p>\n\n\n\n<p>\u00d6\u011frencilerin, dan\u0131\u015fmanlar\u0131yla d\u00fczenli ileti\u015fim kurarak ders se\u00e7imleri, akademik ilerlemeleri, <strong>kariyer planlamalar\u0131<\/strong>, lisans\u00fcst\u00fc e\u011fitim hedefleri ve di\u011fer akademik konularda gerekli y\u00f6nlendirmeleri almalar\u0131 beklenmektedir. \u0130lgili g\u00fcn ve saatlere riayet ederek dan\u0131\u015fman\u0131n\u0131zla ileti\u015fim kurabilirsiniz. <\/p>\n\n\n\n<div data-wp-interactive=\"core\/file\" class=\"wp-block-file\"><object data-wp-bind--hidden=\"!state.hasPdfPreview\" hidden class=\"wp-block-file__embed\" data=\"https:\/\/birimler.atauni.edu.tr\/iktisat-bolumu\/wp-content\/uploads\/sites\/124\/2025\/10\/iktisat_danismanliklar.pdf\" type=\"application\/pdf\" style=\"width:100%;height:600px\" aria-label=\"iktisat_danismanliklar g\u00f6m\u00fcs\u00fc.\"><\/object><a id=\"wp-block-file--media-87494100-467a-4948-ba0c-66c40fee6015\" href=\"https:\/\/birimler.atauni.edu.tr\/iktisat-bolumu\/wp-content\/uploads\/sites\/124\/2025\/10\/iktisat_danismanliklar.pdf\">iktisat_danismanliklar<\/a><a href=\"https:\/\/birimler.atauni.edu.tr\/iktisat-bolumu\/wp-content\/uploads\/sites\/124\/2025\/10\/iktisat_danismanliklar.pdf\" class=\"wp-block-file__button wp-element-button\" download aria-describedby=\"wp-block-file--media-87494100-467a-4948-ba0c-66c40fee6015\">\u0130ndir<\/a><\/div>\n","protected":false},"excerpt":{"rendered":"<p>B\u00f6l\u00fcm\u00fcm\u00fczde \u00f6\u011frenim g\u00f6ren \u00f6\u011frencilere, akademik geli\u015fim s\u00fcre\u00e7lerinde destek sa\u011flamak amac\u0131yla \u00f6\u011fretim \u00fcyeleri taraf\u0131ndan akademik dan\u0131\u015fmanl\u0131k hizmeti verilecektir. Bu kapsamda, \u00f6\u011frenciler ile \u00f6\u011fretim \u00fcyeleri aras\u0131nda yap\u0131lan akademik dan\u0131\u015fman\u2013\u00f6\u011frenci e\u015fle\u015ftirmelerine ili\u015fkin liste ekte yer almaktad\u0131r. \u00d6\u011frencilerin, dan\u0131\u015fmanlar\u0131yla d\u00fczenli ileti\u015fim kurarak ders se\u00e7imleri, akademik ilerlemeleri, kariyer planlamalar\u0131, lisans\u00fcst\u00fc e\u011fitim hedefleri ve di\u011fer akademik konularda gerekli y\u00f6nlendirmeleri almalar\u0131 beklenmektedir. [&hellip;]<\/p>\n","protected":false},"author":555,"featured_media":0,"parent":0,"menu_order":0,"comment_status":"closed","ping_status":"closed","template":"","meta":{"footnotes":""},"class_list":["post-7530","page","type-page","status-publish","hentry"],"_links":{"self":[{"href":"https:\/\/atauni.edu.tr\/iktisat-bolumu\/wp-json\/wp\/v2\/pages\/7530","targetHints":{"allow":["GET"]}}],"collection":[{"href":"https:\/\/atauni.edu.tr\/iktisat-bolumu\/wp-json\/wp\/v2\/pages"}],"about":[{"href":"https:\/\/atauni.edu.tr\/iktisat-bolumu\/wp-json\/wp\/v2\/types\/page"}],"author":[{"embeddable":true,"href":"https:\/\/atauni.edu.tr\/iktisat-bolumu\/wp-json\/wp\/v2\/users\/555"}],"replies":[{"embeddable":true,"href":"https:\/\/atauni.edu.tr\/iktisat-bolumu\/wp-json\/wp\/v2\/comments?post=7530"}],"version-history":[{"count":4,"href":"https:\/\/atauni.edu.tr\/iktisat-bolumu\/wp-json\/wp\/v2\/pages\/7530\/revisions"}],"predecessor-version":[{"id":7538,"href":"https:\/\/atauni.edu.tr\/iktisat-bolumu\/wp-json\/wp\/v2\/pages\/7530\/revisions\/7538"}],"wp:attachment":[{"href":"https:\/\/atauni.edu.tr\/iktisat-bolumu\/wp-json\/wp\/v2\/media?parent=7530"}],"curies":[{"name":"wp","href":"https:\/\/api.w.org\/{rel}","templated":true}]}}