{"id":11688,"date":"2021-12-30T10:16:32","date_gmt":"2021-12-30T07:16:32","guid":{"rendered":"https:\/\/birimler.atauni.edu.tr\/ilahiyat-fakultesi\/?page_id=11688"},"modified":"2024-09-12T10:47:38","modified_gmt":"2024-09-12T07:47:38","slug":"ilahiyat-fakultesi-sinav-uygulama-kurallari-2","status":"publish","type":"page","link":"https:\/\/atauni.edu.tr\/ilahiyat-fakultesi\/ilahiyat-fakultesi-sinav-uygulama-kurallari-2\/","title":{"rendered":"\u0130lahiyat Fak\u00fcltesi S\u0131nav Uygulama Kurallar\u0131"},"content":{"rendered":"\t\t<div data-elementor-type=\"wp-page\" data-elementor-id=\"11688\" class=\"elementor elementor-11688\" data-elementor-post-type=\"page\">\n\t\t\t\t\t\t<section class=\"elementor-section elementor-top-section elementor-element elementor-element-a4d6660 elementor-section-boxed elementor-section-height-default elementor-section-height-default\" data-id=\"a4d6660\" data-element_type=\"section\">\n\t\t\t\t\t\t<div class=\"elementor-container elementor-column-gap-default\">\n\t\t\t\t\t<div class=\"elementor-column elementor-col-100 elementor-top-column elementor-element elementor-element-fe9f097\" data-id=\"fe9f097\" data-element_type=\"column\">\n\t\t\t<div class=\"elementor-widget-wrap elementor-element-populated\">\n\t\t\t\t\t\t<div class=\"elementor-element elementor-element-043221a elementor-widget elementor-widget-text-editor\" data-id=\"043221a\" data-element_type=\"widget\" data-widget_type=\"text-editor.default\">\n\t\t\t\t<div class=\"elementor-widget-container\">\n\t\t\t\t\t\t\t\t\t<p><span style=\"color: var( --e-global-color-text );letter-spacing: 0px\">Fak\u00fcltemiz Y\u00f6netim Kurulunun 05.09.2024 tarih ve 2024\/26\/9 say\u0131l\u0131 karar\u0131 ile kabul edilen s\u0131nav uygulama kurallar\u0131 a\u015fa\u011f\u0131ya \u00e7\u0131kar\u0131lm\u0131\u015ft\u0131r.<\/span><\/p><p><a href=\"https:\/\/birimler.atauni.edu.tr\/ilahiyat-fakultesi\/wp-content\/uploads\/sites\/65\/2020\/07\/Ataturk-Universitesi-Ilahiyat-Fakultesi-Sinav-Uygulama-Kurallari-2.pdf\" style=\"letter-spacing: 0px\">Atat\u00fcrk \u00dcniversitesi \u0130lahiyat Fak\u00fcltesi S\u0131nav Uygulama Kurallar\u0131<\/a><\/p>\t\t\t\t\t\t\t\t<\/div>\n\t\t\t\t<\/div>\n\t\t\t\t\t<\/div>\n\t\t<\/div>\n\t\t\t\t\t<\/div>\n\t\t<\/section>\n\t\t\t\t<\/div>\n\t\t","protected":false},"excerpt":{"rendered":"<p>Fak\u00fcltemiz Y\u00f6netim Kurulunun 05.09.2024 tarih ve 2024\/26\/9 say\u0131l\u0131 karar\u0131 ile kabul edilen s\u0131nav uygulama kurallar\u0131 a\u015fa\u011f\u0131ya \u00e7\u0131kar\u0131lm\u0131\u015ft\u0131r. Atat\u00fcrk \u00dcniversitesi \u0130lahiyat Fak\u00fcltesi S\u0131nav Uygulama Kurallar\u0131<\/p>\n","protected":false},"author":54,"featured_media":0,"parent":0,"menu_order":0,"comment_status":"closed","ping_status":"closed","template":"","meta":{"footnotes":""},"class_list":["post-11688","page","type-page","status-publish","hentry"],"_links":{"self":[{"href":"https:\/\/atauni.edu.tr\/ilahiyat-fakultesi\/wp-json\/wp\/v2\/pages\/11688","targetHints":{"allow":["GET"]}}],"collection":[{"href":"https:\/\/atauni.edu.tr\/ilahiyat-fakultesi\/wp-json\/wp\/v2\/pages"}],"about":[{"href":"https:\/\/atauni.edu.tr\/ilahiyat-fakultesi\/wp-json\/wp\/v2\/types\/page"}],"author":[{"embeddable":true,"href":"https:\/\/atauni.edu.tr\/ilahiyat-fakultesi\/wp-json\/wp\/v2\/users\/54"}],"replies":[{"embeddable":true,"href":"https:\/\/atauni.edu.tr\/ilahiyat-fakultesi\/wp-json\/wp\/v2\/comments?post=11688"}],"version-history":[{"count":18,"href":"https:\/\/atauni.edu.tr\/ilahiyat-fakultesi\/wp-json\/wp\/v2\/pages\/11688\/revisions"}],"predecessor-version":[{"id":18793,"href":"https:\/\/atauni.edu.tr\/ilahiyat-fakultesi\/wp-json\/wp\/v2\/pages\/11688\/revisions\/18793"}],"wp:attachment":[{"href":"https:\/\/atauni.edu.tr\/ilahiyat-fakultesi\/wp-json\/wp\/v2\/media?parent=11688"}],"curies":[{"name":"wp","href":"https:\/\/api.w.org\/{rel}","templated":true}]}}