{"id":21976,"date":"2025-05-07T10:39:56","date_gmt":"2025-05-07T07:39:56","guid":{"rendered":"https:\/\/birimler.atauni.edu.tr\/ilahiyat-fakultesi\/?page_id=21976"},"modified":"2025-05-07T10:47:40","modified_gmt":"2025-05-07T07:47:40","slug":"hizmet-ici-egitim","status":"publish","type":"page","link":"https:\/\/atauni.edu.tr\/ilahiyat-fakultesi\/hizmet-ici-egitim\/","title":{"rendered":"Hizmet \u0130\u00e7i E\u011fitim"},"content":{"rendered":"\t\t<div data-elementor-type=\"wp-page\" data-elementor-id=\"21976\" class=\"elementor elementor-21976\" data-elementor-post-type=\"page\">\n\t\t\t\t\t\t<section class=\"elementor-section elementor-top-section elementor-element elementor-element-d25615d elementor-section-boxed elementor-section-height-default elementor-section-height-default\" data-id=\"d25615d\" data-element_type=\"section\">\n\t\t\t\t\t\t<div class=\"elementor-container elementor-column-gap-default\">\n\t\t\t\t\t<div class=\"elementor-column elementor-col-100 elementor-top-column elementor-element elementor-element-ef1a347\" data-id=\"ef1a347\" data-element_type=\"column\">\n\t\t\t<div class=\"elementor-widget-wrap elementor-element-populated\">\n\t\t\t\t\t\t<div class=\"elementor-element elementor-element-ba5fc3e elementor-widget elementor-widget-text-editor\" data-id=\"ba5fc3e\" data-element_type=\"widget\" data-widget_type=\"text-editor.default\">\n\t\t\t\t<div class=\"elementor-widget-container\">\n\t\t\t\t\t\t\t\t\t<p>Fak\u00fcltemiz idari personellerinden hizmet i\u00e7i e\u011fitimlere kat\u0131lanlara dair say\u0131sal veriler a\u015fa\u011f\u0131ya \u00e7\u0131kar\u0131lm\u0131\u015ft\u0131r.<\/p><table border=\"0\" cellpadding=\"0\" cellspacing=\"0\" width=\"368\" style=\"width: 276pt\">\n <colgroup><col width=\"151\" style=\"width:113pt\">\n <col width=\"217\" style=\"width:163pt\">\n <\/colgroup><tbody><tr style=\"height:15.0pt\">\n  <td height=\"20\" class=\"xl64\" width=\"151\" style=\"height:15.0pt;width:113pt\">Hizmet\n  \u0130\u00e7i E\u011fitim Y\u0131l\u0131<\/td>\n  <td class=\"xl64\" width=\"217\" style=\"border-left:none;width:163pt\">E\u011fitime Kat\u0131lan\n  Personel Say\u0131s\u0131<\/td>\n <\/tr>\n <tr style=\"height:15.0pt\">\n  <td height=\"20\" class=\"xl65\" style=\"height:15.0pt;border-top:none\">2017<\/td>\n  <td class=\"xl65\" style=\"border-top:none;border-left:none\">1<\/td>\n <\/tr>\n <tr style=\"height:15.0pt\">\n  <td height=\"20\" class=\"xl65\" style=\"height:15.0pt;border-top:none\">2019<\/td>\n  <td class=\"xl65\" style=\"border-top:none;border-left:none\">1<\/td>\n <\/tr>\n <tr style=\"height:15.0pt\">\n  <td height=\"20\" class=\"xl65\" style=\"height:15.0pt;border-top:none\">2020<\/td>\n  <td class=\"xl65\" style=\"border-top:none;border-left:none\">1<\/td>\n <\/tr>\n <tr style=\"height:15.0pt\">\n  <td height=\"20\" class=\"xl65\" style=\"height:15.0pt;border-top:none\">2022<\/td>\n  <td class=\"xl65\" style=\"border-top:none;border-left:none\">1<\/td>\n <\/tr>\n <tr style=\"height:15.0pt\">\n  <td height=\"20\" class=\"xl65\" style=\"height:15.0pt;border-top:none\">2024<\/td>\n  <td class=\"xl65\" style=\"border-top:none;border-left:none\">1<\/td>\n <\/tr><\/tbody><\/table>\t\t\t\t\t\t\t\t<\/div>\n\t\t\t\t<\/div>\n\t\t\t\t\t<\/div>\n\t\t<\/div>\n\t\t\t\t\t<\/div>\n\t\t<\/section>\n\t\t\t\t<\/div>\n\t\t","protected":false},"excerpt":{"rendered":"<p>Fak\u00fcltemiz idari personellerinden hizmet i\u00e7i e\u011fitimlere kat\u0131lanlara dair say\u0131sal veriler a\u015fa\u011f\u0131ya \u00e7\u0131kar\u0131lm\u0131\u015ft\u0131r. Hizmet \u0130\u00e7i E\u011fitim Y\u0131l\u0131 E\u011fitime Kat\u0131lan Personel Say\u0131s\u0131 2017 1 2019 1 2020 1 2022 1 2024 1<\/p>\n","protected":false},"author":54,"featured_media":0,"parent":0,"menu_order":0,"comment_status":"closed","ping_status":"closed","template":"","meta":{"footnotes":""},"class_list":["post-21976","page","type-page","status-publish","hentry"],"_links":{"self":[{"href":"https:\/\/atauni.edu.tr\/ilahiyat-fakultesi\/wp-json\/wp\/v2\/pages\/21976","targetHints":{"allow":["GET"]}}],"collection":[{"href":"https:\/\/atauni.edu.tr\/ilahiyat-fakultesi\/wp-json\/wp\/v2\/pages"}],"about":[{"href":"https:\/\/atauni.edu.tr\/ilahiyat-fakultesi\/wp-json\/wp\/v2\/types\/page"}],"author":[{"embeddable":true,"href":"https:\/\/atauni.edu.tr\/ilahiyat-fakultesi\/wp-json\/wp\/v2\/users\/54"}],"replies":[{"embeddable":true,"href":"https:\/\/atauni.edu.tr\/ilahiyat-fakultesi\/wp-json\/wp\/v2\/comments?post=21976"}],"version-history":[{"count":4,"href":"https:\/\/atauni.edu.tr\/ilahiyat-fakultesi\/wp-json\/wp\/v2\/pages\/21976\/revisions"}],"predecessor-version":[{"id":21982,"href":"https:\/\/atauni.edu.tr\/ilahiyat-fakultesi\/wp-json\/wp\/v2\/pages\/21976\/revisions\/21982"}],"wp:attachment":[{"href":"https:\/\/atauni.edu.tr\/ilahiyat-fakultesi\/wp-json\/wp\/v2\/media?parent=21976"}],"curies":[{"name":"wp","href":"https:\/\/api.w.org\/{rel}","templated":true}]}}