{"id":22062,"date":"2025-05-09T14:55:56","date_gmt":"2025-05-09T11:55:56","guid":{"rendered":"https:\/\/birimler.atauni.edu.tr\/ilahiyat-fakultesi\/?page_id=22062"},"modified":"2025-05-09T15:22:26","modified_gmt":"2025-05-09T12:22:26","slug":"uluslararasilasma-politikasi","status":"publish","type":"page","link":"https:\/\/atauni.edu.tr\/ilahiyat-fakultesi\/uluslararasilasma-politikasi\/","title":{"rendered":"Uluslararas\u0131la\u015fma Politikas\u0131"},"content":{"rendered":"\t\t<div data-elementor-type=\"wp-page\" data-elementor-id=\"22062\" class=\"elementor elementor-22062\" data-elementor-post-type=\"page\">\n\t\t\t\t\t\t<section class=\"elementor-section elementor-top-section elementor-element elementor-element-d9a3e47 elementor-section-boxed elementor-section-height-default elementor-section-height-default\" data-id=\"d9a3e47\" data-element_type=\"section\">\n\t\t\t\t\t\t<div class=\"elementor-container elementor-column-gap-default\">\n\t\t\t\t\t<div class=\"elementor-column elementor-col-100 elementor-top-column elementor-element elementor-element-12d1212\" data-id=\"12d1212\" data-element_type=\"column\">\n\t\t\t<div class=\"elementor-widget-wrap elementor-element-populated\">\n\t\t\t\t\t\t<div class=\"elementor-element elementor-element-f1c8dc1 elementor-widget elementor-widget-heading\" data-id=\"f1c8dc1\" data-element_type=\"widget\" data-widget_type=\"heading.default\">\n\t\t\t\t<div class=\"elementor-widget-container\">\n\t\t\t\t\t<h2 class=\"elementor-heading-title elementor-size-default\">Kalite Politikas\u0131<\/h2>\t\t\t\t<\/div>\n\t\t\t\t<\/div>\n\t\t\t\t<div class=\"elementor-element elementor-element-98f207a elementor-absolute elementor-widget-divider--view-line elementor-widget elementor-widget-divider\" data-id=\"98f207a\" data-element_type=\"widget\" data-settings=\"{&quot;_position&quot;:&quot;absolute&quot;}\" data-widget_type=\"divider.default\">\n\t\t\t\t<div class=\"elementor-widget-container\">\n\t\t\t\t\t\t\t<div class=\"elementor-divider\">\n\t\t\t<span class=\"elementor-divider-separator\">\n\t\t\t\t\t\t<\/span>\n\t\t<\/div>\n\t\t\t\t\t\t<\/div>\n\t\t\t\t<\/div>\n\t\t\t\t\t<\/div>\n\t\t<\/div>\n\t\t\t\t\t<\/div>\n\t\t<\/section>\n\t\t\t\t<section class=\"elementor-section elementor-top-section elementor-element elementor-element-3ab1994 elementor-section-boxed elementor-section-height-default elementor-section-height-default\" data-id=\"3ab1994\" data-element_type=\"section\">\n\t\t\t\t\t\t<div class=\"elementor-container elementor-column-gap-default\">\n\t\t\t\t\t<div class=\"elementor-column elementor-col-50 elementor-top-column elementor-element elementor-element-a5af934\" data-id=\"a5af934\" data-element_type=\"column\">\n\t\t\t<div class=\"elementor-widget-wrap elementor-element-populated\">\n\t\t\t\t\t\t<div class=\"elementor-element elementor-element-2b2a5c8 elementor-invisible elementor-widget elementor-widget-image\" data-id=\"2b2a5c8\" data-element_type=\"widget\" data-settings=\"{&quot;_animation&quot;:&quot;zoomIn&quot;}\" data-widget_type=\"image.default\">\n\t\t\t\t<div class=\"elementor-widget-container\">\n\t\t\t\t\t\t\t\t\t\t\t\t\t\t\t<img fetchpriority=\"high\" decoding=\"async\" width=\"640\" height=\"720\" src=\"https:\/\/atauni.edu.tr\/ilahiyat-fakultesi\/wp-content\/uploads\/sites\/65\/2021\/11\/kalite.jpg\" class=\"attachment-large size-large wp-image-10930\" alt=\"\" srcset=\"https:\/\/atauni.edu.tr\/ilahiyat-fakultesi\/wp-content\/uploads\/sites\/65\/2021\/11\/kalite.jpg 640w, https:\/\/atauni.edu.tr\/ilahiyat-fakultesi\/wp-content\/uploads\/sites\/65\/2021\/11\/kalite-267x300.jpg 267w, https:\/\/atauni.edu.tr\/ilahiyat-fakultesi\/wp-content\/uploads\/sites\/65\/2021\/11\/kalite-533x600.jpg 533w, https:\/\/atauni.edu.tr\/ilahiyat-fakultesi\/wp-content\/uploads\/sites\/65\/2021\/11\/kalite-498x560.jpg 498w\" sizes=\"(max-width: 640px) 100vw, 640px\" \/>\t\t\t\t\t\t\t\t\t\t\t\t\t\t\t<\/div>\n\t\t\t\t<\/div>\n\t\t\t\t\t<\/div>\n\t\t<\/div>\n\t\t\t\t<div class=\"elementor-column elementor-col-50 elementor-top-column elementor-element elementor-element-c9d356a\" data-id=\"c9d356a\" data-element_type=\"column\">\n\t\t\t<div class=\"elementor-widget-wrap elementor-element-populated\">\n\t\t\t\t\t\t<div class=\"elementor-element elementor-element-13959ac elementor-invisible elementor-widget elementor-widget-text-editor\" data-id=\"13959ac\" data-element_type=\"widget\" data-settings=\"{&quot;_animation&quot;:&quot;fadeInRight&quot;}\" data-widget_type=\"text-editor.default\">\n\t\t\t\t<div class=\"elementor-widget-container\">\n\t\t\t\t\t\t\t\t\t<p>Stratejik Plan do\u011frultusunda bir\u00e7ok uluslararas\u0131 y\u00fcksek\u00f6\u011fretim kurumu ile de\u011fi\u015fim anla\u015fmalar\u0131n\u0131n yap\u0131lmas\u0131 hedeflenmi\u015ftir. Kurum, kendini s\u00fcrekli geli\u015ftirerek d\u00fcnyan\u0131n \u00f6nde gelen \u00dcniversitelerinden biri olma hedefini ger\u00e7ekle\u015ftirmeyi uluslararas\u0131la\u015fma politikas\u0131 olarak belirlemi\u015ftir.<\/p>\n<p>Kurumun uluslararas\u0131la\u015fma politikas\u0131n\u0131n ilkeleri \u015funlard\u0131r:<\/p>\n<ul>\n<li>Uluslararas\u0131 d\u00fczeyde tan\u0131n\u0131rl\u0131\u011f\u0131 art\u0131rmak, d\u00fcnyan\u0131n \u00f6nde gelen \u00dcniversitelerinden biri olmak,<\/li>\n<li>E\u011fitim-\u00f6\u011fretim, ara\u015ft\u0131rma alanlar\u0131nda uluslararas\u0131 i\u015f birliklerini art\u0131rmak,<\/li>\n<li>De\u011fi\u015fim programlar\u0131 ile uluslararas\u0131 \u00f6\u011frenci, \u00f6\u011fretim eleman\u0131, idari personelin say\u0131s\u0131n\u0131 art\u0131rmak i\u00e7in \u00e7al\u0131\u015fmalar y\u00fcr\u00fctmek ve k\u00fclt\u00fcrel etkile\u015fimi sa\u011flamak,<\/li>\n<li>\u00d6\u011fretim elemanlar\u0131n\u0131n yabanc\u0131 dil yeterliliklerini art\u0131rmalar\u0131 i\u00e7in gerekli imk\u00e2nlar\u0131 sunmak,<\/li>\n<li>Uluslararas\u0131la\u015fma s\u00fcrecinde kalite d\u00fczeylerini s\u00fcrekli iyile\u015ftirmek.<\/li>\n<\/ul>\t\t\t\t\t\t\t\t<\/div>\n\t\t\t\t<\/div>\n\t\t\t\t\t<\/div>\n\t\t<\/div>\n\t\t\t\t\t<\/div>\n\t\t<\/section>\n\t\t\t\t<\/div>\n\t\t","protected":false},"excerpt":{"rendered":"<p>Kalite Politikas\u0131 Stratejik Plan do\u011frultusunda bir\u00e7ok uluslararas\u0131 y\u00fcksek\u00f6\u011fretim kurumu ile de\u011fi\u015fim anla\u015fmalar\u0131n\u0131n yap\u0131lmas\u0131 hedeflenmi\u015ftir. Kurum, kendini s\u00fcrekli geli\u015ftirerek d\u00fcnyan\u0131n \u00f6nde gelen \u00dcniversitelerinden biri olma hedefini ger\u00e7ekle\u015ftirmeyi uluslararas\u0131la\u015fma politikas\u0131 olarak belirlemi\u015ftir. Kurumun uluslararas\u0131la\u015fma politikas\u0131n\u0131n ilkeleri \u015funlard\u0131r: Uluslararas\u0131 d\u00fczeyde tan\u0131n\u0131rl\u0131\u011f\u0131 art\u0131rmak, d\u00fcnyan\u0131n \u00f6nde gelen \u00dcniversitelerinden biri olmak, E\u011fitim-\u00f6\u011fretim, ara\u015ft\u0131rma alanlar\u0131nda uluslararas\u0131 i\u015f birliklerini art\u0131rmak, De\u011fi\u015fim programlar\u0131 ile [&hellip;]<\/p>\n","protected":false},"author":244,"featured_media":0,"parent":0,"menu_order":0,"comment_status":"closed","ping_status":"closed","template":"","meta":{"footnotes":""},"class_list":["post-22062","page","type-page","status-publish","hentry"],"_links":{"self":[{"href":"https:\/\/atauni.edu.tr\/ilahiyat-fakultesi\/wp-json\/wp\/v2\/pages\/22062","targetHints":{"allow":["GET"]}}],"collection":[{"href":"https:\/\/atauni.edu.tr\/ilahiyat-fakultesi\/wp-json\/wp\/v2\/pages"}],"about":[{"href":"https:\/\/atauni.edu.tr\/ilahiyat-fakultesi\/wp-json\/wp\/v2\/types\/page"}],"author":[{"embeddable":true,"href":"https:\/\/atauni.edu.tr\/ilahiyat-fakultesi\/wp-json\/wp\/v2\/users\/244"}],"replies":[{"embeddable":true,"href":"https:\/\/atauni.edu.tr\/ilahiyat-fakultesi\/wp-json\/wp\/v2\/comments?post=22062"}],"version-history":[{"count":4,"href":"https:\/\/atauni.edu.tr\/ilahiyat-fakultesi\/wp-json\/wp\/v2\/pages\/22062\/revisions"}],"predecessor-version":[{"id":22067,"href":"https:\/\/atauni.edu.tr\/ilahiyat-fakultesi\/wp-json\/wp\/v2\/pages\/22062\/revisions\/22067"}],"wp:attachment":[{"href":"https:\/\/atauni.edu.tr\/ilahiyat-fakultesi\/wp-json\/wp\/v2\/media?parent=22062"}],"curies":[{"name":"wp","href":"https:\/\/api.w.org\/{rel}","templated":true}]}}