{"id":5717,"date":"2021-07-13T11:26:14","date_gmt":"2021-07-13T08:26:14","guid":{"rendered":"https:\/\/portaltest.atauni.edu.tr\/muhendislik-fakultesi\/?page_id=5717"},"modified":"2026-03-23T11:25:08","modified_gmt":"2026-03-23T08:25:08","slug":"komisyonlar","status":"publish","type":"page","link":"https:\/\/atauni.edu.tr\/ilahiyat-fakultesi\/komisyonlar\/","title":{"rendered":"Kurul &#8211; Komisyon ve Koordinat\u00f6rl\u00fckler"},"content":{"rendered":"\t\t<div data-elementor-type=\"wp-page\" data-elementor-id=\"5717\" class=\"elementor elementor-5717\" data-elementor-post-type=\"page\">\n\t\t\t\t\t\t<section class=\"elementor-section elementor-top-section elementor-element elementor-element-46c2cb5d elementor-section-boxed elementor-section-height-default elementor-section-height-default\" data-id=\"46c2cb5d\" data-element_type=\"section\">\n\t\t\t\t\t\t<div class=\"elementor-container elementor-column-gap-default\">\n\t\t\t\t\t<div class=\"elementor-column elementor-col-100 elementor-top-column elementor-element elementor-element-299813e7\" data-id=\"299813e7\" data-element_type=\"column\">\n\t\t\t<div class=\"elementor-widget-wrap elementor-element-populated\">\n\t\t\t\t\t\t<div class=\"elementor-element elementor-element-3ec495a9 elementor-widget elementor-widget-heading\" data-id=\"3ec495a9\" data-element_type=\"widget\" data-widget_type=\"heading.default\">\n\t\t\t\t<div class=\"elementor-widget-container\">\n\t\t\t\t\t<h2 class=\"elementor-heading-title elementor-size-default\">Kurul - Komisyon ve Koordinat\u00f6rl\u00fckler <\/h2>\t\t\t\t<\/div>\n\t\t\t\t<\/div>\n\t\t\t\t<div class=\"elementor-element elementor-element-2092e3b3 elementor-widget-divider--view-line elementor-widget elementor-widget-divider\" data-id=\"2092e3b3\" data-element_type=\"widget\" data-widget_type=\"divider.default\">\n\t\t\t\t<div class=\"elementor-widget-container\">\n\t\t\t\t\t\t\t<div class=\"elementor-divider\">\n\t\t\t<span class=\"elementor-divider-separator\">\n\t\t\t\t\t\t<\/span>\n\t\t<\/div>\n\t\t\t\t\t\t<\/div>\n\t\t\t\t<\/div>\n\t\t\t\t\t<\/div>\n\t\t<\/div>\n\t\t\t\t\t<\/div>\n\t\t<\/section>\n\t\t\t\t<section class=\"elementor-section elementor-top-section elementor-element elementor-element-7376c84 elementor-section-boxed elementor-section-height-default elementor-section-height-default\" data-id=\"7376c84\" data-element_type=\"section\">\n\t\t\t\t\t\t<div class=\"elementor-container elementor-column-gap-default\">\n\t\t\t\t\t<div class=\"elementor-column elementor-col-100 elementor-top-column elementor-element elementor-element-2d4bf63\" data-id=\"2d4bf63\" data-element_type=\"column\">\n\t\t\t<div class=\"elementor-widget-wrap elementor-element-populated\">\n\t\t\t\t\t\t<div class=\"elementor-element elementor-element-0f9bf87 elementor-widget__width-initial elementor-invisible elementor-widget elementor-widget-image\" data-id=\"0f9bf87\" data-element_type=\"widget\" data-settings=\"{&quot;_animation&quot;:&quot;zoomIn&quot;}\" data-widget_type=\"image.default\">\n\t\t\t\t<div class=\"elementor-widget-container\">\n\t\t\t\t\t\t\t\t\t\t\t\t\t\t\t<img fetchpriority=\"high\" decoding=\"async\" width=\"267\" height=\"300\" src=\"https:\/\/atauni.edu.tr\/ilahiyat-fakultesi\/wp-content\/uploads\/sites\/65\/2021\/11\/kurul-267x300.jpg\" class=\"attachment-medium size-medium wp-image-10559\" alt=\"\" srcset=\"https:\/\/atauni.edu.tr\/ilahiyat-fakultesi\/wp-content\/uploads\/sites\/65\/2021\/11\/kurul-267x300.jpg 267w, https:\/\/atauni.edu.tr\/ilahiyat-fakultesi\/wp-content\/uploads\/sites\/65\/2021\/11\/kurul-533x600.jpg 533w, https:\/\/atauni.edu.tr\/ilahiyat-fakultesi\/wp-content\/uploads\/sites\/65\/2021\/11\/kurul-498x560.jpg 498w, https:\/\/atauni.edu.tr\/ilahiyat-fakultesi\/wp-content\/uploads\/sites\/65\/2021\/11\/kurul.jpg 640w\" sizes=\"(max-width: 267px) 100vw, 267px\" \/>\t\t\t\t\t\t\t\t\t\t\t\t\t\t\t<\/div>\n\t\t\t\t<\/div>\n\t\t\t\t\t<\/div>\n\t\t<\/div>\n\t\t\t\t\t<\/div>\n\t\t<\/section>\n\t\t\t\t<section class=\"elementor-section elementor-top-section elementor-element elementor-element-b7d1fb8 elementor-section-boxed elementor-section-height-default elementor-section-height-default\" data-id=\"b7d1fb8\" data-element_type=\"section\">\n\t\t\t\t\t\t<div class=\"elementor-container elementor-column-gap-default\">\n\t\t\t\t\t<div class=\"elementor-column elementor-col-100 elementor-top-column elementor-element elementor-element-ad123bd\" data-id=\"ad123bd\" data-element_type=\"column\">\n\t\t\t<div class=\"elementor-widget-wrap elementor-element-populated\">\n\t\t\t\t\t\t<div class=\"elementor-element elementor-element-d2a7c16 elementor-widget__width-inherit e-transform elementor-tabs-view-horizontal elementor-widget elementor-widget-tabs\" data-id=\"d2a7c16\" data-element_type=\"widget\" data-settings=\"{&quot;_transform_rotateZ_effect&quot;:{&quot;unit&quot;:&quot;px&quot;,&quot;size&quot;:&quot;&quot;,&quot;sizes&quot;:[]},&quot;_transform_rotateZ_effect_tablet&quot;:{&quot;unit&quot;:&quot;deg&quot;,&quot;size&quot;:&quot;&quot;,&quot;sizes&quot;:[]},&quot;_transform_rotateZ_effect_mobile&quot;:{&quot;unit&quot;:&quot;deg&quot;,&quot;size&quot;:&quot;&quot;,&quot;sizes&quot;:[]}}\" data-widget_type=\"tabs.default\">\n\t\t\t\t<div class=\"elementor-widget-container\">\n\t\t\t\t\t\t\t<div class=\"elementor-tabs\">\n\t\t\t<div class=\"elementor-tabs-wrapper\" role=\"tablist\" >\n\t\t\t\t\t\t\t\t\t<div id=\"elementor-tab-title-2201\" class=\"elementor-tab-title elementor-tab-desktop-title\" aria-selected=\"true\" data-tab=\"1\" role=\"tab\" tabindex=\"0\" aria-controls=\"elementor-tab-content-2201\" aria-expanded=\"false\">2026 Y\u0131l\u0131 Kurul-Komisyon ve Koordinat\u00f6rl\u00fckler<\/div>\n\t\t\t\t\t\t\t\t\t<div id=\"elementor-tab-title-2202\" class=\"elementor-tab-title elementor-tab-desktop-title\" aria-selected=\"false\" data-tab=\"2\" role=\"tab\" tabindex=\"-1\" aria-controls=\"elementor-tab-content-2202\" aria-expanded=\"false\">2025 Y\u0131l\u0131 Kurul-Komisyon ve Koordinat\u00f6rl\u00fckler<\/div>\n\t\t\t\t\t\t\t\t\t<div id=\"elementor-tab-title-2203\" class=\"elementor-tab-title elementor-tab-desktop-title\" aria-selected=\"false\" data-tab=\"3\" role=\"tab\" tabindex=\"-1\" aria-controls=\"elementor-tab-content-2203\" aria-expanded=\"false\">2024 Y\u0131l\u0131 Kurul-Komisyon ve Koordinat\u00f6rl\u00fckler<\/div>\n\t\t\t\t\t\t\t<\/div>\n\t\t\t<div class=\"elementor-tabs-content-wrapper\" role=\"tablist\" aria-orientation=\"vertical\">\n\t\t\t\t\t\t\t\t\t<div class=\"elementor-tab-title elementor-tab-mobile-title\" aria-selected=\"true\" data-tab=\"1\" role=\"tab\" tabindex=\"0\" aria-controls=\"elementor-tab-content-2201\" aria-expanded=\"false\">2026 Y\u0131l\u0131 Kurul-Komisyon ve Koordinat\u00f6rl\u00fckler<\/div>\n\t\t\t\t\t<div id=\"elementor-tab-content-2201\" class=\"elementor-tab-content elementor-clearfix\" data-tab=\"1\" role=\"tabpanel\" aria-labelledby=\"elementor-tab-title-2201\" tabindex=\"0\" hidden=\"false\"><p><a href=\"https:\/\/atauni.edu.tr\/ilahiyat-fakultesi\/wp-content\/uploads\/sites\/65\/2026\/03\/Kurul-Komisyon-ve-Koordinatorlukler-Gorev-ve-Sorumluluklari-04.03.2026-3.pdf\">Kurul-Komisyon ve Koordinat\u00f6rl\u00fckler-G\u00f6rev ve Sorumluluklar\u0131 04.03.2026<\/a><\/p>\n<p><a href=\"http:\/\/atauni.edu.tr\/ilahiyat-fakultesi\/wp-content\/uploads\/sites\/65\/2026\/02\/Kurul-Komisyon-ve-Koordinatorlukler-Gorev-ve-Sorumluluklari-13.02.2026-1.pdf\">Kurul-Komisyon ve Koordinat\u00f6rl\u00fckler-G\u00f6rev ve Sorumluluklar\u0131 13.02.2026<\/a><\/p>\n<p><a href=\"https:\/\/birimler.atauni.edu.tr\/ilahiyat-fakultesi\/wp-content\/uploads\/sites\/65\/2026\/01\/Kurul-Komisyon-ve-Koordinatorlukler-Gorev-ve-Sorumluluklari-07.01.2026-1.pdf\">Kurul-Komisyon ve Koordinat\u00f6rl\u00fckler-G\u00f6rev ve Sorumluluklar\u0131 07.01.2026<\/a><\/p><\/div>\n\t\t\t\t\t\t\t\t\t<div class=\"elementor-tab-title elementor-tab-mobile-title\" aria-selected=\"false\" data-tab=\"2\" role=\"tab\" tabindex=\"-1\" aria-controls=\"elementor-tab-content-2202\" aria-expanded=\"false\">2025 Y\u0131l\u0131 Kurul-Komisyon ve Koordinat\u00f6rl\u00fckler<\/div>\n\t\t\t\t\t<div id=\"elementor-tab-content-2202\" class=\"elementor-tab-content elementor-clearfix\" data-tab=\"2\" role=\"tabpanel\" aria-labelledby=\"elementor-tab-title-2202\" tabindex=\"0\" hidden=\"hidden\"><p><a href=\"https:\/\/birimler.atauni.edu.tr\/ilahiyat-fakultesi\/wp-content\/uploads\/sites\/65\/2025\/02\/Kurul-Komisyon-ve-Koordinatorlukler-Gorev-ve-Sorumluluklari-09.01.2025.pdf\">Kurul-Komisyon ve Koordinat\u00f6rl\u00fckler-G\u00f6rev ve Sorumluluklar\u0131 09.01.2025<\/a><\/p><p><a href=\"https:\/\/birimler.atauni.edu.tr\/ilahiyat-fakultesi\/wp-content\/uploads\/sites\/65\/2025\/02\/Kurul-Komisyon-ve-Koordinatorlukler-Gorev-ve-Sorumluluklari-26.02.2025.pdf\">Kurul-Komisyon ve Koordinat\u00f6rl\u00fckler-G\u00f6rev ve Sorumluluklar\u0131 26.02.2025<\/a><\/p><div><a style=\"font-size: 1rem;letter-spacing: 0px\" href=\"https:\/\/birimler.atauni.edu.tr\/ilahiyat-fakultesi\/wp-content\/uploads\/sites\/65\/2025\/03\/Kurul-Komisyon-ve-Koordinatorlukler-Gorev-ve-Sorumluluklari-20.03.2025.pdf\">Kurul-Komisyon ve Koordinat\u00f6rl\u00fckler-G\u00f6rev ve Sorumluluklar\u0131 20.03.2025<\/a><\/div><p><a style=\"font-size: 1rem;letter-spacing: 0px\" href=\"https:\/\/birimler.atauni.edu.tr\/ilahiyat-fakultesi\/wp-content\/uploads\/sites\/65\/2025\/04\/Kurul-Komisyon-ve-Koordinatorlukler-Gorev-ve-Sorumluluklari-14.04.2025.docx\">Kurul-Komisyon ve Koordinat\u00f6rl\u00fckler-G\u00f6rev ve Sorumluluklar\u0131 14.04.2025<\/a><\/p><p><a href=\"https:\/\/birimler.atauni.edu.tr\/ilahiyat-fakultesi\/wp-content\/uploads\/sites\/65\/2025\/04\/Kurul-Komisyon-ve-Koordinatorlukler-Gorev-ve-Sorumluluklari-22.04.2025.pdf\">Kurul-Komisyon ve Koordinat\u00f6rl\u00fckler-G\u00f6rev ve Sorumluluklar\u0131 22.04.2025<\/a><\/p><p><a style=\"color: #0056b3;background-color: #ffffff\" href=\"https:\/\/birimler.atauni.edu.tr\/ilahiyat-fakultesi\/wp-content\/uploads\/sites\/65\/2025\/05\/Kurul-Komisyon-ve-Koordinatorlukler-Gorev-ve-Sorumluluklari-05.05.2025-1.pdf\">Kurul-Komisyon ve Koordinat\u00f6rl\u00fckler-G\u00f6rev ve Sorumluluklar\u0131 05.05.2025<\/a><\/p><p><a style=\"color: #0056b3;background-color: #ffffff\" href=\"https:\/\/birimler.atauni.edu.tr\/ilahiyat-fakultesi\/wp-content\/uploads\/sites\/65\/2025\/08\/Kurul-Komisyon-ve-Koordinatorlukler-Gorev-ve-Sorumluluklari-04.08.2025.pdf\">Kurul-Komisyon ve Koordinat\u00f6rl\u00fckler-G\u00f6rev ve Sorumluluklar\u0131 04.08.2025<\/a><\/p><p><a style=\"color: #0056b3;background-color: #ffffff\" href=\"https:\/\/birimler.atauni.edu.tr\/ilahiyat-fakultesi\/wp-content\/uploads\/sites\/65\/2025\/11\/Kurul-Komisyon-ve-Koordinatorlukler-Gorev-ve-Sorumluluklari-20.10.2025-1.pdf\">Kurul-Komisyon ve Koordinat\u00f6rl\u00fckler-G\u00f6rev ve Sorumluluklar\u0131 20.10.2025<\/a><\/p><\/div>\n\t\t\t\t\t\t\t\t\t<div class=\"elementor-tab-title elementor-tab-mobile-title\" aria-selected=\"false\" data-tab=\"3\" role=\"tab\" tabindex=\"-1\" aria-controls=\"elementor-tab-content-2203\" aria-expanded=\"false\">2024 Y\u0131l\u0131 Kurul-Komisyon ve Koordinat\u00f6rl\u00fckler<\/div>\n\t\t\t\t\t<div id=\"elementor-tab-content-2203\" class=\"elementor-tab-content elementor-clearfix\" data-tab=\"3\" role=\"tabpanel\" aria-labelledby=\"elementor-tab-title-2203\" tabindex=\"0\" hidden=\"hidden\"><p><a href=\"https:\/\/birimler.atauni.edu.tr\/ilahiyat-fakultesi\/wp-content\/uploads\/sites\/65\/2025\/02\/Kurul-Komisyon-ve-Koordinatorlukler-Gorev-ve-Sorumluluklari-10.12.2024-1.pdf\">Kurul-Komisyon ve Koordinat\u00f6rl\u00fckler-G\u00f6rev ve Sorumluluklar\u0131 10.12.2024<\/a><\/p><\/div>\n\t\t\t\t\t\t\t<\/div>\n\t\t<\/div>\n\t\t\t\t\t\t<\/div>\n\t\t\t\t<\/div>\n\t\t\t\t\t<\/div>\n\t\t<\/div>\n\t\t\t\t\t<\/div>\n\t\t<\/section>\n\t\t\t\t<section class=\"elementor-section elementor-top-section elementor-element elementor-element-fba9406 elementor-section-boxed elementor-section-height-default elementor-section-height-default\" data-id=\"fba9406\" data-element_type=\"section\">\n\t\t\t\t\t\t<div class=\"elementor-container elementor-column-gap-default\">\n\t\t\t\t\t<div class=\"elementor-column elementor-col-100 elementor-top-column elementor-element elementor-element-f6b9f29\" data-id=\"f6b9f29\" data-element_type=\"column\">\n\t\t\t<div class=\"elementor-widget-wrap elementor-element-populated\">\n\t\t\t\t\t\t\t<\/div>\n\t\t<\/div>\n\t\t\t\t\t<\/div>\n\t\t<\/section>\n\t\t\t\t<section class=\"elementor-section elementor-top-section elementor-element elementor-element-69c30b1 elementor-section-boxed elementor-section-height-default elementor-section-height-default\" data-id=\"69c30b1\" data-element_type=\"section\">\n\t\t\t\t\t\t<div class=\"elementor-container elementor-column-gap-default\">\n\t\t\t\t\t<div class=\"elementor-column elementor-col-100 elementor-top-column elementor-element elementor-element-58e9187\" data-id=\"58e9187\" data-element_type=\"column\">\n\t\t\t<div class=\"elementor-widget-wrap elementor-element-populated\">\n\t\t\t\t\t\t\t<\/div>\n\t\t<\/div>\n\t\t\t\t\t<\/div>\n\t\t<\/section>\n\t\t\t\t<\/div>\n\t\t","protected":false},"excerpt":{"rendered":"<p>Kurul &#8211; Komisyon ve Koordinat\u00f6rl\u00fckler 2026 Y\u0131l\u0131 Kurul-Komisyon ve Koordinat\u00f6rl\u00fckler 2025 Y\u0131l\u0131 Kurul-Komisyon ve Koordinat\u00f6rl\u00fckler 2024 Y\u0131l\u0131 Kurul-Komisyon ve Koordinat\u00f6rl\u00fckler 2026 Y\u0131l\u0131 Kurul-Komisyon ve Koordinat\u00f6rl\u00fckler Kurul-Komisyon ve Koordinat\u00f6rl\u00fckler-G\u00f6rev ve Sorumluluklar\u0131 04.03.2026 Kurul-Komisyon ve Koordinat\u00f6rl\u00fckler-G\u00f6rev ve Sorumluluklar\u0131 13.02.2026 Kurul-Komisyon ve Koordinat\u00f6rl\u00fckler-G\u00f6rev ve Sorumluluklar\u0131 07.01.2026 2025 Y\u0131l\u0131 Kurul-Komisyon ve Koordinat\u00f6rl\u00fckler Kurul-Komisyon ve Koordinat\u00f6rl\u00fckler-G\u00f6rev ve Sorumluluklar\u0131 09.01.2025 Kurul-Komisyon [&hellip;]<\/p>\n","protected":false},"author":1,"featured_media":0,"parent":0,"menu_order":0,"comment_status":"closed","ping_status":"closed","template":"elementor_header_footer","meta":{"footnotes":""},"class_list":["post-5717","page","type-page","status-publish","hentry"],"_links":{"self":[{"href":"https:\/\/atauni.edu.tr\/ilahiyat-fakultesi\/wp-json\/wp\/v2\/pages\/5717","targetHints":{"allow":["GET"]}}],"collection":[{"href":"https:\/\/atauni.edu.tr\/ilahiyat-fakultesi\/wp-json\/wp\/v2\/pages"}],"about":[{"href":"https:\/\/atauni.edu.tr\/ilahiyat-fakultesi\/wp-json\/wp\/v2\/types\/page"}],"author":[{"embeddable":true,"href":"https:\/\/atauni.edu.tr\/ilahiyat-fakultesi\/wp-json\/wp\/v2\/users\/1"}],"replies":[{"embeddable":true,"href":"https:\/\/atauni.edu.tr\/ilahiyat-fakultesi\/wp-json\/wp\/v2\/comments?post=5717"}],"version-history":[{"count":322,"href":"https:\/\/atauni.edu.tr\/ilahiyat-fakultesi\/wp-json\/wp\/v2\/pages\/5717\/revisions"}],"predecessor-version":[{"id":25737,"href":"https:\/\/atauni.edu.tr\/ilahiyat-fakultesi\/wp-json\/wp\/v2\/pages\/5717\/revisions\/25737"}],"wp:attachment":[{"href":"https:\/\/atauni.edu.tr\/ilahiyat-fakultesi\/wp-json\/wp\/v2\/media?parent=5717"}],"curies":[{"name":"wp","href":"https:\/\/api.w.org\/{rel}","templated":true}]}}