{"id":5743,"date":"2021-07-13T11:47:21","date_gmt":"2021-07-13T08:47:21","guid":{"rendered":"https:\/\/portaltest.atauni.edu.tr\/muhendislik-fakultesi\/?page_id=5743"},"modified":"2021-11-11T09:42:17","modified_gmt":"2021-11-11T06:42:17","slug":"misyon-vizyon-ve-temel-degerler","status":"publish","type":"page","link":"https:\/\/atauni.edu.tr\/ilahiyat-fakultesi\/misyon-vizyon-ve-temel-degerler\/","title":{"rendered":"Misyon, Vizyon ve Temel De\u011ferler"},"content":{"rendered":"\t\t<div data-elementor-type=\"wp-page\" data-elementor-id=\"5743\" class=\"elementor elementor-5743\" data-elementor-post-type=\"page\">\n\t\t\t\t\t\t<section class=\"elementor-section elementor-top-section elementor-element elementor-element-46c2cb5d elementor-section-boxed elementor-section-height-default elementor-section-height-default\" data-id=\"46c2cb5d\" data-element_type=\"section\">\n\t\t\t\t\t\t<div class=\"elementor-container elementor-column-gap-default\">\n\t\t\t\t\t<div class=\"elementor-column elementor-col-100 elementor-top-column elementor-element elementor-element-299813e7\" data-id=\"299813e7\" data-element_type=\"column\">\n\t\t\t<div class=\"elementor-widget-wrap elementor-element-populated\">\n\t\t\t\t\t\t<div class=\"elementor-element elementor-element-3ec495a9 elementor-widget elementor-widget-heading\" data-id=\"3ec495a9\" data-element_type=\"widget\" data-widget_type=\"heading.default\">\n\t\t\t\t<div class=\"elementor-widget-container\">\n\t\t\t\t\t<h2 class=\"elementor-heading-title elementor-size-default\">Misyon, Vizyon ve Temel De\u011ferler<\/h2>\t\t\t\t<\/div>\n\t\t\t\t<\/div>\n\t\t\t\t<div class=\"elementor-element elementor-element-2092e3b3 elementor-widget-divider--view-line elementor-widget elementor-widget-divider\" data-id=\"2092e3b3\" data-element_type=\"widget\" data-widget_type=\"divider.default\">\n\t\t\t\t<div class=\"elementor-widget-container\">\n\t\t\t\t\t\t\t<div class=\"elementor-divider\">\n\t\t\t<span class=\"elementor-divider-separator\">\n\t\t\t\t\t\t<\/span>\n\t\t<\/div>\n\t\t\t\t\t\t<\/div>\n\t\t\t\t<\/div>\n\t\t\t\t\t<\/div>\n\t\t<\/div>\n\t\t\t\t\t<\/div>\n\t\t<\/section>\n\t\t\t\t<section class=\"elementor-section elementor-top-section elementor-element elementor-element-6d6fb41 elementor-section-boxed elementor-section-height-default elementor-section-height-default\" data-id=\"6d6fb41\" data-element_type=\"section\">\n\t\t\t\t\t\t<div class=\"elementor-container elementor-column-gap-default\">\n\t\t\t\t\t<div class=\"elementor-column elementor-col-50 elementor-top-column elementor-element elementor-element-c2b3747\" data-id=\"c2b3747\" data-element_type=\"column\">\n\t\t\t<div class=\"elementor-widget-wrap elementor-element-populated\">\n\t\t\t\t\t\t<div class=\"elementor-element elementor-element-c8dad9f elementor-widget__width-initial elementor-absolute elementor-widget elementor-widget-image\" data-id=\"c8dad9f\" data-element_type=\"widget\" data-settings=\"{&quot;_position&quot;:&quot;absolute&quot;}\" data-widget_type=\"image.default\">\n\t\t\t\t<div class=\"elementor-widget-container\">\n\t\t\t\t\t\t\t\t\t\t\t\t\t\t\t<img fetchpriority=\"high\" decoding=\"async\" width=\"900\" height=\"720\" src=\"https:\/\/atauni.edu.tr\/ilahiyat-fakultesi\/wp-content\/uploads\/sites\/65\/2021\/11\/mvd.jpg\" class=\"attachment-large size-large wp-image-10533\" alt=\"\" srcset=\"https:\/\/atauni.edu.tr\/ilahiyat-fakultesi\/wp-content\/uploads\/sites\/65\/2021\/11\/mvd.jpg 900w, https:\/\/atauni.edu.tr\/ilahiyat-fakultesi\/wp-content\/uploads\/sites\/65\/2021\/11\/mvd-300x240.jpg 300w, https:\/\/atauni.edu.tr\/ilahiyat-fakultesi\/wp-content\/uploads\/sites\/65\/2021\/11\/mvd-768x614.jpg 768w, https:\/\/atauni.edu.tr\/ilahiyat-fakultesi\/wp-content\/uploads\/sites\/65\/2021\/11\/mvd-600x480.jpg 600w, https:\/\/atauni.edu.tr\/ilahiyat-fakultesi\/wp-content\/uploads\/sites\/65\/2021\/11\/mvd-560x448.jpg 560w\" sizes=\"(max-width: 900px) 100vw, 900px\" \/>\t\t\t\t\t\t\t\t\t\t\t\t\t\t\t<\/div>\n\t\t\t\t<\/div>\n\t\t\t\t\t<\/div>\n\t\t<\/div>\n\t\t\t\t<div class=\"elementor-column elementor-col-50 elementor-top-column elementor-element elementor-element-57c6a1f\" data-id=\"57c6a1f\" data-element_type=\"column\">\n\t\t\t<div class=\"elementor-widget-wrap elementor-element-populated\">\n\t\t\t\t\t\t<div class=\"elementor-element elementor-element-290a877 elementor-invisible elementor-widget elementor-widget-text-editor\" data-id=\"290a877\" data-element_type=\"widget\" data-settings=\"{&quot;_animation&quot;:&quot;fadeInLeft&quot;}\" data-widget_type=\"text-editor.default\">\n\t\t\t\t<div class=\"elementor-widget-container\">\n\t\t\t\t\t\t\t\t\t<p><strong><u>M\u0130SYON<\/u><\/strong><\/p><p><span style=\"letter-spacing: 0px\">\u0130slam\u2019\u0131n temel kaynaklar\u0131n\u0131 bilen, dini inan\u00e7 ve uygulamalar\u0131, \u0130slami ilimlerin yan\u0131 s\u0131ra felsefe, sanat ve k\u00fclt\u00fcr ba\u011flam\u0131nda inceleyen, toplumun ihtiya\u00e7 ve e\u011filimlerini takip eden temsil kabiliyeti y\u00fcksek, ara\u015ft\u0131rmac\u0131 ve toplumsal sorumluluk bilincine sahip bireyler yeti\u015ftirmek.<\/span><\/p><p><span style=\"letter-spacing: 0px\">\u00a0<\/span><strong style=\"letter-spacing: 0px\"><u>V\u0130ZYON<\/u><\/strong><\/p><p><span style=\"letter-spacing: 0px\">E\u011fitimde, ara\u015ft\u0131rmada ve toplumsal katk\u0131da m\u00fckemmellik anlay\u0131\u015f\u0131 \u00e7er\u00e7evesinde ilahiyat alan\u0131nda b\u00f6lgeye ve \u00fclkeye katk\u0131 sa\u011flayacak sayg\u0131n, etkili ve \u00f6nc\u00fc bir fak\u00fclte olmakt\u0131r.<\/span><\/p><p><strong><u>DE\u011eERLER\u0130M\u0130Z<\/u><\/strong><\/p><ul><li>Yenilik\u00e7ilik ve Giri\u015fimcilik<\/li><li>Ele\u015ftirel d\u00fc\u015f\u00fcnce<\/li><li>Etik de\u011ferlere ba\u011fl\u0131l\u0131k<\/li><li>Payda\u015f i\u015f birli\u011fi<\/li><li>\u00d6\u011frenme (\u00f6\u011frenci) Odakl\u0131l\u0131k<\/li><li>Toplumsal sorumluluk<\/li><li>Ulusal ve evrensel de\u011ferlere ba\u011fl\u0131l\u0131k<\/li><li>Toplumsal, k\u00fclt\u00fcrel ve sanatsal duyarl\u0131l\u0131k<\/li><\/ul>\t\t\t\t\t\t\t\t<\/div>\n\t\t\t\t<\/div>\n\t\t\t\t\t<\/div>\n\t\t<\/div>\n\t\t\t\t\t<\/div>\n\t\t<\/section>\n\t\t\t\t<\/div>\n\t\t","protected":false},"excerpt":{"rendered":"<p>Misyon, Vizyon ve Temel De\u011ferler M\u0130SYON \u0130slam\u2019\u0131n temel kaynaklar\u0131n\u0131 bilen, dini inan\u00e7 ve uygulamalar\u0131, \u0130slami ilimlerin yan\u0131 s\u0131ra felsefe, sanat ve k\u00fclt\u00fcr ba\u011flam\u0131nda inceleyen, toplumun ihtiya\u00e7 ve e\u011filimlerini takip eden temsil kabiliyeti y\u00fcksek, ara\u015ft\u0131rmac\u0131 ve toplumsal sorumluluk bilincine sahip bireyler yeti\u015ftirmek. \u00a0V\u0130ZYON E\u011fitimde, ara\u015ft\u0131rmada ve toplumsal katk\u0131da m\u00fckemmellik anlay\u0131\u015f\u0131 \u00e7er\u00e7evesinde ilahiyat alan\u0131nda b\u00f6lgeye ve \u00fclkeye [&hellip;]<\/p>\n","protected":false},"author":1,"featured_media":0,"parent":0,"menu_order":0,"comment_status":"closed","ping_status":"closed","template":"elementor_header_footer","meta":{"footnotes":""},"class_list":["post-5743","page","type-page","status-publish","hentry"],"_links":{"self":[{"href":"https:\/\/atauni.edu.tr\/ilahiyat-fakultesi\/wp-json\/wp\/v2\/pages\/5743","targetHints":{"allow":["GET"]}}],"collection":[{"href":"https:\/\/atauni.edu.tr\/ilahiyat-fakultesi\/wp-json\/wp\/v2\/pages"}],"about":[{"href":"https:\/\/atauni.edu.tr\/ilahiyat-fakultesi\/wp-json\/wp\/v2\/types\/page"}],"author":[{"embeddable":true,"href":"https:\/\/atauni.edu.tr\/ilahiyat-fakultesi\/wp-json\/wp\/v2\/users\/1"}],"replies":[{"embeddable":true,"href":"https:\/\/atauni.edu.tr\/ilahiyat-fakultesi\/wp-json\/wp\/v2\/comments?post=5743"}],"version-history":[{"count":38,"href":"https:\/\/atauni.edu.tr\/ilahiyat-fakultesi\/wp-json\/wp\/v2\/pages\/5743\/revisions"}],"predecessor-version":[{"id":10536,"href":"https:\/\/atauni.edu.tr\/ilahiyat-fakultesi\/wp-json\/wp\/v2\/pages\/5743\/revisions\/10536"}],"wp:attachment":[{"href":"https:\/\/atauni.edu.tr\/ilahiyat-fakultesi\/wp-json\/wp\/v2\/media?parent=5743"}],"curies":[{"name":"wp","href":"https:\/\/api.w.org\/{rel}","templated":true}]}}