{"id":5774,"date":"2021-07-13T13:54:52","date_gmt":"2021-07-13T10:54:52","guid":{"rendered":"https:\/\/portaltest.atauni.edu.tr\/muhendislik-fakultesi\/?page_id=5774"},"modified":"2021-10-01T17:00:07","modified_gmt":"2021-10-01T14:00:07","slug":"tarihce","status":"publish","type":"page","link":"https:\/\/atauni.edu.tr\/ilahiyat-fakultesi\/tarihce\/","title":{"rendered":"Tarih\u00e7e"},"content":{"rendered":"\t\t<div data-elementor-type=\"wp-page\" data-elementor-id=\"5774\" class=\"elementor elementor-5774\" data-elementor-post-type=\"page\">\n\t\t\t\t\t\t<section class=\"elementor-section elementor-top-section elementor-element elementor-element-46c2cb5d elementor-section-boxed elementor-section-height-default elementor-section-height-default\" data-id=\"46c2cb5d\" data-element_type=\"section\">\n\t\t\t\t\t\t<div class=\"elementor-container elementor-column-gap-default\">\n\t\t\t\t\t<div class=\"elementor-column elementor-col-100 elementor-top-column elementor-element elementor-element-299813e7\" data-id=\"299813e7\" data-element_type=\"column\">\n\t\t\t<div class=\"elementor-widget-wrap elementor-element-populated\">\n\t\t\t\t\t\t<div class=\"elementor-element elementor-element-3ec495a9 elementor-widget elementor-widget-heading\" data-id=\"3ec495a9\" data-element_type=\"widget\" data-widget_type=\"heading.default\">\n\t\t\t\t<div class=\"elementor-widget-container\">\n\t\t\t\t\t<h2 class=\"elementor-heading-title elementor-size-default\">Tarih\u00e7e<\/h2>\t\t\t\t<\/div>\n\t\t\t\t<\/div>\n\t\t\t\t<div class=\"elementor-element elementor-element-2092e3b3 elementor-widget-divider--view-line elementor-widget elementor-widget-divider\" data-id=\"2092e3b3\" data-element_type=\"widget\" data-widget_type=\"divider.default\">\n\t\t\t\t<div class=\"elementor-widget-container\">\n\t\t\t\t\t\t\t<div class=\"elementor-divider\">\n\t\t\t<span class=\"elementor-divider-separator\">\n\t\t\t\t\t\t<\/span>\n\t\t<\/div>\n\t\t\t\t\t\t<\/div>\n\t\t\t\t<\/div>\n\t\t\t\t\t<\/div>\n\t\t<\/div>\n\t\t\t\t\t<\/div>\n\t\t<\/section>\n\t\t\t\t<section class=\"elementor-section elementor-top-section elementor-element elementor-element-eba4ce8 elementor-section-boxed elementor-section-height-default elementor-section-height-default\" data-id=\"eba4ce8\" data-element_type=\"section\">\n\t\t\t\t\t\t<div class=\"elementor-container elementor-column-gap-default\">\n\t\t\t\t\t<div class=\"elementor-column elementor-col-50 elementor-top-column elementor-element elementor-element-3631f44\" data-id=\"3631f44\" data-element_type=\"column\">\n\t\t\t<div class=\"elementor-widget-wrap elementor-element-populated\">\n\t\t\t\t\t\t<div class=\"elementor-element elementor-element-a84594e elementor-widget elementor-widget-image\" data-id=\"a84594e\" data-element_type=\"widget\" data-widget_type=\"image.default\">\n\t\t\t\t<div class=\"elementor-widget-container\">\n\t\t\t\t\t\t\t\t\t\t\t\t\t\t\t<img fetchpriority=\"high\" decoding=\"async\" width=\"768\" height=\"512\" src=\"https:\/\/atauni.edu.tr\/ilahiyat-fakultesi\/wp-content\/uploads\/sites\/65\/2021\/10\/DJI_0491-768x512.jpg\" class=\"attachment-medium_large size-medium_large wp-image-7343\" alt=\"\" srcset=\"https:\/\/atauni.edu.tr\/ilahiyat-fakultesi\/wp-content\/uploads\/sites\/65\/2021\/10\/DJI_0491-768x512.jpg 768w, https:\/\/atauni.edu.tr\/ilahiyat-fakultesi\/wp-content\/uploads\/sites\/65\/2021\/10\/DJI_0491-300x200.jpg 300w, https:\/\/atauni.edu.tr\/ilahiyat-fakultesi\/wp-content\/uploads\/sites\/65\/2021\/10\/DJI_0491-1024x683.jpg 1024w, https:\/\/atauni.edu.tr\/ilahiyat-fakultesi\/wp-content\/uploads\/sites\/65\/2021\/10\/DJI_0491-1536x1024.jpg 1536w, https:\/\/atauni.edu.tr\/ilahiyat-fakultesi\/wp-content\/uploads\/sites\/65\/2021\/10\/DJI_0491-2048x1365.jpg 2048w, https:\/\/atauni.edu.tr\/ilahiyat-fakultesi\/wp-content\/uploads\/sites\/65\/2021\/10\/DJI_0491-600x400.jpg 600w, https:\/\/atauni.edu.tr\/ilahiyat-fakultesi\/wp-content\/uploads\/sites\/65\/2021\/10\/DJI_0491-560x373.jpg 560w\" sizes=\"(max-width: 768px) 100vw, 768px\" \/>\t\t\t\t\t\t\t\t\t\t\t\t\t\t\t<\/div>\n\t\t\t\t<\/div>\n\t\t\t\t<div class=\"elementor-element elementor-element-5af23f4 elementor-widget elementor-widget-image\" data-id=\"5af23f4\" data-element_type=\"widget\" data-widget_type=\"image.default\">\n\t\t\t\t<div class=\"elementor-widget-container\">\n\t\t\t\t\t\t\t\t\t\t\t\t\t\t\t<img decoding=\"async\" width=\"2560\" height=\"1707\" src=\"https:\/\/atauni.edu.tr\/ilahiyat-fakultesi\/wp-content\/uploads\/sites\/65\/2021\/10\/IMG_0635-scaled.jpg\" class=\"attachment-full size-full wp-image-7350\" alt=\"\" srcset=\"https:\/\/atauni.edu.tr\/ilahiyat-fakultesi\/wp-content\/uploads\/sites\/65\/2021\/10\/IMG_0635-scaled.jpg 2560w, https:\/\/atauni.edu.tr\/ilahiyat-fakultesi\/wp-content\/uploads\/sites\/65\/2021\/10\/IMG_0635-300x200.jpg 300w, https:\/\/atauni.edu.tr\/ilahiyat-fakultesi\/wp-content\/uploads\/sites\/65\/2021\/10\/IMG_0635-1024x683.jpg 1024w, https:\/\/atauni.edu.tr\/ilahiyat-fakultesi\/wp-content\/uploads\/sites\/65\/2021\/10\/IMG_0635-768x512.jpg 768w, https:\/\/atauni.edu.tr\/ilahiyat-fakultesi\/wp-content\/uploads\/sites\/65\/2021\/10\/IMG_0635-1536x1024.jpg 1536w, https:\/\/atauni.edu.tr\/ilahiyat-fakultesi\/wp-content\/uploads\/sites\/65\/2021\/10\/IMG_0635-2048x1365.jpg 2048w, https:\/\/atauni.edu.tr\/ilahiyat-fakultesi\/wp-content\/uploads\/sites\/65\/2021\/10\/IMG_0635-600x400.jpg 600w, https:\/\/atauni.edu.tr\/ilahiyat-fakultesi\/wp-content\/uploads\/sites\/65\/2021\/10\/IMG_0635-560x373.jpg 560w, https:\/\/atauni.edu.tr\/ilahiyat-fakultesi\/wp-content\/uploads\/sites\/65\/2021\/10\/elementor\/thumbs\/IMG_0635-scaled-pdxbqv8xcmd2eqd6avo5ahyxv4egsqdnsa8pdx5vu0.jpg 150w\" sizes=\"(max-width: 2560px) 100vw, 2560px\" \/>\t\t\t\t\t\t\t\t\t\t\t\t\t\t\t<\/div>\n\t\t\t\t<\/div>\n\t\t\t\t\t<\/div>\n\t\t<\/div>\n\t\t\t\t<div class=\"elementor-column elementor-col-50 elementor-top-column elementor-element elementor-element-86d327c\" data-id=\"86d327c\" data-element_type=\"column\">\n\t\t\t<div class=\"elementor-widget-wrap elementor-element-populated\">\n\t\t\t\t\t\t<div class=\"elementor-element elementor-element-bdfd04a elementor-invisible elementor-widget elementor-widget-text-editor\" data-id=\"bdfd04a\" data-element_type=\"widget\" data-settings=\"{&quot;_animation&quot;:&quot;zoomIn&quot;}\" data-widget_type=\"text-editor.default\">\n\t\t\t\t<div class=\"elementor-widget-container\">\n\t\t\t\t\t\t\t\t\t<p><span style=\"text-align: center\">Atat\u00fcrk \u00dcniversitesi \u0130lahiyat Fak\u00fcltesi, \u0130slami \u0130limler Fak\u00fcltesi olarak, Atat\u00fcrk \u00dcniversitesi Y\u00f6netim Kurulu\u2019nun 21.11.1969 tarih ve 32 say\u0131l\u0131 karar\u0131na istinaden, Ba\u015fbakanl\u0131k Devlet Planlama Te\u015fkilat\u0131n\u0131n 04.12.1970 tarih ve 16146 say\u0131l\u0131 uygundur g\u00f6r\u00fc\u015f\u00fc ile 12 Mart 1971 tarihinde kurulmu\u015f olup, tedrisata 1971-1972 ders y\u0131l\u0131nda ba\u015flam\u0131\u015ft\u0131r. 22.06.1982 tarih ve 41 say\u0131l\u0131 Kanun H\u00fckm\u00fcndeki Kararname\u2019nin 20 Temmuz 1982 tarih ve 17760 say\u0131l\u0131 Resmi Gazete\u2019de yay\u0131mlanmas\u0131yla \u0130sl\u00e2mi \u0130limler Fak\u00fcltesi ile Milli E\u011fitim Bakanl\u0131\u011f\u0131\u2019na ba\u011fl\u0131 Erzurum Y\u00fcksek \u0130sl\u00e2m Enstit\u00fcs\u00fc birle\u015ftirilerek \u0130lahiyat Fak\u00fcltesi ad\u0131yla Atat\u00fcrk \u00dcniversitesi\u2019ne ba\u011flanm\u0131\u015ft\u0131r. <\/span><\/p><p><span style=\"text-align: center;letter-spacing: 0px\">\u0130slami \u0130limler Fak\u00fcltesi 1971 y\u0131l\u0131nda a\u00e7\u0131lm\u0131\u015f olup kendi binas\u0131na 1981 y\u0131l\u0131nda ta\u015f\u0131nm\u0131\u015ft\u0131r. 1971-1972 e\u011fitim \u00f6\u011fretim y\u0131l\u0131nda \u0130slami \u0130limler Fak\u00fcltesi ad\u0131 ile kurulan, 20 Temmuz 1982 y\u0131l\u0131nda \u00e7\u0131kar\u0131lan kanun h\u00fckm\u00fcnde kararname ile \u0130lahiyat Fak\u00fcltesi ad\u0131 alt\u0131nda e\u011fitim-\u00f6\u011fretim faaliyetlerini s\u00fcrd\u00fcren fak\u00fcltemiz, g\u00f6revlerini 2547 say\u0131l\u0131 Kanun\u2019un 12. maddesine g\u00f6re yapmaktad\u0131r. <\/span><\/p><p><span style=\"text-align: center\">Fak\u00fcltenin ilk a\u00e7\u0131ld\u0131\u011f\u0131 s\u0131ralarda \u00f6\u011fretim elemanlar\u0131 bir m\u00fcddet Edebiyat Fak\u00fcltesi\u2019nin bir odas\u0131nda \u00e7al\u0131\u015fmalar\u0131n\u0131 s\u00fcrd\u00fcrm\u00fc\u015fler, daha sonra, T\u0131p Fak\u00fcltesi Morfoloji binas\u0131na ge\u00e7ilmi\u015f, ilk iki y\u0131ll\u0131k e\u011fitim-\u00f6\u011fretim (1971-1973) bu binada s\u00fcrd\u00fcr\u00fclm\u00fc\u015ft\u00fcr. M\u00fcteakiben, T\u0131p Fak\u00fcltesi Ara\u015ft\u0131rma Hastanesinin zemin kat\u0131na idare ve s\u0131n\u0131flar olarak ta\u015f\u0131n\u0131lm\u0131\u015f ve burada 1,5 y\u0131l e\u011fitim-\u00f6\u011fretim yap\u0131lm\u0131\u015ft\u0131r. Daha sonra fak\u00fclte idaresi ve akademik personel 1976 y\u0131l\u0131nda \u0130\u015fletme Fak\u00fcltesi\u2019nin \u00fcst kat\u0131na ta\u015f\u0131nm\u0131\u015ft\u0131r. Bu s\u0131rada e\u011fitim-\u00f6\u011fretim faaliyetleri, k\u0131smen Ziraat Fak\u00fcltesi\u2019nde k\u0131smen de \u0130\u015fletme Fak\u00fcltesi dershanelerinde s\u00fcrd\u00fcr\u00fclm\u00fc\u015ft\u00fcr. Fak\u00fcltemiz 1981 y\u0131l\u0131 ba\u015flar\u0131nda hizmete a\u00e7\u0131lan kendisine ait binada e\u011fitim-\u00f6\u011fretim hizmetini s\u00fcrd\u00fcrmeye ba\u015flam\u0131\u015ft\u0131r. <\/span><\/p><p><span style=\"text-align: center\">E\u011fitim-\u00f6\u011fretim faaliyetleri, 20 Temmuz 1982\u2019de yay\u0131nlanan 42 say\u0131l\u0131 kanun h\u00fckm\u00fcndeki kararname ile kurulan \u0130lahiyat Fak\u00fcltesi\u2019nde, kendi binas\u0131nda s\u00fcrd\u00fcr\u00fclmektedir. Halen fak\u00fcltede biri e\u011fitim-\u00f6\u011fretim binas\u0131, di\u011feri idare binas\u0131 olmak \u00fczere iki binada e\u011fitim-\u00f6\u011fretim faaliyetleri s\u00fcrd\u00fcr\u00fclmektedir. E\u011fitim dili T\u00fcrk\u00e7e\u2019dir.<\/span><\/p>\t\t\t\t\t\t\t\t<\/div>\n\t\t\t\t<\/div>\n\t\t\t\t\t<\/div>\n\t\t<\/div>\n\t\t\t\t\t<\/div>\n\t\t<\/section>\n\t\t\t\t<\/div>\n\t\t","protected":false},"excerpt":{"rendered":"<p>Tarih\u00e7e Atat\u00fcrk \u00dcniversitesi \u0130lahiyat Fak\u00fcltesi, \u0130slami \u0130limler Fak\u00fcltesi olarak, Atat\u00fcrk \u00dcniversitesi Y\u00f6netim Kurulu\u2019nun 21.11.1969 tarih ve 32 say\u0131l\u0131 karar\u0131na istinaden, Ba\u015fbakanl\u0131k Devlet Planlama Te\u015fkilat\u0131n\u0131n 04.12.1970 tarih ve 16146 say\u0131l\u0131 uygundur g\u00f6r\u00fc\u015f\u00fc ile 12 Mart 1971 tarihinde kurulmu\u015f olup, tedrisata 1971-1972 ders y\u0131l\u0131nda ba\u015flam\u0131\u015ft\u0131r. 22.06.1982 tarih ve 41 say\u0131l\u0131 Kanun H\u00fckm\u00fcndeki Kararname\u2019nin 20 Temmuz 1982 tarih [&hellip;]<\/p>\n","protected":false},"author":1,"featured_media":0,"parent":0,"menu_order":0,"comment_status":"closed","ping_status":"closed","template":"elementor_header_footer","meta":{"footnotes":""},"class_list":["post-5774","page","type-page","status-publish","hentry"],"_links":{"self":[{"href":"https:\/\/atauni.edu.tr\/ilahiyat-fakultesi\/wp-json\/wp\/v2\/pages\/5774","targetHints":{"allow":["GET"]}}],"collection":[{"href":"https:\/\/atauni.edu.tr\/ilahiyat-fakultesi\/wp-json\/wp\/v2\/pages"}],"about":[{"href":"https:\/\/atauni.edu.tr\/ilahiyat-fakultesi\/wp-json\/wp\/v2\/types\/page"}],"author":[{"embeddable":true,"href":"https:\/\/atauni.edu.tr\/ilahiyat-fakultesi\/wp-json\/wp\/v2\/users\/1"}],"replies":[{"embeddable":true,"href":"https:\/\/atauni.edu.tr\/ilahiyat-fakultesi\/wp-json\/wp\/v2\/comments?post=5774"}],"version-history":[{"count":74,"href":"https:\/\/atauni.edu.tr\/ilahiyat-fakultesi\/wp-json\/wp\/v2\/pages\/5774\/revisions"}],"predecessor-version":[{"id":7396,"href":"https:\/\/atauni.edu.tr\/ilahiyat-fakultesi\/wp-json\/wp\/v2\/pages\/5774\/revisions\/7396"}],"wp:attachment":[{"href":"https:\/\/atauni.edu.tr\/ilahiyat-fakultesi\/wp-json\/wp\/v2\/media?parent=5774"}],"curies":[{"name":"wp","href":"https:\/\/api.w.org\/{rel}","templated":true}]}}