{"id":6770,"date":"2021-09-28T14:01:42","date_gmt":"2021-09-28T11:01:42","guid":{"rendered":"https:\/\/birimler.atauni.edu.tr\/ilahiyat-fakultesi\/?page_id=6770"},"modified":"2023-08-21T16:35:36","modified_gmt":"2023-08-21T13:35:36","slug":"ders-karteksleri","status":"publish","type":"page","link":"https:\/\/atauni.edu.tr\/ilahiyat-fakultesi\/ders-karteksleri\/","title":{"rendered":"Ders Karteksleri"},"content":{"rendered":"\t\t<div data-elementor-type=\"wp-page\" data-elementor-id=\"6770\" class=\"elementor elementor-6770\" data-elementor-post-type=\"page\">\n\t\t\t\t\t\t<section class=\"elementor-section elementor-top-section elementor-element elementor-element-6468f7e elementor-section-boxed elementor-section-height-default elementor-section-height-default\" data-id=\"6468f7e\" data-element_type=\"section\">\n\t\t\t\t\t\t<div class=\"elementor-container elementor-column-gap-default\">\n\t\t\t\t\t<div class=\"elementor-column elementor-col-100 elementor-top-column elementor-element elementor-element-06fd3da\" data-id=\"06fd3da\" data-element_type=\"column\">\n\t\t\t<div class=\"elementor-widget-wrap elementor-element-populated\">\n\t\t\t\t\t\t<div class=\"elementor-element elementor-element-f5d95d1 elementor-widget elementor-widget-heading\" data-id=\"f5d95d1\" data-element_type=\"widget\" data-widget_type=\"heading.default\">\n\t\t\t\t<div class=\"elementor-widget-container\">\n\t\t\t\t\t<h2 class=\"elementor-heading-title elementor-size-default\">Ders Karteksleri<\/h2>\t\t\t\t<\/div>\n\t\t\t\t<\/div>\n\t\t\t\t<div class=\"elementor-element elementor-element-6c281fd elementor-absolute elementor-widget-divider--view-line elementor-widget elementor-widget-divider\" data-id=\"6c281fd\" data-element_type=\"widget\" data-settings=\"{&quot;_position&quot;:&quot;absolute&quot;}\" data-widget_type=\"divider.default\">\n\t\t\t\t<div class=\"elementor-widget-container\">\n\t\t\t\t\t\t\t<div class=\"elementor-divider\">\n\t\t\t<span class=\"elementor-divider-separator\">\n\t\t\t\t\t\t<\/span>\n\t\t<\/div>\n\t\t\t\t\t\t<\/div>\n\t\t\t\t<\/div>\n\t\t\t\t\t<\/div>\n\t\t<\/div>\n\t\t\t\t\t<\/div>\n\t\t<\/section>\n\t\t\t\t<section class=\"elementor-section elementor-top-section elementor-element elementor-element-3e5d064 elementor-section-boxed elementor-section-height-default elementor-section-height-default elementor-invisible\" data-id=\"3e5d064\" data-element_type=\"section\" data-settings=\"{&quot;animation&quot;:&quot;zoomIn&quot;}\">\n\t\t\t\t\t\t<div class=\"elementor-container elementor-column-gap-default\">\n\t\t\t\t\t<div class=\"elementor-column elementor-col-100 elementor-top-column elementor-element elementor-element-55cd598\" data-id=\"55cd598\" data-element_type=\"column\">\n\t\t\t<div class=\"elementor-widget-wrap elementor-element-populated\">\n\t\t\t\t\t\t<div class=\"elementor-element elementor-element-d84c6e2 elementor-widget elementor-widget-text-editor\" data-id=\"d84c6e2\" data-element_type=\"widget\" data-widget_type=\"text-editor.default\">\n\t\t\t\t<div class=\"elementor-widget-container\">\n\t\t\t\t\t\t\t\t\t<p><a href=\"https:\/\/birimler.atauni.edu.tr\/ilahiyat-fakultesi\/wp-content\/uploads\/sites\/65\/2020\/07\/2023-2024-Ilahiyat-Fakultesi-Mufredat-Plani.xlsx\">2023-2024 \u0130lahiyat Fak\u00fcltesi M\u00fcfredat Plan\u0131<\/a><\/p>\n<p><a href=\"https:\/\/birimler.atauni.edu.tr\/ilahiyat-fakultesi\/wp-content\/uploads\/sites\/65\/2020\/07\/2022-2023-Ilahiyat-Fakultesi-Lisans-Mufredat-Plani.xlsx\">2022-2023 \u0130lahiyat Fak\u00fcltesi Lisans M\u00fcfredat Plan\u0131<\/a><\/p>\n<p><a style=\"letter-spacing: 0px\" href=\"https:\/\/birimler.atauni.edu.tr\/ilahiyat-fakultesi\/wp-content\/uploads\/sites\/65\/2020\/07\/2021-2022-Akademik-Yili-Ilahiyat-Fakultesi-Universite-Secmeli-Dersleri-3.xlsx\">2021-2022 Akademik Y\u0131l\u0131 \u0130lahiyat Fak\u00fcltesi \u00dcniversite Se\u00e7meli Dersleri<\/a><\/p>\n<p><a style=\"letter-spacing: 0px\" href=\"https:\/\/birimler.atauni.edu.tr\/ilahiyat-fakultesi\/wp-content\/uploads\/sites\/65\/2020\/07\/2021-2022-Akademik-Yili-Ilahiyat-Fakultesi-Mufredat-Planlari-3.xlsx\">2021-2022 Akademik Y\u0131l\u0131 \u0130lahiyat Fak\u00fcltesi M\u00fcfredat Planlar\u0131<\/a><\/p>\n<p><a style=\"letter-spacing: 0px\" href=\"https:\/\/birimler.atauni.edu.tr\/ilahiyat-fakultesi\/wp-content\/uploads\/sites\/65\/2020\/07\/2021-2022-Akademik-Yili-Ilahiyat-Fakultesi-Arapca-Programi-Mufredat-Plani-3.xlsx\">2021-2022 Akademik Y\u0131l\u0131 \u0130lahiyat Fak\u00fcltesi Arap\u00e7a Program\u0131 M\u00fcfredat Plan\u0131<\/a><\/p>\n<p><a style=\"letter-spacing: 0px;align-items: center;width: 100%;justify-content: flex-start\" href=\"https:\/\/birimler.atauni.edu.tr\/ilahiyat-fakultesi\/wp-content\/uploads\/sites\/65\/2020\/07\/Secmeli-Dersler-Karteksi-2017-1.docx\">Se\u00e7meli Dersler Karteksi 2017<\/a><\/p>\n<p><a style=\"letter-spacing: 0px;border: none;align-items: center;width: 100%;justify-content: flex-start\" href=\"https:\/\/birimler.atauni.edu.tr\/ilahiyat-fakultesi\/wp-content\/uploads\/sites\/65\/2020\/07\/2017-18-Ders-Karteksi-1.xlsx\">2017-18 Ders Karteksi<\/a><\/p>\n<p><a style=\"letter-spacing: 0px;border: none;align-items: center;width: 100%;justify-content: flex-start\" href=\"https:\/\/birimler.atauni.edu.tr\/ilahiyat-fakultesi\/wp-content\/uploads\/sites\/65\/2020\/07\/2018-2019-Akademik-Yili-Arapca-Programi-Ders-Karteksi-1.xlsx\">2018-2019 Akademik Y\u0131l\u0131 Arap\u00e7a Program\u0131 Ders Karteksi<\/a><\/p><p><br><\/p>\n<p>&nbsp;<\/p>\n<p><span style=\"letter-spacing: 0px\">&nbsp;<\/span><\/p>\t\t\t\t\t\t\t\t<\/div>\n\t\t\t\t<\/div>\n\t\t\t\t\t<\/div>\n\t\t<\/div>\n\t\t\t\t\t<\/div>\n\t\t<\/section>\n\t\t\t\t<\/div>\n\t\t","protected":false},"excerpt":{"rendered":"<p>Ders Karteksleri 2023-2024 \u0130lahiyat Fak\u00fcltesi M\u00fcfredat Plan\u0131 2022-2023 \u0130lahiyat Fak\u00fcltesi Lisans M\u00fcfredat Plan\u0131 2021-2022 Akademik Y\u0131l\u0131 \u0130lahiyat Fak\u00fcltesi \u00dcniversite Se\u00e7meli Dersleri 2021-2022 Akademik Y\u0131l\u0131 \u0130lahiyat Fak\u00fcltesi M\u00fcfredat Planlar\u0131 2021-2022 Akademik Y\u0131l\u0131 \u0130lahiyat Fak\u00fcltesi Arap\u00e7a Program\u0131 M\u00fcfredat Plan\u0131 Se\u00e7meli Dersler Karteksi 2017 2017-18 Ders Karteksi 2018-2019 Akademik Y\u0131l\u0131 Arap\u00e7a Program\u0131 Ders Karteksi &nbsp; &nbsp;<\/p>\n","protected":false},"author":244,"featured_media":0,"parent":0,"menu_order":0,"comment_status":"closed","ping_status":"closed","template":"","meta":{"footnotes":""},"class_list":["post-6770","page","type-page","status-publish","hentry"],"_links":{"self":[{"href":"https:\/\/atauni.edu.tr\/ilahiyat-fakultesi\/wp-json\/wp\/v2\/pages\/6770","targetHints":{"allow":["GET"]}}],"collection":[{"href":"https:\/\/atauni.edu.tr\/ilahiyat-fakultesi\/wp-json\/wp\/v2\/pages"}],"about":[{"href":"https:\/\/atauni.edu.tr\/ilahiyat-fakultesi\/wp-json\/wp\/v2\/types\/page"}],"author":[{"embeddable":true,"href":"https:\/\/atauni.edu.tr\/ilahiyat-fakultesi\/wp-json\/wp\/v2\/users\/244"}],"replies":[{"embeddable":true,"href":"https:\/\/atauni.edu.tr\/ilahiyat-fakultesi\/wp-json\/wp\/v2\/comments?post=6770"}],"version-history":[{"count":76,"href":"https:\/\/atauni.edu.tr\/ilahiyat-fakultesi\/wp-json\/wp\/v2\/pages\/6770\/revisions"}],"predecessor-version":[{"id":14605,"href":"https:\/\/atauni.edu.tr\/ilahiyat-fakultesi\/wp-json\/wp\/v2\/pages\/6770\/revisions\/14605"}],"wp:attachment":[{"href":"https:\/\/atauni.edu.tr\/ilahiyat-fakultesi\/wp-json\/wp\/v2\/media?parent=6770"}],"curies":[{"name":"wp","href":"https:\/\/api.w.org\/{rel}","templated":true}]}}